{"id":55893,"date":"2026-01-06T14:29:27","date_gmt":"2026-01-06T14:29:27","guid":{"rendered":"https:\/\/shoponlinedz.com\/product\/pistolet-a-souder-automatique-80-w-avec-chauffage-en-ceramique-%d9%85%d8%b3%d8%af%d8%b3-%d8%aa%d9%84%d8%ad%d9%8a%d9%85\/"},"modified":"2026-03-26T18:20:14","modified_gmt":"2026-03-26T17:20:14","slug":"pistolet-a-souder-automatique-80-w-avec-chauffage-en-ceramique-%d9%85%d8%b3%d8%af%d8%b3-%d8%aa%d9%84%d8%ad%d9%8a%d9%85","status":"publish","type":"product","link":"https:\/\/shoponlinedz.com\/en\/product\/pistolet-a-souder-automatique-80-w-avec-chauffage-en-ceramique-%d9%85%d8%b3%d8%af%d8%b3-%d8%aa%d9%84%d8%ad%d9%8a%d9%85\/","title":{"rendered":"Pistolet \u00e0 Souder Automatique 80 W avec Chauffage en C\u00e9ramique \u2013 \u0645\u0633\u062f\u0633 \u062a\u0644\u062d\u064a\u0645"},"content":{"rendered":"<figure class=\"attachment attachment--preview\" data-trix-attachment=\"{&quot;contentType&quot;:&quot;image&quot;,&quot;height&quot;:1024,&quot;url&quot;:&quot;https:\/\/sawaqli.fra1.cdn.digitaloceanspaces.com\/37371\/Pistolet-80w-cnc.jpg&quot;,&quot;width&quot;:1024}\" data-trix-content-type=\"image\"><img decoding=\"async\" class=\"aligncenter\" src=\"https:\/\/sawaqli.fra1.cdn.digitaloceanspaces.com\/37371\/Pistolet-80w-cnc.jpg\" width=\"1024\" height=\"1024\" \/><figcaption class=\"attachment__caption\"><\/figcaption><\/figure>\n<figure class=\"attachment attachment--preview\" data-trix-attachment=\"{&quot;contentType&quot;:&quot;image&quot;,&quot;height&quot;:1024,&quot;url&quot;:&quot;https:\/\/sawaqli.fra1.cdn.digitaloceanspaces.com\/37372\/Pistolet-80w-3.jpg&quot;,&quot;width&quot;:1024}\" data-trix-content-type=\"image\"><img decoding=\"async\" class=\"aligncenter\" src=\"https:\/\/sawaqli.fra1.cdn.digitaloceanspaces.com\/37372\/Pistolet-80w-3.jpg\" width=\"1024\" height=\"1024\" \/><figcaption class=\"attachment__caption\"><\/figcaption><\/figure>\n<figure class=\"attachment attachment--preview\" data-trix-attachment=\"{&quot;contentType&quot;:&quot;image&quot;,&quot;height&quot;:1024,&quot;url&quot;:&quot;https:\/\/sawaqli.fra1.cdn.digitaloceanspaces.com\/37373\/Pistolet-80w-2.jpg&quot;,&quot;width&quot;:1024}\" data-trix-content-type=\"image\"><img decoding=\"async\" class=\"aligncenter\" src=\"https:\/\/sawaqli.fra1.cdn.digitaloceanspaces.com\/37373\/Pistolet-80w-2.jpg\" width=\"1024\" height=\"1024\" \/><figcaption class=\"attachment__caption\"><\/figcaption><\/figure>\n<figure class=\"attachment attachment--preview\" data-trix-attachment=\"{&quot;contentType&quot;:&quot;image&quot;,&quot;height&quot;:1024,&quot;url&quot;:&quot;https:\/\/sawaqli.fra1.cdn.digitaloceanspaces.com\/37374\/Pistolet-80w-4.jpg&quot;,&quot;width&quot;:1024}\" data-trix-content-type=\"image\"><img decoding=\"async\" class=\"aligncenter\" src=\"https:\/\/sawaqli.fra1.cdn.digitaloceanspaces.com\/37374\/Pistolet-80w-4.jpg\" width=\"1024\" height=\"1024\" \/><figcaption class=\"attachment__caption\"><\/figcaption><\/figure>\n<figure class=\"attachment attachment--preview\" data-trix-attachment=\"{&quot;contentType&quot;:&quot;image&quot;,&quot;height&quot;:1024,&quot;url&quot;:&quot;https:\/\/sawaqli.fra1.cdn.digitaloceanspaces.com\/37375\/Pistolet-80w-5.jpg&quot;,&quot;width&quot;:1024}\" data-trix-content-type=\"image\"><img decoding=\"async\" class=\"aligncenter\" src=\"https:\/\/sawaqli.fra1.cdn.digitaloceanspaces.com\/37375\/Pistolet-80w-5.jpg\" width=\"1024\" height=\"1024\" \/><figcaption class=\"attachment__caption\"><\/figcaption><\/figure>\n<p style=\"text-align: center;\">","protected":false},"excerpt":{"rendered":"<p>Kit de pistolet \u00e0 souder automatique portatif : outils de fer \u00e0 souder largement utilis\u00e9s pour le soudage de circuits imprim\u00e9s, la r\u00e9paration d\u2019appareils, les bricoleurs \u00e0 domicile, le soudage de bijoux.Utilisation \u00e0 une main : la ventouse \u00e0 souder est de construction simple, de sorte que vous soyez droitier ou gaucher, vous pouvez utiliser la pompe \u00e0 dessouder en l\u2019armant et en appuyant sur le bouton de d\u00e9clenchement d\u2019une main lorsque vous \u00eates pr\u00eat.Pistolet \u00e0 souder chauffant interne : ce pistolet ne g\u00e9n\u00e8re pas d\u2019\u00e9lectricit\u00e9 statique lors de l\u2019utilisation afin que le circuit imprim\u00e9 de pr\u00e9cision ne soit pas endommag\u00e9. La technologie c\u00e9ramique chauff\u00e9e \u00e0 l\u2019int\u00e9rieur permet au fer \u00e0 souder de 60 W de chauffer tr\u00e8s rapidement (plage de thermostat (200 \u00b0C \u00e0 450 \u00b0C).Le Ruban n\u2019est pas inclus.<\/p>","protected":false},"featured_media":55892,"comment_status":"open","ping_status":"closed","template":"","meta":[],"product_brand":[],"product_cat":[2466],"product_tag":[],"class_list":{"0":"post-55893","1":"product","2":"type-product","3":"status-publish","4":"has-post-thumbnail","6":"product_cat-outillage-et-bricolage","8":"first","9":"instock","10":"taxable","11":"shipping-taxable","12":"purchasable","13":"product-type-simple"},"jetpack_sharing_enabled":true,"_links":{"self":[{"href":"https:\/\/shoponlinedz.com\/en\/wp-json\/wp\/v2\/product\/55893","targetHints":{"allow":["GET"]}}],"collection":[{"href":"https:\/\/shoponlinedz.com\/en\/wp-json\/wp\/v2\/product"}],"about":[{"href":"https:\/\/shoponlinedz.com\/en\/wp-json\/wp\/v2\/types\/product"}],"replies":[{"embeddable":true,"href":"https:\/\/shoponlinedz.com\/en\/wp-json\/wp\/v2\/comments?post=55893"}],"version-history":[{"count":0,"href":"https:\/\/shoponlinedz.com\/en\/wp-json\/wp\/v2\/product\/55893\/revisions"}],"wp:featuredmedia":[{"embeddable":true,"href":"https:\/\/shoponlinedz.com\/en\/wp-json\/wp\/v2\/media\/55892"}],"wp:attachment":[{"href":"https:\/\/shoponlinedz.com\/en\/wp-json\/wp\/v2\/media?parent=55893"}],"wp:term":[{"taxonomy":"product_brand","embeddable":true,"href":"https:\/\/shoponlinedz.com\/en\/wp-json\/wp\/v2\/product_brand?post=55893"},{"taxonomy":"product_cat","embeddable":true,"href":"https:\/\/shoponlinedz.com\/en\/wp-json\/wp\/v2\/product_cat?post=55893"},{"taxonomy":"product_tag","embeddable":true,"href":"https:\/\/shoponlinedz.com\/en\/wp-json\/wp\/v2\/product_tag?post=55893"}],"curies":[{"name":"wp","href":"https:\/\/api.w.org\/{rel}","templated":true}]}}