{"id":55811,"date":"2026-01-06T14:25:57","date_gmt":"2026-01-06T14:25:57","guid":{"rendered":"https:\/\/shoponlinedz.com\/product\/miroir-de-pare-soleil-de-voiture-a-3-temperatures-de-couleur-%d9%85%d8%b1%d8%a2%d8%a9-%d8%aa%d8%ac%d9%85%d9%8a%d9%84-%d9%81%d9%8a-%d8%a7%d9%84%d8%b3%d9%8a%d8%a7%d8%b1%d8%a9\/"},"modified":"2026-03-26T18:20:17","modified_gmt":"2026-03-26T17:20:17","slug":"miroir-de-pare-soleil-de-voiture-a-3-temperatures-de-couleur-%d9%85%d8%b1%d8%a2%d8%a9-%d8%aa%d8%ac%d9%85%d9%8a%d9%84-%d9%81%d9%8a-%d8%a7%d9%84%d8%b3%d9%8a%d8%a7%d8%b1%d8%a9","status":"publish","type":"product","link":"https:\/\/shoponlinedz.com\/en\/product\/miroir-de-pare-soleil-de-voiture-a-3-temperatures-de-couleur-%d9%85%d8%b1%d8%a2%d8%a9-%d8%aa%d8%ac%d9%85%d9%8a%d9%84-%d9%81%d9%8a-%d8%a7%d9%84%d8%b3%d9%8a%d8%a7%d8%b1%d8%a9\/","title":{"rendered":"Miroir de Pare-Soleil de Voiture \u00e0 3 Temp\u00e9ratures de Couleur \u2013 \u0645\u0631\u0622\u0629 \u062a\u062c\u0645\u064a\u0644 \u0641\u064a \u0627\u0644\u0633\u064a\u0627\u0631\u0629"},"content":{"rendered":"<figure class=\"attachment attachment--preview\" data-trix-attachment=\"{&quot;contentType&quot;:&quot;image&quot;,&quot;height&quot;:1024,&quot;url&quot;:&quot;https:\/\/sawaqli.fra1.cdn.digitaloceanspaces.com\/37523\/LED-Mir-Voiture-cnc-1.jpg&quot;,&quot;width&quot;:1024}\" data-trix-content-type=\"image\"><img decoding=\"async\" class=\"aligncenter\" src=\"https:\/\/sawaqli.fra1.cdn.digitaloceanspaces.com\/37523\/LED-Mir-Voiture-cnc-1.jpg\" width=\"1024\" height=\"1024\" \/><figcaption class=\"attachment__caption\"><\/figcaption><\/figure>\n<figure class=\"attachment attachment--preview\" data-trix-attachment=\"{&quot;contentType&quot;:&quot;image&quot;,&quot;height&quot;:1024,&quot;url&quot;:&quot;https:\/\/sawaqli.fra1.cdn.digitaloceanspaces.com\/37524\/LED-Mir-Voiture-1.jpg&quot;,&quot;width&quot;:1024}\" data-trix-content-type=\"image\"><img decoding=\"async\" class=\"aligncenter\" src=\"https:\/\/sawaqli.fra1.cdn.digitaloceanspaces.com\/37524\/LED-Mir-Voiture-1.jpg\" width=\"1024\" height=\"1024\" \/><figcaption class=\"attachment__caption\"><\/figcaption><\/figure>\n<figure class=\"attachment attachment--preview\" data-trix-attachment=\"{&quot;contentType&quot;:&quot;image&quot;,&quot;height&quot;:1024,&quot;url&quot;:&quot;https:\/\/sawaqli.fra1.cdn.digitaloceanspaces.com\/37525\/LED-Mir-Voiture-2.jpg&quot;,&quot;width&quot;:1024}\" data-trix-content-type=\"image\"><img decoding=\"async\" class=\"aligncenter\" src=\"https:\/\/sawaqli.fra1.cdn.digitaloceanspaces.com\/37525\/LED-Mir-Voiture-2.jpg\" width=\"1024\" height=\"1024\" \/><figcaption class=\"attachment__caption\"><\/figcaption><\/figure>\n<figure class=\"attachment attachment--preview\" data-trix-attachment=\"{&quot;contentType&quot;:&quot;image&quot;,&quot;height&quot;:1024,&quot;url&quot;:&quot;https:\/\/sawaqli.fra1.cdn.digitaloceanspaces.com\/37526\/LED-Mir-Voiture-0.jpg&quot;,&quot;width&quot;:1024}\" data-trix-content-type=\"image\"><img decoding=\"async\" class=\"aligncenter\" src=\"https:\/\/sawaqli.fra1.cdn.digitaloceanspaces.com\/37526\/LED-Mir-Voiture-0.jpg\" width=\"1024\" height=\"1024\" \/><figcaption class=\"attachment__caption\"><\/figcaption><\/figure>\n<figure class=\"attachment attachment--preview\" data-trix-attachment=\"{&quot;contentType&quot;:&quot;image&quot;,&quot;height&quot;:1024,&quot;url&quot;:&quot;https:\/\/sawaqli.fra1.cdn.digitaloceanspaces.com\/37527\/LED-Mir-Voiture-3.jpg&quot;,&quot;width&quot;:1024}\" data-trix-content-type=\"image\"><img decoding=\"async\" class=\"aligncenter\" src=\"https:\/\/sawaqli.fra1.cdn.digitaloceanspaces.com\/37527\/LED-Mir-Voiture-3.jpg\" width=\"1024\" height=\"1024\" \/><figcaption class=\"attachment__caption\"><\/figcaption><\/figure>\n<p style=\"text-align: center;\">","protected":false},"excerpt":{"rendered":"<p>\u3010Miroir de courtoisie \u00e0 LED pour voiture\u3011Ce miroir de courtoisie pour voiture dispose de 28 lumi\u00e8res blanches et de 28 lumi\u00e8res chaudes, vous offrant 3 couleurs d\u2019\u00e9clairage, lumi\u00e8re blanche, lumi\u00e8re chaude et lumi\u00e8re naturelle. Vous pouvez choisir les param\u00e8tres de couleur qui vous conviennent le mieux pour compl\u00e9ter un maquillage parfait.\u3010Miroir de voiture \u00e0 commande tactile\u3011 Le miroir de courtoisie pour pare-soleil de voiture est \u00e0 commande tactile. Vous pouvez appuyer bri\u00e8vement sur le capteur tactile pour changer la temp\u00e9rature de couleur et appuyer longuement pour r\u00e9gler la luminosit\u00e9. Le miroir de courtoisie de voiture dispose \u00e9galement d\u2019une fonction de m\u00e9moire et la luminosit\u00e9 peut \u00eatre m\u00e9moris\u00e9e.\u3010Miroir de pare-soleil de voiture rechargeable\u3011 Batterie rechargeable int\u00e9gr\u00e9e, vous pouvez charger le r\u00e9troviseur de voiture \u00e0 LED via des voitures, des banques d\u2019alimentation, des ordinateurs, etc. G\u00e9n\u00e9ralement, apr\u00e8s environ 2 heures de charge, il peut s\u2019allumer jusqu\u2019\u00e0 2 heures.\u3010Facile \u00e0 installer\u3011\u00c9quip\u00e9 de boucles \u00e9lastiques, le r\u00e9troviseur de voiture peut \u00eatre facilement install\u00e9 sur le pare-soleil. La taille compacte ne prend pas trop de place dans la voiture. Il est appliqu\u00e9 \u00e0 divers v\u00e9hicules universels.<\/p>","protected":false},"featured_media":55810,"comment_status":"open","ping_status":"closed","template":"","meta":[],"product_brand":[],"product_cat":[2457],"product_tag":[],"class_list":{"0":"post-55811","1":"product","2":"type-product","3":"status-publish","4":"has-post-thumbnail","6":"product_cat-soins-et-beaute","8":"first","9":"instock","10":"taxable","11":"shipping-taxable","12":"purchasable","13":"product-type-simple"},"jetpack_sharing_enabled":true,"_links":{"self":[{"href":"https:\/\/shoponlinedz.com\/en\/wp-json\/wp\/v2\/product\/55811","targetHints":{"allow":["GET"]}}],"collection":[{"href":"https:\/\/shoponlinedz.com\/en\/wp-json\/wp\/v2\/product"}],"about":[{"href":"https:\/\/shoponlinedz.com\/en\/wp-json\/wp\/v2\/types\/product"}],"replies":[{"embeddable":true,"href":"https:\/\/shoponlinedz.com\/en\/wp-json\/wp\/v2\/comments?post=55811"}],"version-history":[{"count":0,"href":"https:\/\/shoponlinedz.com\/en\/wp-json\/wp\/v2\/product\/55811\/revisions"}],"wp:featuredmedia":[{"embeddable":true,"href":"https:\/\/shoponlinedz.com\/en\/wp-json\/wp\/v2\/media\/55810"}],"wp:attachment":[{"href":"https:\/\/shoponlinedz.com\/en\/wp-json\/wp\/v2\/media?parent=55811"}],"wp:term":[{"taxonomy":"product_brand","embeddable":true,"href":"https:\/\/shoponlinedz.com\/en\/wp-json\/wp\/v2\/product_brand?post=55811"},{"taxonomy":"product_cat","embeddable":true,"href":"https:\/\/shoponlinedz.com\/en\/wp-json\/wp\/v2\/product_cat?post=55811"},{"taxonomy":"product_tag","embeddable":true,"href":"https:\/\/shoponlinedz.com\/en\/wp-json\/wp\/v2\/product_tag?post=55811"}],"curies":[{"name":"wp","href":"https:\/\/api.w.org\/{rel}","templated":true}]}}