{"id":55756,"date":"2026-01-06T14:23:18","date_gmt":"2026-01-06T14:23:18","guid":{"rendered":"https:\/\/shoponlinedz.com\/product\/feux-de-jour-anti-brouillard-standard-pour-voiture-2-pcs-%d8%a3%d8%b6%d9%88%d8%a7%d8%a1-%d9%86%d9%87%d8%a7%d8%b1%d9%8a%d8%a9-%d9%84%d9%84%d8%b3%d9%8a%d8%a7%d8%b1%d8%a9\/"},"modified":"2026-03-26T18:20:20","modified_gmt":"2026-03-26T17:20:20","slug":"feux-de-jour-anti-brouillard-standard-pour-voiture-2-pcs-%d8%a3%d8%b6%d9%88%d8%a7%d8%a1-%d9%86%d9%87%d8%a7%d8%b1%d9%8a%d8%a9-%d9%84%d9%84%d8%b3%d9%8a%d8%a7%d8%b1%d8%a9","status":"publish","type":"product","link":"https:\/\/shoponlinedz.com\/en\/product\/feux-de-jour-anti-brouillard-standard-pour-voiture-2-pcs-%d8%a3%d8%b6%d9%88%d8%a7%d8%a1-%d9%86%d9%87%d8%a7%d8%b1%d9%8a%d8%a9-%d9%84%d9%84%d8%b3%d9%8a%d8%a7%d8%b1%d8%a9\/","title":{"rendered":"Feux de jour anti-brouillard Standard pour voiture 2 pcs &#8211; \u0623\u0636\u0648\u0627\u0621 \u0646\u0647\u0627\u0631\u064a\u0629 \u0644\u0644\u0633\u064a\u0627\u0631\u0629"},"content":{"rendered":"<figure class=\"attachment attachment--preview\" data-trix-attachment=\"{&quot;contentType&quot;:&quot;image&quot;,&quot;height&quot;:1024,&quot;url&quot;:&quot;https:\/\/sawaqli.fra1.cdn.digitaloceanspaces.com\/37806\/LED-DC12V-cnc-1024x1024.jpg&quot;,&quot;width&quot;:1024}\" data-trix-content-type=\"image\"><img decoding=\"async\" class=\"aligncenter\" src=\"https:\/\/sawaqli.fra1.cdn.digitaloceanspaces.com\/37806\/LED-DC12V-cnc-1024x1024.jpg\" width=\"1024\" height=\"1024\" \/><figcaption class=\"attachment__caption\"><\/figcaption><\/figure>\n<figure class=\"attachment attachment--preview\" data-trix-attachment=\"{&quot;contentType&quot;:&quot;image&quot;,&quot;height&quot;:1024,&quot;url&quot;:&quot;https:\/\/sawaqli.fra1.cdn.digitaloceanspaces.com\/37807\/LED-DC12V-1-1024x1024.jpg&quot;,&quot;width&quot;:1024}\" data-trix-content-type=\"image\"><img decoding=\"async\" class=\"aligncenter\" src=\"https:\/\/sawaqli.fra1.cdn.digitaloceanspaces.com\/37807\/LED-DC12V-1-1024x1024.jpg\" width=\"1024\" height=\"1024\" \/><figcaption class=\"attachment__caption\"><\/figcaption><\/figure>\n<figure class=\"attachment attachment--preview\" data-trix-attachment=\"{&quot;contentType&quot;:&quot;image&quot;,&quot;height&quot;:1024,&quot;url&quot;:&quot;https:\/\/sawaqli.fra1.cdn.digitaloceanspaces.com\/37808\/LED-DC12V-2-1024x1024.jpg&quot;,&quot;width&quot;:1024}\" data-trix-content-type=\"image\"><img decoding=\"async\" class=\"aligncenter\" src=\"https:\/\/sawaqli.fra1.cdn.digitaloceanspaces.com\/37808\/LED-DC12V-2-1024x1024.jpg\" width=\"1024\" height=\"1024\" \/><figcaption class=\"attachment__caption\"><\/figcaption><\/figure>\n<figure class=\"attachment attachment--preview\" data-trix-attachment=\"{&quot;contentType&quot;:&quot;image&quot;,&quot;height&quot;:1024,&quot;url&quot;:&quot;https:\/\/sawaqli.fra1.cdn.digitaloceanspaces.com\/37809\/LED-DC12V-3-1024x1024.jpg&quot;,&quot;width&quot;:1024}\" data-trix-content-type=\"image\"><img decoding=\"async\" class=\"aligncenter\" src=\"https:\/\/sawaqli.fra1.cdn.digitaloceanspaces.com\/37809\/LED-DC12V-3-1024x1024.jpg\" width=\"1024\" height=\"1024\" \/><figcaption class=\"attachment__caption\"><\/figcaption><\/figure>\n<figure class=\"attachment attachment--preview\" data-trix-attachment=\"{&quot;contentType&quot;:&quot;image&quot;,&quot;height&quot;:1024,&quot;url&quot;:&quot;https:\/\/sawaqli.fra1.cdn.digitaloceanspaces.com\/37810\/LED-DC12V-4-1024x1024.jpg&quot;,&quot;width&quot;:1024}\" data-trix-content-type=\"image\"><img decoding=\"async\" class=\"aligncenter\" src=\"https:\/\/sawaqli.fra1.cdn.digitaloceanspaces.com\/37810\/LED-DC12V-4-1024x1024.jpg\" width=\"1024\" height=\"1024\" \/><figcaption class=\"attachment__caption\"><\/figcaption><\/figure>\n<p style=\"text-align: center;\">","protected":false},"excerpt":{"rendered":"<p>Couleur: coquille noireMat\u00e9riau: PPC + alliage d\u2019aluminiumType d\u2019\u00e9metteur: LEDTotal des \u00e9metteurs: 6 pi\u00e8cesCouleur de la lumi\u00e8re: blancTension d\u2019entr\u00e9e: cc 12VPuissance: 5WFlux lumineux: 931lmTemp\u00e9rature de couleur: 6,000KType de connecteur: connexion de c\u00e2bleIl se compose de trois lentilles de feux de croisement, trois lentilles de feux de route.Application: feu de jour; Feu de directionAm\u00e9liorer la s\u00e9curit\u00e9 de conduite\u00c9viter les accidents de la routeR\u00e9sistant \u00e0 l\u2019eauEmballage inclus:2 x lumi\u00e8res LED4 x vis et \u00e9crous2 x supports<\/p>","protected":false},"featured_media":55755,"comment_status":"open","ping_status":"closed","template":"","meta":[],"product_brand":[],"product_cat":[2458],"product_tag":[],"class_list":{"0":"post-55756","1":"product","2":"type-product","3":"status-publish","4":"has-post-thumbnail","6":"product_cat-accessoires-auto-moto","8":"first","9":"instock","10":"taxable","11":"shipping-taxable","12":"purchasable","13":"product-type-simple"},"jetpack_sharing_enabled":true,"_links":{"self":[{"href":"https:\/\/shoponlinedz.com\/en\/wp-json\/wp\/v2\/product\/55756","targetHints":{"allow":["GET"]}}],"collection":[{"href":"https:\/\/shoponlinedz.com\/en\/wp-json\/wp\/v2\/product"}],"about":[{"href":"https:\/\/shoponlinedz.com\/en\/wp-json\/wp\/v2\/types\/product"}],"replies":[{"embeddable":true,"href":"https:\/\/shoponlinedz.com\/en\/wp-json\/wp\/v2\/comments?post=55756"}],"version-history":[{"count":0,"href":"https:\/\/shoponlinedz.com\/en\/wp-json\/wp\/v2\/product\/55756\/revisions"}],"wp:featuredmedia":[{"embeddable":true,"href":"https:\/\/shoponlinedz.com\/en\/wp-json\/wp\/v2\/media\/55755"}],"wp:attachment":[{"href":"https:\/\/shoponlinedz.com\/en\/wp-json\/wp\/v2\/media?parent=55756"}],"wp:term":[{"taxonomy":"product_brand","embeddable":true,"href":"https:\/\/shoponlinedz.com\/en\/wp-json\/wp\/v2\/product_brand?post=55756"},{"taxonomy":"product_cat","embeddable":true,"href":"https:\/\/shoponlinedz.com\/en\/wp-json\/wp\/v2\/product_cat?post=55756"},{"taxonomy":"product_tag","embeddable":true,"href":"https:\/\/shoponlinedz.com\/en\/wp-json\/wp\/v2\/product_tag?post=55756"}],"curies":[{"name":"wp","href":"https:\/\/api.w.org\/{rel}","templated":true}]}}