{"id":55727,"date":"2026-01-06T14:21:52","date_gmt":"2026-01-06T14:21:52","guid":{"rendered":"https:\/\/shoponlinedz.com\/product\/boite-a-musique-vintage-avec-deesse-rotative-et-mecanisme-de-violon-%d8%b5%d9%86%d8%af%d9%88%d9%82-%d9%85%d9%88%d8%b3%d9%8a%d9%82%d9%89-%d9%85%d8%b9-%d8%a2%d9%84%d9%8a%d8%a9-%d9%83%d9%85\/"},"modified":"2026-03-26T18:20:23","modified_gmt":"2026-03-26T17:20:23","slug":"boite-a-musique-vintage-avec-deesse-rotative-et-mecanisme-de-violon-%d8%b5%d9%86%d8%af%d9%88%d9%82-%d9%85%d9%88%d8%b3%d9%8a%d9%82%d9%89-%d9%85%d8%b9-%d8%a2%d9%84%d9%8a%d8%a9-%d9%83%d9%85","status":"publish","type":"product","link":"https:\/\/shoponlinedz.com\/en\/product\/boite-a-musique-vintage-avec-deesse-rotative-et-mecanisme-de-violon-%d8%b5%d9%86%d8%af%d9%88%d9%82-%d9%85%d9%88%d8%b3%d9%8a%d9%82%d9%89-%d9%85%d8%b9-%d8%a2%d9%84%d9%8a%d8%a9-%d9%83%d9%85\/","title":{"rendered":"Bo\u00eete \u00e0 Musique Vintage avec D\u00e9esse Rotative et M\u00e9canisme de Violon \u2013 \u0635\u0646\u062f\u0648\u0642 \u0645\u0648\u0633\u064a\u0642\u0649 \u0645\u0639 \u0622\u0644\u064a\u0629 \u0643\u0645\u0627\u0646"},"content":{"rendered":"<figure class=\"attachment attachment--preview\" data-trix-attachment=\"{&quot;contentType&quot;:&quot;image&quot;,&quot;height&quot;:1024,&quot;url&quot;:&quot;https:\/\/sawaqli.fra1.cdn.digitaloceanspaces.com\/37889\/MusicViolin-CNC.jpg&quot;,&quot;width&quot;:1024}\" data-trix-content-type=\"image\"><img decoding=\"async\" class=\"aligncenter\" src=\"https:\/\/sawaqli.fra1.cdn.digitaloceanspaces.com\/37889\/MusicViolin-CNC.jpg\" width=\"1024\" height=\"1024\" \/><figcaption class=\"attachment__caption\"><\/figcaption><\/figure>\n<figure class=\"attachment attachment--preview\" data-trix-attachment=\"{&quot;contentType&quot;:&quot;image&quot;,&quot;height&quot;:1024,&quot;url&quot;:&quot;https:\/\/sawaqli.fra1.cdn.digitaloceanspaces.com\/37882\/10.jpg&quot;,&quot;width&quot;:1024}\" data-trix-content-type=\"image\"><img decoding=\"async\" class=\"aligncenter\" src=\"https:\/\/sawaqli.fra1.cdn.digitaloceanspaces.com\/37882\/10.jpg\" width=\"1024\" height=\"1024\" \/><figcaption class=\"attachment__caption\"><\/figcaption><\/figure>\n<figure class=\"attachment attachment--preview\" data-trix-attachment=\"{&quot;contentType&quot;:&quot;image&quot;,&quot;height&quot;:1024,&quot;url&quot;:&quot;https:\/\/sawaqli.fra1.cdn.digitaloceanspaces.com\/37883\/MusicViolin-1.jpg&quot;,&quot;width&quot;:1024}\" data-trix-content-type=\"image\"><img decoding=\"async\" class=\"aligncenter\" src=\"https:\/\/sawaqli.fra1.cdn.digitaloceanspaces.com\/37883\/MusicViolin-1.jpg\" width=\"1024\" height=\"1024\" \/><figcaption class=\"attachment__caption\"><\/figcaption><\/figure>\n<figure class=\"attachment attachment--preview\" data-trix-attachment=\"{&quot;contentType&quot;:&quot;image&quot;,&quot;height&quot;:1024,&quot;url&quot;:&quot;https:\/\/sawaqli.fra1.cdn.digitaloceanspaces.com\/37884\/MusicViolin-2.jpg&quot;,&quot;width&quot;:1024}\" data-trix-content-type=\"image\"><img decoding=\"async\" class=\"aligncenter\" src=\"https:\/\/sawaqli.fra1.cdn.digitaloceanspaces.com\/37884\/MusicViolin-2.jpg\" width=\"1024\" height=\"1024\" \/><figcaption class=\"attachment__caption\"><\/figcaption><\/figure>\n<figure class=\"attachment attachment--preview\" data-trix-attachment=\"{&quot;contentType&quot;:&quot;image&quot;,&quot;height&quot;:1024,&quot;url&quot;:&quot;https:\/\/sawaqli.fra1.cdn.digitaloceanspaces.com\/37885\/MusicViolin-3.jpg&quot;,&quot;width&quot;:1024}\" data-trix-content-type=\"image\"><img decoding=\"async\" class=\"aligncenter\" src=\"https:\/\/sawaqli.fra1.cdn.digitaloceanspaces.com\/37885\/MusicViolin-3.jpg\" width=\"1024\" height=\"1024\" \/><figcaption class=\"attachment__caption\"><\/figcaption><\/figure>\n<p style=\"text-align: center;\">","protected":false},"excerpt":{"rendered":"<p>\ud83c\udfb6 \u0639\u0644\u0628\u0629 \u0645\u0648\u0633\u064a\u0642\u064a\u0629 \u0643\u0644\u0627\u0633\u064a\u0643\u064a\u0629 \u0628\u0644\u0645\u0633\u0629 \u0633\u0627\u062d\u0631\u0629 \u0627\u0643\u062a\u0634\u0641 \u0647\u0630\u0647 \u0627\u0644\u0639\u0644\u0628\u0629 \u0627\u0644\u0645\u0648\u0633\u064a\u0642\u064a\u0629 \u0627\u0644\u0623\u0646\u064a\u0642\u0629 \u0627\u0644\u062a\u064a \u062a\u0645\u0632\u062c \u0628\u064a\u0646 \u0627\u0644\u0633\u062d\u0631 \u0627\u0644\u0643\u0644\u0627\u0633\u064a\u0643\u064a \u0648\u0627\u0644\u0648\u0638\u0627\u0626\u0641 \u0627\u0644\u062d\u062f\u064a\u062b\u0629\u060c \u0645\u0635\u0646\u0648\u0639\u0629 \u0645\u0646 \u0645\u0648\u0627\u062f ABS \u0639\u0627\u0644\u064a\u0629 \u0627\u0644\u062c\u0648\u062f\u0629 \u0645\u0639 \u0622\u0644\u064a\u0629 \u0645\u0648\u0633\u064a\u0642\u064a\u0629 \u062f\u0642\u064a\u0642\u0629 \u0648\u0645\u0631\u0622\u0629 \u062f\u0627\u062e\u0644\u064a\u0629 \u0645\u062b\u0627\u0644\u064a\u0629 \u0644\u0644\u0623\u0637\u0641\u0627\u0644 \u0648\u0627\u0644\u0643\u0628\u0627\u0631.\u0627\u0644\u0645\u0645\u064a\u0632\u0627\u062a:\u0635\u0646\u0627\u0639\u0629 \u0645\u062a\u0642\u0646\u0629: \u0645\u0648\u0627\u062f \u0645\u062a\u064a\u0646\u0629 \u0648\u062a\u0635\u0645\u064a\u0645 \u0641\u0627\u062e\u0631 \u0644\u0636\u0645\u0627\u0646 \u0639\u0645\u0631 \u0637\u0648\u064a\u0644.\u062a\u0635\u0645\u064a\u0645 \u062c\u0630\u0627\u0628: \u0644\u0648\u0646 \u0623\u062d\u0645\u0631 \u0641\u0627\u062e\u0631 \u0645\u0639 \u0631\u0627\u0642\u0635\u0629 \u0628\u0627\u0644\u064a\u0647 \u0628\u064a\u0636\u0627\u0621 \u0648\u0643\u0645\u0627\u0646\u060c \u0642\u0637\u0639\u0629 \u062f\u064a\u0643\u0648\u0631 \u0623\u0646\u064a\u0642\u0629 \u0644\u0647\u0648\u0627\u0629 \u0627\u0644\u062a\u062d\u0641 \u0627\u0644\u0645\u0648\u0633\u064a\u0642\u064a\u0629.\u062a\u0634\u063a\u064a\u0644 \u0628\u0633\u064a\u0637: \u0628\u062f\u0648\u0646 \u0628\u0637\u0627\u0631\u064a\u0627\u062a\u060c \u0641\u0642\u0637 \u0644\u0641 \u0627\u0644\u0645\u0641\u062a\u0627\u062d \u0627\u0644\u0633\u0641\u0644\u064a \u0628\u0644\u0637\u0641 \u0644\u064a\u0633\u062a\u0645\u062a\u0639 \u0627\u0644\u062c\u0645\u064a\u0639 \u0628\u0627\u0644\u0645\u0648\u0633\u064a\u0642\u0649 \u0648\u062d\u0631\u0643\u0629 \u0631\u0627\u0642\u0635\u0629 \u0627\u0644\u0628\u0627\u0644\u064a\u0647.\u0644\u0645\u0627\u0630\u0627 \u062a\u062e\u062a\u0627\u0631\u0647\u0627\u061f\u0647\u062f\u064a\u0629 \u0645\u062b\u0627\u0644\u064a\u0629 \u0644\u0644\u0623\u0639\u064a\u0627\u062f\u060c \u0623\u0639\u064a\u0627\u062f \u0627\u0644\u0645\u064a\u0644\u0627\u062f\u060c \u062d\u0641\u0644\u0627\u062a \u0627\u0644\u062a\u062e\u0631\u062c\u060c \u0639\u064a\u062f \u0627\u0644\u062d\u0628\u060c \u0623\u0648 \u062d\u062a\u0649 \u0643\u0647\u062f\u0627\u064a\u0627 \u0632\u0641\u0627\u0641 \u0648\u0634\u0643\u0631.<\/p>","protected":false},"featured_media":55726,"comment_status":"open","ping_status":"closed","template":"","meta":[],"product_brand":[],"product_cat":[2460],"product_tag":[],"class_list":{"0":"post-55727","1":"product","2":"type-product","3":"status-publish","4":"has-post-thumbnail","6":"product_cat-decoration","8":"first","9":"instock","10":"taxable","11":"shipping-taxable","12":"purchasable","13":"product-type-simple"},"jetpack_sharing_enabled":true,"_links":{"self":[{"href":"https:\/\/shoponlinedz.com\/en\/wp-json\/wp\/v2\/product\/55727","targetHints":{"allow":["GET"]}}],"collection":[{"href":"https:\/\/shoponlinedz.com\/en\/wp-json\/wp\/v2\/product"}],"about":[{"href":"https:\/\/shoponlinedz.com\/en\/wp-json\/wp\/v2\/types\/product"}],"replies":[{"embeddable":true,"href":"https:\/\/shoponlinedz.com\/en\/wp-json\/wp\/v2\/comments?post=55727"}],"version-history":[{"count":0,"href":"https:\/\/shoponlinedz.com\/en\/wp-json\/wp\/v2\/product\/55727\/revisions"}],"wp:featuredmedia":[{"embeddable":true,"href":"https:\/\/shoponlinedz.com\/en\/wp-json\/wp\/v2\/media\/55726"}],"wp:attachment":[{"href":"https:\/\/shoponlinedz.com\/en\/wp-json\/wp\/v2\/media?parent=55727"}],"wp:term":[{"taxonomy":"product_brand","embeddable":true,"href":"https:\/\/shoponlinedz.com\/en\/wp-json\/wp\/v2\/product_brand?post=55727"},{"taxonomy":"product_cat","embeddable":true,"href":"https:\/\/shoponlinedz.com\/en\/wp-json\/wp\/v2\/product_cat?post=55727"},{"taxonomy":"product_tag","embeddable":true,"href":"https:\/\/shoponlinedz.com\/en\/wp-json\/wp\/v2\/product_tag?post=55727"}],"curies":[{"name":"wp","href":"https:\/\/api.w.org\/{rel}","templated":true}]}}