{"id":55624,"date":"2026-01-06T14:17:11","date_gmt":"2026-01-06T14:17:11","guid":{"rendered":"https:\/\/shoponlinedz.com\/product\/horloge-islamic-digitale-led-avec-heures-de-priere-automatiques-et-appel-a-la-priere-%d8%b3%d8%a7%d8%b9%d8%a9-%d8%b1%d9%82%d9%85%d9%8a%d8%a9-%d9%85%d8%b9-%d8%a3%d9%88%d9%82%d8%a7%d8%aa\/"},"modified":"2026-03-26T18:20:26","modified_gmt":"2026-03-26T17:20:26","slug":"horloge-islamic-digitale-led-avec-heures-de-priere-automatiques-et-appel-a-la-priere-%d8%b3%d8%a7%d8%b9%d8%a9-%d8%b1%d9%82%d9%85%d9%8a%d8%a9-%d9%85%d8%b9-%d8%a3%d9%88%d9%82%d8%a7%d8%aa","status":"publish","type":"product","link":"https:\/\/shoponlinedz.com\/en\/product\/horloge-islamic-digitale-led-avec-heures-de-priere-automatiques-et-appel-a-la-priere-%d8%b3%d8%a7%d8%b9%d8%a9-%d8%b1%d9%82%d9%85%d9%8a%d8%a9-%d9%85%d8%b9-%d8%a3%d9%88%d9%82%d8%a7%d8%aa\/","title":{"rendered":"Horloge Islamic Digitale LED avec Heures de Pri\u00e8re Automatiques et Appel \u00e0 la Pri\u00e8re \u2013 \u0633\u0627\u0639\u0629 \u0631\u0642\u0645\u064a\u0629 \u0645\u0639 \u0623\u0648\u0642\u0627\u062a \u0627\u0644\u0635\u0644\u0627\u0629 \u0648\u0627\u0644\u0623\u0630\u0627\u0646"},"content":{"rendered":"<figure class=\"attachment attachment--preview\" data-trix-attachment=\"{&quot;contentType&quot;:&quot;image&quot;,&quot;height&quot;:1024,&quot;url&quot;:&quot;https:\/\/sawaqli.fra1.cdn.digitaloceanspaces.com\/37968\/Horloge-KB-PM-cnc.jpg&quot;,&quot;width&quot;:1024}\" data-trix-content-type=\"image\"><img decoding=\"async\" class=\"aligncenter\" src=\"https:\/\/sawaqli.fra1.cdn.digitaloceanspaces.com\/37968\/Horloge-KB-PM-cnc.jpg\" width=\"1024\" height=\"1024\" \/><figcaption class=\"attachment__caption\"><\/figcaption><\/figure>\n<figure class=\"attachment attachment--preview\" data-trix-attachment=\"{&quot;contentType&quot;:&quot;image&quot;,&quot;height&quot;:1024,&quot;url&quot;:&quot;https:\/\/sawaqli.fra1.cdn.digitaloceanspaces.com\/37969\/Horloge-KB-PM-2.jpg&quot;,&quot;width&quot;:1024}\" data-trix-content-type=\"image\"><img decoding=\"async\" class=\"aligncenter\" src=\"https:\/\/sawaqli.fra1.cdn.digitaloceanspaces.com\/37969\/Horloge-KB-PM-2.jpg\" width=\"1024\" height=\"1024\" \/><figcaption class=\"attachment__caption\"><\/figcaption><\/figure>\n<figure class=\"attachment attachment--preview\" data-trix-attachment=\"{&quot;contentType&quot;:&quot;image&quot;,&quot;height&quot;:1024,&quot;url&quot;:&quot;https:\/\/sawaqli.fra1.cdn.digitaloceanspaces.com\/37970\/Horloge-KB-PM-1.jpg&quot;,&quot;width&quot;:1024}\" data-trix-content-type=\"image\"><img decoding=\"async\" class=\"aligncenter\" src=\"https:\/\/sawaqli.fra1.cdn.digitaloceanspaces.com\/37970\/Horloge-KB-PM-1.jpg\" width=\"1024\" height=\"1024\" \/><figcaption class=\"attachment__caption\"><\/figcaption><\/figure>\n<figure class=\"attachment attachment--preview\" data-trix-attachment=\"{&quot;contentType&quot;:&quot;image&quot;,&quot;height&quot;:1024,&quot;url&quot;:&quot;https:\/\/sawaqli.fra1.cdn.digitaloceanspaces.com\/37999\/Pri888.jpg&quot;,&quot;width&quot;:1024}\" data-trix-content-type=\"image\"><img decoding=\"async\" class=\"aligncenter\" src=\"https:\/\/sawaqli.fra1.cdn.digitaloceanspaces.com\/37999\/Pri888.jpg\" width=\"1024\" height=\"1024\" \/><figcaption class=\"attachment__caption\"><\/figcaption><\/figure>\n<figure class=\"attachment attachment--preview\" data-trix-attachment=\"{&quot;contentType&quot;:&quot;image&quot;,&quot;height&quot;:1024,&quot;url&quot;:&quot;https:\/\/sawaqli.fra1.cdn.digitaloceanspaces.com\/38000\/Pri88.jpg&quot;,&quot;width&quot;:1024}\" data-trix-content-type=\"image\"><img decoding=\"async\" class=\"aligncenter\" src=\"https:\/\/sawaqli.fra1.cdn.digitaloceanspaces.com\/38000\/Pri88.jpg\" width=\"1024\" height=\"1024\" \/><figcaption class=\"attachment__caption\"><\/figcaption><\/figure>\n<p style=\"text-align: center;\">","protected":false},"excerpt":{"rendered":"<p>\ud83d\udd4c \u0633\u0627\u0639\u0629 \u0623\u0630\u0627\u0646 \u0630\u0643\u064a\u0629 \u0628\u062e\u0627\u0635\u064a\u0629 \u062a\u062d\u062f\u064a\u062f \u0645\u0648\u0627\u0642\u064a\u062a \u0627\u0644\u0635\u0644\u0627\u0629\u0625\u0639\u0644\u0627\u0646 \u0627\u0644\u0623\u0630\u0627\u0646 \u062a\u0644\u0642\u0627\u0626\u064a\u064b\u0627: \u0644\u062c\u0645\u064a\u0639 \u0627\u0644\u0635\u0644\u0648\u0627\u062a \u0627\u0644\u062e\u0645\u0633 \u0628\u062f\u0642\u0629.\u0634\u0627\u0634\u0629 LED \u0648\u0627\u0636\u062d\u0629: \u062a\u0639\u0631\u0636 \u0627\u0644\u0648\u0642\u062a\u060c \u0645\u0648\u0627\u0639\u064a\u062f \u0627\u0644\u0635\u0644\u0627\u0629\u060c \u0627\u0644\u062a\u0627\u0631\u064a\u062e\u060c \u0648\u062f\u0631\u062c\u0629 \u0627\u0644\u062d\u0631\u0627\u0631\u0629.\u0628\u0631\u0645\u062c\u0629 \u062a\u0644\u0642\u0627\u0626\u064a\u0629: \u062a\u0636\u0628\u0637 \u0623\u0648\u0642\u0627\u062a \u0627\u0644\u0635\u0644\u0627\u0629 \u062a\u0644\u0642\u0627\u0626\u064a\u064b\u0627 \u062d\u0633\u0628 \u0645\u0648\u0642\u0639\u0643.\u062a\u0635\u0645\u064a\u0645 \u0623\u0646\u064a\u0642: \u0645\u0646\u0627\u0633\u0628 \u0644\u0644\u0645\u0646\u0627\u0632\u0644\u060c \u0627\u0644\u0645\u0643\u0627\u062a\u0628\u060c \u0648\u0627\u0644\u0645\u0633\u0627\u062c\u062f.\u0648\u0638\u0627\u0626\u0641 \u0625\u0636\u0627\u0641\u064a\u0629: \u0645\u0646\u0628\u0647\u060c \u0639\u0631\u0636 12\/24 \u0633\u0627\u0639\u0629\u060c \u0648\u0636\u0628\u0637 \u0633\u0637\u0648\u0639 \u0627\u0644\u0634\u0627\u0634\u0629.<\/p>","protected":false},"featured_media":55623,"comment_status":"open","ping_status":"closed","template":"","meta":[],"product_brand":[],"product_cat":[2463],"product_tag":[],"class_list":{"0":"post-55624","1":"product","2":"type-product","3":"status-publish","4":"has-post-thumbnail","6":"product_cat-electronique","8":"first","9":"instock","10":"taxable","11":"shipping-taxable","12":"purchasable","13":"product-type-simple"},"jetpack_sharing_enabled":true,"_links":{"self":[{"href":"https:\/\/shoponlinedz.com\/en\/wp-json\/wp\/v2\/product\/55624","targetHints":{"allow":["GET"]}}],"collection":[{"href":"https:\/\/shoponlinedz.com\/en\/wp-json\/wp\/v2\/product"}],"about":[{"href":"https:\/\/shoponlinedz.com\/en\/wp-json\/wp\/v2\/types\/product"}],"replies":[{"embeddable":true,"href":"https:\/\/shoponlinedz.com\/en\/wp-json\/wp\/v2\/comments?post=55624"}],"version-history":[{"count":0,"href":"https:\/\/shoponlinedz.com\/en\/wp-json\/wp\/v2\/product\/55624\/revisions"}],"wp:featuredmedia":[{"embeddable":true,"href":"https:\/\/shoponlinedz.com\/en\/wp-json\/wp\/v2\/media\/55623"}],"wp:attachment":[{"href":"https:\/\/shoponlinedz.com\/en\/wp-json\/wp\/v2\/media?parent=55624"}],"wp:term":[{"taxonomy":"product_brand","embeddable":true,"href":"https:\/\/shoponlinedz.com\/en\/wp-json\/wp\/v2\/product_brand?post=55624"},{"taxonomy":"product_cat","embeddable":true,"href":"https:\/\/shoponlinedz.com\/en\/wp-json\/wp\/v2\/product_cat?post=55624"},{"taxonomy":"product_tag","embeddable":true,"href":"https:\/\/shoponlinedz.com\/en\/wp-json\/wp\/v2\/product_tag?post=55624"}],"curies":[{"name":"wp","href":"https:\/\/api.w.org\/{rel}","templated":true}]}}