{"id":55602,"date":"2026-01-06T14:16:14","date_gmt":"2026-01-06T14:16:14","guid":{"rendered":"https:\/\/shoponlinedz.com\/product\/reveil-numerique-avec-grand-ecran-led-72-%d9%85%d9%86%d8%a8%d9%87-%d8%b1%d9%82%d9%85%d9%8a-%d8%a8%d8%b4%d8%a7%d8%b4%d8%a9-%d9%83%d8%a8%d9%8a%d8%b1%d8%a9\/"},"modified":"2026-03-26T18:20:27","modified_gmt":"2026-03-26T17:20:27","slug":"reveil-numerique-avec-grand-ecran-led-72-%d9%85%d9%86%d8%a8%d9%87-%d8%b1%d9%82%d9%85%d9%8a-%d8%a8%d8%b4%d8%a7%d8%b4%d8%a9-%d9%83%d8%a8%d9%8a%d8%b1%d8%a9","status":"publish","type":"product","link":"https:\/\/shoponlinedz.com\/en\/product\/reveil-numerique-avec-grand-ecran-led-72-%d9%85%d9%86%d8%a8%d9%87-%d8%b1%d9%82%d9%85%d9%8a-%d8%a8%d8%b4%d8%a7%d8%b4%d8%a9-%d9%83%d8%a8%d9%8a%d8%b1%d8%a9\/","title":{"rendered":"R\u00e9veil Num\u00e9rique avec Grand \u00c9cran LED 7,2&#8243; \u2013 \u0645\u0646\u0628\u0647 \u0631\u0642\u0645\u064a \u0628\u0634\u0627\u0634\u0629 \u0643\u0628\u064a\u0631\u0629"},"content":{"rendered":"<figure class=\"attachment attachment--preview\" data-trix-attachment=\"{&quot;contentType&quot;:&quot;image&quot;,&quot;height&quot;:1024,&quot;url&quot;:&quot;https:\/\/sawaqli.fra1.cdn.digitaloceanspaces.com\/37951\/GH0722-CNC.jpg&quot;,&quot;width&quot;:1024}\" data-trix-content-type=\"image\"><img decoding=\"async\" class=\"aligncenter\" src=\"https:\/\/sawaqli.fra1.cdn.digitaloceanspaces.com\/37951\/GH0722-CNC.jpg\" width=\"1024\" height=\"1024\" \/><figcaption class=\"attachment__caption\"><\/figcaption><\/figure>\n<figure class=\"attachment attachment--preview\" data-trix-attachment=\"{&quot;contentType&quot;:&quot;image&quot;,&quot;height&quot;:1024,&quot;url&quot;:&quot;https:\/\/sawaqli.fra1.cdn.digitaloceanspaces.com\/37952\/GH0722.jpg&quot;,&quot;width&quot;:1024}\" data-trix-content-type=\"image\"><img decoding=\"async\" class=\"aligncenter\" src=\"https:\/\/sawaqli.fra1.cdn.digitaloceanspaces.com\/37952\/GH0722.jpg\" width=\"1024\" height=\"1024\" \/><figcaption class=\"attachment__caption\"><\/figcaption><\/figure>\n<figure class=\"attachment attachment--preview\" data-trix-attachment=\"{&quot;contentType&quot;:&quot;image&quot;,&quot;height&quot;:1024,&quot;url&quot;:&quot;https:\/\/sawaqli.fra1.cdn.digitaloceanspaces.com\/37953\/GH0722-(2).jpg&quot;,&quot;width&quot;:1024}\" data-trix-content-type=\"image\"><img decoding=\"async\" class=\"aligncenter\" src=\"https:\/\/sawaqli.fra1.cdn.digitaloceanspaces.com\/37953\/GH0722-(2).jpg\" width=\"1024\" height=\"1024\" \/><figcaption class=\"attachment__caption\"><\/figcaption><\/figure>\n<figure class=\"attachment attachment--preview\" data-trix-attachment=\"{&quot;contentType&quot;:&quot;image&quot;,&quot;height&quot;:1024,&quot;url&quot;:&quot;https:\/\/sawaqli.fra1.cdn.digitaloceanspaces.com\/37954\/GH0722-(3).jpg&quot;,&quot;width&quot;:1024}\" data-trix-content-type=\"image\"><img decoding=\"async\" class=\"aligncenter\" src=\"https:\/\/sawaqli.fra1.cdn.digitaloceanspaces.com\/37954\/GH0722-(3).jpg\" width=\"1024\" height=\"1024\" \/><figcaption class=\"attachment__caption\"><\/figcaption><\/figure>\n<figure class=\"attachment attachment--preview\" data-trix-attachment=\"{&quot;contentType&quot;:&quot;image&quot;,&quot;height&quot;:1024,&quot;url&quot;:&quot;https:\/\/sawaqli.fra1.cdn.digitaloceanspaces.com\/37955\/GH0722-(5).jpg&quot;,&quot;width&quot;:1024}\" data-trix-content-type=\"image\"><img decoding=\"async\" class=\"aligncenter\" src=\"https:\/\/sawaqli.fra1.cdn.digitaloceanspaces.com\/37955\/GH0722-(5).jpg\" width=\"1024\" height=\"1024\" \/><figcaption class=\"attachment__caption\"><\/figcaption><\/figure>\n<p style=\"text-align: center;\">","protected":false},"excerpt":{"rendered":"<p>\u23f0 \u0633\u0627\u0639\u0629 \u0631\u0642\u0645\u064a\u0629 \u0628\u0634\u0627\u0634\u0629 LED \u0643\u0628\u064a\u0631\u0629 7.2 \u0628\u0648\u0635\u0629\u0634\u0627\u0634\u0629 LED \u0648\u0627\u0636\u062d\u0629: \u0639\u0631\u0636 \u0627\u0644\u0633\u0627\u0639\u0629\u060c \u0627\u0644\u062a\u0627\u0631\u064a\u062e \u0648\u062f\u0631\u062c\u0629 \u0627\u0644\u062d\u0631\u0627\u0631\u0629 \u0628\u0648\u0636\u0648\u062d \u062d\u062a\u0649 \u0645\u0646 \u0645\u0633\u0627\u0641\u0629 \u0628\u0639\u064a\u062f\u0629.\u0645\u0646\u0628\u0647 \u0645\u0632\u062f\u0648\u062c \u0645\u0639 \u062e\u0627\u0635\u064a\u0629 \u0627\u0644\u063a\u0641\u0648\u0629: \u0636\u0628\u0637 \u0645\u0646\u0628\u0647\u064a\u0646 \u0645\u0646\u0641\u0635\u0644\u064a\u0646 \u0645\u0639 \u062e\u064a\u0627\u0631 \u0627\u0644\u062a\u0643\u0631\u0627\u0631 \u0644\u0646\u064a\u0644 \u062f\u0642\u0627\u0626\u0642 \u0625\u0636\u0627\u0641\u064a\u0629 \u0645\u0646 \u0627\u0644\u0631\u0627\u062d\u0629.\u0625\u0636\u0627\u0621\u0629 \u0642\u0627\u0628\u0644\u0629 \u0644\u0644\u062a\u0639\u062f\u064a\u0644 \u0628\u0640 5 \u0645\u0633\u062a\u0648\u064a\u0627\u062a: \u062a\u062d\u0643\u0645 \u0641\u064a \u0633\u0637\u0648\u0639 \u0627\u0644\u0634\u0627\u0634\u0629 \u062d\u0633\u0628 \u062a\u0641\u0636\u064a\u0644\u0627\u062a\u0643 \u0644\u0631\u0627\u062d\u0629 \u0627\u0644\u0639\u064a\u0646 \u0646\u0647\u0627\u0631\u064b\u0627 \u0648\u0644\u064a\u0644\u0627\u064b.\u0639\u0631\u0636 \u0627\u0644\u064a\u0648\u0645 \u0648\u0627\u0644\u062a\u0627\u0631\u064a\u062e: \u062a\u0642\u0648\u064a\u0645 \u0645\u062f\u0645\u062c \u064a\u0633\u0627\u0639\u062f\u0643 \u0641\u064a \u062a\u0646\u0638\u064a\u0645 \u064a\u0648\u0645\u0643 \u0628\u0643\u0641\u0627\u0621\u0629.\u062a\u0635\u0645\u064a\u0645 \u0639\u0635\u0631\u064a \u0648\u0623\u0646\u064a\u0642: \u0645\u062b\u0627\u0644\u064a \u0644\u063a\u0631\u0641\u0629 \u0627\u0644\u0646\u0648\u0645\u060c \u0627\u0644\u0645\u0643\u062a\u0628 \u0623\u0648 \u0627\u0644\u0635\u0627\u0644\u0629\u060c \u064a\u0636\u0641\u064a \u0644\u0645\u0633\u0629 \u062c\u0645\u0627\u0644\u064a\u0629 \u0639\u0644\u0649 \u0627\u0644\u0645\u0643\u0627\u0646.<\/p>","protected":false},"featured_media":55601,"comment_status":"open","ping_status":"closed","template":"","meta":[],"product_brand":[],"product_cat":[2463],"product_tag":[],"class_list":{"0":"post-55602","1":"product","2":"type-product","3":"status-publish","4":"has-post-thumbnail","6":"product_cat-electronique","8":"first","9":"instock","10":"taxable","11":"shipping-taxable","12":"purchasable","13":"product-type-simple"},"jetpack_sharing_enabled":true,"_links":{"self":[{"href":"https:\/\/shoponlinedz.com\/en\/wp-json\/wp\/v2\/product\/55602","targetHints":{"allow":["GET"]}}],"collection":[{"href":"https:\/\/shoponlinedz.com\/en\/wp-json\/wp\/v2\/product"}],"about":[{"href":"https:\/\/shoponlinedz.com\/en\/wp-json\/wp\/v2\/types\/product"}],"replies":[{"embeddable":true,"href":"https:\/\/shoponlinedz.com\/en\/wp-json\/wp\/v2\/comments?post=55602"}],"version-history":[{"count":0,"href":"https:\/\/shoponlinedz.com\/en\/wp-json\/wp\/v2\/product\/55602\/revisions"}],"wp:featuredmedia":[{"embeddable":true,"href":"https:\/\/shoponlinedz.com\/en\/wp-json\/wp\/v2\/media\/55601"}],"wp:attachment":[{"href":"https:\/\/shoponlinedz.com\/en\/wp-json\/wp\/v2\/media?parent=55602"}],"wp:term":[{"taxonomy":"product_brand","embeddable":true,"href":"https:\/\/shoponlinedz.com\/en\/wp-json\/wp\/v2\/product_brand?post=55602"},{"taxonomy":"product_cat","embeddable":true,"href":"https:\/\/shoponlinedz.com\/en\/wp-json\/wp\/v2\/product_cat?post=55602"},{"taxonomy":"product_tag","embeddable":true,"href":"https:\/\/shoponlinedz.com\/en\/wp-json\/wp\/v2\/product_tag?post=55602"}],"curies":[{"name":"wp","href":"https:\/\/api.w.org\/{rel}","templated":true}]}}