{"id":55597,"date":"2026-01-06T14:16:01","date_gmt":"2026-01-06T14:16:01","guid":{"rendered":"https:\/\/shoponlinedz.com\/product\/couvre-pedales-decoratifs-pour-voitures-a-transmission-automatique-%d8%a3%d8%ba%d8%b7%d9%8a%d8%a9-%d8%af%d9%88%d8%a7%d8%b3%d8%a7%d8%aa-%d9%84%d9%84%d8%b3%d9%8a%d8%a7%d8%b1%d8%a7%d8%aa\/"},"modified":"2026-03-26T18:20:27","modified_gmt":"2026-03-26T17:20:27","slug":"couvre-pedales-decoratifs-pour-voitures-a-transmission-automatique-%d8%a3%d8%ba%d8%b7%d9%8a%d8%a9-%d8%af%d9%88%d8%a7%d8%b3%d8%a7%d8%aa-%d9%84%d9%84%d8%b3%d9%8a%d8%a7%d8%b1%d8%a7%d8%aa","status":"publish","type":"product","link":"https:\/\/shoponlinedz.com\/en\/product\/couvre-pedales-decoratifs-pour-voitures-a-transmission-automatique-%d8%a3%d8%ba%d8%b7%d9%8a%d8%a9-%d8%af%d9%88%d8%a7%d8%b3%d8%a7%d8%aa-%d9%84%d9%84%d8%b3%d9%8a%d8%a7%d8%b1%d8%a7%d8%aa\/","title":{"rendered":"Couvre-P\u00e9dales D\u00e9coratifs pour Voitures \u00e0 Transmission Automatique \u2013 \u0623\u063a\u0637\u064a\u0629 \u062f\u0648\u0627\u0633\u0627\u062a \u0644\u0644\u0633\u064a\u0627\u0631\u0627\u062a"},"content":{"rendered":"<figure class=\"attachment attachment--preview\" data-trix-attachment=\"{&quot;contentType&quot;:&quot;image&quot;,&quot;height&quot;:1024,&quot;url&quot;:&quot;https:\/\/sawaqli.fra1.cdn.digitaloceanspaces.com\/37966\/Couvre-Pedal-Auto-cnc.jpg&quot;,&quot;width&quot;:1024}\" data-trix-content-type=\"image\"><img decoding=\"async\" class=\"aligncenter\" src=\"https:\/\/sawaqli.fra1.cdn.digitaloceanspaces.com\/37966\/Couvre-Pedal-Auto-cnc.jpg\" width=\"1024\" height=\"1024\" \/><figcaption class=\"attachment__caption\"><\/figcaption><\/figure>\n<figure class=\"attachment attachment--preview\" data-trix-attachment=\"{&quot;contentType&quot;:&quot;image&quot;,&quot;height&quot;:1024,&quot;url&quot;:&quot;https:\/\/sawaqli.fra1.cdn.digitaloceanspaces.com\/37967\/Couvre-Pedal-Auto-1.jpg&quot;,&quot;width&quot;:1024}\" data-trix-content-type=\"image\"><img decoding=\"async\" class=\"aligncenter\" src=\"https:\/\/sawaqli.fra1.cdn.digitaloceanspaces.com\/37967\/Couvre-Pedal-Auto-1.jpg\" width=\"1024\" height=\"1024\" \/><figcaption class=\"attachment__caption\"><\/figcaption><\/figure>\n<figure class=\"attachment attachment--preview\" data-trix-attachment=\"{&quot;contentType&quot;:&quot;image&quot;,&quot;height&quot;:1024,&quot;url&quot;:&quot;https:\/\/sawaqli.fra1.cdn.digitaloceanspaces.com\/37997\/Pri33.jpg&quot;,&quot;width&quot;:1024}\" data-trix-content-type=\"image\"><img decoding=\"async\" class=\"aligncenter\" src=\"https:\/\/sawaqli.fra1.cdn.digitaloceanspaces.com\/37997\/Pri33.jpg\" width=\"1024\" height=\"1024\" \/><figcaption class=\"attachment__caption\"><\/figcaption><\/figure>\n<figure class=\"attachment attachment--preview\" data-trix-attachment=\"{&quot;contentType&quot;:&quot;image&quot;,&quot;height&quot;:1024,&quot;url&quot;:&quot;https:\/\/sawaqli.fra1.cdn.digitaloceanspaces.com\/37998\/Pri3.jpg&quot;,&quot;width&quot;:1024}\" data-trix-content-type=\"image\"><img decoding=\"async\" class=\"aligncenter\" src=\"https:\/\/sawaqli.fra1.cdn.digitaloceanspaces.com\/37998\/Pri3.jpg\" width=\"1024\" height=\"1024\" \/><figcaption class=\"attachment__caption\"><\/figcaption><\/figure>\n<p style=\"text-align: center;\">","protected":false},"excerpt":{"rendered":"<p>\ud83d\ude97 \u063a\u0637\u0627\u0621 \u062f\u0648\u0627\u0633\u0627\u062a \u0645\u0639\u062f\u0646\u064a \u0641\u0627\u062e\u0631 \u0644\u0644\u0633\u064a\u0627\u0631\u0627\u062a\u062c\u0648\u062f\u0629 \u0639\u0627\u0644\u064a\u0629: \u0645\u0639\u062f\u0646 \u0642\u0648\u064a \u0648\u0645\u062a\u064a\u0646 \u0644\u0639\u0645\u0631 \u0623\u0637\u0648\u0644.\u062a\u0648\u0627\u0641\u0642 \u0639\u0627\u0644\u0645\u064a: \u0645\u0646\u0627\u0633\u0628 \u0644\u0645\u0639\u0638\u0645 \u0627\u0644\u0633\u064a\u0627\u0631\u0627\u062a \u0627\u0644\u0623\u0648\u062a\u0648\u0645\u0627\u062a\u064a\u0643\u064a\u0629.\u0644\u0645\u0633\u0629 \u062c\u0645\u0627\u0644\u064a\u0629: \u0623\u0644\u0648\u0627\u0646 \u0641\u0636\u064a \u0648\u0623\u0633\u0648\u062f \u0644\u0625\u0637\u0644\u0627\u0644\u0629 \u0623\u0646\u064a\u0642\u0629 \u062f\u0627\u062e\u0644 \u0627\u0644\u0633\u064a\u0627\u0631\u0629.\u062a\u0631\u0643\u064a\u0628 \u0633\u0647\u0644: \u064a\u0623\u062a\u064a \u0641\u064a \u0639\u0628\u0648\u0629 2 \u0642\u0637\u0639\u0629 \u0648\u064a\u062b\u0628\u062a \u0628\u0633\u0647\u0648\u0644\u0629 \u062f\u0648\u0646 \u062a\u0639\u062f\u064a\u0644\u0627\u062a \u0643\u0628\u064a\u0631\u0629.<\/p>","protected":false},"featured_media":55596,"comment_status":"open","ping_status":"closed","template":"","meta":[],"product_brand":[],"product_cat":[2458],"product_tag":[],"class_list":{"0":"post-55597","1":"product","2":"type-product","3":"status-publish","4":"has-post-thumbnail","6":"product_cat-accessoires-auto-moto","8":"first","9":"instock","10":"taxable","11":"shipping-taxable","12":"purchasable","13":"product-type-simple"},"jetpack_sharing_enabled":true,"_links":{"self":[{"href":"https:\/\/shoponlinedz.com\/en\/wp-json\/wp\/v2\/product\/55597","targetHints":{"allow":["GET"]}}],"collection":[{"href":"https:\/\/shoponlinedz.com\/en\/wp-json\/wp\/v2\/product"}],"about":[{"href":"https:\/\/shoponlinedz.com\/en\/wp-json\/wp\/v2\/types\/product"}],"replies":[{"embeddable":true,"href":"https:\/\/shoponlinedz.com\/en\/wp-json\/wp\/v2\/comments?post=55597"}],"version-history":[{"count":0,"href":"https:\/\/shoponlinedz.com\/en\/wp-json\/wp\/v2\/product\/55597\/revisions"}],"wp:featuredmedia":[{"embeddable":true,"href":"https:\/\/shoponlinedz.com\/en\/wp-json\/wp\/v2\/media\/55596"}],"wp:attachment":[{"href":"https:\/\/shoponlinedz.com\/en\/wp-json\/wp\/v2\/media?parent=55597"}],"wp:term":[{"taxonomy":"product_brand","embeddable":true,"href":"https:\/\/shoponlinedz.com\/en\/wp-json\/wp\/v2\/product_brand?post=55597"},{"taxonomy":"product_cat","embeddable":true,"href":"https:\/\/shoponlinedz.com\/en\/wp-json\/wp\/v2\/product_cat?post=55597"},{"taxonomy":"product_tag","embeddable":true,"href":"https:\/\/shoponlinedz.com\/en\/wp-json\/wp\/v2\/product_tag?post=55597"}],"curies":[{"name":"wp","href":"https:\/\/api.w.org\/{rel}","templated":true}]}}