{"id":55583,"date":"2026-01-06T14:15:26","date_gmt":"2026-01-06T14:15:26","guid":{"rendered":"https:\/\/shoponlinedz.com\/product\/3en1-humidificateur-avec-projecteur-detoiles-galaxie-%d9%85%d8%b1%d8%b7%d8%a8-%d8%ac%d9%88-%d9%85%d8%b9-%d8%b9%d8%a7%d8%b1%d8%b6-%d9%86%d8%ac%d9%88%d9%85\/"},"modified":"2026-03-26T18:20:28","modified_gmt":"2026-03-26T17:20:28","slug":"3en1-humidificateur-avec-projecteur-detoiles-galaxie-%d9%85%d8%b1%d8%b7%d8%a8-%d8%ac%d9%88-%d9%85%d8%b9-%d8%b9%d8%a7%d8%b1%d8%b6-%d9%86%d8%ac%d9%88%d9%85","status":"publish","type":"product","link":"https:\/\/shoponlinedz.com\/en\/product\/3en1-humidificateur-avec-projecteur-detoiles-galaxie-%d9%85%d8%b1%d8%b7%d8%a8-%d8%ac%d9%88-%d9%85%d8%b9-%d8%b9%d8%a7%d8%b1%d8%b6-%d9%86%d8%ac%d9%88%d9%85\/","title":{"rendered":"3en1 Humidificateur avec Projecteur d&#8217;\u00c9toiles Galaxie \u2013 \u0645\u0631\u0637\u0628 \u062c\u0648 \u0645\u0639 \u0639\u0627\u0631\u0636 \u0646\u062c\u0648\u0645"},"content":{"rendered":"<figure class=\"attachment attachment--preview\" data-trix-attachment=\"{&quot;contentType&quot;:&quot;image&quot;,&quot;height&quot;:1024,&quot;url&quot;:&quot;https:\/\/sawaqli.fra1.cdn.digitaloceanspaces.com\/38110\/Humidifiergalaxy-CNC-(2).jpg&quot;,&quot;width&quot;:1024}\" data-trix-content-type=\"image\"><img decoding=\"async\" class=\"aligncenter\" src=\"https:\/\/sawaqli.fra1.cdn.digitaloceanspaces.com\/38110\/Humidifiergalaxy-CNC-(2).jpg\" width=\"1024\" height=\"1024\" \/><figcaption class=\"attachment__caption\"><\/figcaption><\/figure>\n<figure class=\"attachment attachment--preview\" data-trix-attachment=\"{&quot;contentType&quot;:&quot;image&quot;,&quot;height&quot;:1024,&quot;url&quot;:&quot;https:\/\/sawaqli.fra1.cdn.digitaloceanspaces.com\/38111\/Humidifiergalaxy-(2).jpg&quot;,&quot;width&quot;:1024}\" data-trix-content-type=\"image\"><img decoding=\"async\" class=\"aligncenter\" src=\"https:\/\/sawaqli.fra1.cdn.digitaloceanspaces.com\/38111\/Humidifiergalaxy-(2).jpg\" width=\"1024\" height=\"1024\" \/><figcaption class=\"attachment__caption\"><\/figcaption><\/figure>\n<figure class=\"attachment attachment--preview\" data-trix-attachment=\"{&quot;contentType&quot;:&quot;image&quot;,&quot;height&quot;:1024,&quot;url&quot;:&quot;https:\/\/sawaqli.fra1.cdn.digitaloceanspaces.com\/38112\/Humidifiergalaxy-(3).jpg&quot;,&quot;width&quot;:1024}\" data-trix-content-type=\"image\"><img decoding=\"async\" class=\"aligncenter\" src=\"https:\/\/sawaqli.fra1.cdn.digitaloceanspaces.com\/38112\/Humidifiergalaxy-(3).jpg\" width=\"1024\" height=\"1024\" \/><figcaption class=\"attachment__caption\"><\/figcaption><\/figure>\n<figure class=\"attachment attachment--preview\" data-trix-attachment=\"{&quot;contentType&quot;:&quot;image&quot;,&quot;height&quot;:1024,&quot;url&quot;:&quot;https:\/\/sawaqli.fra1.cdn.digitaloceanspaces.com\/38113\/Humidifiergalaxy-(4).jpg&quot;,&quot;width&quot;:1024}\" data-trix-content-type=\"image\"><img decoding=\"async\" class=\"aligncenter\" src=\"https:\/\/sawaqli.fra1.cdn.digitaloceanspaces.com\/38113\/Humidifiergalaxy-(4).jpg\" width=\"1024\" height=\"1024\" \/><figcaption class=\"attachment__caption\"><\/figcaption><\/figure>\n<figure class=\"attachment attachment--preview\" data-trix-attachment=\"{&quot;contentType&quot;:&quot;image&quot;,&quot;height&quot;:1024,&quot;url&quot;:&quot;https:\/\/sawaqli.fra1.cdn.digitaloceanspaces.com\/38114\/Humidifiergalaxy-(7).jpg&quot;,&quot;width&quot;:1024}\" data-trix-content-type=\"image\"><img decoding=\"async\" class=\"aligncenter\" src=\"https:\/\/sawaqli.fra1.cdn.digitaloceanspaces.com\/38114\/Humidifiergalaxy-(7).jpg\" width=\"1024\" height=\"1024\" \/><figcaption class=\"attachment__caption\"><\/figcaption><\/figure>\n<p style=\"text-align: center;\">","protected":false},"excerpt":{"rendered":"<p>Humidification Silencieuse : Fonctionne discr\u00e8tement pour am\u00e9liorer la qualit\u00e9 de l&#8217;air sans perturber votre environnement.Diffuseur d&#8217;Huiles Essentielles : Ajoutez vos huiles pr\u00e9f\u00e9r\u00e9es pour cr\u00e9er une atmosph\u00e8re relaxante et parfum\u00e9e.Veilleuse Int\u00e9gr\u00e9e : Offre un \u00e9clairage doux, id\u00e9al pour les chambres d&#8217;enfants ou comme lumi\u00e8re d&#8217;ambiance nocturne.Design \u00c9l\u00e9gant et Pratique : S&#8217;int\u00e8gre harmonieusement dans tout int\u00e9rieur, apportant une touche de modernit\u00e9 et de confort.<\/p>","protected":false},"featured_media":55582,"comment_status":"open","ping_status":"closed","template":"","meta":[],"product_brand":[],"product_cat":[2460],"product_tag":[],"class_list":{"0":"post-55583","1":"product","2":"type-product","3":"status-publish","4":"has-post-thumbnail","6":"product_cat-decoration","8":"first","9":"instock","10":"taxable","11":"shipping-taxable","12":"purchasable","13":"product-type-simple"},"jetpack_sharing_enabled":true,"_links":{"self":[{"href":"https:\/\/shoponlinedz.com\/en\/wp-json\/wp\/v2\/product\/55583","targetHints":{"allow":["GET"]}}],"collection":[{"href":"https:\/\/shoponlinedz.com\/en\/wp-json\/wp\/v2\/product"}],"about":[{"href":"https:\/\/shoponlinedz.com\/en\/wp-json\/wp\/v2\/types\/product"}],"replies":[{"embeddable":true,"href":"https:\/\/shoponlinedz.com\/en\/wp-json\/wp\/v2\/comments?post=55583"}],"version-history":[{"count":0,"href":"https:\/\/shoponlinedz.com\/en\/wp-json\/wp\/v2\/product\/55583\/revisions"}],"wp:featuredmedia":[{"embeddable":true,"href":"https:\/\/shoponlinedz.com\/en\/wp-json\/wp\/v2\/media\/55582"}],"wp:attachment":[{"href":"https:\/\/shoponlinedz.com\/en\/wp-json\/wp\/v2\/media?parent=55583"}],"wp:term":[{"taxonomy":"product_brand","embeddable":true,"href":"https:\/\/shoponlinedz.com\/en\/wp-json\/wp\/v2\/product_brand?post=55583"},{"taxonomy":"product_cat","embeddable":true,"href":"https:\/\/shoponlinedz.com\/en\/wp-json\/wp\/v2\/product_cat?post=55583"},{"taxonomy":"product_tag","embeddable":true,"href":"https:\/\/shoponlinedz.com\/en\/wp-json\/wp\/v2\/product_tag?post=55583"}],"curies":[{"name":"wp","href":"https:\/\/api.w.org\/{rel}","templated":true}]}}