{"id":55506,"date":"2026-01-06T14:11:49","date_gmt":"2026-01-06T14:11:49","guid":{"rendered":"https:\/\/shoponlinedz.com\/product\/enzo-professional-kit-supersonic-air-styler-6-en-1-%d8%b7%d9%82%d9%85-%d9%85%d8%b5%d9%81%d9%81-%d8%a7%d9%84%d8%b4%d8%b9%d8%b1\/"},"modified":"2026-03-26T18:20:31","modified_gmt":"2026-03-26T17:20:31","slug":"enzo-professional-kit-supersonic-air-styler-6-en-1-%d8%b7%d9%82%d9%85-%d9%85%d8%b5%d9%81%d9%81-%d8%a7%d9%84%d8%b4%d8%b9%d8%b1","status":"publish","type":"product","link":"https:\/\/shoponlinedz.com\/en\/product\/enzo-professional-kit-supersonic-air-styler-6-en-1-%d8%b7%d9%82%d9%85-%d9%85%d8%b5%d9%81%d9%81-%d8%a7%d9%84%d8%b4%d8%b9%d8%b1\/","title":{"rendered":"ENZO PROFESSIONAL Kit Supersonic Air Styler 6 en 1 &#8211; \u0637\u0642\u0645 \u0645\u0635\u0641\u0641 \u0627\u0644\u0634\u0639\u0631"},"content":{"rendered":"<figure class=\"attachment attachment--preview\" data-trix-attachment=\"{&quot;contentType&quot;:&quot;image&quot;,&quot;height&quot;:1024,&quot;url&quot;:&quot;https:\/\/sawaqli.fra1.cdn.digitaloceanspaces.com\/38395\/EN4133-CNC.png&quot;,&quot;width&quot;:1024}\" data-trix-content-type=\"image\"><img decoding=\"async\" class=\"aligncenter\" src=\"https:\/\/sawaqli.fra1.cdn.digitaloceanspaces.com\/38395\/EN4133-CNC.png\" width=\"1024\" height=\"1024\" \/><figcaption class=\"attachment__caption\"><\/figcaption><\/figure>\n<figure class=\"attachment attachment--preview\" data-trix-attachment=\"{&quot;contentType&quot;:&quot;image&quot;,&quot;height&quot;:1024,&quot;url&quot;:&quot;https:\/\/sawaqli.fra1.cdn.digitaloceanspaces.com\/38358\/EN4133.jpg&quot;,&quot;width&quot;:1024}\" data-trix-content-type=\"image\"><img decoding=\"async\" class=\"aligncenter\" src=\"https:\/\/sawaqli.fra1.cdn.digitaloceanspaces.com\/38358\/EN4133.jpg\" width=\"1024\" height=\"1024\" \/><figcaption class=\"attachment__caption\"><\/figcaption><\/figure>\n<figure class=\"attachment attachment--preview\" data-trix-attachment=\"{&quot;contentType&quot;:&quot;image&quot;,&quot;height&quot;:1024,&quot;url&quot;:&quot;https:\/\/sawaqli.fra1.cdn.digitaloceanspaces.com\/38359\/EN4133-(2).jpg&quot;,&quot;width&quot;:1024}\" data-trix-content-type=\"image\"><img decoding=\"async\" class=\"aligncenter\" src=\"https:\/\/sawaqli.fra1.cdn.digitaloceanspaces.com\/38359\/EN4133-(2).jpg\" width=\"1024\" height=\"1024\" \/><figcaption class=\"attachment__caption\"><\/figcaption><\/figure>\n<figure class=\"attachment attachment--preview\" data-trix-attachment=\"{&quot;contentType&quot;:&quot;image&quot;,&quot;height&quot;:1024,&quot;url&quot;:&quot;https:\/\/sawaqli.fra1.cdn.digitaloceanspaces.com\/38360\/EN4133-(4).jpg&quot;,&quot;width&quot;:1024}\" data-trix-content-type=\"image\"><img decoding=\"async\" class=\"aligncenter\" src=\"https:\/\/sawaqli.fra1.cdn.digitaloceanspaces.com\/38360\/EN4133-(4).jpg\" width=\"1024\" height=\"1024\" \/><figcaption class=\"attachment__caption\"><\/figcaption><\/figure>\n<figure class=\"attachment attachment--preview\" data-trix-attachment=\"{&quot;contentType&quot;:&quot;image&quot;,&quot;height&quot;:1024,&quot;url&quot;:&quot;https:\/\/sawaqli.fra1.cdn.digitaloceanspaces.com\/38361\/EN4133-(5).jpg&quot;,&quot;width&quot;:1024}\" data-trix-content-type=\"image\"><img decoding=\"async\" class=\"aligncenter\" src=\"https:\/\/sawaqli.fra1.cdn.digitaloceanspaces.com\/38361\/EN4133-(5).jpg\" width=\"1024\" height=\"1024\" \/><figcaption class=\"attachment__caption\"><\/figcaption><\/figure>\n<p style=\"text-align: center;\">","protected":false},"excerpt":{"rendered":"<p>D\u00e9couvrez le Kit Supersonic Air Styler 6 en 1 de ENZO Professional, con\u00e7u pour transformer votre routine de coiffure quotidienne. Cet ensemble polyvalent comprend six embouts interchangeables, vous permettant de s\u00e9cher, lisser, boucler et volumiser vos cheveux avec facilit\u00e9.Caract\u00e9ristiques principales :Moteur haute performance : Le moteur en cuivre g\u00e9n\u00e8re un flux d&#8217;air puissant pour r\u00e9duire les dommages caus\u00e9s par la chaleur et assurer des r\u00e9sultats durables.Technologie de contr\u00f4le de la chaleur avanc\u00e9e : Le syst\u00e8me de surveillance de la chaleur contr\u00f4le les fluctuations de temp\u00e9rature cinq fois par seconde pour \u00e9viter les dommages li\u00e9s \u00e0 une chaleur excessive.Accessoires inclus :2 brosses volumisantes1 brosse lissante2 embouts pour boucler1 embout de s\u00e9chageDesign ergonomique : Les embouts se fixent et se d\u00e9tachent facilement, facilitant le changement de style selon vos envies.Pourquoi choisir ce produit :Polyvalence ultime : Que vous souhaitiez des cheveux lisses, boucl\u00e9s ou volumineux, ce kit r\u00e9pond \u00e0 toutes vos attentes.Protection des cheveux : La technologie de contr\u00f4le de la chaleur pr\u00e9vient les dommages, assurant des cheveux sains et brillants.Facilit\u00e9 d&#8217;utilisation : Les accessoires se changent rapidement, vous permettant de modifier votre style en un clin d&#8217;\u0153il.c<\/p>","protected":false},"featured_media":55505,"comment_status":"open","ping_status":"closed","template":"","meta":[],"product_brand":[],"product_cat":[2463],"product_tag":[],"class_list":{"0":"post-55506","1":"product","2":"type-product","3":"status-publish","4":"has-post-thumbnail","6":"product_cat-electronique","8":"first","9":"instock","10":"taxable","11":"shipping-taxable","12":"purchasable","13":"product-type-simple"},"jetpack_sharing_enabled":true,"_links":{"self":[{"href":"https:\/\/shoponlinedz.com\/en\/wp-json\/wp\/v2\/product\/55506","targetHints":{"allow":["GET"]}}],"collection":[{"href":"https:\/\/shoponlinedz.com\/en\/wp-json\/wp\/v2\/product"}],"about":[{"href":"https:\/\/shoponlinedz.com\/en\/wp-json\/wp\/v2\/types\/product"}],"replies":[{"embeddable":true,"href":"https:\/\/shoponlinedz.com\/en\/wp-json\/wp\/v2\/comments?post=55506"}],"version-history":[{"count":0,"href":"https:\/\/shoponlinedz.com\/en\/wp-json\/wp\/v2\/product\/55506\/revisions"}],"wp:featuredmedia":[{"embeddable":true,"href":"https:\/\/shoponlinedz.com\/en\/wp-json\/wp\/v2\/media\/55505"}],"wp:attachment":[{"href":"https:\/\/shoponlinedz.com\/en\/wp-json\/wp\/v2\/media?parent=55506"}],"wp:term":[{"taxonomy":"product_brand","embeddable":true,"href":"https:\/\/shoponlinedz.com\/en\/wp-json\/wp\/v2\/product_brand?post=55506"},{"taxonomy":"product_cat","embeddable":true,"href":"https:\/\/shoponlinedz.com\/en\/wp-json\/wp\/v2\/product_cat?post=55506"},{"taxonomy":"product_tag","embeddable":true,"href":"https:\/\/shoponlinedz.com\/en\/wp-json\/wp\/v2\/product_tag?post=55506"}],"curies":[{"name":"wp","href":"https:\/\/api.w.org\/{rel}","templated":true}]}}