{"id":55475,"date":"2026-01-06T14:10:29","date_gmt":"2026-01-06T14:10:29","guid":{"rendered":"https:\/\/shoponlinedz.com\/product\/projecteur-lampe-de-poche-pour-enfants-avec-3-disques-24-images-%d8%ac%d9%87%d8%a7%d8%b2-%d8%b9%d8%b1%d8%b6-%d8%a7%d9%84%d8%b5%d9%88%d8%b1-%d8%a7%d9%84%d9%85%d9%84%d9%88%d9%86%d8%a9\/"},"modified":"2026-03-26T18:20:32","modified_gmt":"2026-03-26T17:20:32","slug":"projecteur-lampe-de-poche-pour-enfants-avec-3-disques-24-images-%d8%ac%d9%87%d8%a7%d8%b2-%d8%b9%d8%b1%d8%b6-%d8%a7%d9%84%d8%b5%d9%88%d8%b1-%d8%a7%d9%84%d9%85%d9%84%d9%88%d9%86%d8%a9","status":"publish","type":"product","link":"https:\/\/shoponlinedz.com\/en\/product\/projecteur-lampe-de-poche-pour-enfants-avec-3-disques-24-images-%d8%ac%d9%87%d8%a7%d8%b2-%d8%b9%d8%b1%d8%b6-%d8%a7%d9%84%d8%b5%d9%88%d8%b1-%d8%a7%d9%84%d9%85%d9%84%d9%88%d9%86%d8%a9\/","title":{"rendered":"Projecteur Lampe de Poche pour Enfants avec 3 disques 24 Images &#8211; \u062c\u0647\u0627\u0632 \u0639\u0631\u0636 \u0627\u0644\u0635\u0648\u0631 \u0627\u0644\u0645\u0644\u0648\u0646\u0629"},"content":{"rendered":"<figure class=\"attachment attachment--preview\" data-trix-attachment=\"{&quot;contentType&quot;:&quot;image&quot;,&quot;height&quot;:1024,&quot;url&quot;:&quot;https:\/\/sawaqli.fra1.cdn.digitaloceanspaces.com\/38553\/Animal-24P-CNC.jpg&quot;,&quot;width&quot;:1024}\" data-trix-content-type=\"image\"><img decoding=\"async\" class=\"aligncenter\" src=\"https:\/\/sawaqli.fra1.cdn.digitaloceanspaces.com\/38553\/Animal-24P-CNC.jpg\" width=\"1024\" height=\"1024\" \/><figcaption class=\"attachment__caption\"><\/figcaption><\/figure>\n<figure class=\"attachment attachment--preview\" data-trix-attachment=\"{&quot;contentType&quot;:&quot;image&quot;,&quot;height&quot;:1024,&quot;url&quot;:&quot;https:\/\/sawaqli.fra1.cdn.digitaloceanspaces.com\/38543\/Animal-24P-1.jpg&quot;,&quot;width&quot;:1024}\" data-trix-content-type=\"image\"><img decoding=\"async\" class=\"aligncenter\" src=\"https:\/\/sawaqli.fra1.cdn.digitaloceanspaces.com\/38543\/Animal-24P-1.jpg\" width=\"1024\" height=\"1024\" \/><figcaption class=\"attachment__caption\"><\/figcaption><\/figure>\n<figure class=\"attachment attachment--preview\" data-trix-attachment=\"{&quot;contentType&quot;:&quot;image&quot;,&quot;height&quot;:1024,&quot;url&quot;:&quot;https:\/\/sawaqli.fra1.cdn.digitaloceanspaces.com\/38544\/Animal-24P-2.jpg&quot;,&quot;width&quot;:1024}\" data-trix-content-type=\"image\"><img decoding=\"async\" class=\"aligncenter\" src=\"https:\/\/sawaqli.fra1.cdn.digitaloceanspaces.com\/38544\/Animal-24P-2.jpg\" width=\"1024\" height=\"1024\" \/><figcaption class=\"attachment__caption\"><\/figcaption><\/figure>\n<figure class=\"attachment attachment--preview\" data-trix-attachment=\"{&quot;contentType&quot;:&quot;image&quot;,&quot;height&quot;:1024,&quot;url&quot;:&quot;https:\/\/sawaqli.fra1.cdn.digitaloceanspaces.com\/38545\/Animal-24P-3.jpg&quot;,&quot;width&quot;:1024}\" data-trix-content-type=\"image\"><img decoding=\"async\" class=\"aligncenter\" src=\"https:\/\/sawaqli.fra1.cdn.digitaloceanspaces.com\/38545\/Animal-24P-3.jpg\" width=\"1024\" height=\"1024\" \/><figcaption class=\"attachment__caption\"><\/figcaption><\/figure>\n<figure class=\"attachment attachment--preview\" data-trix-attachment=\"{&quot;contentType&quot;:&quot;image&quot;,&quot;height&quot;:1024,&quot;url&quot;:&quot;https:\/\/sawaqli.fra1.cdn.digitaloceanspaces.com\/38546\/Animal-24P-4.jpg&quot;,&quot;width&quot;:1024}\" data-trix-content-type=\"image\"><img decoding=\"async\" class=\"aligncenter\" src=\"https:\/\/sawaqli.fra1.cdn.digitaloceanspaces.com\/38546\/Animal-24P-4.jpg\" width=\"1024\" height=\"1024\" \/><figcaption class=\"attachment__caption\"><\/figcaption><\/figure>\n<p style=\"text-align: center;\">","protected":false},"excerpt":{"rendered":"<p>Amusement \u00e9ducatif : plongez vos dans les merveilles de la science avec cette lampe de poche projecteur. Il projette des images \u00e9ducatives de la nature et de la science sur les murs et les plafonds, inspirant la curiosit\u00e9 et l&#8217;exploration. Un outil parfait pour initier les \u00e0 la science, et fait \u00e9galement office de lampe ludique ou de projecteur mural.Projection sans effort : ins\u00e9rez un disque, ajustez la nettet\u00e9 et faites pivoter l&#8217;objectif pour projeter une image claire sur toutes les surfaces. Aucune installation compliqu\u00e9e n\u2019est requise. Dirigez simplement le projecteur ou le plafond et allumez-le. Un spectacle magique d&#8217;animaux, d&#8217;\u00e9toiles et bien plus encore qui captivera \u00e0 coup s\u00fbr vos .Diff\u00e9rents th\u00e8mes au choix : laissez votre enfant explorer les merveilles du monde avec notre lampe de poche projecteur pour qui pr\u00e9sente 24 images diff\u00e9rentes par th\u00e8me : dinosaures, sir\u00e8ne, monde marin, espace et animal (en option) : sur trois disques par th\u00e8me, offrant un exp\u00e9rience ludique et \u00e9ducative.Conception \u00e0 double usage : notre lampe de poche projecteur pour offre une fonction torche pour trouver des jouets dans l&#8217;obscurit\u00e9 et sert \u00e9galement de projecteur pour de nouvelles aventures et plus de plaisir.Exploration des : notre lampe de poche projecteur pour est con\u00e7ue dans un souci de s\u00e9curit\u00e9. Fabriqu\u00e9 \u00e0 partir d&#8217;un mat\u00e9riau ABS respectueux de l&#8217;environnement, il est lisse et ne pr\u00e9sente aucun bord pointu pouvant nuire aux mains de votre enfant. Cette lampe de poche de haute qualit\u00e9 est \u00e9galement facile \u00e0 saisir et \u00e0 transporter pour les partout o\u00f9 ils vont.<\/p>","protected":false},"featured_media":55474,"comment_status":"open","ping_status":"closed","template":"","meta":[],"product_brand":[],"product_cat":[2459],"product_tag":[],"class_list":{"0":"post-55475","1":"product","2":"type-product","3":"status-publish","4":"has-post-thumbnail","6":"product_cat-jouet-gaming","8":"first","9":"instock","10":"taxable","11":"shipping-taxable","12":"purchasable","13":"product-type-simple"},"jetpack_sharing_enabled":true,"_links":{"self":[{"href":"https:\/\/shoponlinedz.com\/en\/wp-json\/wp\/v2\/product\/55475","targetHints":{"allow":["GET"]}}],"collection":[{"href":"https:\/\/shoponlinedz.com\/en\/wp-json\/wp\/v2\/product"}],"about":[{"href":"https:\/\/shoponlinedz.com\/en\/wp-json\/wp\/v2\/types\/product"}],"replies":[{"embeddable":true,"href":"https:\/\/shoponlinedz.com\/en\/wp-json\/wp\/v2\/comments?post=55475"}],"version-history":[{"count":0,"href":"https:\/\/shoponlinedz.com\/en\/wp-json\/wp\/v2\/product\/55475\/revisions"}],"wp:featuredmedia":[{"embeddable":true,"href":"https:\/\/shoponlinedz.com\/en\/wp-json\/wp\/v2\/media\/55474"}],"wp:attachment":[{"href":"https:\/\/shoponlinedz.com\/en\/wp-json\/wp\/v2\/media?parent=55475"}],"wp:term":[{"taxonomy":"product_brand","embeddable":true,"href":"https:\/\/shoponlinedz.com\/en\/wp-json\/wp\/v2\/product_brand?post=55475"},{"taxonomy":"product_cat","embeddable":true,"href":"https:\/\/shoponlinedz.com\/en\/wp-json\/wp\/v2\/product_cat?post=55475"},{"taxonomy":"product_tag","embeddable":true,"href":"https:\/\/shoponlinedz.com\/en\/wp-json\/wp\/v2\/product_tag?post=55475"}],"curies":[{"name":"wp","href":"https:\/\/api.w.org\/{rel}","templated":true}]}}