{"id":55456,"date":"2026-01-06T14:09:43","date_gmt":"2026-01-06T14:09:43","guid":{"rendered":"https:\/\/shoponlinedz.com\/product\/kit-de-protection-coupe-vent-pour-vespa-3pcs-%d8%b7%d9%82%d9%85-%d8%a7%d9%84%d8%af%d8%b1%d8%a7%d8%ac%d8%a9-%d8%a7%d9%84%d9%86%d8%a7%d8%b1%d9%8a%d8%a9\/"},"modified":"2026-03-26T18:20:32","modified_gmt":"2026-03-26T17:20:32","slug":"kit-de-protection-coupe-vent-pour-vespa-3pcs-%d8%b7%d9%82%d9%85-%d8%a7%d9%84%d8%af%d8%b1%d8%a7%d8%ac%d8%a9-%d8%a7%d9%84%d9%86%d8%a7%d8%b1%d9%8a%d8%a9","status":"publish","type":"product","link":"https:\/\/shoponlinedz.com\/en\/product\/kit-de-protection-coupe-vent-pour-vespa-3pcs-%d8%b7%d9%82%d9%85-%d8%a7%d9%84%d8%af%d8%b1%d8%a7%d8%ac%d8%a9-%d8%a7%d9%84%d9%86%d8%a7%d8%b1%d9%8a%d8%a9\/","title":{"rendered":"Kit de Protection Coupe-Vent pour Vespa 3PCS &#8211; \u0637\u0642\u0645 \u0627\u0644\u062f\u0631\u0627\u062c\u0629 \u0627\u0644\u0646\u0627\u0631\u064a\u0629"},"content":{"rendered":"<figure class=\"attachment attachment--preview\" data-trix-attachment=\"{&quot;contentType&quot;:&quot;image&quot;,&quot;height&quot;:1024,&quot;url&quot;:&quot;https:\/\/sawaqli.fra1.cdn.digitaloceanspaces.com\/38572\/VMS-CNC.jpg&quot;,&quot;width&quot;:1024}\" data-trix-content-type=\"image\"><img decoding=\"async\" class=\"aligncenter\" src=\"https:\/\/sawaqli.fra1.cdn.digitaloceanspaces.com\/38572\/VMS-CNC.jpg\" width=\"1024\" height=\"1024\" \/><figcaption class=\"attachment__caption\"><\/figcaption><\/figure>\n<figure class=\"attachment attachment--preview\" data-trix-attachment=\"{&quot;contentType&quot;:&quot;image&quot;,&quot;height&quot;:1024,&quot;url&quot;:&quot;https:\/\/sawaqli.fra1.cdn.digitaloceanspaces.com\/38568\/VMS-2.jpg&quot;,&quot;width&quot;:1024}\" data-trix-content-type=\"image\"><img decoding=\"async\" class=\"aligncenter\" src=\"https:\/\/sawaqli.fra1.cdn.digitaloceanspaces.com\/38568\/VMS-2.jpg\" width=\"1024\" height=\"1024\" \/><figcaption class=\"attachment__caption\"><\/figcaption><\/figure>\n<figure class=\"attachment attachment--preview\" data-trix-attachment=\"{&quot;contentType&quot;:&quot;image&quot;,&quot;height&quot;:1024,&quot;url&quot;:&quot;https:\/\/sawaqli.fra1.cdn.digitaloceanspaces.com\/38569\/VMS-1.jpg&quot;,&quot;width&quot;:1024}\" data-trix-content-type=\"image\"><img decoding=\"async\" class=\"aligncenter\" src=\"https:\/\/sawaqli.fra1.cdn.digitaloceanspaces.com\/38569\/VMS-1.jpg\" width=\"1024\" height=\"1024\" \/><figcaption class=\"attachment__caption\"><\/figcaption><\/figure>\n<figure class=\"attachment attachment--preview\" data-trix-attachment=\"{&quot;contentType&quot;:&quot;image&quot;,&quot;height&quot;:1024,&quot;url&quot;:&quot;https:\/\/sawaqli.fra1.cdn.digitaloceanspaces.com\/38570\/VMS-3.jpg&quot;,&quot;width&quot;:1024}\" data-trix-content-type=\"image\"><img decoding=\"async\" class=\"aligncenter\" src=\"https:\/\/sawaqli.fra1.cdn.digitaloceanspaces.com\/38570\/VMS-3.jpg\" width=\"1024\" height=\"1024\" \/><figcaption class=\"attachment__caption\"><\/figcaption><\/figure>\n<figure class=\"attachment attachment--preview\" data-trix-attachment=\"{&quot;contentType&quot;:&quot;image&quot;,&quot;height&quot;:1024,&quot;url&quot;:&quot;https:\/\/sawaqli.fra1.cdn.digitaloceanspaces.com\/38571\/VMS-4.jpg&quot;,&quot;width&quot;:1024}\" data-trix-content-type=\"image\"><img decoding=\"async\" class=\"aligncenter\" src=\"https:\/\/sawaqli.fra1.cdn.digitaloceanspaces.com\/38571\/VMS-4.jpg\" width=\"1024\" height=\"1024\" \/><figcaption class=\"attachment__caption\"><\/figcaption><\/figure>\n<p style=\"text-align: center;\">","protected":false},"excerpt":{"rendered":"<p>un kit de protection coupe-vent pour scooters ou v\u00e9los \u00e9lectriquesavec si\u00e8ge. Ce type d&#8217;\u00e9quipement est id\u00e9al pour se prot\u00e9ger du froid et de la pluie lors des trajets hivernaux. Il inclut g\u00e9n\u00e9ralement une housse pour les jambes, souvent appel\u00e9e &#8220;tablier&#8221;, ainsi que des gants int\u00e9gr\u00e9s pour guidons.Description :Usage : Protection contre le froid, le vent et la pluie, adapt\u00e9e pour les scooters \u00e9lectriques avec si\u00e8ge.Caract\u00e9ristiques : Mat\u00e9riaux r\u00e9sistants, imperm\u00e9ables et thermiques, con\u00e7us pour affronter les conditions hivernales.Installation : Facile \u00e0 mettre en place sur la plupart des mod\u00e8les de deux-roues gr\u00e2ce \u00e0 un syst\u00e8me universel.Accessoires inclus : Tablier de protection pour les jambes et gants pour guidon, souvent vendus en lot.<\/p>","protected":false},"featured_media":55455,"comment_status":"open","ping_status":"closed","template":"","meta":[],"product_brand":[],"product_cat":[2458],"product_tag":[],"class_list":{"0":"post-55456","1":"product","2":"type-product","3":"status-publish","4":"has-post-thumbnail","6":"product_cat-accessoires-auto-moto","8":"first","9":"instock","10":"taxable","11":"shipping-taxable","12":"purchasable","13":"product-type-simple"},"jetpack_sharing_enabled":true,"_links":{"self":[{"href":"https:\/\/shoponlinedz.com\/en\/wp-json\/wp\/v2\/product\/55456","targetHints":{"allow":["GET"]}}],"collection":[{"href":"https:\/\/shoponlinedz.com\/en\/wp-json\/wp\/v2\/product"}],"about":[{"href":"https:\/\/shoponlinedz.com\/en\/wp-json\/wp\/v2\/types\/product"}],"replies":[{"embeddable":true,"href":"https:\/\/shoponlinedz.com\/en\/wp-json\/wp\/v2\/comments?post=55456"}],"version-history":[{"count":0,"href":"https:\/\/shoponlinedz.com\/en\/wp-json\/wp\/v2\/product\/55456\/revisions"}],"wp:featuredmedia":[{"embeddable":true,"href":"https:\/\/shoponlinedz.com\/en\/wp-json\/wp\/v2\/media\/55455"}],"wp:attachment":[{"href":"https:\/\/shoponlinedz.com\/en\/wp-json\/wp\/v2\/media?parent=55456"}],"wp:term":[{"taxonomy":"product_brand","embeddable":true,"href":"https:\/\/shoponlinedz.com\/en\/wp-json\/wp\/v2\/product_brand?post=55456"},{"taxonomy":"product_cat","embeddable":true,"href":"https:\/\/shoponlinedz.com\/en\/wp-json\/wp\/v2\/product_cat?post=55456"},{"taxonomy":"product_tag","embeddable":true,"href":"https:\/\/shoponlinedz.com\/en\/wp-json\/wp\/v2\/product_tag?post=55456"}],"curies":[{"name":"wp","href":"https:\/\/api.w.org\/{rel}","templated":true}]}}