{"id":55432,"date":"2026-01-06T14:08:40","date_gmt":"2026-01-06T14:08:40","guid":{"rendered":"https:\/\/shoponlinedz.com\/product\/panier-a-fruits-en-metal-a-3-niveaux-%d8%b3%d9%84%d8%a9-%d9%81%d9%88%d8%a7%d9%83%d9%87-%d9%85%d8%b9%d8%af%d9%86%d9%8a%d8%a9-%d8%a8%d8%ab%d9%84%d8%a7%d8%ab-%d8%b7%d8%a8%d9%82%d8%a7%d8%aa\/"},"modified":"2026-03-26T18:20:34","modified_gmt":"2026-03-26T17:20:34","slug":"panier-a-fruits-en-metal-a-3-niveaux-%d8%b3%d9%84%d8%a9-%d9%81%d9%88%d8%a7%d9%83%d9%87-%d9%85%d8%b9%d8%af%d9%86%d9%8a%d8%a9-%d8%a8%d8%ab%d9%84%d8%a7%d8%ab-%d8%b7%d8%a8%d9%82%d8%a7%d8%aa","status":"publish","type":"product","link":"https:\/\/shoponlinedz.com\/en\/product\/panier-a-fruits-en-metal-a-3-niveaux-%d8%b3%d9%84%d8%a9-%d9%81%d9%88%d8%a7%d9%83%d9%87-%d9%85%d8%b9%d8%af%d9%86%d9%8a%d8%a9-%d8%a8%d8%ab%d9%84%d8%a7%d8%ab-%d8%b7%d8%a8%d9%82%d8%a7%d8%aa\/","title":{"rendered":"Panier \u00e0 Fruits en M\u00e9tal \u00e0 3 Niveaux \u2013 \u0633\u0644\u0629 \u0641\u0648\u0627\u0643\u0647 \u0645\u0639\u062f\u0646\u064a\u0629 \u0628\u062b\u0644\u0627\u062b \u0637\u0628\u0642\u0627\u062a"},"content":{"rendered":"<figure class=\"attachment attachment--preview\" data-trix-attachment=\"{&quot;contentType&quot;:&quot;image&quot;,&quot;height&quot;:1024,&quot;url&quot;:&quot;https:\/\/sawaqli.fra1.cdn.digitaloceanspaces.com\/38635\/OASISWJ-CNC-(1).jpg&quot;,&quot;width&quot;:1024}\" data-trix-content-type=\"image\"><img decoding=\"async\" class=\"aligncenter\" src=\"https:\/\/sawaqli.fra1.cdn.digitaloceanspaces.com\/38635\/OASISWJ-CNC-(1).jpg\" width=\"1024\" height=\"1024\" \/><figcaption class=\"attachment__caption\"><\/figcaption><\/figure>\n<figure class=\"attachment attachment--preview\" data-trix-attachment=\"{&quot;contentType&quot;:&quot;image&quot;,&quot;height&quot;:1024,&quot;url&quot;:&quot;https:\/\/sawaqli.fra1.cdn.digitaloceanspaces.com\/38636\/OASISWJ-(2).jpg&quot;,&quot;width&quot;:1024}\" data-trix-content-type=\"image\"><img decoding=\"async\" class=\"aligncenter\" src=\"https:\/\/sawaqli.fra1.cdn.digitaloceanspaces.com\/38636\/OASISWJ-(2).jpg\" width=\"1024\" height=\"1024\" \/><figcaption class=\"attachment__caption\"><\/figcaption><\/figure>\n<figure class=\"attachment attachment--preview\" data-trix-attachment=\"{&quot;contentType&quot;:&quot;image&quot;,&quot;height&quot;:1024,&quot;url&quot;:&quot;https:\/\/sawaqli.fra1.cdn.digitaloceanspaces.com\/38637\/OASISWJ.jpg&quot;,&quot;width&quot;:1024}\" data-trix-content-type=\"image\"><img decoding=\"async\" class=\"aligncenter\" src=\"https:\/\/sawaqli.fra1.cdn.digitaloceanspaces.com\/38637\/OASISWJ.jpg\" width=\"1024\" height=\"1024\" \/><figcaption class=\"attachment__caption\"><\/figcaption><\/figure>\n<figure class=\"attachment attachment--preview\" data-trix-attachment=\"{&quot;contentType&quot;:&quot;image&quot;,&quot;height&quot;:1024,&quot;url&quot;:&quot;https:\/\/sawaqli.fra1.cdn.digitaloceanspaces.com\/38638\/OASISWJ-(3).jpg&quot;,&quot;width&quot;:1024}\" data-trix-content-type=\"image\"><img decoding=\"async\" class=\"aligncenter\" src=\"https:\/\/sawaqli.fra1.cdn.digitaloceanspaces.com\/38638\/OASISWJ-(3).jpg\" width=\"1024\" height=\"1024\" \/><figcaption class=\"attachment__caption\"><\/figcaption><\/figure>\n<figure class=\"attachment attachment--preview\" data-trix-attachment=\"{&quot;contentType&quot;:&quot;image&quot;,&quot;height&quot;:1024,&quot;url&quot;:&quot;https:\/\/sawaqli.fra1.cdn.digitaloceanspaces.com\/38639\/OASISWJ-(4).jpg&quot;,&quot;width&quot;:1024}\" data-trix-content-type=\"image\"><img decoding=\"async\" class=\"aligncenter\" src=\"https:\/\/sawaqli.fra1.cdn.digitaloceanspaces.com\/38639\/OASISWJ-(4).jpg\" width=\"1024\" height=\"1024\" \/><figcaption class=\"attachment__caption\"><\/figcaption><\/figure>\n<p style=\"text-align: center;\">","protected":false},"excerpt":{"rendered":"<p>\ud83c\udf4e \u062d\u0627\u0645\u0644 \u0641\u0648\u0627\u0643\u0647 \u0648\u062e\u0636\u0631\u0648\u0627\u062a \u0628\u0640 3 \u0645\u0633\u062a\u0648\u064a\u0627\u062a \u0623\u0636\u0641 \u0644\u0645\u0633\u0629 \u0623\u0646\u0627\u0642\u0629 \u0648\u062a\u0646\u0638\u064a\u0645 \u0644\u0645\u0637\u0628\u062e\u0643 \u0645\u0639 \u0647\u0630\u0627 \u0627\u0644\u062d\u0627\u0645\u0644 \u0627\u0644\u0639\u0635\u0631\u064a \u0645\u062a\u0639\u062f\u062f \u0627\u0644\u0637\u0628\u0642\u0627\u062a.\u0627\u0644\u0645\u0645\u064a\u0632\u0627\u062a:\ud83d\udcda \u062a\u0635\u0645\u064a\u0645 \u0628\u062b\u0644\u0627\u062b \u0645\u0633\u062a\u0648\u064a\u0627\u062a: \u0644\u062a\u062e\u0632\u064a\u0646 \u0623\u0646\u0648\u0627\u0639 \u0645\u062a\u0639\u062f\u062f\u0629 \u0645\u0646 \u0627\u0644\u0641\u0648\u0627\u0643\u0647 \u0648\u0627\u0644\u062e\u0636\u0627\u0631.\ud83d\udee1 \u0645\u0639\u062f\u0646 \u0642\u0648\u064a: \u0645\u0642\u0627\u0648\u0645 \u0644\u0644\u0635\u062f\u0623 \u0648\u0633\u0647\u0644 \u0627\u0644\u062a\u0646\u0638\u064a\u0641.\ud83d\uddbc \u0644\u0645\u0633\u0629 \u062f\u064a\u0643\u0648\u0631: \u064a\u0646\u0627\u0633\u0628 \u0627\u0644\u0645\u0637\u0628\u062e \u0623\u0648 \u063a\u0631\u0641\u0629 \u0627\u0644\u0645\u0639\u064a\u0634\u0629.\ud83d\udee0 \u0645\u062a\u0639\u062f\u062f \u0627\u0644\u0627\u0633\u062a\u062e\u062f\u0627\u0645: \u0645\u062b\u0627\u0644\u064a \u0644\u0644\u0641\u0648\u0627\u0643\u0647\u060c \u0627\u0644\u062e\u0636\u0627\u0631 \u0623\u0648 \u062d\u062a\u0649 \u0627\u0644\u0648\u062c\u0628\u0627\u062a \u0627\u0644\u062e\u0641\u064a\u0641\u0629.\u26a1 \u0633\u0647\u0644 \u0627\u0644\u062a\u0631\u0643\u064a\u0628: \u064a\u0623\u062a\u064a \u0645\u0639 \u062a\u0639\u0644\u064a\u0645\u0627\u062a \u0648\u0627\u0636\u062d\u0629 \u0644\u0644\u062a\u062c\u0645\u064a\u0639.<\/p>","protected":false},"featured_media":55431,"comment_status":"open","ping_status":"closed","template":"","meta":[],"product_brand":[],"product_cat":[2456],"product_tag":[],"class_list":{"0":"post-55432","1":"product","2":"type-product","3":"status-publish","4":"has-post-thumbnail","6":"product_cat-cuisine","8":"first","9":"instock","10":"taxable","11":"shipping-taxable","12":"purchasable","13":"product-type-simple"},"jetpack_sharing_enabled":true,"_links":{"self":[{"href":"https:\/\/shoponlinedz.com\/en\/wp-json\/wp\/v2\/product\/55432","targetHints":{"allow":["GET"]}}],"collection":[{"href":"https:\/\/shoponlinedz.com\/en\/wp-json\/wp\/v2\/product"}],"about":[{"href":"https:\/\/shoponlinedz.com\/en\/wp-json\/wp\/v2\/types\/product"}],"replies":[{"embeddable":true,"href":"https:\/\/shoponlinedz.com\/en\/wp-json\/wp\/v2\/comments?post=55432"}],"version-history":[{"count":0,"href":"https:\/\/shoponlinedz.com\/en\/wp-json\/wp\/v2\/product\/55432\/revisions"}],"wp:featuredmedia":[{"embeddable":true,"href":"https:\/\/shoponlinedz.com\/en\/wp-json\/wp\/v2\/media\/55431"}],"wp:attachment":[{"href":"https:\/\/shoponlinedz.com\/en\/wp-json\/wp\/v2\/media?parent=55432"}],"wp:term":[{"taxonomy":"product_brand","embeddable":true,"href":"https:\/\/shoponlinedz.com\/en\/wp-json\/wp\/v2\/product_brand?post=55432"},{"taxonomy":"product_cat","embeddable":true,"href":"https:\/\/shoponlinedz.com\/en\/wp-json\/wp\/v2\/product_cat?post=55432"},{"taxonomy":"product_tag","embeddable":true,"href":"https:\/\/shoponlinedz.com\/en\/wp-json\/wp\/v2\/product_tag?post=55432"}],"curies":[{"name":"wp","href":"https:\/\/api.w.org\/{rel}","templated":true}]}}