{"id":55275,"date":"2026-01-06T14:03:19","date_gmt":"2026-01-06T14:03:19","guid":{"rendered":"https:\/\/shoponlinedz.com\/product\/jouet-electrique-de-simulation-de-cage-a-oiseaux-avec-controle-sonore-%d9%84%d8%b9%d8%a8%d8%a9-%d9%82%d9%81%d8%b5-%d8%a7%d9%84%d8%b7%d9%8a%d9%88%d8%b1-%d8%a7%d9%84%d9%85%d9%83%d8%b1%d8%b1\/"},"modified":"2026-03-26T18:20:40","modified_gmt":"2026-03-26T17:20:40","slug":"jouet-electrique-de-simulation-de-cage-a-oiseaux-avec-controle-sonore-%d9%84%d8%b9%d8%a8%d8%a9-%d9%82%d9%81%d8%b5-%d8%a7%d9%84%d8%b7%d9%8a%d9%88%d8%b1-%d8%a7%d9%84%d9%85%d9%83%d8%b1%d8%b1","status":"publish","type":"product","link":"https:\/\/shoponlinedz.com\/en\/product\/jouet-electrique-de-simulation-de-cage-a-oiseaux-avec-controle-sonore-%d9%84%d8%b9%d8%a8%d8%a9-%d9%82%d9%81%d8%b5-%d8%a7%d9%84%d8%b7%d9%8a%d9%88%d8%b1-%d8%a7%d9%84%d9%85%d9%83%d8%b1%d8%b1\/","title":{"rendered":"Jouet \u00c9lectrique de Simulation de Cage \u00e0 Oiseaux avec Contr\u00f4le Sonore \u2013 \u0644\u0639\u0628\u0629 \u0642\u0641\u0635 \u0627\u0644\u0637\u064a\u0648\u0631 \u0627\u0644\u0645\u0643\u0631\u0631\u0629 \u0644\u0644\u0643\u0644\u0627\u0645"},"content":{"rendered":"<figure class=\"attachment attachment--preview\" data-trix-attachment=\"{&quot;contentType&quot;:&quot;image&quot;,&quot;height&quot;:1024,&quot;url&quot;:&quot;https:\/\/sawaqli.fra1.cdn.digitaloceanspaces.com\/39188\/JX2302454.jpg&quot;,&quot;width&quot;:1024}\" data-trix-content-type=\"image\"><img decoding=\"async\" class=\"aligncenter\" src=\"https:\/\/sawaqli.fra1.cdn.digitaloceanspaces.com\/39188\/JX2302454.jpg\" width=\"1024\" height=\"1024\" \/><figcaption class=\"attachment__caption\"><\/figcaption><\/figure>\n<figure class=\"attachment attachment--preview\" data-trix-attachment=\"{&quot;contentType&quot;:&quot;image&quot;,&quot;height&quot;:1024,&quot;url&quot;:&quot;https:\/\/sawaqli.fra1.cdn.digitaloceanspaces.com\/39189\/JX2302454-(2).jpg&quot;,&quot;width&quot;:1024}\" data-trix-content-type=\"image\"><img decoding=\"async\" class=\"aligncenter\" src=\"https:\/\/sawaqli.fra1.cdn.digitaloceanspaces.com\/39189\/JX2302454-(2).jpg\" width=\"1024\" height=\"1024\" \/><figcaption class=\"attachment__caption\"><\/figcaption><\/figure>\n<figure class=\"attachment attachment--preview\" data-trix-attachment=\"{&quot;contentType&quot;:&quot;image&quot;,&quot;height&quot;:1024,&quot;url&quot;:&quot;https:\/\/sawaqli.fra1.cdn.digitaloceanspaces.com\/39190\/JX2302454-(3).jpg&quot;,&quot;width&quot;:1024}\" data-trix-content-type=\"image\"><img decoding=\"async\" class=\"aligncenter\" src=\"https:\/\/sawaqli.fra1.cdn.digitaloceanspaces.com\/39190\/JX2302454-(3).jpg\" width=\"1024\" height=\"1024\" \/><figcaption class=\"attachment__caption\"><\/figcaption><\/figure>\n<figure class=\"attachment attachment--preview\" data-trix-attachment=\"{&quot;contentType&quot;:&quot;image&quot;,&quot;height&quot;:1024,&quot;url&quot;:&quot;https:\/\/sawaqli.fra1.cdn.digitaloceanspaces.com\/39191\/JX2302454-(4).jpg&quot;,&quot;width&quot;:1024}\" data-trix-content-type=\"image\"><img decoding=\"async\" class=\"aligncenter\" src=\"https:\/\/sawaqli.fra1.cdn.digitaloceanspaces.com\/39191\/JX2302454-(4).jpg\" width=\"1024\" height=\"1024\" \/><figcaption class=\"attachment__caption\"><\/figcaption><\/figure>\n<figure class=\"attachment attachment--preview\" data-trix-attachment=\"{&quot;contentType&quot;:&quot;image&quot;,&quot;height&quot;:1024,&quot;url&quot;:&quot;https:\/\/sawaqli.fra1.cdn.digitaloceanspaces.com\/39192\/JX2302454-(5).jpg&quot;,&quot;width&quot;:1024}\" data-trix-content-type=\"image\"><img decoding=\"async\" class=\"aligncenter\" src=\"https:\/\/sawaqli.fra1.cdn.digitaloceanspaces.com\/39192\/JX2302454-(5).jpg\" width=\"1024\" height=\"1024\" \/><figcaption class=\"attachment__caption\"><\/figcaption><\/figure>\n<p style=\"text-align: center;\">","protected":false},"excerpt":{"rendered":"<p>\ud83d\udc26 \u0644\u0639\u0628\u0629 \u0645\u062d\u0627\u0643\u0627\u0629 \u0627\u0644\u0637\u0627\u0626\u0631 \u0641\u064a \u0627\u0644\u0642\u0641\u0635\u0645\u062d\u0627\u0643\u0627\u0629 \u0648\u0627\u0642\u0639\u064a\u0629: \u062a\u062d\u0627\u0643\u064a \u062d\u0631\u0643\u0627\u062a \u0648\u0623\u0635\u0648\u0627\u062a \u0627\u0644\u0637\u064a\u0648\u0631 \u0627\u0644\u062d\u0642\u064a\u0642\u064a\u0629 \u0628\u0634\u0643\u0644 \u0645\u062f\u0647\u0634.\u062a\u0641\u0627\u0639\u0644 \u0635\u0648\u062a\u064a \u0630\u0643\u064a: \u062a\u0633\u062a\u062c\u064a\u0628 \u0644\u0644\u0623\u0635\u0648\u0627\u062a \u0627\u0644\u0645\u062d\u064a\u0637\u0629 \u0644\u062a\u063a\u0631\u064a\u062f \u0648\u062d\u0631\u0643\u0629 \u0623\u0643\u062b\u0631 \u062d\u064a\u0648\u064a\u0629.\u062a\u0635\u0645\u064a\u0645 \u062f\u064a\u0643\u0648\u0631\u064a \u062c\u0630\u0627\u0628: \u0642\u0641\u0635 \u0623\u0646\u064a\u0642 \u064a\u0636\u064a\u0641 \u0644\u0645\u0633\u0629 \u062c\u0645\u064a\u0644\u0629 \u0644\u062f\u064a\u0643\u0648\u0631 \u0627\u0644\u0645\u0646\u0632\u0644.\u0645\u0648\u0627\u062f \u0622\u0645\u0646\u0629 \u0648\u0645\u062a\u064a\u0646\u0629: \u0645\u0646\u0627\u0633\u0628\u0629 \u0644\u0644\u0623\u0637\u0641\u0627\u0644 \u0648\u0635\u062f\u064a\u0642\u0629 \u0644\u0644\u0627\u0633\u062a\u062e\u062f\u0627\u0645 \u0627\u0644\u0637\u0648\u064a\u0644.\u0647\u062f\u064a\u0629 \u0645\u062b\u0627\u0644\u064a\u0629: \u062a\u0639\u0644\u064a\u0645\u064a\u0629 \u0648\u0645\u0645\u062a\u0639\u0629\u060c \u062a\u062d\u0641\u0651\u0632 \u0627\u0644\u062e\u064a\u0627\u0644 \u0648\u0627\u0644\u062a\u0641\u0627\u0639\u0644.\ud83c\udf81 \u0627\u062c\u0639\u0644 \u0637\u0641\u0644\u0643 \u064a\u0639\u064a\u0634 \u062a\u062c\u0631\u0628\u0629 \u0644\u0639\u0628 \u0645\u0645\u064a\u0632\u0629 \u062a\u0645\u0632\u062c \u0628\u064a\u0646 \u0627\u0644\u0645\u0631\u062d \u0648\u0627\u0644\u062a\u0639\u0644\u0645.<\/p>","protected":false},"featured_media":55274,"comment_status":"open","ping_status":"closed","template":"","meta":[],"product_brand":[],"product_cat":[2459],"product_tag":[],"class_list":{"0":"post-55275","1":"product","2":"type-product","3":"status-publish","4":"has-post-thumbnail","6":"product_cat-jouet-gaming","8":"first","9":"instock","10":"taxable","11":"shipping-taxable","12":"purchasable","13":"product-type-simple"},"jetpack_sharing_enabled":true,"_links":{"self":[{"href":"https:\/\/shoponlinedz.com\/en\/wp-json\/wp\/v2\/product\/55275","targetHints":{"allow":["GET"]}}],"collection":[{"href":"https:\/\/shoponlinedz.com\/en\/wp-json\/wp\/v2\/product"}],"about":[{"href":"https:\/\/shoponlinedz.com\/en\/wp-json\/wp\/v2\/types\/product"}],"replies":[{"embeddable":true,"href":"https:\/\/shoponlinedz.com\/en\/wp-json\/wp\/v2\/comments?post=55275"}],"version-history":[{"count":0,"href":"https:\/\/shoponlinedz.com\/en\/wp-json\/wp\/v2\/product\/55275\/revisions"}],"wp:featuredmedia":[{"embeddable":true,"href":"https:\/\/shoponlinedz.com\/en\/wp-json\/wp\/v2\/media\/55274"}],"wp:attachment":[{"href":"https:\/\/shoponlinedz.com\/en\/wp-json\/wp\/v2\/media?parent=55275"}],"wp:term":[{"taxonomy":"product_brand","embeddable":true,"href":"https:\/\/shoponlinedz.com\/en\/wp-json\/wp\/v2\/product_brand?post=55275"},{"taxonomy":"product_cat","embeddable":true,"href":"https:\/\/shoponlinedz.com\/en\/wp-json\/wp\/v2\/product_cat?post=55275"},{"taxonomy":"product_tag","embeddable":true,"href":"https:\/\/shoponlinedz.com\/en\/wp-json\/wp\/v2\/product_tag?post=55275"}],"curies":[{"name":"wp","href":"https:\/\/api.w.org\/{rel}","templated":true}]}}