{"id":55231,"date":"2026-01-06T14:01:38","date_gmt":"2026-01-06T14:01:38","guid":{"rendered":"https:\/\/shoponlinedz.com\/product\/lampe-torche-100w-avec-batterie-lithium-186503-portee-de-1-a-15-km-mise-au-point-reglable-%d9%85%d8%b5%d8%a8%d8%a7%d8%ad-%d9%8a%d8%af%d9%88%d9%8a-%d8%b9%d8%a7%d9%84%d9%8a-%d8%a7%d9%84\/"},"modified":"2026-01-28T11:43:00","modified_gmt":"2026-01-28T11:43:00","slug":"lampe-torche-100w-avec-batterie-lithium-186503-portee-de-1-a-15-km-mise-au-point-reglable-%d9%85%d8%b5%d8%a8%d8%a7%d8%ad-%d9%8a%d8%af%d9%88%d9%8a-%d8%b9%d8%a7%d9%84%d9%8a-%d8%a7%d9%84","status":"publish","type":"product","link":"https:\/\/shoponlinedz.com\/en\/product\/lampe-torche-100w-avec-batterie-lithium-186503-portee-de-1-a-15-km-mise-au-point-reglable-%d9%85%d8%b5%d8%a8%d8%a7%d8%ad-%d9%8a%d8%af%d9%88%d9%8a-%d8%b9%d8%a7%d9%84%d9%8a-%d8%a7%d9%84\/","title":{"rendered":"Lampe Torche 100W avec Batterie Lithium 18650*3 Port\u00e9e de 1 \u00e0 1,5 km, mise au point r\u00e9glable \u2013 \u0645\u0635\u0628\u0627\u062d \u064a\u062f\u0648\u064a \u0639\u0627\u0644\u064a \u0627\u0644\u0637\u0627\u0642\u0629 \u0645\u0639 \u0628\u0637\u0627\u0631\u064a\u0629 \u0644\u064a\u062b\u064a\u0648\u0645"},"content":{"rendered":"<figure class=\"attachment attachment--preview\" data-trix-attachment=\"{&quot;contentType&quot;:&quot;image&quot;,&quot;height&quot;:1024,&quot;url&quot;:&quot;https:\/\/sawaqli.fra1.cdn.digitaloceanspaces.com\/39213\/JH001LAMPE-CNC.jpg&quot;,&quot;width&quot;:1024}\" data-trix-content-type=\"image\"><img decoding=\"async\" class=\"aligncenter\" src=\"https:\/\/sawaqli.fra1.cdn.digitaloceanspaces.com\/39213\/JH001LAMPE-CNC.jpg\" width=\"1024\" height=\"1024\" \/><figcaption class=\"attachment__caption\"><\/figcaption><\/figure>\n<figure class=\"attachment attachment--preview\" data-trix-attachment=\"{&quot;contentType&quot;:&quot;image&quot;,&quot;height&quot;:1024,&quot;url&quot;:&quot;https:\/\/sawaqli.fra1.cdn.digitaloceanspaces.com\/39205\/9.jpg&quot;,&quot;width&quot;:1024}\" data-trix-content-type=\"image\"><img decoding=\"async\" class=\"aligncenter\" src=\"https:\/\/sawaqli.fra1.cdn.digitaloceanspaces.com\/39205\/9.jpg\" width=\"1024\" height=\"1024\" \/><figcaption class=\"attachment__caption\"><\/figcaption><\/figure>\n<figure class=\"attachment attachment--preview\" data-trix-attachment=\"{&quot;contentType&quot;:&quot;image&quot;,&quot;height&quot;:1024,&quot;url&quot;:&quot;https:\/\/sawaqli.fra1.cdn.digitaloceanspaces.com\/39206\/freepik__retouch__3510.jpg&quot;,&quot;width&quot;:1024}\" data-trix-content-type=\"image\"><img decoding=\"async\" class=\"aligncenter\" src=\"https:\/\/sawaqli.fra1.cdn.digitaloceanspaces.com\/39206\/freepik__retouch__3510.jpg\" width=\"1024\" height=\"1024\" \/><figcaption class=\"attachment__caption\"><\/figcaption><\/figure>\n<figure class=\"attachment attachment--preview\" data-trix-attachment=\"{&quot;contentType&quot;:&quot;image&quot;,&quot;height&quot;:1024,&quot;url&quot;:&quot;https:\/\/sawaqli.fra1.cdn.digitaloceanspaces.com\/39207\/JH001LAMPE-(2).jpg&quot;,&quot;width&quot;:1024}\" data-trix-content-type=\"image\"><img decoding=\"async\" class=\"aligncenter\" src=\"https:\/\/sawaqli.fra1.cdn.digitaloceanspaces.com\/39207\/JH001LAMPE-(2).jpg\" width=\"1024\" height=\"1024\" \/><figcaption class=\"attachment__caption\"><\/figcaption><\/figure>\n<figure class=\"attachment attachment--preview\" data-trix-attachment=\"{&quot;contentType&quot;:&quot;image&quot;,&quot;height&quot;:1024,&quot;url&quot;:&quot;https:\/\/sawaqli.fra1.cdn.digitaloceanspaces.com\/39208\/JH001LAMPE-(3).jpg&quot;,&quot;width&quot;:1024}\" data-trix-content-type=\"image\"><img decoding=\"async\" class=\"aligncenter\" src=\"https:\/\/sawaqli.fra1.cdn.digitaloceanspaces.com\/39208\/JH001LAMPE-(3).jpg\" width=\"1024\" height=\"1024\" \/><figcaption class=\"attachment__caption\"><\/figcaption><\/figure>\n<p style=\"text-align: center;\">","protected":false},"excerpt":{"rendered":"<p>\ud83d\udd26 \u0645\u0635\u0628\u0627\u062d \u064a\u062f\u0648\u064a LED \u0639\u0627\u0644\u064a \u0627\u0644\u0642\u062f\u0631\u0629 \u2013 30 \u0648\u0627\u0637\u0625\u0636\u0627\u0621\u0629 \u0641\u0627\u0626\u0642\u0629 \u0627\u0644\u0642\u0648\u0629: \u0636\u0648\u0621 \u0623\u0628\u064a\u0636 \u0634\u062f\u064a\u062f \u0645\u062b\u0627\u0644\u064a \u0644\u0644\u0623\u0645\u0646 \u0648\u0627\u0644\u0623\u0646\u0634\u0637\u0629 \u0627\u0644\u062e\u0627\u0631\u062c\u064a\u0629 \u0627\u0644\u062a\u064a \u062a\u062a\u0637\u0644\u0628 \u0625\u0646\u0627\u0631\u0629 \u0642\u0648\u064a\u0629.\u0645\u062f\u0649 \u0628\u0639\u064a\u062f \u062d\u062a\u0649 1 \u0643\u0645: \u064a\u0648\u0641\u0631 \u0631\u0624\u064a\u0629 \u0627\u0633\u062a\u062b\u0646\u0627\u0626\u064a\u0629 \u062d\u062a\u0649 \u0641\u064a \u0627\u0644\u0628\u064a\u0626\u0627\u062a \u0627\u0644\u0645\u0638\u0644\u0645\u0629 \u0623\u0648 \u0627\u0644\u0645\u0641\u062a\u0648\u062d\u0629.\u0628\u0637\u0627\u0631\u064a\u0627\u062a \u0644\u064a\u062b\u064a\u0648\u0645 18650: \u064a\u0639\u0645\u0644 \u0628\u0640 3 \u0628\u0637\u0627\u0631\u064a\u0627\u062a \u0642\u0627\u0628\u0644\u0629 \u0644\u0644\u0634\u062d\u0646 \u062a\u0645\u0646\u062d\u0643 \u0645\u062f\u0629 \u062a\u0634\u063a\u064a\u0644 \u0637\u0648\u064a\u0644\u0629 \u0648\u0623\u062f\u0627\u0621 \u062b\u0627\u0628\u062a 4500mAh.\u062a\u0635\u0645\u064a\u0645 \u0645\u0646 \u0633\u0628\u0627\u0626\u0643 \u0627\u0644\u0623\u0644\u0648\u0645\u0646\u064a\u0648\u0645: \u0645\u0642\u0627\u0648\u0645 \u0644\u0644\u0635\u062f\u0645\u0627\u062a \u0648\u0627\u0644\u0638\u0631\u0648\u0641 \u0627\u0644\u062c\u0648\u064a\u0629 \u0627\u0644\u0642\u0627\u0633\u064a\u0629.\u0632\u0648\u0648\u0645 \u062a\u0644\u0633\u0643\u0648\u0628\u064a \u0645\u0639 \u0634\u0627\u0634\u0629 \u0631\u0642\u0645\u064a\u0629: \u0644\u0636\u0628\u0637 \u062a\u0631\u0643\u064a\u0632 \u0627\u0644\u0625\u0636\u0627\u0621\u0629 \u0648\u0645\u062a\u0627\u0628\u0639\u0629 \u062d\u0627\u0644\u0629 \u0627\u0644\u0628\u0637\u0627\u0631\u064a\u0629 \u0628\u0633\u0647\u0648\u0644\u0629.\ud83d\udca1 \u0645\u062b\u0627\u0644\u064a \u0644\u0631\u062c\u0627\u0644 \u0627\u0644\u0623\u0645\u0646\u060c \u0639\u0634\u0627\u0642 \u0627\u0644\u0645\u063a\u0627\u0645\u0631\u0627\u062a\u060c \u0648\u0643\u0644 \u0645\u0646 \u064a\u062d\u062a\u0627\u062c \u0644\u0645\u0635\u062f\u0631 \u0625\u0636\u0627\u0621\u0629 \u0642\u0648\u064a \u0648\u0645\u0648\u062b\u0648\u0642.<\/p>","protected":false},"featured_media":55230,"comment_status":"open","ping_status":"closed","template":"","meta":[],"product_brand":[],"product_cat":[2464],"product_tag":[],"class_list":{"0":"post-55231","1":"product","2":"type-product","3":"status-publish","4":"has-post-thumbnail","6":"product_cat-camping-et-randonnee","8":"first","9":"instock","10":"sale","11":"taxable","12":"shipping-taxable","13":"purchasable","14":"product-type-simple"},"jetpack_sharing_enabled":true,"_links":{"self":[{"href":"https:\/\/shoponlinedz.com\/en\/wp-json\/wp\/v2\/product\/55231","targetHints":{"allow":["GET"]}}],"collection":[{"href":"https:\/\/shoponlinedz.com\/en\/wp-json\/wp\/v2\/product"}],"about":[{"href":"https:\/\/shoponlinedz.com\/en\/wp-json\/wp\/v2\/types\/product"}],"replies":[{"embeddable":true,"href":"https:\/\/shoponlinedz.com\/en\/wp-json\/wp\/v2\/comments?post=55231"}],"version-history":[{"count":0,"href":"https:\/\/shoponlinedz.com\/en\/wp-json\/wp\/v2\/product\/55231\/revisions"}],"wp:featuredmedia":[{"embeddable":true,"href":"https:\/\/shoponlinedz.com\/en\/wp-json\/wp\/v2\/media\/55230"}],"wp:attachment":[{"href":"https:\/\/shoponlinedz.com\/en\/wp-json\/wp\/v2\/media?parent=55231"}],"wp:term":[{"taxonomy":"product_brand","embeddable":true,"href":"https:\/\/shoponlinedz.com\/en\/wp-json\/wp\/v2\/product_brand?post=55231"},{"taxonomy":"product_cat","embeddable":true,"href":"https:\/\/shoponlinedz.com\/en\/wp-json\/wp\/v2\/product_cat?post=55231"},{"taxonomy":"product_tag","embeddable":true,"href":"https:\/\/shoponlinedz.com\/en\/wp-json\/wp\/v2\/product_tag?post=55231"}],"curies":[{"name":"wp","href":"https:\/\/api.w.org\/{rel}","templated":true}]}}