{"id":55111,"date":"2026-01-06T13:57:07","date_gmt":"2026-01-06T13:57:07","guid":{"rendered":"https:\/\/shoponlinedz.com\/product\/lampadaires-solaires-dexterieur-200-led-avec-telecommande-et-detecteur-de-mouvement-%d9%85%d8%b5%d8%a8%d8%a7%d8%ad-%d8%a8%d8%a7%d9%84%d8%b7%d8%a7%d9%82%d8%a9-%d8%a7%d9%84%d8%b4%d9%85%d8%b3%d9%8a\/"},"modified":"2026-01-28T11:43:02","modified_gmt":"2026-01-28T11:43:02","slug":"lampadaires-solaires-dexterieur-200-led-avec-telecommande-et-detecteur-de-mouvement-%d9%85%d8%b5%d8%a8%d8%a7%d8%ad-%d8%a8%d8%a7%d9%84%d8%b7%d8%a7%d9%82%d8%a9-%d8%a7%d9%84%d8%b4%d9%85%d8%b3%d9%8a","status":"publish","type":"product","link":"https:\/\/shoponlinedz.com\/en\/product\/lampadaires-solaires-dexterieur-200-led-avec-telecommande-et-detecteur-de-mouvement-%d9%85%d8%b5%d8%a8%d8%a7%d8%ad-%d8%a8%d8%a7%d9%84%d8%b7%d8%a7%d9%82%d8%a9-%d8%a7%d9%84%d8%b4%d9%85%d8%b3%d9%8a\/","title":{"rendered":"Lampadaires solaires d&#8217;ext\u00e9rieur 200 LED avec t\u00e9l\u00e9commande et d\u00e9tecteur de mouvement &#8211; \u0645\u0635\u0628\u0627\u062d \u0628\u0627\u0644\u0637\u0627\u0642\u0629 \u0627\u0644\u0634\u0645\u0633\u064a\u0629"},"content":{"rendered":"<figure class=\"attachment attachment--preview\" data-trix-attachment=\"{&quot;contentType&quot;:&quot;image&quot;,&quot;height&quot;:1024,&quot;url&quot;:&quot;https:\/\/sawaqli.fra1.cdn.digitaloceanspaces.com\/39683\/SR-913A-CNC.jpg&quot;,&quot;width&quot;:1024}\" data-trix-content-type=\"image\"><img decoding=\"async\" class=\"aligncenter\" src=\"https:\/\/sawaqli.fra1.cdn.digitaloceanspaces.com\/39683\/SR-913A-CNC.jpg\" width=\"1024\" height=\"1024\" \/><figcaption class=\"attachment__caption\"><\/figcaption><\/figure>\n<figure class=\"attachment attachment--preview\" data-trix-attachment=\"{&quot;contentType&quot;:&quot;image&quot;,&quot;height&quot;:1024,&quot;url&quot;:&quot;https:\/\/sawaqli.fra1.cdn.digitaloceanspaces.com\/39677\/SR-913A-7.jpg&quot;,&quot;width&quot;:1024}\" data-trix-content-type=\"image\"><img decoding=\"async\" class=\"aligncenter\" src=\"https:\/\/sawaqli.fra1.cdn.digitaloceanspaces.com\/39677\/SR-913A-7.jpg\" width=\"1024\" height=\"1024\" \/><figcaption class=\"attachment__caption\"><\/figcaption><\/figure>\n<figure class=\"attachment attachment--preview\" data-trix-attachment=\"{&quot;contentType&quot;:&quot;image&quot;,&quot;height&quot;:1024,&quot;url&quot;:&quot;https:\/\/sawaqli.fra1.cdn.digitaloceanspaces.com\/39678\/SR-913A-6.jpg&quot;,&quot;width&quot;:1024}\" data-trix-content-type=\"image\"><img decoding=\"async\" class=\"aligncenter\" src=\"https:\/\/sawaqli.fra1.cdn.digitaloceanspaces.com\/39678\/SR-913A-6.jpg\" width=\"1024\" height=\"1024\" \/><figcaption class=\"attachment__caption\"><\/figcaption><\/figure>\n<figure class=\"attachment attachment--preview\" data-trix-attachment=\"{&quot;contentType&quot;:&quot;image&quot;,&quot;height&quot;:1024,&quot;url&quot;:&quot;https:\/\/sawaqli.fra1.cdn.digitaloceanspaces.com\/39679\/SR-913A-1.jpg&quot;,&quot;width&quot;:1024}\" data-trix-content-type=\"image\"><img decoding=\"async\" class=\"aligncenter\" src=\"https:\/\/sawaqli.fra1.cdn.digitaloceanspaces.com\/39679\/SR-913A-1.jpg\" width=\"1024\" height=\"1024\" \/><figcaption class=\"attachment__caption\"><\/figcaption><\/figure>\n<figure class=\"attachment attachment--preview\" data-trix-attachment=\"{&quot;contentType&quot;:&quot;image&quot;,&quot;height&quot;:1024,&quot;url&quot;:&quot;https:\/\/sawaqli.fra1.cdn.digitaloceanspaces.com\/39680\/SR-913A-2.jpg&quot;,&quot;width&quot;:1024}\" data-trix-content-type=\"image\"><img decoding=\"async\" class=\"aligncenter\" src=\"https:\/\/sawaqli.fra1.cdn.digitaloceanspaces.com\/39680\/SR-913A-2.jpg\" width=\"1024\" height=\"1024\" \/><figcaption class=\"attachment__caption\"><\/figcaption><\/figure>\n<p style=\"text-align: center;\">","protected":false},"excerpt":{"rendered":"<p>\u0645\u0635\u0627\u0628\u064a\u062d \u0634\u0645\u0633\u064a\u0629 \u0641\u0627\u0626\u0642\u0629 \u0627\u0644\u0633\u0637\u0648\u0639 \u2013 \u0645\u0635\u0646\u0648\u0639\u0629 \u0645\u0646 ABS + PC \u0639\u0627\u0644\u064a \u0627\u0644\u062c\u0648\u062f\u0629\u060c \u0645\u0632\u0648\u062f\u0629 \u0628\u0640 200 \u062d\u0628\u0629 LED \u0644\u062a\u0648\u0641\u064a\u0631 \u0625\u0636\u0627\u0621\u0629 \u0642\u0648\u064a\u0629 \u0644\u0645\u0633\u0627\u062d\u0627\u062a \u0648\u0627\u0633\u0639\u0629 \u0645\u0639 \u0627\u0633\u062a\u0647\u0644\u0627\u0643 \u0645\u0646\u062e\u0641\u0636 \u0644\u0644\u0637\u0627\u0642\u0629. 3 \u0623\u0648\u0636\u0627\u0639 \u0625\u0636\u0627\u0621\u0629 + \u062a\u062d\u0643\u0645 \u0639\u0646 \u0628\u0639\u062f \u2013\u0627\u0644\u0648\u0636\u0639 1: \u0625\u0636\u0627\u0621\u0629 \u0639\u0627\u0644\u064a\u0629 \u0639\u0646\u062f \u0627\u0633\u062a\u0634\u0639\u0627\u0631 \u0627\u0644\u062d\u0631\u0643\u0629\u060c \u062b\u0645 \u0645\u062a\u0648\u0633\u0637\u0629 \u0628\u0639\u062f 20 \u062b\u0627\u0646\u064a\u0629.\u0627\u0644\u0648\u0636\u0639 2: \u0625\u0636\u0627\u0621\u0629 \u0639\u0627\u0644\u064a\u0629 \u0639\u0646\u062f \u0627\u0633\u062a\u0634\u0639\u0627\u0631 \u0627\u0644\u062d\u0631\u0643\u0629\u060c \u062b\u0645 \u0625\u064a\u0642\u0627\u0641 \u0628\u0639\u062f 20 \u062b\u0627\u0646\u064a\u0629.\u0627\u0644\u0648\u0636\u0639 3: \u0625\u0636\u0627\u0621\u0629 \u0645\u0633\u062a\u0645\u0631\u0629 \u0641\u064a \u0627\u0644\u0638\u0644\u0627\u0645. \u0631\u0623\u0633 \u0625\u0636\u0627\u0621\u0629 \u0642\u0627\u0628\u0644 \u0644\u0644\u062a\u0639\u062f\u064a\u0644 + \u0632\u0627\u0648\u064a\u0629 \u0648\u0627\u0633\u0639\u0629 \u2013 \u062f\u0648\u0631\u0627\u0646 \u0639\u0645\u0648\u062f\u064a \u062d\u062a\u0649 90\u00b0 \u0648\u0623\u0641\u0642\u064a \u062d\u062a\u0649 180\u00b0 \u0644\u062a\u063a\u0637\u064a\u0629 \u0623\u0643\u0628\u0631. \u0645\u0642\u0627\u0648\u0645\u0629 \u0644\u0644\u0645\u0627\u0621 IP65 \u2013 \u062a\u062a\u062d\u0645\u0644 \u0627\u0644\u0638\u0631\u0648\u0641 \u0627\u0644\u062c\u0648\u064a\u0629 \u0627\u0644\u0642\u0627\u0633\u064a\u0629 \u0645\u0639 \u0634\u062d\u0646 \u0634\u0645\u0633\u064a \u0645\u0646 6 \u0625\u0644\u0649 8 \u0633\u0627\u0639\u0627\u062a \u0644\u0639\u0645\u0644 \u064a\u0635\u0644 \u0625\u0644\u0649 10 \u0633\u0627\u0639\u0627\u062a. \u062a\u0631\u0643\u064a\u0628 \u0633\u0647\u0644 \u2013 \u064a\u0645\u0643\u0646 \u062a\u062b\u0628\u064a\u062a\u0647\u0627 \u0645\u0628\u0627\u0634\u0631\u0629 \u0639\u0644\u0649 \u0627\u0644\u062c\u062f\u0627\u0631 \u0623\u0648 \u0627\u0644\u0639\u0645\u0648\u062f \u0628\u0627\u0633\u062a\u062e\u062f\u0627\u0645 \u0627\u0644\u0628\u0631\u0627\u063a\u064a \u0627\u0644\u0645\u0631\u0641\u0642\u0629.<\/p>","protected":false},"featured_media":55110,"comment_status":"open","ping_status":"closed","template":"","meta":[],"product_brand":[],"product_cat":[2463],"product_tag":[],"class_list":{"0":"post-55111","1":"product","2":"type-product","3":"status-publish","4":"has-post-thumbnail","6":"product_cat-electronique","8":"first","9":"instock","10":"sale","11":"taxable","12":"shipping-taxable","13":"purchasable","14":"product-type-simple"},"jetpack_sharing_enabled":true,"_links":{"self":[{"href":"https:\/\/shoponlinedz.com\/en\/wp-json\/wp\/v2\/product\/55111","targetHints":{"allow":["GET"]}}],"collection":[{"href":"https:\/\/shoponlinedz.com\/en\/wp-json\/wp\/v2\/product"}],"about":[{"href":"https:\/\/shoponlinedz.com\/en\/wp-json\/wp\/v2\/types\/product"}],"replies":[{"embeddable":true,"href":"https:\/\/shoponlinedz.com\/en\/wp-json\/wp\/v2\/comments?post=55111"}],"version-history":[{"count":0,"href":"https:\/\/shoponlinedz.com\/en\/wp-json\/wp\/v2\/product\/55111\/revisions"}],"wp:featuredmedia":[{"embeddable":true,"href":"https:\/\/shoponlinedz.com\/en\/wp-json\/wp\/v2\/media\/55110"}],"wp:attachment":[{"href":"https:\/\/shoponlinedz.com\/en\/wp-json\/wp\/v2\/media?parent=55111"}],"wp:term":[{"taxonomy":"product_brand","embeddable":true,"href":"https:\/\/shoponlinedz.com\/en\/wp-json\/wp\/v2\/product_brand?post=55111"},{"taxonomy":"product_cat","embeddable":true,"href":"https:\/\/shoponlinedz.com\/en\/wp-json\/wp\/v2\/product_cat?post=55111"},{"taxonomy":"product_tag","embeddable":true,"href":"https:\/\/shoponlinedz.com\/en\/wp-json\/wp\/v2\/product_tag?post=55111"}],"curies":[{"name":"wp","href":"https:\/\/api.w.org\/{rel}","templated":true}]}}