{"id":55084,"date":"2026-01-06T13:56:12","date_gmt":"2026-01-06T13:56:12","guid":{"rendered":"https:\/\/shoponlinedz.com\/product\/joint-detancheite-sous-la-porte-80cm-%d9%85%d8%a7%d9%86%d8%b9-%d8%aa%d8%b3%d8%b1%d8%a8-%d8%a3%d8%b3%d9%81%d9%84-%d8%a7%d9%84%d8%a8%d8%a7%d8%a8\/"},"modified":"2026-04-14T11:17:39","modified_gmt":"2026-04-14T10:17:39","slug":"joint-detancheite-sous-la-porte-80cm-%d9%85%d8%a7%d9%86%d8%b9-%d8%aa%d8%b3%d8%b1%d8%a8-%d8%a3%d8%b3%d9%81%d9%84-%d8%a7%d9%84%d8%a8%d8%a7%d8%a8","status":"publish","type":"product","link":"https:\/\/shoponlinedz.com\/en\/product\/joint-detancheite-sous-la-porte-80cm-%d9%85%d8%a7%d9%86%d8%b9-%d8%aa%d8%b3%d8%b1%d8%a8-%d8%a3%d8%b3%d9%81%d9%84-%d8%a7%d9%84%d8%a8%d8%a7%d8%a8\/","title":{"rendered":"Joint d&#8217;\u00e9tanch\u00e9it\u00e9 sous la porte 80cm \u2013 \u0645\u0627\u0646\u0639 \u062a\u0633\u0631\u0628 \u0623\u0633\u0641\u0644 \u0627\u0644\u0628\u0627\u0628"},"content":{"rendered":"<figure class=\"attachment attachment--preview\" data-trix-attachment=\"{&quot;contentType&quot;:&quot;image&quot;,&quot;height&quot;:1024,&quot;url&quot;:&quot;https:\/\/sawaqli.fra1.cdn.digitaloceanspaces.com\/51498\/joint.jpg&quot;,&quot;width&quot;:1024}\" data-trix-content-type=\"image\"><img decoding=\"async\" class=\"aligncenter\" src=\"https:\/\/sawaqli.fra1.cdn.digitaloceanspaces.com\/51498\/joint.jpg\" width=\"1024\" height=\"1024\" \/><figcaption class=\"attachment__caption\"><\/figcaption><\/figure>\n<figure class=\"attachment attachment--preview\" data-trix-attachment=\"{&quot;contentType&quot;:&quot;image&quot;,&quot;height&quot;:1024,&quot;url&quot;:&quot;https:\/\/sawaqli.fra1.cdn.digitaloceanspaces.com\/39707\/stop-courant-1.jpg&quot;,&quot;width&quot;:1024}\" data-trix-content-type=\"image\"><img decoding=\"async\" class=\"aligncenter\" src=\"https:\/\/sawaqli.fra1.cdn.digitaloceanspaces.com\/39707\/stop-courant-1.jpg\" width=\"1024\" height=\"1024\" \/><figcaption class=\"attachment__caption\"><\/figcaption><\/figure>\n<figure class=\"attachment attachment--preview\" data-trix-attachment=\"{&quot;contentType&quot;:&quot;image&quot;,&quot;height&quot;:1024,&quot;url&quot;:&quot;https:\/\/sawaqli.fra1.cdn.digitaloceanspaces.com\/39708\/stop-courant-2.jpg&quot;,&quot;width&quot;:1024}\" data-trix-content-type=\"image\"><img decoding=\"async\" class=\"aligncenter\" src=\"https:\/\/sawaqli.fra1.cdn.digitaloceanspaces.com\/39708\/stop-courant-2.jpg\" width=\"1024\" height=\"1024\" \/><figcaption class=\"attachment__caption\"><\/figcaption><\/figure>\n<figure class=\"attachment attachment--preview\" data-trix-attachment=\"{&quot;contentType&quot;:&quot;image&quot;,&quot;height&quot;:1024,&quot;url&quot;:&quot;https:\/\/sawaqli.fra1.cdn.digitaloceanspaces.com\/39709\/stop-courant-4.jpg&quot;,&quot;width&quot;:1024}\" data-trix-content-type=\"image\"><img decoding=\"async\" class=\"aligncenter\" src=\"https:\/\/sawaqli.fra1.cdn.digitaloceanspaces.com\/39709\/stop-courant-4.jpg\" width=\"1024\" height=\"1024\" \/><figcaption class=\"attachment__caption\"><\/figcaption><\/figure>\n<figure class=\"attachment attachment--preview\" data-trix-attachment=\"{&quot;contentType&quot;:&quot;image&quot;,&quot;height&quot;:1024,&quot;url&quot;:&quot;https:\/\/sawaqli.fra1.cdn.digitaloceanspaces.com\/39727\/jcbnj33.jpg&quot;,&quot;width&quot;:1024}\" data-trix-content-type=\"image\"><img decoding=\"async\" class=\"aligncenter\" src=\"https:\/\/sawaqli.fra1.cdn.digitaloceanspaces.com\/39727\/jcbnj33.jpg\" width=\"1024\" height=\"1024\" \/><figcaption class=\"attachment__caption\"><\/figcaption><\/figure>\n<p style=\"text-align: center;\">","protected":false},"excerpt":{"rendered":"<p>\u0639\u0632\u0644 \u062d\u0631\u0627\u0631\u064a \u0648\u0635\u0648\u062a\u064a \u2013 \u0647\u0630\u0627 \u0627\u0644\u0634\u0631\u064a\u0637 \u0627\u0644\u0639\u0627\u0632\u0644 \u0645\u0635\u0645\u0645 \u0644\u0645\u0646\u0639 \u062a\u0633\u0631\u0628 \u0627\u0644\u0647\u0648\u0627\u0621 \u0627\u0644\u0628\u0627\u0631\u062f \u0648\u062a\u0642\u0644\u064a\u0644 \u0627\u0644\u0636\u0648\u0636\u0627\u0621\u060c \u0645\u0645\u0627 \u064a\u0639\u0632\u0632 \u0631\u0627\u062d\u0629 \u0645\u0646\u0632\u0644\u0643. \u0645\u0627\u062f\u0629 \u0645\u0631\u0646\u0629 \u2013 \u0645\u0635\u0646\u0648\u0639 \u0645\u0646 \u0633\u064a\u0644\u064a\u0643\u0648\u0646 \u0635\u062f\u064a\u0642 \u0644\u0644\u0628\u064a\u0626\u0629 \u064a\u062a\u0645\u064a\u0632 \u0628\u0627\u0644\u0645\u0631\u0648\u0646\u0629 \u0627\u0644\u0639\u0627\u0644\u064a\u0629\u060c \u0644\u064a\u062a\u0646\u0627\u0633\u0628 \u0628\u0633\u0647\u0648\u0644\u0629 \u0645\u0639 \u0645\u062e\u062a\u0644\u0641 \u0623\u062d\u062c\u0627\u0645 \u0627\u0644\u0623\u0628\u0648\u0627\u0628. \u062a\u0631\u0643\u064a\u0628 \u0633\u0647\u0644 \u2013 \u0634\u0631\u064a\u0637 \u0644\u0627\u0635\u0642 \u0645\u062f\u0645\u062c \u064a\u062a\u064a\u062d \u062a\u0631\u0643\u064a\u0628\u064b\u0627 \u0633\u0631\u064a\u0639\u064b\u0627 \u0648\u0628\u0633\u064a\u0637\u064b\u0627 \u062f\u0648\u0646 \u0627\u0644\u062d\u0627\u062c\u0629 \u0644\u0623\u062f\u0648\u0627\u062a \u0625\u0636\u0627\u0641\u064a\u0629. \u062d\u0645\u0627\u064a\u0629 \u0645\u0632\u062f\u0648\u062c\u0629 \u2013 \u062a\u0635\u0645\u064a\u0645 \u0628\u0648\u062c\u0647\u064a\u0646 \u064a\u0636\u0645\u0646 \u0625\u062d\u0643\u0627\u0645 \u0627\u0644\u0639\u0632\u0644 \u0645\u0646 \u0627\u0644\u062c\u0647\u062a\u064a\u0646 \u0644\u062a\u062d\u0642\u064a\u0642 \u0623\u0641\u0636\u0644 \u0623\u062f\u0627\u0621. \u0645\u062a\u0639\u062f\u062f \u0627\u0644\u0627\u0633\u062a\u062e\u062f\u0627\u0645\u0627\u062a \u2013 \u0645\u0646\u0627\u0633\u0628 \u0644\u0623\u0628\u0648\u0627\u0628 \u0627\u0644\u0645\u062f\u062e\u0644\u060c \u0627\u0644\u0623\u0628\u0648\u0627\u0628 \u0627\u0644\u062f\u0627\u062e\u0644\u064a\u0629 \u0648\u0623\u0628\u0648\u0627\u0628 \u0627\u0644\u0634\u0631\u0641\u0627\u062a. \u0627\u0631\u062a\u0642\u0650 \u0628\u0643\u0641\u0627\u0621\u0629 \u0627\u0644\u0637\u0627\u0642\u0629 \u0641\u064a \u0645\u0646\u0632\u0644\u0643 \u0648\u0642\u0644\u0644 \u0627\u0644\u0636\u0648\u0636\u0627\u0621 \u063a\u064a\u0631 \u0627\u0644\u0645\u0631\u063a\u0648\u0628\u0629 \u0645\u0639 \u0647\u0630\u0627 \u0627\u0644\u0634\u0631\u064a\u0637 \u0627\u0644\u0639\u0627\u0632\u0644 \u0623\u0633\u0641\u0644 \u0627\u0644\u0628\u0627\u0628\u060c \u0627\u0644\u062d\u0644 \u0627\u0644\u0639\u0645\u0644\u064a \u0644\u0631\u0627\u062d\u0629 \u0645\u062b\u0627\u0644\u064a\u0629.<\/p>","protected":false},"featured_media":55083,"comment_status":"open","ping_status":"closed","template":"","meta":[],"product_brand":[],"product_cat":[2455],"product_tag":[],"class_list":{"0":"post-55084","1":"product","2":"type-product","3":"status-publish","4":"has-post-thumbnail","6":"product_cat-maison","8":"first","9":"instock","10":"taxable","11":"shipping-taxable","12":"purchasable","13":"product-type-simple"},"jetpack_sharing_enabled":true,"_links":{"self":[{"href":"https:\/\/shoponlinedz.com\/en\/wp-json\/wp\/v2\/product\/55084","targetHints":{"allow":["GET"]}}],"collection":[{"href":"https:\/\/shoponlinedz.com\/en\/wp-json\/wp\/v2\/product"}],"about":[{"href":"https:\/\/shoponlinedz.com\/en\/wp-json\/wp\/v2\/types\/product"}],"replies":[{"embeddable":true,"href":"https:\/\/shoponlinedz.com\/en\/wp-json\/wp\/v2\/comments?post=55084"}],"version-history":[{"count":0,"href":"https:\/\/shoponlinedz.com\/en\/wp-json\/wp\/v2\/product\/55084\/revisions"}],"wp:featuredmedia":[{"embeddable":true,"href":"https:\/\/shoponlinedz.com\/en\/wp-json\/wp\/v2\/media\/55083"}],"wp:attachment":[{"href":"https:\/\/shoponlinedz.com\/en\/wp-json\/wp\/v2\/media?parent=55084"}],"wp:term":[{"taxonomy":"product_brand","embeddable":true,"href":"https:\/\/shoponlinedz.com\/en\/wp-json\/wp\/v2\/product_brand?post=55084"},{"taxonomy":"product_cat","embeddable":true,"href":"https:\/\/shoponlinedz.com\/en\/wp-json\/wp\/v2\/product_cat?post=55084"},{"taxonomy":"product_tag","embeddable":true,"href":"https:\/\/shoponlinedz.com\/en\/wp-json\/wp\/v2\/product_tag?post=55084"}],"curies":[{"name":"wp","href":"https:\/\/api.w.org\/{rel}","templated":true}]}}