{"id":54945,"date":"2026-01-06T13:50:48","date_gmt":"2026-01-06T13:50:48","guid":{"rendered":"https:\/\/shoponlinedz.com\/product\/semelles-rehaussantes-4-couches-reglables-unisexe-%d9%86%d8%b9%d9%84-%d9%84%d8%b2%d9%8a%d8%a7%d8%af%d8%a9-%d8%a7%d9%84%d8%b7%d9%88%d9%84-%d8%a8%d9%80-4-%d8%b7%d8%a8%d9%82%d8%a7%d8%aa-%d9%82\/"},"modified":"2026-01-28T11:43:06","modified_gmt":"2026-01-28T11:43:06","slug":"semelles-rehaussantes-4-couches-reglables-unisexe-%d9%86%d8%b9%d9%84-%d9%84%d8%b2%d9%8a%d8%a7%d8%af%d8%a9-%d8%a7%d9%84%d8%b7%d9%88%d9%84-%d8%a8%d9%80-4-%d8%b7%d8%a8%d9%82%d8%a7%d8%aa-%d9%82","status":"publish","type":"product","link":"https:\/\/shoponlinedz.com\/en\/product\/semelles-rehaussantes-4-couches-reglables-unisexe-%d9%86%d8%b9%d9%84-%d9%84%d8%b2%d9%8a%d8%a7%d8%af%d8%a9-%d8%a7%d9%84%d8%b7%d9%88%d9%84-%d8%a8%d9%80-4-%d8%b7%d8%a8%d9%82%d8%a7%d8%aa-%d9%82\/","title":{"rendered":"Semelles Rehaussantes 4 Couches R\u00e9glables Unisexe \u2013 \u0646\u0639\u0644 \u0644\u0632\u064a\u0627\u062f\u0629 \u0627\u0644\u0637\u0648\u0644 \u0628\u0640 4 \u0637\u0628\u0642\u0627\u062a \u0642\u0627\u0628\u0644\u0629 \u0644\u0644\u062a\u0639\u062f\u064a\u0644"},"content":{"rendered":"<figure class=\"attachment attachment--preview\" data-trix-attachment=\"{&quot;contentType&quot;:&quot;image&quot;,&quot;height&quot;:1024,&quot;url&quot;:&quot;https:\/\/sawaqli.fra1.cdn.digitaloceanspaces.com\/39589\/HeightShoe.jpg&quot;,&quot;width&quot;:1024}\" data-trix-content-type=\"image\"><img decoding=\"async\" class=\"aligncenter\" src=\"https:\/\/sawaqli.fra1.cdn.digitaloceanspaces.com\/39589\/HeightShoe.jpg\" width=\"1024\" height=\"1024\" \/><figcaption class=\"attachment__caption\"><\/figcaption><\/figure>\n<figure class=\"attachment attachment--preview\" data-trix-attachment=\"{&quot;contentType&quot;:&quot;image&quot;,&quot;height&quot;:1024,&quot;url&quot;:&quot;https:\/\/sawaqli.fra1.cdn.digitaloceanspaces.com\/39590\/HeightShoe-(4).jpg&quot;,&quot;width&quot;:1024}\" data-trix-content-type=\"image\"><img decoding=\"async\" class=\"aligncenter\" src=\"https:\/\/sawaqli.fra1.cdn.digitaloceanspaces.com\/39590\/HeightShoe-(4).jpg\" width=\"1024\" height=\"1024\" \/><figcaption class=\"attachment__caption\"><\/figcaption><\/figure>\n<figure class=\"attachment attachment--preview\" data-trix-attachment=\"{&quot;contentType&quot;:&quot;image&quot;,&quot;height&quot;:1024,&quot;url&quot;:&quot;https:\/\/sawaqli.fra1.cdn.digitaloceanspaces.com\/39591\/HeightShoe-(7).jpg&quot;,&quot;width&quot;:1024}\" data-trix-content-type=\"image\"><img decoding=\"async\" class=\"aligncenter\" src=\"https:\/\/sawaqli.fra1.cdn.digitaloceanspaces.com\/39591\/HeightShoe-(7).jpg\" width=\"1024\" height=\"1024\" \/><figcaption class=\"attachment__caption\"><\/figcaption><\/figure>\n<figure class=\"attachment attachment--preview\" data-trix-attachment=\"{&quot;contentType&quot;:&quot;image&quot;,&quot;height&quot;:1024,&quot;url&quot;:&quot;https:\/\/sawaqli.fra1.cdn.digitaloceanspaces.com\/39592\/HeightShoe-(3).jpg&quot;,&quot;width&quot;:1024}\" data-trix-content-type=\"image\"><img decoding=\"async\" class=\"aligncenter\" src=\"https:\/\/sawaqli.fra1.cdn.digitaloceanspaces.com\/39592\/HeightShoe-(3).jpg\" width=\"1024\" height=\"1024\" \/><figcaption class=\"attachment__caption\"><\/figcaption><\/figure>\n<figure class=\"attachment attachment--preview\" data-trix-attachment=\"{&quot;contentType&quot;:&quot;image&quot;,&quot;height&quot;:1024,&quot;url&quot;:&quot;https:\/\/sawaqli.fra1.cdn.digitaloceanspaces.com\/39593\/HeightShoe-(2).jpg&quot;,&quot;width&quot;:1024}\" data-trix-content-type=\"image\"><img decoding=\"async\" class=\"aligncenter\" src=\"https:\/\/sawaqli.fra1.cdn.digitaloceanspaces.com\/39593\/HeightShoe-(2).jpg\" width=\"1024\" height=\"1024\" \/><figcaption class=\"attachment__caption\"><\/figcaption><\/figure>\n<p style=\"text-align: center;\">","protected":false},"excerpt":{"rendered":"<p>Ajustement Personnalis\u00e9 : Ces semelles offrent une augmentation de hauteur modulable gr\u00e2ce \u00e0 leurs 4 couches amovibles, permettant d&#8217;ajuster la hauteur selon vos pr\u00e9f\u00e9rences, jusqu&#8217;\u00e0 9 cm.Conception Confortable : Dot\u00e9es d&#8217;un coussin d&#8217;air int\u00e9gr\u00e9, elles assurent une absorption efficace des chocs, r\u00e9duisant la fatigue du pied lors de longues p\u00e9riodes de marche ou de station debout.Mat\u00e9riaux de Qualit\u00e9 : Fabriqu\u00e9es en PU et GEL, ces semelles combinent soutien, stabilit\u00e9 et amorti, tout en \u00e9tant respirantes pour maintenir vos pieds au sec et confortables.Unisexe et Polyvalentes : Con\u00e7ues pour s&#8217;adapter \u00e0 la plupart des chaussures pour hommes et femmes, ces semelles sont id\u00e9ales pour diverses occasions, qu&#8217;il s&#8217;agisse d&#8217;\u00e9v\u00e9nements sp\u00e9ciaux ou d&#8217;une utilisation quotidienne.Am\u00e9liorez votre stature et votre confiance en vous avec ces semelles rehaussantes r\u00e9glables, alliant discr\u00e9tion, confort et performance.<\/p>","protected":false},"featured_media":54944,"comment_status":"open","ping_status":"closed","template":"","meta":[],"product_brand":[],"product_cat":[2461],"product_tag":[],"class_list":{"0":"post-54945","1":"product","2":"type-product","3":"status-publish","4":"has-post-thumbnail","6":"product_cat-divers","8":"first","9":"instock","10":"sale","11":"taxable","12":"shipping-taxable","13":"purchasable","14":"product-type-simple"},"jetpack_sharing_enabled":true,"_links":{"self":[{"href":"https:\/\/shoponlinedz.com\/en\/wp-json\/wp\/v2\/product\/54945","targetHints":{"allow":["GET"]}}],"collection":[{"href":"https:\/\/shoponlinedz.com\/en\/wp-json\/wp\/v2\/product"}],"about":[{"href":"https:\/\/shoponlinedz.com\/en\/wp-json\/wp\/v2\/types\/product"}],"replies":[{"embeddable":true,"href":"https:\/\/shoponlinedz.com\/en\/wp-json\/wp\/v2\/comments?post=54945"}],"version-history":[{"count":0,"href":"https:\/\/shoponlinedz.com\/en\/wp-json\/wp\/v2\/product\/54945\/revisions"}],"wp:featuredmedia":[{"embeddable":true,"href":"https:\/\/shoponlinedz.com\/en\/wp-json\/wp\/v2\/media\/54944"}],"wp:attachment":[{"href":"https:\/\/shoponlinedz.com\/en\/wp-json\/wp\/v2\/media?parent=54945"}],"wp:term":[{"taxonomy":"product_brand","embeddable":true,"href":"https:\/\/shoponlinedz.com\/en\/wp-json\/wp\/v2\/product_brand?post=54945"},{"taxonomy":"product_cat","embeddable":true,"href":"https:\/\/shoponlinedz.com\/en\/wp-json\/wp\/v2\/product_cat?post=54945"},{"taxonomy":"product_tag","embeddable":true,"href":"https:\/\/shoponlinedz.com\/en\/wp-json\/wp\/v2\/product_tag?post=54945"}],"curies":[{"name":"wp","href":"https:\/\/api.w.org\/{rel}","templated":true}]}}