{"id":54864,"date":"2026-01-06T13:47:50","date_gmt":"2026-01-06T13:47:50","guid":{"rendered":"https:\/\/shoponlinedz.com\/product\/projecteurs-led-200w-pour-moto-%d9%85%d8%b5%d8%a7%d8%a8%d9%8a%d8%ad-%d9%84%d9%84%d8%af%d8%b1%d8%a7%d8%ac%d8%a7%d8%aa-%d8%a7%d9%84%d9%86%d8%a7%d8%b1%d9%8a%d8%a9\/"},"modified":"2026-02-04T23:22:19","modified_gmt":"2026-02-04T22:22:19","slug":"projecteurs-led-200w-pour-moto-%d9%85%d8%b5%d8%a7%d8%a8%d9%8a%d8%ad-%d9%84%d9%84%d8%af%d8%b1%d8%a7%d8%ac%d8%a7%d8%aa-%d8%a7%d9%84%d9%86%d8%a7%d8%b1%d9%8a%d8%a9","status":"publish","type":"product","link":"https:\/\/shoponlinedz.com\/en\/product\/projecteurs-led-200w-pour-moto-%d9%85%d8%b5%d8%a7%d8%a8%d9%8a%d8%ad-%d9%84%d9%84%d8%af%d8%b1%d8%a7%d8%ac%d8%a7%d8%aa-%d8%a7%d9%84%d9%86%d8%a7%d8%b1%d9%8a%d8%a9\/","title":{"rendered":"Projecteurs LED 200W pour Moto \u2013 \u0645\u0635\u0627\u0628\u064a\u062d \u0644\u0644\u062f\u0631\u0627\u062c\u0627\u062a \u0627\u0644\u0646\u0627\u0631\u064a\u0629"},"content":{"rendered":"<figure class=\"attachment attachment--preview\" data-trix-attachment=\"{&quot;contentType&quot;:&quot;image&quot;,&quot;height&quot;:1024,&quot;url&quot;:&quot;https:\/\/sawaqli.fra1.cdn.digitaloceanspaces.com\/40235\/CD24042-CNC.jpg&quot;,&quot;width&quot;:1024}\" data-trix-content-type=\"image\"><img decoding=\"async\" class=\"aligncenter\" src=\"https:\/\/sawaqli.fra1.cdn.digitaloceanspaces.com\/40235\/CD24042-CNC.jpg\" width=\"1024\" height=\"1024\" \/><figcaption class=\"attachment__caption\"><\/figcaption><\/figure>\n<figure class=\"attachment attachment--preview\" data-trix-attachment=\"{&quot;contentType&quot;:&quot;image&quot;,&quot;height&quot;:1024,&quot;url&quot;:&quot;https:\/\/sawaqli.fra1.cdn.digitaloceanspaces.com\/40236\/CD24042-(2).jpg&quot;,&quot;width&quot;:1024}\" data-trix-content-type=\"image\"><img decoding=\"async\" class=\"aligncenter\" src=\"https:\/\/sawaqli.fra1.cdn.digitaloceanspaces.com\/40236\/CD24042-(2).jpg\" width=\"1024\" height=\"1024\" \/><figcaption class=\"attachment__caption\"><\/figcaption><\/figure>\n<figure class=\"attachment attachment--preview\" data-trix-attachment=\"{&quot;contentType&quot;:&quot;image&quot;,&quot;height&quot;:1024,&quot;url&quot;:&quot;https:\/\/sawaqli.fra1.cdn.digitaloceanspaces.com\/40237\/CD24042-(3).jpg&quot;,&quot;width&quot;:1024}\" data-trix-content-type=\"image\"><img decoding=\"async\" class=\"aligncenter\" src=\"https:\/\/sawaqli.fra1.cdn.digitaloceanspaces.com\/40237\/CD24042-(3).jpg\" width=\"1024\" height=\"1024\" \/><figcaption class=\"attachment__caption\"><\/figcaption><\/figure>\n<figure class=\"attachment attachment--preview\" data-trix-attachment=\"{&quot;contentType&quot;:&quot;image&quot;,&quot;height&quot;:1024,&quot;url&quot;:&quot;https:\/\/sawaqli.fra1.cdn.digitaloceanspaces.com\/40238\/CD24042-(4).jpg&quot;,&quot;width&quot;:1024}\" data-trix-content-type=\"image\"><img decoding=\"async\" class=\"aligncenter\" src=\"https:\/\/sawaqli.fra1.cdn.digitaloceanspaces.com\/40238\/CD24042-(4).jpg\" width=\"1024\" height=\"1024\" \/><figcaption class=\"attachment__caption\"><\/figcaption><\/figure>\n<figure class=\"attachment attachment--preview\" data-trix-attachment=\"{&quot;contentType&quot;:&quot;image&quot;,&quot;height&quot;:1024,&quot;url&quot;:&quot;https:\/\/sawaqli.fra1.cdn.digitaloceanspaces.com\/40239\/CD24042-(5).jpg&quot;,&quot;width&quot;:1024}\" data-trix-content-type=\"image\"><img decoding=\"async\" class=\"aligncenter\" src=\"https:\/\/sawaqli.fra1.cdn.digitaloceanspaces.com\/40239\/CD24042-(5).jpg\" width=\"1024\" height=\"1024\" \/><figcaption class=\"attachment__caption\"><\/figcaption><\/figure>\n<p style=\"text-align: center\">","protected":false},"excerpt":{"rendered":"<p>Haute Puissance \u2013 \u0642\u0648\u0629 \u0639\u0627\u0644\u064a\u0629 : Ces projecteurs LED de 200W offrent un \u00e9clairage intense, am\u00e9liorant la visibilit\u00e9 lors de la conduite nocturne ou par mauvais temps.Polyvalence d&#8217;Utilisation \u2013 \u062a\u0639\u062f\u062f\u064a\u0629 \u0627\u0644\u0627\u0633\u062a\u062e\u062f\u0627\u0645 : Con\u00e7us pour les motos, ils conviennent \u00e9galement comme lampes de sauna, ampoules pour voitures, ou lumi\u00e8res auxiliaires de travail antibrouillard.Lentille de Haute Qualit\u00e9 \u2013 \u0639\u062f\u0633\u0629 \u0639\u0627\u0644\u064a\u0629 \u0627\u0644\u062c\u0648\u062f\u0629 : \u00c9quip\u00e9s de lentilles de pr\u00e9cision, ces projecteurs assurent une diffusion uniforme de la lumi\u00e8re, r\u00e9duisant les zones d&#8217;ombre.Durabilit\u00e9 \u2013 \u0645\u062a\u0627\u0646\u0629 : Fabriqu\u00e9s avec des mat\u00e9riaux r\u00e9sistants, ils sont con\u00e7us pour supporter des conditions d&#8217;utilisation intensives et vari\u00e9es.Installation Facile \u2013 \u0633\u0647\u0648\u0644\u0629 \u0627\u0644\u062a\u0631\u0643\u064a\u0628 : Livr\u00e9s avec les accessoires n\u00e9cessaires, ces projecteurs peuvent \u00eatre install\u00e9s ais\u00e9ment sur diff\u00e9rents types de v\u00e9hicules ou d&#8217;\u00e9quipements.Am\u00e9liorez votre exp\u00e9rience de conduite ou d&#8217;utilisation avec ces projecteurs LED polyvalents, offrant une luminosit\u00e9 exceptionnelle et une grande adaptabilit\u00e9 \u00e0 divers besoins.<\/p>","protected":false},"featured_media":54863,"comment_status":"open","ping_status":"closed","template":"","meta":[],"product_brand":[],"product_cat":[2458],"product_tag":[],"class_list":{"0":"post-54864","1":"product","2":"type-product","3":"status-publish","4":"has-post-thumbnail","6":"product_cat-accessoires-auto-moto","8":"first","9":"outofstock","10":"sale","11":"taxable","12":"shipping-taxable","13":"purchasable","14":"product-type-simple"},"jetpack_sharing_enabled":true,"_links":{"self":[{"href":"https:\/\/shoponlinedz.com\/en\/wp-json\/wp\/v2\/product\/54864","targetHints":{"allow":["GET"]}}],"collection":[{"href":"https:\/\/shoponlinedz.com\/en\/wp-json\/wp\/v2\/product"}],"about":[{"href":"https:\/\/shoponlinedz.com\/en\/wp-json\/wp\/v2\/types\/product"}],"replies":[{"embeddable":true,"href":"https:\/\/shoponlinedz.com\/en\/wp-json\/wp\/v2\/comments?post=54864"}],"version-history":[{"count":0,"href":"https:\/\/shoponlinedz.com\/en\/wp-json\/wp\/v2\/product\/54864\/revisions"}],"wp:featuredmedia":[{"embeddable":true,"href":"https:\/\/shoponlinedz.com\/en\/wp-json\/wp\/v2\/media\/54863"}],"wp:attachment":[{"href":"https:\/\/shoponlinedz.com\/en\/wp-json\/wp\/v2\/media?parent=54864"}],"wp:term":[{"taxonomy":"product_brand","embeddable":true,"href":"https:\/\/shoponlinedz.com\/en\/wp-json\/wp\/v2\/product_brand?post=54864"},{"taxonomy":"product_cat","embeddable":true,"href":"https:\/\/shoponlinedz.com\/en\/wp-json\/wp\/v2\/product_cat?post=54864"},{"taxonomy":"product_tag","embeddable":true,"href":"https:\/\/shoponlinedz.com\/en\/wp-json\/wp\/v2\/product_tag?post=54864"}],"curies":[{"name":"wp","href":"https:\/\/api.w.org\/{rel}","templated":true}]}}