{"id":54545,"date":"2026-01-06T13:36:23","date_gmt":"2026-01-06T13:36:23","guid":{"rendered":"https:\/\/shoponlinedz.com\/product\/pack-cuisine-multifonction-rangement-oeufs-poele-a-crepes-6-en-1-%d8%ad%d8%b2%d9%85%d8%a9-%d8%a7%d9%84%d9%85%d8%b7%d8%a8%d8%ae-%d9%85%d8%aa%d8%b9%d8%af%d8%af%d8%a9-%d8%a7%d9%84%d9%88\/"},"modified":"2026-01-28T11:43:16","modified_gmt":"2026-01-28T11:43:16","slug":"pack-cuisine-multifonction-rangement-oeufs-poele-a-crepes-6-en-1-%d8%ad%d8%b2%d9%85%d8%a9-%d8%a7%d9%84%d9%85%d8%b7%d8%a8%d8%ae-%d9%85%d8%aa%d8%b9%d8%af%d8%af%d8%a9-%d8%a7%d9%84%d9%88","status":"publish","type":"product","link":"https:\/\/shoponlinedz.com\/en\/product\/pack-cuisine-multifonction-rangement-oeufs-poele-a-crepes-6-en-1-%d8%ad%d8%b2%d9%85%d8%a9-%d8%a7%d9%84%d9%85%d8%b7%d8%a8%d8%ae-%d9%85%d8%aa%d8%b9%d8%af%d8%af%d8%a9-%d8%a7%d9%84%d9%88\/","title":{"rendered":"Pack Cuisine Multifonction : Rangement \u0152ufs, Po\u00eale \u00e0 Cr\u00eapes 6-en-1 \u2013 \u062d\u0632\u0645\u0629 \u0627\u0644\u0645\u0637\u0628\u062e \u0645\u062a\u0639\u062f\u062f\u0629 \u0627\u0644\u0648\u0638\u0627\u0626\u0641: \u062d\u0627\u0645\u0644 \u0627\u0644\u0628\u064a\u0636\u060c \u0645\u0642\u0644\u0627\u0629 \u0627\u0644\u0643\u0631\u064a\u0628"},"content":{"rendered":"<figure class=\"attachment attachment--preview\" data-trix-attachment=\"{&quot;contentType&quot;:&quot;image&quot;,&quot;height&quot;:1024,&quot;url&quot;:&quot;https:\/\/sawaqli.fra1.cdn.digitaloceanspaces.com\/41038\/Pack-cuisine-2.jpg&quot;,&quot;width&quot;:1024}\" data-trix-content-type=\"image\"><img decoding=\"async\" class=\"aligncenter\" src=\"https:\/\/sawaqli.fra1.cdn.digitaloceanspaces.com\/41038\/Pack-cuisine-2.jpg\" width=\"1024\" height=\"1024\" \/><figcaption class=\"attachment__caption\"><\/figcaption><\/figure>\n<figure class=\"attachment attachment--preview\" data-trix-attachment=\"{&quot;contentType&quot;:&quot;image&quot;,&quot;height&quot;:1024,&quot;url&quot;:&quot;https:\/\/sawaqli.fra1.cdn.digitaloceanspaces.com\/41039\/Egg-Storage-cnc.jpg&quot;,&quot;width&quot;:1024}\" data-trix-content-type=\"image\"><img decoding=\"async\" class=\"aligncenter\" src=\"https:\/\/sawaqli.fra1.cdn.digitaloceanspaces.com\/41039\/Egg-Storage-cnc.jpg\" width=\"1024\" height=\"1024\" \/><figcaption class=\"attachment__caption\"><\/figcaption><\/figure>\n<figure class=\"attachment attachment--preview\" data-trix-attachment=\"{&quot;contentType&quot;:&quot;image&quot;,&quot;height&quot;:1024,&quot;url&quot;:&quot;https:\/\/sawaqli.fra1.cdn.digitaloceanspaces.com\/41040\/Egg-Storage-5.jpg&quot;,&quot;width&quot;:1024}\" data-trix-content-type=\"image\"><img decoding=\"async\" class=\"aligncenter\" src=\"https:\/\/sawaqli.fra1.cdn.digitaloceanspaces.com\/41040\/Egg-Storage-5.jpg\" width=\"1024\" height=\"1024\" \/><figcaption class=\"attachment__caption\"><\/figcaption><\/figure>\n<figure class=\"attachment attachment--preview\" data-trix-attachment=\"{&quot;contentType&quot;:&quot;image&quot;,&quot;height&quot;:1024,&quot;url&quot;:&quot;https:\/\/sawaqli.fra1.cdn.digitaloceanspaces.com\/41041\/Egg-Storage-9.jpg&quot;,&quot;width&quot;:1024}\" data-trix-content-type=\"image\"><img decoding=\"async\" class=\"aligncenter\" src=\"https:\/\/sawaqli.fra1.cdn.digitaloceanspaces.com\/41041\/Egg-Storage-9.jpg\" width=\"1024\" height=\"1024\" \/><figcaption class=\"attachment__caption\"><\/figcaption><\/figure>\n<figure class=\"attachment attachment--preview\" data-trix-attachment=\"{&quot;contentType&quot;:&quot;image&quot;,&quot;height&quot;:1024,&quot;url&quot;:&quot;https:\/\/sawaqli.fra1.cdn.digitaloceanspaces.com\/41042\/309820674_5100573696715261_8871233481190946675_n.jpg&quot;,&quot;width&quot;:1024}\" data-trix-content-type=\"image\"><img decoding=\"async\" class=\"aligncenter\" src=\"https:\/\/sawaqli.fra1.cdn.digitaloceanspaces.com\/41042\/309820674_5100573696715261_8871233481190946675_n.jpg\" width=\"1024\" height=\"1024\" \/><figcaption class=\"attachment__caption\"><\/figcaption><\/figure>\n<p style=\"text-align: center;\">","protected":false},"excerpt":{"rendered":"<p>\u29bf \u0628\u0627\u0643 \u0623\u062f\u0648\u0627\u062a \u0627\u0644\u0645\u0637\u0628\u062e \u0627\u0644\u0645\u062a\u0643\u0627\u0645\u0644 (\u062d\u0627\u0645\u0644 \u0628\u064a\u0636 + \u0645\u0642\u0644\u0627\u0629 + \u0623\u0643\u0648\u0627\u0628 \u0642\u064a\u0627\u0633 6 \u0641\u064a 1)\u062d\u0627\u0645\u0644 \u0628\u064a\u0636 (12-14 \u0628\u064a\u0636\u0629):\u0645\u0635\u0646\u0648\u0639 \u0645\u0646 \u0627\u0644\u0628\u0648\u0644\u064a \u0628\u0631\u0648\u0628\u064a\u0644\u064a\u0646 \u0627\u0644\u0645\u062a\u064a\u0646.\u062a\u0635\u0645\u064a\u0645 \u0630\u0643\u064a \u0645\u0639 \u0645\u064a\u0644\u0627\u0646 \u062a\u0644\u0642\u0627\u0626\u064a \u0644\u0644\u0648\u0635\u0648\u0644 \u0627\u0644\u0633\u0631\u064a\u0639 \u0644\u0644\u0628\u064a\u0636.\u062a\u0646\u0638\u064a\u0645 \u0645\u062b\u0627\u0644\u064a \u0648\u062a\u0648\u0641\u064a\u0631 \u0645\u0633\u0627\u062d\u0629 \u0641\u064a \u0627\u0644\u062b\u0644\u0627\u062c\u0629.\u0645\u0642\u0644\u0627\u0629 \u0645\u0636\u0627\u062f\u0629 \u0644\u0644\u0627\u0644\u062a\u0635\u0627\u0642 \u0644\u0644\u0628\u064a\u0636 \u0648\u0627\u0644\u0641\u0637\u0627\u0626\u0631:\u0637\u0644\u0627\u0621 \u0639\u0627\u0644\u064a \u0627\u0644\u062c\u0648\u062f\u0629 \u0644\u062a\u0648\u0632\u064a\u0639 \u062d\u0631\u0627\u0631\u064a \u0645\u062a\u0633\u0627\u0648\u064d.\u0645\u062b\u0627\u0644\u064a\u0629 \u0644\u0644\u0641\u0637\u0627\u0626\u0631\u060c \u0627\u0644\u0628\u064a\u0636\u060c \u0627\u0644\u0628\u0627\u0646 \u0643\u064a\u0643 \u0648\u063a\u064a\u0631\u0647\u0627.\u0645\u062a\u0648\u0627\u0641\u0642\u0629 \u0645\u0639 \u0645\u0639\u0638\u0645 \u0623\u0646\u0648\u0627\u0639 \u0627\u0644\u0645\u0648\u0627\u0642\u062f.\u0645\u062c\u0645\u0648\u0639\u0629 \u0623\u0643\u0648\u0627\u0628 \u0642\u064a\u0627\u0633 6 \u0641\u064a 1:\u0645\u062b\u0627\u0644\u064a\u0629 \u0644\u0644\u0642\u064a\u0627\u0633\u060c \u0627\u0644\u062e\u0644\u0637\u060c \u0648\u0627\u0644\u0635\u0628 \u0628\u0633\u0647\u0648\u0644\u0629.\u062a\u0635\u0645\u064a\u0645 \u0645\u062a\u062f\u0627\u062e\u0644 \u0644\u062a\u0648\u0641\u064a\u0631 \u0627\u0644\u0645\u0633\u0627\u062d\u0629.\u0645\u062a\u0639\u062f\u062f\u0629 \u0627\u0644\u0627\u0633\u062a\u062e\u062f\u0627\u0645 \u0641\u064a \u0627\u0644\u0645\u0637\u0628\u062e \u0627\u0644\u064a\u0648\u0645\u064a.\u0644\u0645\u0627\u0630\u0627 \u062a\u062e\u062a\u0627\u0631 \u0647\u0630\u0627 \u0627\u0644\u0628\u0627\u0643\u061f \u2714 \u0627\u062e\u062a\u0635\u0627\u0631 \u0644\u0644\u0648\u0642\u062a \u0628\u0641\u0636\u0644 \u0623\u062f\u0648\u0627\u062a \u0639\u0645\u0644\u064a\u0629. \u2714 \u062c\u0648\u062f\u0629 \u0648\u0645\u062a\u0627\u0646\u0629 \u0639\u0627\u0644\u064a\u0629. \u2714 \u062a\u0639\u062f\u062f \u0627\u0644\u0627\u0633\u062a\u062e\u062f\u0627\u0645 \u0641\u064a \u0627\u0644\u0637\u0647\u064a \u0648\u0627\u0644\u062a\u062e\u0632\u064a\u0646.<\/p>","protected":false},"featured_media":54544,"comment_status":"open","ping_status":"closed","template":"","meta":[],"product_brand":[],"product_cat":[2456],"product_tag":[],"class_list":{"0":"post-54545","1":"product","2":"type-product","3":"status-publish","4":"has-post-thumbnail","6":"product_cat-cuisine","8":"first","9":"instock","10":"sale","11":"taxable","12":"shipping-taxable","13":"purchasable","14":"product-type-simple"},"jetpack_sharing_enabled":true,"_links":{"self":[{"href":"https:\/\/shoponlinedz.com\/en\/wp-json\/wp\/v2\/product\/54545","targetHints":{"allow":["GET"]}}],"collection":[{"href":"https:\/\/shoponlinedz.com\/en\/wp-json\/wp\/v2\/product"}],"about":[{"href":"https:\/\/shoponlinedz.com\/en\/wp-json\/wp\/v2\/types\/product"}],"replies":[{"embeddable":true,"href":"https:\/\/shoponlinedz.com\/en\/wp-json\/wp\/v2\/comments?post=54545"}],"version-history":[{"count":0,"href":"https:\/\/shoponlinedz.com\/en\/wp-json\/wp\/v2\/product\/54545\/revisions"}],"wp:featuredmedia":[{"embeddable":true,"href":"https:\/\/shoponlinedz.com\/en\/wp-json\/wp\/v2\/media\/54544"}],"wp:attachment":[{"href":"https:\/\/shoponlinedz.com\/en\/wp-json\/wp\/v2\/media?parent=54545"}],"wp:term":[{"taxonomy":"product_brand","embeddable":true,"href":"https:\/\/shoponlinedz.com\/en\/wp-json\/wp\/v2\/product_brand?post=54545"},{"taxonomy":"product_cat","embeddable":true,"href":"https:\/\/shoponlinedz.com\/en\/wp-json\/wp\/v2\/product_cat?post=54545"},{"taxonomy":"product_tag","embeddable":true,"href":"https:\/\/shoponlinedz.com\/en\/wp-json\/wp\/v2\/product_tag?post=54545"}],"curies":[{"name":"wp","href":"https:\/\/api.w.org\/{rel}","templated":true}]}}