{"id":54353,"date":"2026-01-06T13:29:43","date_gmt":"2026-01-06T13:29:43","guid":{"rendered":"https:\/\/shoponlinedz.com\/product\/coussin-de-jeu-bebe-jouet-deveil-sensoriel-montessori-avec-animaux-sonores-%d9%88%d8%b3%d8%a7%d8%af%d8%a9-%d8%a7%d9%84%d8%a8%d8%b7%d9%86-%d9%84%d9%84%d8%b1%d8%b6%d8%b9\/"},"modified":"2026-01-28T11:43:22","modified_gmt":"2026-01-28T11:43:22","slug":"coussin-de-jeu-bebe-jouet-deveil-sensoriel-montessori-avec-animaux-sonores-%d9%88%d8%b3%d8%a7%d8%af%d8%a9-%d8%a7%d9%84%d8%a8%d8%b7%d9%86-%d9%84%d9%84%d8%b1%d8%b6%d8%b9","status":"publish","type":"product","link":"https:\/\/shoponlinedz.com\/en\/product\/coussin-de-jeu-bebe-jouet-deveil-sensoriel-montessori-avec-animaux-sonores-%d9%88%d8%b3%d8%a7%d8%af%d8%a9-%d8%a7%d9%84%d8%a8%d8%b7%d9%86-%d9%84%d9%84%d8%b1%d8%b6%d8%b9\/","title":{"rendered":"Coussin de Jeu B\u00e9b\u00e9 &#8211; Jouet d&#8217;\u00c9veil Sensoriel Montessori avec Animaux Sonores \u2013 \u0648\u0633\u0627\u062f\u0629 \u0627\u0644\u0628\u0637\u0646 \u0644\u0644\u0631\u0636\u0639"},"content":{"rendered":"<figure class=\"attachment attachment--preview\" data-trix-attachment=\"{&quot;contentType&quot;:&quot;image&quot;,&quot;height&quot;:1024,&quot;url&quot;:&quot;https:\/\/sawaqli.fra1.cdn.digitaloceanspaces.com\/41800\/918902A-CNC.jpg&quot;,&quot;width&quot;:1024}\" data-trix-content-type=\"image\"><img decoding=\"async\" class=\"aligncenter\" src=\"https:\/\/sawaqli.fra1.cdn.digitaloceanspaces.com\/41800\/918902A-CNC.jpg\" width=\"1024\" height=\"1024\" \/><figcaption class=\"attachment__caption\"><\/figcaption><\/figure>\n<figure class=\"attachment attachment--preview\" data-trix-attachment=\"{&quot;contentType&quot;:&quot;image&quot;,&quot;height&quot;:1024,&quot;url&quot;:&quot;https:\/\/sawaqli.fra1.cdn.digitaloceanspaces.com\/41793\/918902A-(2).jpg&quot;,&quot;width&quot;:1024}\" data-trix-content-type=\"image\"><img decoding=\"async\" class=\"aligncenter\" src=\"https:\/\/sawaqli.fra1.cdn.digitaloceanspaces.com\/41793\/918902A-(2).jpg\" width=\"1024\" height=\"1024\" \/><figcaption class=\"attachment__caption\"><\/figcaption><\/figure>\n<figure class=\"attachment attachment--preview\" data-trix-attachment=\"{&quot;contentType&quot;:&quot;image&quot;,&quot;height&quot;:1024,&quot;url&quot;:&quot;https:\/\/sawaqli.fra1.cdn.digitaloceanspaces.com\/41794\/918902A-(3).jpg&quot;,&quot;width&quot;:1024}\" data-trix-content-type=\"image\"><img decoding=\"async\" class=\"aligncenter\" src=\"https:\/\/sawaqli.fra1.cdn.digitaloceanspaces.com\/41794\/918902A-(3).jpg\" width=\"1024\" height=\"1024\" \/><figcaption class=\"attachment__caption\"><\/figcaption><\/figure>\n<figure class=\"attachment attachment--preview\" data-trix-attachment=\"{&quot;contentType&quot;:&quot;image&quot;,&quot;height&quot;:1024,&quot;url&quot;:&quot;https:\/\/sawaqli.fra1.cdn.digitaloceanspaces.com\/41795\/918902A-(4).jpg&quot;,&quot;width&quot;:1024}\" data-trix-content-type=\"image\"><img decoding=\"async\" class=\"aligncenter\" src=\"https:\/\/sawaqli.fra1.cdn.digitaloceanspaces.com\/41795\/918902A-(4).jpg\" width=\"1024\" height=\"1024\" \/><figcaption class=\"attachment__caption\"><\/figcaption><\/figure>\n<figure class=\"attachment attachment--preview\" data-trix-attachment=\"{&quot;contentType&quot;:&quot;image&quot;,&quot;height&quot;:1024,&quot;url&quot;:&quot;https:\/\/sawaqli.fra1.cdn.digitaloceanspaces.com\/41796\/918902A-(5).jpg&quot;,&quot;width&quot;:1024}\" data-trix-content-type=\"image\"><img decoding=\"async\" class=\"aligncenter\" src=\"https:\/\/sawaqli.fra1.cdn.digitaloceanspaces.com\/41796\/918902A-(5).jpg\" width=\"1024\" height=\"1024\" \/><figcaption class=\"attachment__caption\"><\/figcaption><\/figure>\n<p style=\"text-align: center;\">","protected":false},"excerpt":{"rendered":"<p>\u0648\u0641\u0631 \u0644\u0637\u0641\u0644\u0643 \u062a\u062c\u0631\u0628\u0629 \u062a\u0646\u0645\u064a\u0629 \u062d\u0633\u064a\u0629 \u0645\u0645\u064a\u0632\u0629 \u0645\u0639 \u0648\u0633\u0627\u062f\u0629 \u0627\u0644\u0644\u0639\u0628 &#8220;Tummy Time&#8221;! \u062a\u0645 \u062a\u0635\u0645\u064a\u0645\u0647\u0627 \u0644\u062a\u0634\u062c\u064a\u0639 \u0627\u0644\u062a\u0637\u0648\u0631 \u0627\u0644\u062d\u0631\u0643\u064a\u060c \u062d\u064a\u062b \u062a\u0623\u062a\u064a \u0647\u0630\u0647 \u0627\u0644\u0644\u0639\u0628\u0629 \u0627\u0644\u0645\u0633\u062a\u0648\u062d\u0627\u0629 \u0645\u0646 \u0645\u0646\u0647\u062c \u0645\u0648\u0646\u062a\u064a\u0633\u0648\u0631\u064a \u0628\u0631\u0633\u0648\u0645\u0627\u062a \u062d\u064a\u0648\u0627\u0646\u0627\u062a \u0645\u0644\u0648\u0646\u0629 \u0648\u0623\u0635\u0648\u0627\u062a \u0645\u062f\u0645\u062c\u0629 \u062a\u0633\u0627\u0639\u062f \u0639\u0644\u0649 \u062a\u0642\u0648\u064a\u0629 \u0639\u0636\u0644\u0627\u062a \u0627\u0644\u0631\u0642\u0628\u0629 \u0648\u0627\u0644\u0630\u0631\u0627\u0639\u064a\u0646\u060c \u0648\u062a\u062d\u0641\u0651\u0632 \u0641\u0636\u0648\u0644 \u0637\u0641\u0644\u0643 \u0648\u062d\u0628\u0651\u0647 \u0644\u0644\u0627\u0633\u062a\u0643\u0634\u0627\u0641. \u0645\u062b\u0627\u0644\u064a\u0629 \u0644\u062d\u062f\u064a\u062b\u064a \u0627\u0644\u0648\u0644\u0627\u062f\u0629 \u0648\u0627\u0644\u0623\u0637\u0641\u0627\u0644 \u0627\u0644\u0635\u063a\u0627\u0631\u060c \u0648\u062a\u0648\u0641\u0631 \u0648\u0642\u062a \u0644\u0639\u0628 \u0639\u0644\u0649 \u0627\u0644\u0628\u0637\u0646 \u0628\u0634\u0643\u0644 \u0645\u0631\u064a\u062d \u0648\u0645\u0645\u062a\u0639.\u0627\u0644\u0645\u0645\u064a\u0632\u0627\u062a \u0627\u0644\u0631\u0626\u064a\u0633\u064a\u0629:\u0648\u0633\u0627\u062f\u0629 &#8220;Tummy Time&#8221; \u0645\u0631\u064a\u062d\u0629 \u062a\u062f\u0639\u0645 \u0648\u0636\u0639\u064a\u0629 \u0627\u0644\u0628\u0637\u0646 \u0644\u0644\u0631\u0636\u064a\u0639\u0644\u0639\u0628\u0629 \u062d\u0633\u064a\u0629 \u0628\u0645\u0646\u0647\u062c \u0645\u0648\u0646\u062a\u064a\u0633\u0648\u0631\u064a \u0645\u0639 \u062e\u0627\u0645\u0627\u062a \u0645\u062a\u0639\u062f\u062f\u0629 \u0648\u0623\u0635\u0648\u0627\u062a \u0645\u062f\u0645\u062c\u0629\u0631\u0633\u0648\u0645\u0627\u062a \u062d\u064a\u0648\u0627\u0646\u0627\u062a \u0645\u0644\u0648\u0646\u0629 \u0648\u0645\u0631\u062d\u0629 \u0644\u062a\u0646\u0645\u064a\u0629 \u0627\u0644\u0641\u0636\u0648\u0644\u062a\u0633\u0627\u0639\u062f \u0639\u0644\u0649 \u0627\u0644\u062a\u0637\u0648\u0631 \u0627\u0644\u062d\u0631\u0643\u064a \u0648\u062a\u0642\u0648\u064a\u0629 \u0639\u0636\u0644\u0627\u062a \u0627\u0644\u0631\u0642\u0628\u0629 \u0648\u0627\u0644\u0638\u0647\u0631\u0645\u0648\u0627\u062f \u0622\u0645\u0646\u0629 \u0648\u0646\u0627\u0639\u0645\u0629 \u0645\u0646\u0627\u0633\u0628\u0629 \u0644\u0644\u0623\u0637\u0641\u0627\u0644 \u0645\u0646\u0630 \u0627\u0644\u0648\u0644\u0627\u062f\u0629\u0633\u0647\u0644\u0629 \u0627\u0644\u062d\u0645\u0644\u060c \u0645\u062b\u0627\u0644\u064a\u0629 \u0644\u0644\u0645\u0646\u0632\u0644 \u0623\u0648 \u0627\u0644\u062a\u0646\u0642\u0644\u0647\u0630\u0647 \u0627\u0644\u0648\u0633\u0627\u062f\u0629 \u0627\u0644\u062a\u0639\u0644\u064a\u0645\u064a\u0629 \u0647\u062f\u064a\u0629 \u0645\u062b\u0627\u0644\u064a\u0629 \u0644\u0644\u0622\u0628\u0627\u0621 \u0627\u0644\u0630\u064a\u0646 \u064a\u0631\u063a\u0628\u0648\u0646 \u0641\u064a \u062f\u0639\u0645 \u0646\u0645\u0648 \u0648\u0645\u0647\u0627\u0631\u0627\u062a \u0623\u0637\u0641\u0627\u0644\u0647\u0645 \u0645\u0646\u0630 \u0627\u0644\u0623\u0634\u0647\u0631 \u0627\u0644\u0623\u0648\u0644\u0649.<\/p>","protected":false},"featured_media":54352,"comment_status":"open","ping_status":"closed","template":"","meta":[],"product_brand":[],"product_cat":[2467],"product_tag":[],"class_list":{"0":"post-54353","1":"product","2":"type-product","3":"status-publish","4":"has-post-thumbnail","6":"product_cat-maternite","8":"first","9":"instock","10":"sale","11":"taxable","12":"shipping-taxable","13":"purchasable","14":"product-type-simple"},"jetpack_sharing_enabled":true,"_links":{"self":[{"href":"https:\/\/shoponlinedz.com\/en\/wp-json\/wp\/v2\/product\/54353","targetHints":{"allow":["GET"]}}],"collection":[{"href":"https:\/\/shoponlinedz.com\/en\/wp-json\/wp\/v2\/product"}],"about":[{"href":"https:\/\/shoponlinedz.com\/en\/wp-json\/wp\/v2\/types\/product"}],"replies":[{"embeddable":true,"href":"https:\/\/shoponlinedz.com\/en\/wp-json\/wp\/v2\/comments?post=54353"}],"version-history":[{"count":0,"href":"https:\/\/shoponlinedz.com\/en\/wp-json\/wp\/v2\/product\/54353\/revisions"}],"wp:featuredmedia":[{"embeddable":true,"href":"https:\/\/shoponlinedz.com\/en\/wp-json\/wp\/v2\/media\/54352"}],"wp:attachment":[{"href":"https:\/\/shoponlinedz.com\/en\/wp-json\/wp\/v2\/media?parent=54353"}],"wp:term":[{"taxonomy":"product_brand","embeddable":true,"href":"https:\/\/shoponlinedz.com\/en\/wp-json\/wp\/v2\/product_brand?post=54353"},{"taxonomy":"product_cat","embeddable":true,"href":"https:\/\/shoponlinedz.com\/en\/wp-json\/wp\/v2\/product_cat?post=54353"},{"taxonomy":"product_tag","embeddable":true,"href":"https:\/\/shoponlinedz.com\/en\/wp-json\/wp\/v2\/product_tag?post=54353"}],"curies":[{"name":"wp","href":"https:\/\/api.w.org\/{rel}","templated":true}]}}