{"id":54255,"date":"2026-01-06T13:26:11","date_gmt":"2026-01-06T13:26:11","guid":{"rendered":"https:\/\/shoponlinedz.com\/product\/ensemble-figurines-4pcs-collectible-kuromi-%d8%b7%d9%82%d9%85-%d9%85%d8%ac%d8%b3%d9%85%d8%a7%d8%aa-%d9%83%d9%88%d8%b1%d9%88%d9%85%d9%8a\/"},"modified":"2026-01-31T11:39:39","modified_gmt":"2026-01-31T11:39:39","slug":"ensemble-figurines-4pcs-collectible-kuromi-%d8%b7%d9%82%d9%85-%d9%85%d8%ac%d8%b3%d9%85%d8%a7%d8%aa-%d9%83%d9%88%d8%b1%d9%88%d9%85%d9%8a","status":"publish","type":"product","link":"https:\/\/shoponlinedz.com\/en\/product\/ensemble-figurines-4pcs-collectible-kuromi-%d8%b7%d9%82%d9%85-%d9%85%d8%ac%d8%b3%d9%85%d8%a7%d8%aa-%d9%83%d9%88%d8%b1%d9%88%d9%85%d9%8a\/","title":{"rendered":"Ensemble Figurines 4pcs Collectible Kuromi \u2013 \u0637\u0642\u0645 \u0645\u062c\u0633\u0645\u0627\u062a \u0643\u0648\u0631\u0648\u0645\u064a"},"content":{"rendered":"<figure class=\"attachment attachment--preview\" data-trix-attachment=\"{&quot;contentType&quot;:&quot;image&quot;,&quot;height&quot;:1024,&quot;url&quot;:&quot;https:\/\/sawaqli.fra1.cdn.digitaloceanspaces.com\/41914\/Kurumi-4pcs-1.jpg&quot;,&quot;width&quot;:1024}\" data-trix-content-type=\"image\"><img decoding=\"async\" class=\"aligncenter\" src=\"https:\/\/sawaqli.fra1.cdn.digitaloceanspaces.com\/41914\/Kurumi-4pcs-1.jpg\" width=\"1024\" height=\"1024\" \/><figcaption class=\"attachment__caption\"><\/figcaption><\/figure>\n<figure class=\"attachment attachment--preview\" data-trix-attachment=\"{&quot;contentType&quot;:&quot;image&quot;,&quot;height&quot;:1024,&quot;url&quot;:&quot;https:\/\/sawaqli.fra1.cdn.digitaloceanspaces.com\/41915\/Kurumi-4pcs-4.jpg&quot;,&quot;width&quot;:1024}\" data-trix-content-type=\"image\"><img decoding=\"async\" class=\"aligncenter\" src=\"https:\/\/sawaqli.fra1.cdn.digitaloceanspaces.com\/41915\/Kurumi-4pcs-4.jpg\" width=\"1024\" height=\"1024\" \/><figcaption class=\"attachment__caption\"><\/figcaption><\/figure>\n<figure class=\"attachment attachment--preview\" data-trix-attachment=\"{&quot;contentType&quot;:&quot;image&quot;,&quot;height&quot;:1024,&quot;url&quot;:&quot;https:\/\/sawaqli.fra1.cdn.digitaloceanspaces.com\/41916\/Kurumi-4pcs-3.jpg&quot;,&quot;width&quot;:1024}\" data-trix-content-type=\"image\"><img decoding=\"async\" class=\"aligncenter\" src=\"https:\/\/sawaqli.fra1.cdn.digitaloceanspaces.com\/41916\/Kurumi-4pcs-3.jpg\" width=\"1024\" height=\"1024\" \/><figcaption class=\"attachment__caption\"><\/figcaption><\/figure>\n<figure class=\"attachment attachment--preview\" data-trix-attachment=\"{&quot;contentType&quot;:&quot;image&quot;,&quot;height&quot;:1024,&quot;url&quot;:&quot;https:\/\/sawaqli.fra1.cdn.digitaloceanspaces.com\/41917\/Kurumi-4pcs-2.jpg&quot;,&quot;width&quot;:1024}\" data-trix-content-type=\"image\"><img decoding=\"async\" class=\"aligncenter\" src=\"https:\/\/sawaqli.fra1.cdn.digitaloceanspaces.com\/41917\/Kurumi-4pcs-2.jpg\" width=\"1024\" height=\"1024\" \/><figcaption class=\"attachment__caption\"><\/figcaption><\/figure>\n<figure class=\"attachment attachment--preview\" data-trix-attachment=\"{&quot;contentType&quot;:&quot;image&quot;,&quot;height&quot;:1024,&quot;url&quot;:&quot;https:\/\/sawaqli.fra1.cdn.digitaloceanspaces.com\/41918\/Kurumi-4pcs-5.jpg&quot;,&quot;width&quot;:1024}\" data-trix-content-type=\"image\"><img decoding=\"async\" class=\"aligncenter\" src=\"https:\/\/sawaqli.fra1.cdn.digitaloceanspaces.com\/41918\/Kurumi-4pcs-5.jpg\" width=\"1024\" height=\"1024\" \/><figcaption class=\"attachment__caption\"><\/figcaption><\/figure>\n<p style=\"text-align: center\">","protected":false},"excerpt":{"rendered":"<p>D\u00e9couvrez le set de collection Kuromi, compos\u00e9 de 4 figurines d\u00e9taill\u00e9es d\u2019environ 10 cm chacune. Parfait pour les fans de Kuromi, cet ensemble ajoute une touche kawaii et \u00e9l\u00e9gante \u00e0 votre collection. Chaque figurine est soigneusement con\u00e7ue avec des d\u00e9tails authentiques et des couleurs vives, id\u00e9ales pour la d\u00e9coration ou le jeu.Caract\u00e9ristiques principales :Ensemble de 4 figurines Kuromi avec des poses uniquesHauteur approximative : 10 cmDesign kawaii avec des d\u00e9tails pr\u00e9cis et soign\u00e9sParfait pour les collectionneurs et les fans de SanrioId\u00e9al comme cadeau ou d\u00e9coration de bureauAjoutez une touche adorable et originale \u00e0 votre collection avec cet ensemble Kuromi exclusif !<\/p>","protected":false},"featured_media":54254,"comment_status":"open","ping_status":"closed","template":"","meta":[],"product_brand":[],"product_cat":[2460],"product_tag":[],"class_list":{"0":"post-54255","1":"product","2":"type-product","3":"status-publish","4":"has-post-thumbnail","6":"product_cat-decoration","8":"first","9":"outofstock","10":"sale","11":"taxable","12":"shipping-taxable","13":"purchasable","14":"product-type-simple"},"jetpack_sharing_enabled":true,"_links":{"self":[{"href":"https:\/\/shoponlinedz.com\/en\/wp-json\/wp\/v2\/product\/54255","targetHints":{"allow":["GET"]}}],"collection":[{"href":"https:\/\/shoponlinedz.com\/en\/wp-json\/wp\/v2\/product"}],"about":[{"href":"https:\/\/shoponlinedz.com\/en\/wp-json\/wp\/v2\/types\/product"}],"replies":[{"embeddable":true,"href":"https:\/\/shoponlinedz.com\/en\/wp-json\/wp\/v2\/comments?post=54255"}],"version-history":[{"count":0,"href":"https:\/\/shoponlinedz.com\/en\/wp-json\/wp\/v2\/product\/54255\/revisions"}],"wp:featuredmedia":[{"embeddable":true,"href":"https:\/\/shoponlinedz.com\/en\/wp-json\/wp\/v2\/media\/54254"}],"wp:attachment":[{"href":"https:\/\/shoponlinedz.com\/en\/wp-json\/wp\/v2\/media?parent=54255"}],"wp:term":[{"taxonomy":"product_brand","embeddable":true,"href":"https:\/\/shoponlinedz.com\/en\/wp-json\/wp\/v2\/product_brand?post=54255"},{"taxonomy":"product_cat","embeddable":true,"href":"https:\/\/shoponlinedz.com\/en\/wp-json\/wp\/v2\/product_cat?post=54255"},{"taxonomy":"product_tag","embeddable":true,"href":"https:\/\/shoponlinedz.com\/en\/wp-json\/wp\/v2\/product_tag?post=54255"}],"curies":[{"name":"wp","href":"https:\/\/api.w.org\/{rel}","templated":true}]}}