{"id":54186,"date":"2026-01-06T13:23:43","date_gmt":"2026-01-06T13:23:43","guid":{"rendered":"https:\/\/shoponlinedz.com\/product\/balai-serpillere-pulverisateur-avec-reservoir-rechargeable-%d9%85%d9%85%d8%b3%d8%ad%d8%a9-%d8%a8%d8%ae%d8%a7%d8%ae-%d9%85%d8%b9-%d8%b2%d8%ac%d8%a7%d8%ac%d8%a9-%d9%82%d8%a7%d8%a8%d9%84%d8%a9\/"},"modified":"2026-01-28T11:43:27","modified_gmt":"2026-01-28T11:43:27","slug":"balai-serpillere-pulverisateur-avec-reservoir-rechargeable-%d9%85%d9%85%d8%b3%d8%ad%d8%a9-%d8%a8%d8%ae%d8%a7%d8%ae-%d9%85%d8%b9-%d8%b2%d8%ac%d8%a7%d8%ac%d8%a9-%d9%82%d8%a7%d8%a8%d9%84%d8%a9","status":"publish","type":"product","link":"https:\/\/shoponlinedz.com\/en\/product\/balai-serpillere-pulverisateur-avec-reservoir-rechargeable-%d9%85%d9%85%d8%b3%d8%ad%d8%a9-%d8%a8%d8%ae%d8%a7%d8%ae-%d9%85%d8%b9-%d8%b2%d8%ac%d8%a7%d8%ac%d8%a9-%d9%82%d8%a7%d8%a8%d9%84%d8%a9\/","title":{"rendered":"Balai Serpill\u00e8re Pulv\u00e9risateur avec R\u00e9servoir Rechargeable \u2013 \u0645\u0645\u0633\u062d\u0629 \u0628\u062e\u0627\u062e \u0645\u0639 \u0632\u062c\u0627\u062c\u0629 \u0642\u0627\u0628\u0644\u0629 \u0644\u0625\u0639\u0627\u062f\u0629 \u0627\u0644\u062a\u0639\u0628\u0626\u0629"},"content":{"rendered":"<figure class=\"attachment attachment--preview\" data-trix-attachment=\"{&quot;contentType&quot;:&quot;image&quot;,&quot;height&quot;:1024,&quot;url&quot;:&quot;https:\/\/sawaqli.fra1.cdn.digitaloceanspaces.com\/42089\/MidybSpray-CNC.jpg&quot;,&quot;width&quot;:1024}\" data-trix-content-type=\"image\"><img decoding=\"async\" class=\"aligncenter\" src=\"https:\/\/sawaqli.fra1.cdn.digitaloceanspaces.com\/42089\/MidybSpray-CNC.jpg\" width=\"1024\" height=\"1024\" \/><figcaption class=\"attachment__caption\"><\/figcaption><\/figure>\n<figure class=\"attachment attachment--preview\" data-trix-attachment=\"{&quot;contentType&quot;:&quot;image&quot;,&quot;height&quot;:1024,&quot;url&quot;:&quot;https:\/\/sawaqli.fra1.cdn.digitaloceanspaces.com\/42090\/MidybSpray-(5).jpg&quot;,&quot;width&quot;:1024}\" data-trix-content-type=\"image\"><img decoding=\"async\" class=\"aligncenter\" src=\"https:\/\/sawaqli.fra1.cdn.digitaloceanspaces.com\/42090\/MidybSpray-(5).jpg\" width=\"1024\" height=\"1024\" \/><figcaption class=\"attachment__caption\"><\/figcaption><\/figure>\n<figure class=\"attachment attachment--preview\" data-trix-attachment=\"{&quot;contentType&quot;:&quot;image&quot;,&quot;height&quot;:1024,&quot;url&quot;:&quot;https:\/\/sawaqli.fra1.cdn.digitaloceanspaces.com\/42091\/MidybSpray-(4).jpg&quot;,&quot;width&quot;:1024}\" data-trix-content-type=\"image\"><img decoding=\"async\" class=\"aligncenter\" src=\"https:\/\/sawaqli.fra1.cdn.digitaloceanspaces.com\/42091\/MidybSpray-(4).jpg\" width=\"1024\" height=\"1024\" \/><figcaption class=\"attachment__caption\"><\/figcaption><\/figure>\n<figure class=\"attachment attachment--preview\" data-trix-attachment=\"{&quot;contentType&quot;:&quot;image&quot;,&quot;height&quot;:1024,&quot;url&quot;:&quot;https:\/\/sawaqli.fra1.cdn.digitaloceanspaces.com\/42092\/MidybSpray-(2).jpg&quot;,&quot;width&quot;:1024}\" data-trix-content-type=\"image\"><img decoding=\"async\" class=\"aligncenter\" src=\"https:\/\/sawaqli.fra1.cdn.digitaloceanspaces.com\/42092\/MidybSpray-(2).jpg\" width=\"1024\" height=\"1024\" \/><figcaption class=\"attachment__caption\"><\/figcaption><\/figure>\n<figure class=\"attachment attachment--preview\" data-trix-attachment=\"{&quot;contentType&quot;:&quot;image&quot;,&quot;height&quot;:1024,&quot;url&quot;:&quot;https:\/\/sawaqli.fra1.cdn.digitaloceanspaces.com\/42093\/MidybSpray.jpg&quot;,&quot;width&quot;:1024}\" data-trix-content-type=\"image\"><img decoding=\"async\" class=\"aligncenter\" src=\"https:\/\/sawaqli.fra1.cdn.digitaloceanspaces.com\/42093\/MidybSpray.jpg\" width=\"1024\" height=\"1024\" \/><figcaption class=\"attachment__caption\"><\/figcaption><\/figure>\n<p style=\"text-align: center;\">","protected":false},"excerpt":{"rendered":"<p>\u0627\u062c\u0639\u0644 \u0627\u0644\u062a\u0646\u0638\u064a\u0641 \u0623\u0633\u0631\u0639 \u0648\u0623\u0633\u0647\u0644 \u0645\u0639 \u0647\u0630\u0627 \u0627\u0644\u0645\u0645\u0633\u062d\u0629 \u0627\u0644\u0645\u0632\u0648\u062f\u0629 \u0628\u062e\u0632\u0627\u0646 \u0642\u0627\u0628\u0644 \u0644\u0625\u0639\u0627\u062f\u0629 \u0627\u0644\u062a\u0639\u0628\u0626\u0629 \u0628\u0633\u0639\u0629 500 \u0645\u0644. \u0645\u062b\u0627\u0644\u064a\u0629 \u0644\u062c\u0645\u064a\u0639 \u0623\u0646\u0648\u0627\u0639 \u0627\u0644\u0623\u0631\u0636\u064a\u0627\u062a (\u0627\u0644\u062e\u0634\u0628\u060c \u0627\u0644\u0633\u064a\u0631\u0627\u0645\u064a\u0643\u060c \u0648\u0627\u0644\u0628\u0627\u0631\u0643\u064a\u0647)\u060c \u0648\u062a\u0633\u0645\u062d \u0628\u0646\u0638\u0627\u0645 \u0631\u0634 \u0645\u062f\u0645\u062c \u0644\u062a\u0646\u0638\u064a\u0641 \u0641\u0639\u0627\u0644 \u0648\u0633\u0631\u064a\u0639. \u0631\u0623\u0633\u0647\u0627 \u0627\u0644\u0642\u0627\u0628\u0644 \u0644\u0644\u062f\u0648\u0631\u0627\u0646 360\u00b0 \u064a\u0648\u0641\u0631 \u0623\u0642\u0635\u0649 \u0645\u0631\u0648\u0646\u0629\u060c \u0648\u0641\u0648\u0637 \u0627\u0644\u0645\u0627\u064a\u0643\u0631\u0648\u0641\u0627\u064a\u0628\u0631 \u0641\u0627\u0626\u0642\u0629 \u0627\u0644\u0627\u0645\u062a\u0635\u0627\u0635 \u062a\u0646\u0638\u0641 \u0628\u0641\u0639\u0627\u0644\u064a\u0629 \u062f\u0648\u0646 \u062a\u0631\u0643 \u0622\u062b\u0627\u0631.\u0627\u0644\u0645\u0645\u064a\u0632\u0627\u062a \u0627\u0644\u0631\u0626\u064a\u0633\u064a\u0629:\u062e\u0632\u0627\u0646 500 \u0645\u0644 \u0644\u062a\u0648\u0632\u064a\u0639 \u0645\u062a\u0633\u0627\u0648\u064d \u0644\u0633\u0627\u0626\u0644 \u0627\u0644\u062a\u0646\u0638\u064a\u0641\u0641\u0648\u0637 \u0645\u0627\u064a\u0643\u0631\u0648\u0641\u0627\u064a\u0628\u0631 \u0641\u0627\u0626\u0642\u0629 \u0627\u0644\u0627\u0645\u062a\u0635\u0627\u0635 \u0644\u062c\u0645\u064a\u0639 \u0623\u0646\u0648\u0627\u0639 \u0627\u0644\u0623\u0631\u0636\u064a\u0627\u062a\u0646\u0638\u0627\u0645 \u0631\u0634 \u0645\u062f\u0645\u062c \u0644\u0644\u062a\u0646\u0638\u064a\u0641 \u0628\u062f\u0642\u0629 \u0648\u0627\u0642\u062a\u0635\u0627\u062f\u0631\u0623\u0633 \u062f\u0648\u0627\u0631 360\u00b0 \u0644\u0644\u0648\u0635\u0648\u0644 \u0644\u0644\u0623\u0645\u0627\u0643\u0646 \u0627\u0644\u0635\u0639\u0628\u0629\u0645\u0632\u0648\u062f\u0629 \u0628\u0645\u0643\u0634\u0637\u0629 \u062a\u0646\u0638\u064a\u0641 \u0625\u0636\u0627\u0641\u064a\u0629\u0623\u062f\u0627\u0629 \u0644\u0627 \u063a\u0646\u0649 \u0639\u0646\u0647\u0627 \u0644\u062a\u0646\u0638\u064a\u0641 \u0633\u0631\u064a\u0639\u060c \u0641\u0639\u0627\u0644 \u0648\u0635\u062f\u064a\u0642 \u0644\u0644\u0628\u064a\u0626\u0629!<\/p>","protected":false},"featured_media":54185,"comment_status":"open","ping_status":"closed","template":"","meta":[],"product_brand":[],"product_cat":[2455],"product_tag":[],"class_list":{"0":"post-54186","1":"product","2":"type-product","3":"status-publish","4":"has-post-thumbnail","6":"product_cat-maison","8":"first","9":"instock","10":"sale","11":"taxable","12":"shipping-taxable","13":"purchasable","14":"product-type-simple"},"jetpack_sharing_enabled":true,"_links":{"self":[{"href":"https:\/\/shoponlinedz.com\/en\/wp-json\/wp\/v2\/product\/54186","targetHints":{"allow":["GET"]}}],"collection":[{"href":"https:\/\/shoponlinedz.com\/en\/wp-json\/wp\/v2\/product"}],"about":[{"href":"https:\/\/shoponlinedz.com\/en\/wp-json\/wp\/v2\/types\/product"}],"replies":[{"embeddable":true,"href":"https:\/\/shoponlinedz.com\/en\/wp-json\/wp\/v2\/comments?post=54186"}],"version-history":[{"count":0,"href":"https:\/\/shoponlinedz.com\/en\/wp-json\/wp\/v2\/product\/54186\/revisions"}],"wp:featuredmedia":[{"embeddable":true,"href":"https:\/\/shoponlinedz.com\/en\/wp-json\/wp\/v2\/media\/54185"}],"wp:attachment":[{"href":"https:\/\/shoponlinedz.com\/en\/wp-json\/wp\/v2\/media?parent=54186"}],"wp:term":[{"taxonomy":"product_brand","embeddable":true,"href":"https:\/\/shoponlinedz.com\/en\/wp-json\/wp\/v2\/product_brand?post=54186"},{"taxonomy":"product_cat","embeddable":true,"href":"https:\/\/shoponlinedz.com\/en\/wp-json\/wp\/v2\/product_cat?post=54186"},{"taxonomy":"product_tag","embeddable":true,"href":"https:\/\/shoponlinedz.com\/en\/wp-json\/wp\/v2\/product_tag?post=54186"}],"curies":[{"name":"wp","href":"https:\/\/api.w.org\/{rel}","templated":true}]}}