{"id":54118,"date":"2026-01-06T13:21:17","date_gmt":"2026-01-06T13:21:17","guid":{"rendered":"https:\/\/shoponlinedz.com\/product\/projecteurs-led-exterieurs-etanches-12v-%d9%83%d8%b4%d8%a7%d9%81%d8%a7%d8%aa-%d8%ae%d8%a7%d8%b1%d8%ac%d9%8a%d8%a9-%d9%85%d9%82%d8%a7%d9%88%d9%85%d8%a9-%d9%84%d9%84%d9%85%d8%a7%d8%a1\/"},"modified":"2026-01-28T11:56:22","modified_gmt":"2026-01-28T11:56:22","slug":"projecteurs-led-exterieurs-etanches-12v-%d9%83%d8%b4%d8%a7%d9%81%d8%a7%d8%aa-%d8%ae%d8%a7%d8%b1%d8%ac%d9%8a%d8%a9-%d9%85%d9%82%d8%a7%d9%88%d9%85%d8%a9-%d9%84%d9%84%d9%85%d8%a7%d8%a1","status":"publish","type":"product","link":"https:\/\/shoponlinedz.com\/en\/product\/projecteurs-led-exterieurs-etanches-12v-%d9%83%d8%b4%d8%a7%d9%81%d8%a7%d8%aa-%d8%ae%d8%a7%d8%b1%d8%ac%d9%8a%d8%a9-%d9%85%d9%82%d8%a7%d9%88%d9%85%d8%a9-%d9%84%d9%84%d9%85%d8%a7%d8%a1\/","title":{"rendered":"Projecteurs LED Ext\u00e9rieurs \u00c9tanches 12V \u2013 \u0643\u0634\u0627\u0641\u0627\u062a \u062e\u0627\u0631\u062c\u064a\u0629 \u0645\u0642\u0627\u0648\u0645\u0629 \u0644\u0644\u0645\u0627\u0621"},"content":{"rendered":"<figure class=\"attachment attachment--preview\" data-trix-attachment=\"{&quot;contentType&quot;:&quot;image&quot;,&quot;height&quot;:1024,&quot;url&quot;:&quot;https:\/\/sawaqli.fra1.cdn.digitaloceanspaces.com\/41680\/OutdoorLED-CNC.jpg&quot;,&quot;width&quot;:1024}\" data-trix-content-type=\"image\"><img decoding=\"async\" class=\"aligncenter\" src=\"https:\/\/sawaqli.fra1.cdn.digitaloceanspaces.com\/41680\/OutdoorLED-CNC.jpg\" width=\"1024\" height=\"1024\" \/><figcaption class=\"attachment__caption\"><\/figcaption><\/figure>\n<figure class=\"attachment attachment--preview\" data-trix-attachment=\"{&quot;contentType&quot;:&quot;image&quot;,&quot;height&quot;:1024,&quot;url&quot;:&quot;https:\/\/sawaqli.fra1.cdn.digitaloceanspaces.com\/41681\/OutdoorLED-(2).jpg&quot;,&quot;width&quot;:1024}\" data-trix-content-type=\"image\"><img decoding=\"async\" class=\"aligncenter\" src=\"https:\/\/sawaqli.fra1.cdn.digitaloceanspaces.com\/41681\/OutdoorLED-(2).jpg\" width=\"1024\" height=\"1024\" \/><figcaption class=\"attachment__caption\"><\/figcaption><\/figure>\n<figure class=\"attachment attachment--preview\" data-trix-attachment=\"{&quot;contentType&quot;:&quot;image&quot;,&quot;height&quot;:1024,&quot;url&quot;:&quot;https:\/\/sawaqli.fra1.cdn.digitaloceanspaces.com\/41682\/OutdoorLED-(3).jpg&quot;,&quot;width&quot;:1024}\" data-trix-content-type=\"image\"><img decoding=\"async\" class=\"aligncenter\" src=\"https:\/\/sawaqli.fra1.cdn.digitaloceanspaces.com\/41682\/OutdoorLED-(3).jpg\" width=\"1024\" height=\"1024\" \/><figcaption class=\"attachment__caption\"><\/figcaption><\/figure>\n<figure class=\"attachment attachment--preview\" data-trix-attachment=\"{&quot;contentType&quot;:&quot;image&quot;,&quot;height&quot;:1024,&quot;url&quot;:&quot;https:\/\/sawaqli.fra1.cdn.digitaloceanspaces.com\/41683\/OutdoorLED-(4).jpg&quot;,&quot;width&quot;:1024}\" data-trix-content-type=\"image\"><img decoding=\"async\" class=\"aligncenter\" src=\"https:\/\/sawaqli.fra1.cdn.digitaloceanspaces.com\/41683\/OutdoorLED-(4).jpg\" width=\"1024\" height=\"1024\" \/><figcaption class=\"attachment__caption\"><\/figcaption><\/figure>\n<figure class=\"attachment attachment--preview\" data-trix-attachment=\"{&quot;contentType&quot;:&quot;image&quot;,&quot;height&quot;:1024,&quot;url&quot;:&quot;https:\/\/sawaqli.fra1.cdn.digitaloceanspaces.com\/41684\/OutdoorLED-(5).jpg&quot;,&quot;width&quot;:1024}\" data-trix-content-type=\"image\"><img decoding=\"async\" class=\"aligncenter\" src=\"https:\/\/sawaqli.fra1.cdn.digitaloceanspaces.com\/41684\/OutdoorLED-(5).jpg\" width=\"1024\" height=\"1024\" \/><figcaption class=\"attachment__caption\"><\/figcaption><\/figure>\n<p style=\"text-align: center;\">","protected":false},"excerpt":{"rendered":"<p>Illuminez votre jardin, all\u00e9e ou espace ext\u00e9rieur avec ces projecteurs LED de 12V en fonte d&#8217;aluminium, con\u00e7us pour offrir une lumi\u00e8re chaude et accueillante. Avec un indice d&#8217;\u00e9tanch\u00e9it\u00e9 IP65, ces lampes sont r\u00e9sistantes aux intemp\u00e9ries et id\u00e9ales pour une utilisation en ext\u00e9rieur. Gr\u00e2ce \u00e0 leur fixation en pique, elles s\u2019installent facilement dans le sol pour un \u00e9clairage efficace et directionnel. \u00c9conomie d\u2019\u00e9nergie et durabilit\u00e9 assur\u00e9es.Caract\u00e9ristiques principales :2 projecteurs LED 3x3W, offrant une lumi\u00e8re blanche chaudeIndice IP65 \u00e9tanche, parfait pour les environnements ext\u00e9rieursMat\u00e9riau en fonte d\u2019aluminium, garantissant robustesse et long\u00e9vit\u00e9Installation facile avec piquets, id\u00e9al pour jardins, all\u00e9es et paysagesAlimentation en DC 12V, compatible avec divers syst\u00e8mes \u00e9lectriques\u00c9clairage de paysage efficace et \u00e9conome en \u00e9nergieCes projecteurs LED ext\u00e9rieurs sont parfaits pour sublimer vos espaces ext\u00e9rieurs avec une lumi\u00e8re douce et homog\u00e8ne.<\/p>","protected":false},"featured_media":54117,"comment_status":"open","ping_status":"closed","template":"","meta":[],"product_brand":[],"product_cat":[2455],"product_tag":[],"class_list":{"0":"post-54118","1":"product","2":"type-product","3":"status-publish","4":"has-post-thumbnail","6":"product_cat-maison","8":"first","9":"instock","10":"sale","11":"taxable","12":"shipping-taxable","13":"purchasable","14":"product-type-simple"},"jetpack_sharing_enabled":true,"_links":{"self":[{"href":"https:\/\/shoponlinedz.com\/en\/wp-json\/wp\/v2\/product\/54118","targetHints":{"allow":["GET"]}}],"collection":[{"href":"https:\/\/shoponlinedz.com\/en\/wp-json\/wp\/v2\/product"}],"about":[{"href":"https:\/\/shoponlinedz.com\/en\/wp-json\/wp\/v2\/types\/product"}],"replies":[{"embeddable":true,"href":"https:\/\/shoponlinedz.com\/en\/wp-json\/wp\/v2\/comments?post=54118"}],"version-history":[{"count":0,"href":"https:\/\/shoponlinedz.com\/en\/wp-json\/wp\/v2\/product\/54118\/revisions"}],"wp:featuredmedia":[{"embeddable":true,"href":"https:\/\/shoponlinedz.com\/en\/wp-json\/wp\/v2\/media\/54117"}],"wp:attachment":[{"href":"https:\/\/shoponlinedz.com\/en\/wp-json\/wp\/v2\/media?parent=54118"}],"wp:term":[{"taxonomy":"product_brand","embeddable":true,"href":"https:\/\/shoponlinedz.com\/en\/wp-json\/wp\/v2\/product_brand?post=54118"},{"taxonomy":"product_cat","embeddable":true,"href":"https:\/\/shoponlinedz.com\/en\/wp-json\/wp\/v2\/product_cat?post=54118"},{"taxonomy":"product_tag","embeddable":true,"href":"https:\/\/shoponlinedz.com\/en\/wp-json\/wp\/v2\/product_tag?post=54118"}],"curies":[{"name":"wp","href":"https:\/\/api.w.org\/{rel}","templated":true}]}}