{"id":54098,"date":"2026-01-06T13:20:31","date_gmt":"2026-01-06T13:20:31","guid":{"rendered":"https:\/\/shoponlinedz.com\/product\/pistolet-a-bulles-automatique-pour-enfants-%d9%85%d8%b3%d8%af%d8%b3-%d8%a7%d9%84%d9%81%d9%82%d8%a7%d8%b9%d8%a7%d8%aa-%d8%a7%d9%84%d8%a3%d9%88%d8%aa%d9%88%d9%85%d8%a7%d8%aa%d9%8a%d9%83%d9%8a\/"},"modified":"2026-01-28T11:56:23","modified_gmt":"2026-01-28T11:56:23","slug":"pistolet-a-bulles-automatique-pour-enfants-%d9%85%d8%b3%d8%af%d8%b3-%d8%a7%d9%84%d9%81%d9%82%d8%a7%d8%b9%d8%a7%d8%aa-%d8%a7%d9%84%d8%a3%d9%88%d8%aa%d9%88%d9%85%d8%a7%d8%aa%d9%8a%d9%83%d9%8a","status":"publish","type":"product","link":"https:\/\/shoponlinedz.com\/en\/product\/pistolet-a-bulles-automatique-pour-enfants-%d9%85%d8%b3%d8%af%d8%b3-%d8%a7%d9%84%d9%81%d9%82%d8%a7%d8%b9%d8%a7%d8%aa-%d8%a7%d9%84%d8%a3%d9%88%d8%aa%d9%88%d9%85%d8%a7%d8%aa%d9%8a%d9%83%d9%8a\/","title":{"rendered":"Pistolet \u00e0 Bulles Automatique pour Enfants \u2013 \u0645\u0633\u062f\u0633 \u0627\u0644\u0641\u0642\u0627\u0639\u0627\u062a \u0627\u0644\u0623\u0648\u062a\u0648\u0645\u0627\u062a\u064a\u0643\u064a \u0644\u0644\u0623\u0637\u0641\u0627\u0644"},"content":{"rendered":"<figure class=\"attachment attachment--preview\" data-trix-attachment=\"{&quot;contentType&quot;:&quot;image&quot;,&quot;height&quot;:1024,&quot;url&quot;:&quot;https:\/\/sawaqli.fra1.cdn.digitaloceanspaces.com\/42175\/bubblegun-CNC.jpg&quot;,&quot;width&quot;:1024}\" data-trix-content-type=\"image\"><img decoding=\"async\" class=\"aligncenter\" src=\"https:\/\/sawaqli.fra1.cdn.digitaloceanspaces.com\/42175\/bubblegun-CNC.jpg\" width=\"1024\" height=\"1024\" \/><figcaption class=\"attachment__caption\"><\/figcaption><\/figure>\n<figure class=\"attachment attachment--preview\" data-trix-attachment=\"{&quot;contentType&quot;:&quot;image&quot;,&quot;height&quot;:1024,&quot;url&quot;:&quot;https:\/\/sawaqli.fra1.cdn.digitaloceanspaces.com\/42176\/bubblegun.jpg&quot;,&quot;width&quot;:1024}\" data-trix-content-type=\"image\"><img decoding=\"async\" class=\"aligncenter\" src=\"https:\/\/sawaqli.fra1.cdn.digitaloceanspaces.com\/42176\/bubblegun.jpg\" width=\"1024\" height=\"1024\" \/><figcaption class=\"attachment__caption\"><\/figcaption><\/figure>\n<figure class=\"attachment attachment--preview\" data-trix-attachment=\"{&quot;contentType&quot;:&quot;image&quot;,&quot;height&quot;:1024,&quot;url&quot;:&quot;https:\/\/sawaqli.fra1.cdn.digitaloceanspaces.com\/42173\/bubblegun-(2).jpg&quot;,&quot;width&quot;:1024}\" data-trix-content-type=\"image\"><img decoding=\"async\" class=\"aligncenter\" src=\"https:\/\/sawaqli.fra1.cdn.digitaloceanspaces.com\/42173\/bubblegun-(2).jpg\" width=\"1024\" height=\"1024\" \/><figcaption class=\"attachment__caption\"><\/figcaption><\/figure>\n<figure class=\"attachment attachment--preview\" data-trix-attachment=\"{&quot;contentType&quot;:&quot;image&quot;,&quot;height&quot;:1024,&quot;url&quot;:&quot;https:\/\/sawaqli.fra1.cdn.digitaloceanspaces.com\/42172\/bubblegun-(3).jpg&quot;,&quot;width&quot;:1024}\" data-trix-content-type=\"image\"><img decoding=\"async\" class=\"aligncenter\" src=\"https:\/\/sawaqli.fra1.cdn.digitaloceanspaces.com\/42172\/bubblegun-(3).jpg\" width=\"1024\" height=\"1024\" \/><figcaption class=\"attachment__caption\"><\/figcaption><\/figure>\n<figure class=\"attachment attachment--preview\" data-trix-attachment=\"{&quot;contentType&quot;:&quot;image&quot;,&quot;height&quot;:1024,&quot;url&quot;:&quot;https:\/\/sawaqli.fra1.cdn.digitaloceanspaces.com\/42174\/bubblegun-(4).jpg&quot;,&quot;width&quot;:1024}\" data-trix-content-type=\"image\"><img decoding=\"async\" class=\"aligncenter\" src=\"https:\/\/sawaqli.fra1.cdn.digitaloceanspaces.com\/42174\/bubblegun-(4).jpg\" width=\"1024\" height=\"1024\" \/><figcaption class=\"attachment__caption\"><\/figcaption><\/figure>\n<p style=\"text-align: center;\">","protected":false},"excerpt":{"rendered":"<p>Amusez vos enfants avec ce pistolet \u00e0 bulles automatique, un jouet ludique et divertissant qui produit des centaines de bulles en quelques secondes. Facile \u00e0 utiliser, il fonctionne avec des piles et convient parfaitement aux jeux en ext\u00e9rieur comme en int\u00e9rieur.Caract\u00e9ristiques principales :G\u00e9n\u00e9ration rapide de bulles, pour un maximum de plaisirFacile \u00e0 utiliser, appuyez simplement sur un boutonDesign s\u00e9curis\u00e9 et ergonomique, adapt\u00e9 aux enfantsFonctionne sur piles, id\u00e9al pour une utilisation en ext\u00e9rieurParfait pour les f\u00eates, anniversaires et jeux en familleUn jouet magique et captivant pour \u00e9merveiller les enfants et animer leurs journ\u00e9es !<\/p>","protected":false},"featured_media":54097,"comment_status":"open","ping_status":"closed","template":"","meta":[],"product_brand":[],"product_cat":[2459],"product_tag":[],"class_list":{"0":"post-54098","1":"product","2":"type-product","3":"status-publish","4":"has-post-thumbnail","6":"product_cat-jouet-gaming","8":"first","9":"instock","10":"sale","11":"taxable","12":"shipping-taxable","13":"purchasable","14":"product-type-simple"},"jetpack_sharing_enabled":true,"_links":{"self":[{"href":"https:\/\/shoponlinedz.com\/en\/wp-json\/wp\/v2\/product\/54098","targetHints":{"allow":["GET"]}}],"collection":[{"href":"https:\/\/shoponlinedz.com\/en\/wp-json\/wp\/v2\/product"}],"about":[{"href":"https:\/\/shoponlinedz.com\/en\/wp-json\/wp\/v2\/types\/product"}],"replies":[{"embeddable":true,"href":"https:\/\/shoponlinedz.com\/en\/wp-json\/wp\/v2\/comments?post=54098"}],"version-history":[{"count":0,"href":"https:\/\/shoponlinedz.com\/en\/wp-json\/wp\/v2\/product\/54098\/revisions"}],"wp:featuredmedia":[{"embeddable":true,"href":"https:\/\/shoponlinedz.com\/en\/wp-json\/wp\/v2\/media\/54097"}],"wp:attachment":[{"href":"https:\/\/shoponlinedz.com\/en\/wp-json\/wp\/v2\/media?parent=54098"}],"wp:term":[{"taxonomy":"product_brand","embeddable":true,"href":"https:\/\/shoponlinedz.com\/en\/wp-json\/wp\/v2\/product_brand?post=54098"},{"taxonomy":"product_cat","embeddable":true,"href":"https:\/\/shoponlinedz.com\/en\/wp-json\/wp\/v2\/product_cat?post=54098"},{"taxonomy":"product_tag","embeddable":true,"href":"https:\/\/shoponlinedz.com\/en\/wp-json\/wp\/v2\/product_tag?post=54098"}],"curies":[{"name":"wp","href":"https:\/\/api.w.org\/{rel}","templated":true}]}}