{"id":53924,"date":"2026-01-06T13:13:43","date_gmt":"2026-01-06T13:13:43","guid":{"rendered":"https:\/\/shoponlinedz.com\/product\/etagere-murale-porte-epices-%d8%b1%d9%81-%d8%aa%d9%88%d8%a7%d8%a8%d9%84-%d8%ac%d8%af%d8%a7%d8%b1%d9%8a\/"},"modified":"2026-01-28T11:56:26","modified_gmt":"2026-01-28T11:56:26","slug":"etagere-murale-porte-epices-%d8%b1%d9%81-%d8%aa%d9%88%d8%a7%d8%a8%d9%84-%d8%ac%d8%af%d8%a7%d8%b1%d9%8a","status":"publish","type":"product","link":"https:\/\/shoponlinedz.com\/en\/product\/etagere-murale-porte-epices-%d8%b1%d9%81-%d8%aa%d9%88%d8%a7%d8%a8%d9%84-%d8%ac%d8%af%d8%a7%d8%b1%d9%8a\/","title":{"rendered":"\u00c9tag\u00e8re Murale Porte-\u00c9pices \u2013 \u0631\u0641 \u062a\u0648\u0627\u0628\u0644 \u062c\u062f\u0627\u0631\u064a"},"content":{"rendered":"<figure class=\"attachment attachment--preview\" data-trix-attachment=\"{&quot;contentType&quot;:&quot;image&quot;,&quot;height&quot;:1024,&quot;url&quot;:&quot;https:\/\/sawaqli.fra1.cdn.digitaloceanspaces.com\/41789\/spicestorage-CNC.jpg&quot;,&quot;width&quot;:1024}\" data-trix-content-type=\"image\"><img decoding=\"async\" class=\"aligncenter\" src=\"https:\/\/sawaqli.fra1.cdn.digitaloceanspaces.com\/41789\/spicestorage-CNC.jpg\" width=\"1024\" height=\"1024\" \/><figcaption class=\"attachment__caption\"><\/figcaption><\/figure>\n<figure class=\"attachment attachment--preview\" data-trix-attachment=\"{&quot;contentType&quot;:&quot;image&quot;,&quot;height&quot;:1024,&quot;url&quot;:&quot;https:\/\/sawaqli.fra1.cdn.digitaloceanspaces.com\/41790\/spicestorage-(3).jpg&quot;,&quot;width&quot;:1024}\" data-trix-content-type=\"image\"><img decoding=\"async\" class=\"aligncenter\" src=\"https:\/\/sawaqli.fra1.cdn.digitaloceanspaces.com\/41790\/spicestorage-(3).jpg\" width=\"1024\" height=\"1024\" \/><figcaption class=\"attachment__caption\"><\/figcaption><\/figure>\n<figure class=\"attachment attachment--preview\" data-trix-attachment=\"{&quot;contentType&quot;:&quot;image&quot;,&quot;height&quot;:1024,&quot;url&quot;:&quot;https:\/\/sawaqli.fra1.cdn.digitaloceanspaces.com\/41791\/spicestorage-(2).jpg&quot;,&quot;width&quot;:1024}\" data-trix-content-type=\"image\"><img decoding=\"async\" class=\"aligncenter\" src=\"https:\/\/sawaqli.fra1.cdn.digitaloceanspaces.com\/41791\/spicestorage-(2).jpg\" width=\"1024\" height=\"1024\" \/><figcaption class=\"attachment__caption\"><\/figcaption><\/figure>\n<figure class=\"attachment attachment--preview\" data-trix-attachment=\"{&quot;contentType&quot;:&quot;image&quot;,&quot;height&quot;:1024,&quot;url&quot;:&quot;https:\/\/sawaqli.fra1.cdn.digitaloceanspaces.com\/41792\/spicestorage.jpg&quot;,&quot;width&quot;:1024}\" data-trix-content-type=\"image\"><img decoding=\"async\" class=\"aligncenter\" src=\"https:\/\/sawaqli.fra1.cdn.digitaloceanspaces.com\/41792\/spicestorage.jpg\" width=\"1024\" height=\"1024\" \/><figcaption class=\"attachment__caption\"><\/figcaption><\/figure>\n<figure class=\"attachment attachment--preview\" data-trix-attachment=\"{&quot;contentType&quot;:&quot;image&quot;,&quot;height&quot;:1024,&quot;url&quot;:&quot;https:\/\/sawaqli.fra1.cdn.digitaloceanspaces.com\/41637\/spicestorage-(2).jpg&quot;,&quot;width&quot;:1024}\" data-trix-content-type=\"image\"><img decoding=\"async\" class=\"aligncenter\" src=\"https:\/\/sawaqli.fra1.cdn.digitaloceanspaces.com\/41637\/spicestorage-(2).jpg\" width=\"1024\" height=\"1024\" \/><figcaption class=\"attachment__caption\"><\/figcaption><\/figure>\n<p style=\"text-align: center;\">","protected":false},"excerpt":{"rendered":"<p>\ud83e\uddc2 \u0646\u0638\u0651\u0645 \u0645\u0637\u0628\u062e\u0643 \u0628\u0627\u062d\u062a\u0631\u0627\u0641\u064a\u0629 \u0645\u0639 \u0631\u0641 \u0627\u0644\u062a\u0648\u0627\u0628\u0644 \u0627\u0644\u062c\u062f\u0627\u0631\u064a \u0645\u0646 NETTITO\u060c \u0627\u0644\u0645\u062b\u0627\u0644\u064a \u0644\u062a\u0631\u062a\u064a\u0628 \u0627\u0644\u0628\u0647\u0627\u0631\u0627\u062a \u0648\u0627\u0644\u0645\u0648\u0627\u062f \u0627\u0644\u063a\u0630\u0627\u0626\u064a\u0629 \u0627\u0644\u0635\u063a\u064a\u0631\u0629 \u0645\u0639 \u0627\u0633\u062a\u063a\u0644\u0627\u0644 \u0627\u0644\u0645\u0633\u0627\u062d\u0627\u062a \u0628\u0634\u0643\u0644 \u0623\u0646\u064a\u0642. \u0628\u062a\u0635\u0645\u064a\u0645 \u0639\u0635\u0631\u064a \u0628\u0627\u0644\u0644\u0648\u0646\u064a\u0646 \u0627\u0644\u0631\u0645\u0627\u062f\u064a \u0648\u0627\u0644\u0623\u0632\u0631\u0642\u060c \u064a\u0636\u064a\u0641 \u0644\u0645\u0633\u0629 \u062c\u0645\u0627\u0644\u064a\u0629 \u0625\u0644\u0649 \u0623\u064a \u0645\u0637\u0628\u062e.\u0627\u0644\u0645\u0645\u064a\u0632\u0627\u062a:\u0631\u0641 \u062c\u062f\u0627\u0631\u064a \u0639\u0645\u0644\u064a \u0644\u062a\u062e\u0632\u064a\u0646 \u0627\u0644\u062a\u0648\u0627\u0628\u0644\u062a\u0635\u0645\u064a\u0645 \u0623\u0646\u064a\u0642 \u0648\u0645\u062f\u0645\u062c \u0628\u0627\u0644\u0644\u0648\u0646 \u0627\u0644\u0631\u0645\u0627\u062f\u064a \u0648\u0627\u0644\u0623\u0632\u0631\u0642\u0633\u0647\u0644 \u0627\u0644\u062a\u0631\u0643\u064a\u0628\u060c \u0645\u062b\u0627\u0644\u064a \u0644\u0644\u0645\u0637\u0627\u0628\u062e \u0627\u0644\u062d\u062f\u064a\u062b\u0629\u0627\u0633\u062a\u063a\u0644\u0627\u0644 \u0623\u0645\u062b\u0644 \u0644\u0644\u0645\u0633\u0627\u062d\u0627\u062a \u0627\u0644\u0635\u063a\u064a\u0631\u0629\u0645\u0635\u0646\u0648\u0639 \u0645\u0646 \u062e\u0627\u0645\u0627\u062a \u0645\u062a\u064a\u0646\u0629 \u0648\u0639\u0627\u0644\u064a\u0629 \u0627\u0644\u062c\u0648\u062f\u0629\u0627\u0644\u062d\u0644 \u0627\u0644\u0623\u0645\u062b\u0644 \u0644\u0639\u0634\u0627\u0642 \u0627\u0644\u0637\u0647\u064a \u0627\u0644\u0630\u064a\u0646 \u064a\u0628\u062d\u062b\u0648\u0646 \u0639\u0646 \u062a\u0631\u062a\u064a\u0628 \u0623\u0646\u064a\u0642 \u0648\u0641\u0639\u0651\u0627\u0644 \u0644\u0645\u0637\u0628\u062e\u0647\u0645.<\/p>","protected":false},"featured_media":53923,"comment_status":"open","ping_status":"closed","template":"","meta":[],"product_brand":[],"product_cat":[2456],"product_tag":[],"class_list":{"0":"post-53924","1":"product","2":"type-product","3":"status-publish","4":"has-post-thumbnail","6":"product_cat-cuisine","8":"first","9":"instock","10":"sale","11":"taxable","12":"shipping-taxable","13":"purchasable","14":"product-type-simple"},"jetpack_sharing_enabled":true,"_links":{"self":[{"href":"https:\/\/shoponlinedz.com\/en\/wp-json\/wp\/v2\/product\/53924","targetHints":{"allow":["GET"]}}],"collection":[{"href":"https:\/\/shoponlinedz.com\/en\/wp-json\/wp\/v2\/product"}],"about":[{"href":"https:\/\/shoponlinedz.com\/en\/wp-json\/wp\/v2\/types\/product"}],"replies":[{"embeddable":true,"href":"https:\/\/shoponlinedz.com\/en\/wp-json\/wp\/v2\/comments?post=53924"}],"version-history":[{"count":0,"href":"https:\/\/shoponlinedz.com\/en\/wp-json\/wp\/v2\/product\/53924\/revisions"}],"wp:featuredmedia":[{"embeddable":true,"href":"https:\/\/shoponlinedz.com\/en\/wp-json\/wp\/v2\/media\/53923"}],"wp:attachment":[{"href":"https:\/\/shoponlinedz.com\/en\/wp-json\/wp\/v2\/media?parent=53924"}],"wp:term":[{"taxonomy":"product_brand","embeddable":true,"href":"https:\/\/shoponlinedz.com\/en\/wp-json\/wp\/v2\/product_brand?post=53924"},{"taxonomy":"product_cat","embeddable":true,"href":"https:\/\/shoponlinedz.com\/en\/wp-json\/wp\/v2\/product_cat?post=53924"},{"taxonomy":"product_tag","embeddable":true,"href":"https:\/\/shoponlinedz.com\/en\/wp-json\/wp\/v2\/product_tag?post=53924"}],"curies":[{"name":"wp","href":"https:\/\/api.w.org\/{rel}","templated":true}]}}