{"id":53505,"date":"2026-01-06T12:58:02","date_gmt":"2026-01-06T12:58:02","guid":{"rendered":"https:\/\/shoponlinedz.com\/product\/camera-de-securite-ampoule-a-double-objectif-suivi-automatique-%d9%83%d8%a7%d9%85%d9%8a%d8%b1%d8%a9-%d9%85%d8%b1%d8%a7%d9%82%d8%a8%d8%a9-%d8%a8%d9%85%d9%8a%d8%b2%d8%a9-%d8%a7%d9%84%d8%aa\/"},"modified":"2026-01-28T11:56:34","modified_gmt":"2026-01-28T11:56:34","slug":"camera-de-securite-ampoule-a-double-objectif-suivi-automatique-%d9%83%d8%a7%d9%85%d9%8a%d8%b1%d8%a9-%d9%85%d8%b1%d8%a7%d9%82%d8%a8%d8%a9-%d8%a8%d9%85%d9%8a%d8%b2%d8%a9-%d8%a7%d9%84%d8%aa","status":"publish","type":"product","link":"https:\/\/shoponlinedz.com\/en\/product\/camera-de-securite-ampoule-a-double-objectif-suivi-automatique-%d9%83%d8%a7%d9%85%d9%8a%d8%b1%d8%a9-%d9%85%d8%b1%d8%a7%d9%82%d8%a8%d8%a9-%d8%a8%d9%85%d9%8a%d8%b2%d8%a9-%d8%a7%d9%84%d8%aa\/","title":{"rendered":"Cam\u00e9ra de S\u00e9curit\u00e9 Ampoule \u00e0 Double Objectif Suivi Automatique \u2013 \u0643\u0627\u0645\u064a\u0631\u0629 \u0645\u0631\u0627\u0642\u0628\u0629 \u0628\u0645\u064a\u0632\u0629 \u0627\u0644\u062a\u062a\u0628\u0639 \u0627\u0644\u0630\u0627\u062a\u064a"},"content":{"rendered":"<figure class=\"attachment attachment--preview\" data-trix-attachment=\"{&quot;contentType&quot;:&quot;image&quot;,&quot;height&quot;:1024,&quot;url&quot;:&quot;https:\/\/sawaqli.fra1.cdn.digitaloceanspaces.com\/45110\/Cam-double-lens-CNC.jpg&quot;,&quot;width&quot;:1024}\" data-trix-content-type=\"image\"><img decoding=\"async\" class=\"aligncenter\" src=\"https:\/\/sawaqli.fra1.cdn.digitaloceanspaces.com\/45110\/Cam-double-lens-CNC.jpg\" width=\"1024\" height=\"1024\" \/><figcaption class=\"attachment__caption\"><\/figcaption><\/figure>\n<figure class=\"attachment attachment--preview\" data-trix-attachment=\"{&quot;contentType&quot;:&quot;image&quot;,&quot;height&quot;:1024,&quot;url&quot;:&quot;https:\/\/sawaqli.fra1.cdn.digitaloceanspaces.com\/45109\/Cam-double-lens-7.jpg&quot;,&quot;width&quot;:1024}\" data-trix-content-type=\"image\"><img decoding=\"async\" class=\"aligncenter\" src=\"https:\/\/sawaqli.fra1.cdn.digitaloceanspaces.com\/45109\/Cam-double-lens-7.jpg\" width=\"1024\" height=\"1024\" \/><figcaption class=\"attachment__caption\"><\/figcaption><\/figure>\n<figure class=\"attachment attachment--preview\" data-trix-attachment=\"{&quot;contentType&quot;:&quot;image&quot;,&quot;height&quot;:1024,&quot;url&quot;:&quot;https:\/\/sawaqli.fra1.cdn.digitaloceanspaces.com\/45111\/Cam-double-lens-1.jpg&quot;,&quot;width&quot;:1024}\" data-trix-content-type=\"image\"><img decoding=\"async\" class=\"aligncenter\" src=\"https:\/\/sawaqli.fra1.cdn.digitaloceanspaces.com\/45111\/Cam-double-lens-1.jpg\" width=\"1024\" height=\"1024\" \/><figcaption class=\"attachment__caption\"><\/figcaption><\/figure>\n<figure class=\"attachment attachment--preview\" data-trix-attachment=\"{&quot;contentType&quot;:&quot;image&quot;,&quot;height&quot;:1024,&quot;url&quot;:&quot;https:\/\/sawaqli.fra1.cdn.digitaloceanspaces.com\/45112\/Cam-double-lens-4.jpg&quot;,&quot;width&quot;:1024}\" data-trix-content-type=\"image\"><img decoding=\"async\" class=\"aligncenter\" src=\"https:\/\/sawaqli.fra1.cdn.digitaloceanspaces.com\/45112\/Cam-double-lens-4.jpg\" width=\"1024\" height=\"1024\" \/><figcaption class=\"attachment__caption\"><\/figcaption><\/figure>\n<figure class=\"attachment attachment--preview\" data-trix-attachment=\"{&quot;contentType&quot;:&quot;image&quot;,&quot;height&quot;:1024,&quot;url&quot;:&quot;https:\/\/sawaqli.fra1.cdn.digitaloceanspaces.com\/45113\/Cam-double-lens-3.jpg&quot;,&quot;width&quot;:1024}\" data-trix-content-type=\"image\"><img decoding=\"async\" class=\"aligncenter\" src=\"https:\/\/sawaqli.fra1.cdn.digitaloceanspaces.com\/45113\/Cam-double-lens-3.jpg\" width=\"1024\" height=\"1024\" \/><figcaption class=\"attachment__caption\"><\/figcaption><\/figure>\n<p style=\"text-align: center;\">","protected":false},"excerpt":{"rendered":"<p>\ud83d\udcf8 \u0643\u0627\u0645\u064a\u0631\u0627 \u0623\u0645\u0627\u0646 \u0630\u0643\u064a\u0629 \u0628\u0639\u062f\u0633\u062a\u064a\u0646 \u0628\u062f\u0642\u0629 2K\u2728 \u062c\u0648\u062f\u0629 \u0635\u0648\u0631\u0629 \u0641\u0627\u0626\u0642\u0629\u062f\u0642\u0629 2K (\u0643\u0644 \u0639\u062f\u0633\u0629 \u0628\u062f\u0642\u0629 1080P) \u062a\u0645\u0646\u062d\u0643 \u0648\u0636\u0648\u062d\u064b\u0627 \u0645\u0630\u0647\u0644\u064b\u0627 \u0641\u064a \u0623\u062f\u0642 \u0627\u0644\u062a\u0641\u0627\u0635\u064a\u0644.\ud83d\udd0d \u062a\u0643\u0628\u064a\u0631 \u0628\u0635\u0631\u064a 10X\u0639\u062f\u0633\u062a\u0627\u0646 \u0645\u0639 \u0645\u064a\u0632\u0629 \u0627\u0644\u0632\u0648\u0645 \u0627\u0644\u0628\u0635\u0631\u064a 10 \u0645\u0631\u0627\u062a \u0644\u0631\u0624\u064a\u0629 \u0627\u0644\u0623\u062c\u0633\u0627\u0645 \u0627\u0644\u0628\u0639\u064a\u062f\u0629 \u0628\u0648\u0636\u0648\u062d \u0641\u0627\u0626\u0642 \u062f\u0648\u0646 \u0641\u0642\u062f\u0627\u0646 \u0627\u0644\u062c\u0648\u062f\u0629.\ud83c\udfaf \u062a\u062a\u0628\u0639 \u062a\u0644\u0642\u0627\u0626\u064a \u0644\u0644\u0623\u0634\u062e\u0627\u0635\u0639\u0646\u062f \u0627\u0643\u062a\u0634\u0627\u0641 \u0623\u064a \u062d\u0631\u0643\u0629 \u0628\u0634\u0631\u064a\u0629\u060c \u062a\u062a\u0628\u0639 \u0627\u0644\u0643\u0627\u0645\u064a\u0631\u0627 \u0627\u0644\u0647\u062f\u0641 \u062a\u0644\u0642\u0627\u0626\u064a\u064b\u0627\u060c \u062a\u0633\u062c\u0651\u0644 \u0627\u0644\u0641\u064a\u062f\u064a\u0648\u060c \u0648\u062a\u0631\u0633\u0644 \u0625\u0634\u0639\u0627\u0631\u064b\u0627 \u0641\u0648\u0631\u064a\u064b\u0627.\ud83e\udd16 \u0630\u0643\u0627\u0621 \u0627\u0635\u0637\u0646\u0627\u0639\u064a \u0644\u0644\u0643\u0634\u0641 \u0627\u0644\u0628\u0634\u0631\u064a\u0628\u0645\u062c\u0631\u062f \u0631\u0635\u062f \u062d\u0631\u0643\u0629 \u0628\u0634\u0631\u064a\u0629\u060c \u062a\u064f\u0631\u0633\u0644 \u0627\u0644\u0643\u0627\u0645\u064a\u0631\u0627 \u062a\u0646\u0628\u064a\u0647\u064b\u0627 \u0641\u0648\u0631\u064a\u064b\u0627 \u0639\u0628\u0631 \u0627\u0644\u062a\u0637\u0628\u064a\u0642.\ud83c\udf19 \u0631\u0624\u064a\u0629 \u0648\u0627\u0636\u062d\u0629 \u0645\u0639 \u062a\u0641\u0627\u0635\u064a\u0644 \u062f\u0642\u064a\u0642\u0629\u062a\u0645\u0646\u062d\u0643 \u0631\u0624\u064a\u0629 \u0623\u0648\u0636\u062d \u0648\u0623\u062f\u0642 \u0644\u0644\u0623\u0634\u064a\u0627\u0621 \u0627\u0644\u0628\u0639\u064a\u062f\u0629\u060c \u0644\u062a\u0633\u062a\u0645\u062a\u0639 \u0628\u062a\u062c\u0631\u0628\u0629 \u0645\u0631\u0627\u0642\u0628\u0629 \u0644\u0627 \u062a\u0636\u0627\u0647\u064a\u0647\u0627 \u0627\u0644\u0645\u0646\u062a\u062c\u0627\u062a \u0627\u0644\u0623\u062e\u0631\u0649 \u0641\u064a \u0627\u0644\u0633\u0648\u0642.<\/p>","protected":false},"featured_media":53504,"comment_status":"open","ping_status":"closed","template":"","meta":[],"product_brand":[],"product_cat":[2463],"product_tag":[],"class_list":{"0":"post-53505","1":"product","2":"type-product","3":"status-publish","4":"has-post-thumbnail","6":"product_cat-electronique","8":"first","9":"instock","10":"sale","11":"taxable","12":"shipping-taxable","13":"purchasable","14":"product-type-simple"},"jetpack_sharing_enabled":true,"_links":{"self":[{"href":"https:\/\/shoponlinedz.com\/en\/wp-json\/wp\/v2\/product\/53505","targetHints":{"allow":["GET"]}}],"collection":[{"href":"https:\/\/shoponlinedz.com\/en\/wp-json\/wp\/v2\/product"}],"about":[{"href":"https:\/\/shoponlinedz.com\/en\/wp-json\/wp\/v2\/types\/product"}],"replies":[{"embeddable":true,"href":"https:\/\/shoponlinedz.com\/en\/wp-json\/wp\/v2\/comments?post=53505"}],"version-history":[{"count":0,"href":"https:\/\/shoponlinedz.com\/en\/wp-json\/wp\/v2\/product\/53505\/revisions"}],"wp:featuredmedia":[{"embeddable":true,"href":"https:\/\/shoponlinedz.com\/en\/wp-json\/wp\/v2\/media\/53504"}],"wp:attachment":[{"href":"https:\/\/shoponlinedz.com\/en\/wp-json\/wp\/v2\/media?parent=53505"}],"wp:term":[{"taxonomy":"product_brand","embeddable":true,"href":"https:\/\/shoponlinedz.com\/en\/wp-json\/wp\/v2\/product_brand?post=53505"},{"taxonomy":"product_cat","embeddable":true,"href":"https:\/\/shoponlinedz.com\/en\/wp-json\/wp\/v2\/product_cat?post=53505"},{"taxonomy":"product_tag","embeddable":true,"href":"https:\/\/shoponlinedz.com\/en\/wp-json\/wp\/v2\/product_tag?post=53505"}],"curies":[{"name":"wp","href":"https:\/\/api.w.org\/{rel}","templated":true}]}}