{"id":53469,"date":"2026-01-06T12:56:50","date_gmt":"2026-01-06T12:56:50","guid":{"rendered":"https:\/\/shoponlinedz.com\/product\/pack-2-lampe-cob-a-detecteur-de-mouvement-portable-a-360\/"},"modified":"2026-01-28T11:56:35","modified_gmt":"2026-01-28T11:56:35","slug":"pack-2-lampe-cob-a-detecteur-de-mouvement-portable-a-360","status":"publish","type":"product","link":"https:\/\/shoponlinedz.com\/en\/product\/pack-2-lampe-cob-a-detecteur-de-mouvement-portable-a-360\/","title":{"rendered":"Pack 2 Lampe COB \u00e0 d\u00e9tecteur de mouvement portable \u00e0 360 \u00b0"},"content":{"rendered":"<figure class=\"attachment attachment--preview\" data-trix-attachment=\"{&quot;contentType&quot;:&quot;image&quot;,&quot;height&quot;:1024,&quot;url&quot;:&quot;https:\/\/sawaqli.fra1.cdn.digitaloceanspaces.com\/45348\/COB-PACK-2.jpg&quot;,&quot;width&quot;:1024}\" data-trix-content-type=\"image\"><img decoding=\"async\" class=\"aligncenter\" src=\"https:\/\/sawaqli.fra1.cdn.digitaloceanspaces.com\/45348\/COB-PACK-2.jpg\" width=\"1024\" height=\"1024\" \/><figcaption class=\"attachment__caption\"><\/figcaption><\/figure>\n<figure class=\"attachment attachment--preview\" data-trix-attachment=\"{&quot;contentType&quot;:&quot;image&quot;,&quot;height&quot;:1024,&quot;url&quot;:&quot;https:\/\/sawaqli.fra1.cdn.digitaloceanspaces.com\/45349\/Camera-COB-1.jpg&quot;,&quot;width&quot;:1024}\" data-trix-content-type=\"image\"><img decoding=\"async\" class=\"aligncenter\" src=\"https:\/\/sawaqli.fra1.cdn.digitaloceanspaces.com\/45349\/Camera-COB-1.jpg\" width=\"1024\" height=\"1024\" \/><figcaption class=\"attachment__caption\"><\/figcaption><\/figure>\n<figure class=\"attachment attachment--preview\" data-trix-attachment=\"{&quot;contentType&quot;:&quot;image&quot;,&quot;height&quot;:1024,&quot;url&quot;:&quot;https:\/\/sawaqli.fra1.cdn.digitaloceanspaces.com\/45350\/Camera-COB-2.jpg&quot;,&quot;width&quot;:1024}\" data-trix-content-type=\"image\"><img decoding=\"async\" class=\"aligncenter\" src=\"https:\/\/sawaqli.fra1.cdn.digitaloceanspaces.com\/45350\/Camera-COB-2.jpg\" width=\"1024\" height=\"1024\" \/><figcaption class=\"attachment__caption\"><\/figcaption><\/figure>\n<figure class=\"attachment attachment--preview\" data-trix-attachment=\"{&quot;contentType&quot;:&quot;image&quot;,&quot;height&quot;:1024,&quot;url&quot;:&quot;https:\/\/sawaqli.fra1.cdn.digitaloceanspaces.com\/45351\/Camera-COB-4.jpg&quot;,&quot;width&quot;:1024}\" data-trix-content-type=\"image\"><img decoding=\"async\" class=\"aligncenter\" src=\"https:\/\/sawaqli.fra1.cdn.digitaloceanspaces.com\/45351\/Camera-COB-4.jpg\" width=\"1024\" height=\"1024\" \/><figcaption class=\"attachment__caption\"><\/figcaption><\/figure>\n<figure class=\"attachment attachment--preview\" data-trix-attachment=\"{&quot;contentType&quot;:&quot;image&quot;,&quot;height&quot;:1024,&quot;url&quot;:&quot;https:\/\/sawaqli.fra1.cdn.digitaloceanspaces.com\/45352\/Camera-COB-3.jpg&quot;,&quot;width&quot;:1024}\" data-trix-content-type=\"image\"><img decoding=\"async\" class=\"aligncenter\" src=\"https:\/\/sawaqli.fra1.cdn.digitaloceanspaces.com\/45352\/Camera-COB-3.jpg\" width=\"1024\" height=\"1024\" \/><figcaption class=\"attachment__caption\"><\/figcaption><\/figure>\n<p style=\"text-align: center;\">","protected":false},"excerpt":{"rendered":"<p>\ud83d\udca1 \u0645\u0635\u0628\u0627\u062d \u0627\u0633\u062a\u0634\u0639\u0627\u0631 \u0627\u0644\u062d\u0631\u0643\u0629 \u0645\u062a\u0639\u062f\u062f \u0627\u0644\u0627\u0633\u062a\u062e\u062f\u0627\u0645\u0627\u062a\ud83c\udf19 \u0636\u0648\u0621 \u0630\u0643\u064a \u0623\u064a\u0646\u0645\u0627 \u0643\u0646\u062a!\u0627\u0644\u0648\u0636\u0639\u064a\u0627\u062a:AUTO: \u064a\u0636\u064a\u0621 \u062a\u0644\u0642\u0627\u0626\u064a\u064b\u0627 \u0639\u0646\u062f \u0627\u0633\u062a\u0634\u0639\u0627\u0631 \u0627\u0644\u062d\u0631\u0643\u0629 \u0641\u064a \u0627\u0644\u0638\u0644\u0627\u0645 (\u0628\u0632\u0627\u0648\u064a\u0629 120\u00b0).ON: \u0648\u0636\u0639 \u0627\u0644\u062a\u0634\u063a\u064a\u0644 \u0627\u0644\u0645\u0633\u062a\u0645\u0631 \u2013 \u064a\u0645\u0643\u0646 \u0627\u0633\u062a\u062e\u062f\u0627\u0645\u0647 \u0643\u0645\u0635\u0628\u0627\u062d \u064a\u062f\u0648\u064a.\u0627\u0644\u0645\u0645\u064a\u0632\u0627\u062a:\ud83d\udd0b \u064a\u0639\u0645\u0644 \u0628\u0640 3 \u0628\u0637\u0627\u0631\u064a\u0627\u062a AAA (\u063a\u064a\u0631 \u0645\u0634\u0645\u0648\u0644\u0629).\ud83e\uddf2 \u064a\u0645\u0643\u0646 \u062a\u062b\u0628\u064a\u062a\u0647 \u0639\u0644\u0649 \u0627\u0644\u0623\u0633\u0637\u062d \u0627\u0644\u0645\u0639\u062f\u0646\u064a\u0629 \u0628\u0641\u0636\u0644 \u0627\u0644\u0645\u063a\u0646\u0627\u0637\u064a\u0633.\ud83e\uddf0 \u062a\u0631\u0643\u064a\u0628 \u0633\u0647\u0644 \u0628\u0644\u0635\u0642 \u0623\u0648 \u0628\u0631\u0627\u063a\u064a.\ud83d\udd04 \u062f\u0648\u0631\u0627\u0646 360\u00b0 \u0644\u062a\u0648\u062c\u064a\u0647 \u0627\u0644\u0636\u0648\u0621 \u062d\u0633\u0628 \u0627\u0644\u062d\u0627\u062c\u0629.\ud83c\udfe0 \u0645\u062b\u0627\u0644\u064a \u0644\u0644\u062e\u0632\u0627\u0626\u0646\u060c \u0627\u0644\u0633\u0644\u0627\u0644\u0645\u060c \u0623\u0648 \u0643\u0645\u0635\u0628\u0627\u062d \u0644\u064a\u0644\u064a.<\/p>","protected":false},"featured_media":53468,"comment_status":"open","ping_status":"closed","template":"","meta":[],"product_brand":[],"product_cat":[2463],"product_tag":[],"class_list":{"0":"post-53469","1":"product","2":"type-product","3":"status-publish","4":"has-post-thumbnail","6":"product_cat-electronique","8":"first","9":"instock","10":"sale","11":"taxable","12":"shipping-taxable","13":"purchasable","14":"product-type-simple"},"jetpack_sharing_enabled":true,"_links":{"self":[{"href":"https:\/\/shoponlinedz.com\/en\/wp-json\/wp\/v2\/product\/53469","targetHints":{"allow":["GET"]}}],"collection":[{"href":"https:\/\/shoponlinedz.com\/en\/wp-json\/wp\/v2\/product"}],"about":[{"href":"https:\/\/shoponlinedz.com\/en\/wp-json\/wp\/v2\/types\/product"}],"replies":[{"embeddable":true,"href":"https:\/\/shoponlinedz.com\/en\/wp-json\/wp\/v2\/comments?post=53469"}],"version-history":[{"count":0,"href":"https:\/\/shoponlinedz.com\/en\/wp-json\/wp\/v2\/product\/53469\/revisions"}],"wp:featuredmedia":[{"embeddable":true,"href":"https:\/\/shoponlinedz.com\/en\/wp-json\/wp\/v2\/media\/53468"}],"wp:attachment":[{"href":"https:\/\/shoponlinedz.com\/en\/wp-json\/wp\/v2\/media?parent=53469"}],"wp:term":[{"taxonomy":"product_brand","embeddable":true,"href":"https:\/\/shoponlinedz.com\/en\/wp-json\/wp\/v2\/product_brand?post=53469"},{"taxonomy":"product_cat","embeddable":true,"href":"https:\/\/shoponlinedz.com\/en\/wp-json\/wp\/v2\/product_cat?post=53469"},{"taxonomy":"product_tag","embeddable":true,"href":"https:\/\/shoponlinedz.com\/en\/wp-json\/wp\/v2\/product_tag?post=53469"}],"curies":[{"name":"wp","href":"https:\/\/api.w.org\/{rel}","templated":true}]}}