{"id":53422,"date":"2026-01-06T12:55:14","date_gmt":"2026-01-06T12:55:14","guid":{"rendered":"https:\/\/shoponlinedz.com\/product\/brosse-a-dents-electrique-sonique-6-modes-reglables-avec-4-tetes-%d9%81%d8%b1%d8%b4%d8%a7%d8%a9-%d8%a3%d8%b3%d9%86%d8%a7%d9%86\/"},"modified":"2026-01-28T11:56:36","modified_gmt":"2026-01-28T11:56:36","slug":"brosse-a-dents-electrique-sonique-6-modes-reglables-avec-4-tetes-%d9%81%d8%b1%d8%b4%d8%a7%d8%a9-%d8%a3%d8%b3%d9%86%d8%a7%d9%86","status":"publish","type":"product","link":"https:\/\/shoponlinedz.com\/en\/product\/brosse-a-dents-electrique-sonique-6-modes-reglables-avec-4-tetes-%d9%81%d8%b1%d8%b4%d8%a7%d8%a9-%d8%a3%d8%b3%d9%86%d8%a7%d9%86\/","title":{"rendered":"Brosse \u00e0 dents \u00e9lectrique sonique 6 modes r\u00e9glables avec 4 t\u00eates \u2013 \u0641\u0631\u0634\u0627\u0629 \u0623\u0633\u0646\u0627\u0646"},"content":{"rendered":"<figure class=\"attachment attachment--preview\" data-trix-attachment=\"{&quot;contentType&quot;:&quot;image&quot;,&quot;height&quot;:1024,&quot;url&quot;:&quot;https:\/\/sawaqli.fra1.cdn.digitaloceanspaces.com\/45657\/DYCROL-CNC.jpg&quot;,&quot;width&quot;:1024}\" data-trix-content-type=\"image\"><img decoding=\"async\" class=\"aligncenter\" src=\"https:\/\/sawaqli.fra1.cdn.digitaloceanspaces.com\/45657\/DYCROL-CNC.jpg\" width=\"1024\" height=\"1024\" \/><figcaption class=\"attachment__caption\"><\/figcaption><\/figure>\n<figure class=\"attachment attachment--preview\" data-trix-attachment=\"{&quot;contentType&quot;:&quot;image&quot;,&quot;height&quot;:1024,&quot;url&quot;:&quot;https:\/\/sawaqli.fra1.cdn.digitaloceanspaces.com\/45658\/DYCROL-1.jpg&quot;,&quot;width&quot;:1024}\" data-trix-content-type=\"image\"><img decoding=\"async\" class=\"aligncenter\" src=\"https:\/\/sawaqli.fra1.cdn.digitaloceanspaces.com\/45658\/DYCROL-1.jpg\" width=\"1024\" height=\"1024\" \/><figcaption class=\"attachment__caption\"><\/figcaption><\/figure>\n<figure class=\"attachment attachment--preview\" data-trix-attachment=\"{&quot;contentType&quot;:&quot;image&quot;,&quot;height&quot;:1024,&quot;url&quot;:&quot;https:\/\/sawaqli.fra1.cdn.digitaloceanspaces.com\/45659\/DYCROL-2.jpg&quot;,&quot;width&quot;:1024}\" data-trix-content-type=\"image\"><img decoding=\"async\" class=\"aligncenter\" src=\"https:\/\/sawaqli.fra1.cdn.digitaloceanspaces.com\/45659\/DYCROL-2.jpg\" width=\"1024\" height=\"1024\" \/><figcaption class=\"attachment__caption\"><\/figcaption><\/figure>\n<figure class=\"attachment attachment--preview\" data-trix-attachment=\"{&quot;contentType&quot;:&quot;image&quot;,&quot;height&quot;:1024,&quot;url&quot;:&quot;https:\/\/sawaqli.fra1.cdn.digitaloceanspaces.com\/45660\/DYCROL-4.jpg&quot;,&quot;width&quot;:1024}\" data-trix-content-type=\"image\"><img decoding=\"async\" class=\"aligncenter\" src=\"https:\/\/sawaqli.fra1.cdn.digitaloceanspaces.com\/45660\/DYCROL-4.jpg\" width=\"1024\" height=\"1024\" \/><figcaption class=\"attachment__caption\"><\/figcaption><\/figure>\n<figure class=\"attachment attachment--preview\" data-trix-attachment=\"{&quot;contentType&quot;:&quot;image&quot;,&quot;height&quot;:1024,&quot;url&quot;:&quot;https:\/\/sawaqli.fra1.cdn.digitaloceanspaces.com\/45681\/DD333.jpg&quot;,&quot;width&quot;:1024}\" data-trix-content-type=\"image\"><img decoding=\"async\" class=\"aligncenter\" src=\"https:\/\/sawaqli.fra1.cdn.digitaloceanspaces.com\/45681\/DD333.jpg\" width=\"1024\" height=\"1024\" \/><figcaption class=\"attachment__caption\"><\/figcaption><\/figure>\n<p style=\"text-align: center;\">","protected":false},"excerpt":{"rendered":"<p>\ud83e\uddb7 \u0641\u0631\u0634\u0627\u0629 \u0623\u0633\u0646\u0627\u0646 \u0643\u0647\u0631\u0628\u0627\u0626\u064a\u0629 DYCROL \u2013 \u0627\u0644\u0639\u0646\u0627\u064a\u0629 \u0627\u0644\u0645\u062b\u0627\u0644\u064a\u0629 \u0644\u0627\u0628\u062a\u0633\u0627\u0645\u062a\u0643!\u062a\u0642\u0646\u064a\u0629 \u0635\u0648\u062a\u064a\u0629 \u0645\u062a\u0637\u0648\u0631\u0629 \u0644\u062a\u0646\u0638\u064a\u0641 \u0639\u0645\u064a\u0642 \u0648\u0644\u062b\u0629 \u0635\u062d\u064a\u0629.\u0627\u0644\u0645\u0645\u064a\u0632\u0627\u062a:\ud83c\udf00 6 \u0623\u0648\u0636\u0627\u0639 \u062a\u0646\u0638\u064a\u0641 \u0630\u0643\u064a\u0629: \u062d\u0633\u0628 \u0646\u0648\u0639 \u0627\u0644\u0644\u062b\u0629 \u0648\u0627\u062d\u062a\u064a\u0627\u062c\u0643.\u23f1\ufe0f \u0645\u0624\u0642\u062a \u0630\u0643\u064a: \u062a\u0630\u0643\u064a\u0631 \u0643\u0644 30 \u062b\u0627\u0646\u064a\u0629 \u0648\u062a\u0648\u0642\u0641 \u062a\u0644\u0642\u0627\u0626\u064a \u0628\u0639\u062f \u062f\u0642\u064a\u0642\u062a\u064a\u0646.\ud83e\udea5 4 \u0631\u0624\u0648\u0633 \u0641\u0631\u0634\u0627\u0629 \u062a\u062f\u0648\u0645 12 \u0634\u0647\u0631\u064b\u0627.\ud83e\uddf3 \u0639\u0644\u0628\u0629 \u0633\u0641\u0631 \u0635\u0644\u0628\u0629 \u0648\u0623\u0646\u064a\u0642\u0629.\ud83d\udca7 \u0645\u0642\u0627\u0648\u0645\u0629 \u0644\u0644\u0645\u0627\u0621 IPX7: \u0622\u0645\u0646\u0629 \u0644\u0644\u0627\u0633\u062a\u062d\u0645\u0627\u0645.\ud83d\udd0b \u062a\u0634\u062d\u0646 \u0641\u064a \u0633\u0627\u0639\u062a\u064a\u0646 \u0648\u062a\u062f\u0648\u0645 \u062d\u062a\u0649 50 \u064a\u0648\u0645\u064b\u0627.<\/p>","protected":false},"featured_media":53421,"comment_status":"open","ping_status":"closed","template":"","meta":[],"product_brand":[],"product_cat":[2463],"product_tag":[],"class_list":{"0":"post-53422","1":"product","2":"type-product","3":"status-publish","4":"has-post-thumbnail","6":"product_cat-electronique","8":"first","9":"instock","10":"sale","11":"taxable","12":"shipping-taxable","13":"purchasable","14":"product-type-simple"},"jetpack_sharing_enabled":true,"_links":{"self":[{"href":"https:\/\/shoponlinedz.com\/en\/wp-json\/wp\/v2\/product\/53422","targetHints":{"allow":["GET"]}}],"collection":[{"href":"https:\/\/shoponlinedz.com\/en\/wp-json\/wp\/v2\/product"}],"about":[{"href":"https:\/\/shoponlinedz.com\/en\/wp-json\/wp\/v2\/types\/product"}],"replies":[{"embeddable":true,"href":"https:\/\/shoponlinedz.com\/en\/wp-json\/wp\/v2\/comments?post=53422"}],"version-history":[{"count":0,"href":"https:\/\/shoponlinedz.com\/en\/wp-json\/wp\/v2\/product\/53422\/revisions"}],"wp:featuredmedia":[{"embeddable":true,"href":"https:\/\/shoponlinedz.com\/en\/wp-json\/wp\/v2\/media\/53421"}],"wp:attachment":[{"href":"https:\/\/shoponlinedz.com\/en\/wp-json\/wp\/v2\/media?parent=53422"}],"wp:term":[{"taxonomy":"product_brand","embeddable":true,"href":"https:\/\/shoponlinedz.com\/en\/wp-json\/wp\/v2\/product_brand?post=53422"},{"taxonomy":"product_cat","embeddable":true,"href":"https:\/\/shoponlinedz.com\/en\/wp-json\/wp\/v2\/product_cat?post=53422"},{"taxonomy":"product_tag","embeddable":true,"href":"https:\/\/shoponlinedz.com\/en\/wp-json\/wp\/v2\/product_tag?post=53422"}],"curies":[{"name":"wp","href":"https:\/\/api.w.org\/{rel}","templated":true}]}}