{"id":53239,"date":"2026-01-05T19:06:37","date_gmt":"2026-01-05T19:06:37","guid":{"rendered":"https:\/\/shoponlinedz.com\/product\/support-mobile-pour-machine-a-laver-et-refrigerateur-%d9%86%d8%a7%d9%82%d9%84-%d8%a3%d8%ac%d9%87%d8%b2%d8%a9-%d9%83%d9%87%d8%b1%d9%88%d9%85%d9%86%d8%b2%d9%84%d9%8a%d8%a9-%d9%88%d8%a3%d8%ab\/"},"modified":"2026-01-28T11:56:39","modified_gmt":"2026-01-28T11:56:39","slug":"support-mobile-pour-machine-a-laver-et-refrigerateur-%d9%86%d8%a7%d9%82%d9%84-%d8%a3%d8%ac%d9%87%d8%b2%d8%a9-%d9%83%d9%87%d8%b1%d9%88%d9%85%d9%86%d8%b2%d9%84%d9%8a%d8%a9-%d9%88%d8%a3%d8%ab","status":"publish","type":"product","link":"https:\/\/shoponlinedz.com\/en\/product\/support-mobile-pour-machine-a-laver-et-refrigerateur-%d9%86%d8%a7%d9%82%d9%84-%d8%a3%d8%ac%d9%87%d8%b2%d8%a9-%d9%83%d9%87%d8%b1%d9%88%d9%85%d9%86%d8%b2%d9%84%d9%8a%d8%a9-%d9%88%d8%a3%d8%ab\/","title":{"rendered":"Support Mobile pour Machine \u00e0 Laver et R\u00e9frig\u00e9rateur \u2013 \u0646\u0627\u0642\u0644 \u0623\u062c\u0647\u0632\u0629 \u0643\u0647\u0631\u0648\u0645\u0646\u0632\u0644\u064a\u0629 \u0648\u0623\u062b\u0627\u062b \u0627\u0644\u062b\u0642\u064a\u0644"},"content":{"rendered":"<figure class=\"attachment attachment--preview\" data-trix-attachment=\"{&quot;contentType&quot;:&quot;image&quot;,&quot;height&quot;:1024,&quot;url&quot;:&quot;https:\/\/sawaqli.fra1.cdn.digitaloceanspaces.com\/45646\/Fourniture-Mover-cnc.jpg&quot;,&quot;width&quot;:1024}\" data-trix-content-type=\"image\"><img decoding=\"async\" class=\"aligncenter\" src=\"https:\/\/sawaqli.fra1.cdn.digitaloceanspaces.com\/45646\/Fourniture-Mover-cnc.jpg\" width=\"1024\" height=\"1024\" \/><figcaption class=\"attachment__caption\"><\/figcaption><\/figure>\n<figure class=\"attachment attachment--preview\" data-trix-attachment=\"{&quot;contentType&quot;:&quot;image&quot;,&quot;height&quot;:1024,&quot;url&quot;:&quot;https:\/\/sawaqli.fra1.cdn.digitaloceanspaces.com\/45647\/Fourniture-Mover-7.jpg&quot;,&quot;width&quot;:1024}\" data-trix-content-type=\"image\"><img decoding=\"async\" class=\"aligncenter\" src=\"https:\/\/sawaqli.fra1.cdn.digitaloceanspaces.com\/45647\/Fourniture-Mover-7.jpg\" width=\"1024\" height=\"1024\" \/><figcaption class=\"attachment__caption\"><\/figcaption><\/figure>\n<figure class=\"attachment attachment--preview\" data-trix-attachment=\"{&quot;contentType&quot;:&quot;image&quot;,&quot;height&quot;:1024,&quot;url&quot;:&quot;https:\/\/sawaqli.fra1.cdn.digitaloceanspaces.com\/45648\/Fourniture-Mover-4.jpg&quot;,&quot;width&quot;:1024}\" data-trix-content-type=\"image\"><img decoding=\"async\" class=\"aligncenter\" src=\"https:\/\/sawaqli.fra1.cdn.digitaloceanspaces.com\/45648\/Fourniture-Mover-4.jpg\" width=\"1024\" height=\"1024\" \/><figcaption class=\"attachment__caption\"><\/figcaption><\/figure>\n<figure class=\"attachment attachment--preview\" data-trix-attachment=\"{&quot;contentType&quot;:&quot;image&quot;,&quot;height&quot;:1024,&quot;url&quot;:&quot;https:\/\/sawaqli.fra1.cdn.digitaloceanspaces.com\/45649\/Fourniture-Mover-5.jpg&quot;,&quot;width&quot;:1024}\" data-trix-content-type=\"image\"><img decoding=\"async\" class=\"aligncenter\" src=\"https:\/\/sawaqli.fra1.cdn.digitaloceanspaces.com\/45649\/Fourniture-Mover-5.jpg\" width=\"1024\" height=\"1024\" \/><figcaption class=\"attachment__caption\"><\/figcaption><\/figure>\n<figure class=\"attachment attachment--preview\" data-trix-attachment=\"{&quot;contentType&quot;:&quot;image&quot;,&quot;height&quot;:1024,&quot;url&quot;:&quot;https:\/\/sawaqli.fra1.cdn.digitaloceanspaces.com\/45650\/Fourniture-Mover-6.jpg&quot;,&quot;width&quot;:1024}\" data-trix-content-type=\"image\"><img decoding=\"async\" class=\"aligncenter\" src=\"https:\/\/sawaqli.fra1.cdn.digitaloceanspaces.com\/45650\/Fourniture-Mover-6.jpg\" width=\"1024\" height=\"1024\" \/><figcaption class=\"attachment__caption\"><\/figcaption><\/figure>\n<p style=\"text-align: center;\">","protected":false},"excerpt":{"rendered":"<p>\ud83e\uddfa \u062b\u0628\u0627\u062a \u0648\u0642\u0648\u0629 \u0644\u0643\u0644 \u0623\u062c\u0647\u0632\u062a\u0643 \u0627\u0644\u0645\u0646\u0632\u0644\u064a\u0629! \u0642\u0627\u0639\u062f\u0629 \u062f\u0639\u0645 \u0645\u062a\u062d\u0631\u0643\u0629 \u0644\u0644\u063a\u0633\u0627\u0644\u0627\u062a \u0648\u0627\u0644\u062b\u0644\u0627\u062c\u0627\u062a \ud83d\udee1\ufe0f \u0642\u0627\u0639\u062f\u0629 \u0645\u062c\u0647\u0632\u0629 \u0628\u0642\u062f\u0645 \u0645\u0637\u0627\u0637\u064a\u0629 \u0645\u0639 \u062e\u0627\u0635\u064a\u0629 \u0627\u0644\u0634\u0641\u0637 \u0644\u0645\u0646\u0639 \u0627\u0644\u0627\u0646\u0632\u0644\u0627\u0642 \u0648\u062a\u0642\u0644\u064a\u0644 \u0627\u0644\u0627\u0647\u062a\u0632\u0627\u0632\u0627\u062a \u0648\u0627\u0644\u0636\u0648\u0636\u0627\u0621. \u2699\ufe0f \u0627\u0631\u062a\u0641\u0627\u0639 \u062b\u0627\u0628\u062a 4 \u0633\u0645 \u0644\u0645\u0632\u064a\u062f \u0645\u0646 \u0627\u0644\u062b\u0628\u0627\u062a. \ud83d\udcaa \u062a\u062a\u062d\u0645\u0644 \u0648\u0632\u0646\u064b\u0627 \u064a\u0635\u0644 \u0625\u0644\u0649 300 \u0643\u063a\u060c \u0648\u062a\u064f\u0633\u062a\u062e\u062f\u0645 \u0644\u0644\u063a\u0633\u0627\u0644\u0627\u062a\u060c \u0627\u0644\u062b\u0644\u0627\u062c\u0627\u062a\u060c \u0627\u0644\u0645\u062c\u0641\u0641\u0627\u062a\u060c \u0627\u0644\u0623\u0631\u0627\u0626\u0643\u060c \u0648\u062e\u0632\u0627\u0626\u0646 \u0627\u0644\u062a\u062e\u0632\u064a\u0646. \ud83d\udccf \u0627\u0644\u0637\u0648\u0644 \u0627\u0644\u0642\u0627\u0628\u0644 \u0644\u0644\u062a\u0639\u062f\u064a\u0644: 45-70 \u0633\u0645 \u2013 \u0627\u0644\u0639\u0631\u0636: 5 \u0633\u0645 \ud83c\udfa8 \u0623\u0644\u0648\u0627\u0646 \u0645\u062a\u0648\u0641\u0631\u0629: \u0623\u0628\u064a\u0636 \u2013 \u0641\u0636\u064a<\/p>","protected":false},"featured_media":53238,"comment_status":"open","ping_status":"closed","template":"","meta":[],"product_brand":[],"product_cat":[2455],"product_tag":[],"class_list":{"0":"post-53239","1":"product","2":"type-product","3":"status-publish","4":"has-post-thumbnail","6":"product_cat-maison","8":"first","9":"instock","10":"sale","11":"taxable","12":"shipping-taxable","13":"purchasable","14":"product-type-simple"},"jetpack_sharing_enabled":true,"_links":{"self":[{"href":"https:\/\/shoponlinedz.com\/en\/wp-json\/wp\/v2\/product\/53239","targetHints":{"allow":["GET"]}}],"collection":[{"href":"https:\/\/shoponlinedz.com\/en\/wp-json\/wp\/v2\/product"}],"about":[{"href":"https:\/\/shoponlinedz.com\/en\/wp-json\/wp\/v2\/types\/product"}],"replies":[{"embeddable":true,"href":"https:\/\/shoponlinedz.com\/en\/wp-json\/wp\/v2\/comments?post=53239"}],"version-history":[{"count":0,"href":"https:\/\/shoponlinedz.com\/en\/wp-json\/wp\/v2\/product\/53239\/revisions"}],"wp:featuredmedia":[{"embeddable":true,"href":"https:\/\/shoponlinedz.com\/en\/wp-json\/wp\/v2\/media\/53238"}],"wp:attachment":[{"href":"https:\/\/shoponlinedz.com\/en\/wp-json\/wp\/v2\/media?parent=53239"}],"wp:term":[{"taxonomy":"product_brand","embeddable":true,"href":"https:\/\/shoponlinedz.com\/en\/wp-json\/wp\/v2\/product_brand?post=53239"},{"taxonomy":"product_cat","embeddable":true,"href":"https:\/\/shoponlinedz.com\/en\/wp-json\/wp\/v2\/product_cat?post=53239"},{"taxonomy":"product_tag","embeddable":true,"href":"https:\/\/shoponlinedz.com\/en\/wp-json\/wp\/v2\/product_tag?post=53239"}],"curies":[{"name":"wp","href":"https:\/\/api.w.org\/{rel}","templated":true}]}}