{"id":53174,"date":"2026-01-05T19:03:49","date_gmt":"2026-01-05T19:03:49","guid":{"rendered":"https:\/\/shoponlinedz.com\/product\/phonographe-trompette-doree-et-boite-a-bijoux-decorative-%d8%b5%d9%86%d8%af%d9%88%d9%82-%d9%85%d9%88%d8%b3%d9%8a%d9%82%d9%8a\/"},"modified":"2026-01-28T11:56:40","modified_gmt":"2026-01-28T11:56:40","slug":"phonographe-trompette-doree-et-boite-a-bijoux-decorative-%d8%b5%d9%86%d8%af%d9%88%d9%82-%d9%85%d9%88%d8%b3%d9%8a%d9%82%d9%8a","status":"publish","type":"product","link":"https:\/\/shoponlinedz.com\/en\/product\/phonographe-trompette-doree-et-boite-a-bijoux-decorative-%d8%b5%d9%86%d8%af%d9%88%d9%82-%d9%85%d9%88%d8%b3%d9%8a%d9%82%d9%8a\/","title":{"rendered":"Phonographe trompette dor\u00e9e et bo\u00eete \u00e0 Bijoux D\u00e9corative \u2013 \u0635\u0646\u062f\u0648\u0642 \u0645\u0648\u0633\u064a\u0642\u064a"},"content":{"rendered":"<figure class=\"attachment attachment--preview\" data-trix-attachment=\"{&quot;contentType&quot;:&quot;image&quot;,&quot;height&quot;:1024,&quot;url&quot;:&quot;https:\/\/sawaqli.fra1.cdn.digitaloceanspaces.com\/45949\/music-box.jpg&quot;,&quot;width&quot;:1024}\" data-trix-content-type=\"image\"><img decoding=\"async\" class=\"aligncenter\" src=\"https:\/\/sawaqli.fra1.cdn.digitaloceanspaces.com\/45949\/music-box.jpg\" width=\"1024\" height=\"1024\" \/><figcaption class=\"attachment__caption\"><\/figcaption><\/figure>\n<figure class=\"attachment attachment--preview\" data-trix-attachment=\"{&quot;contentType&quot;:&quot;image&quot;,&quot;height&quot;:1024,&quot;url&quot;:&quot;https:\/\/sawaqli.fra1.cdn.digitaloceanspaces.com\/45950\/Phonographe-trompette-7.jpg&quot;,&quot;width&quot;:1024}\" data-trix-content-type=\"image\"><img decoding=\"async\" class=\"aligncenter\" src=\"https:\/\/sawaqli.fra1.cdn.digitaloceanspaces.com\/45950\/Phonographe-trompette-7.jpg\" width=\"1024\" height=\"1024\" \/><figcaption class=\"attachment__caption\"><\/figcaption><\/figure>\n<figure class=\"attachment attachment--preview\" data-trix-attachment=\"{&quot;contentType&quot;:&quot;image&quot;,&quot;height&quot;:1024,&quot;url&quot;:&quot;https:\/\/sawaqli.fra1.cdn.digitaloceanspaces.com\/45951\/Phonographe-trompette-9.jpg&quot;,&quot;width&quot;:1024}\" data-trix-content-type=\"image\"><img decoding=\"async\" class=\"aligncenter\" src=\"https:\/\/sawaqli.fra1.cdn.digitaloceanspaces.com\/45951\/Phonographe-trompette-9.jpg\" width=\"1024\" height=\"1024\" \/><figcaption class=\"attachment__caption\"><\/figcaption><\/figure>\n<figure class=\"attachment attachment--preview\" data-trix-attachment=\"{&quot;contentType&quot;:&quot;image&quot;,&quot;height&quot;:1024,&quot;url&quot;:&quot;https:\/\/sawaqli.fra1.cdn.digitaloceanspaces.com\/45952\/Phonographe-trompette-3.jpg&quot;,&quot;width&quot;:1024}\" data-trix-content-type=\"image\"><img decoding=\"async\" class=\"aligncenter\" src=\"https:\/\/sawaqli.fra1.cdn.digitaloceanspaces.com\/45952\/Phonographe-trompette-3.jpg\" width=\"1024\" height=\"1024\" \/><figcaption class=\"attachment__caption\"><\/figcaption><\/figure>\n<figure class=\"attachment attachment--preview\" data-trix-attachment=\"{&quot;contentType&quot;:&quot;image&quot;,&quot;height&quot;:1024,&quot;url&quot;:&quot;https:\/\/sawaqli.fra1.cdn.digitaloceanspaces.com\/45953\/Phonographe-trompette-4.jpg&quot;,&quot;width&quot;:1024}\" data-trix-content-type=\"image\"><img decoding=\"async\" class=\"aligncenter\" src=\"https:\/\/sawaqli.fra1.cdn.digitaloceanspaces.com\/45953\/Phonographe-trompette-4.jpg\" width=\"1024\" height=\"1024\" \/><figcaption class=\"attachment__caption\"><\/figcaption><\/figure>\n<p style=\"text-align: center;\">","protected":false},"excerpt":{"rendered":"<p>\ud83c\udfb5 \u0635\u0646\u062f\u0648\u0642 \u0645\u0648\u0633\u064a\u0642\u0649 \u0643\u0644\u0627\u0633\u064a\u0643\u064a \u0628\u062a\u0635\u0645\u064a\u0645 \u0641\u0648\u0646\u0648\u063a\u0631\u0627\u0641 \u2705 \u062a\u0634\u063a\u064a\u0644 \u064a\u062f\u0648\u064a \u0628\u062f\u0648\u0646 \u0628\u0637\u0627\u0631\u064a\u0627\u062a \u0644\u0627 \u064a\u062d\u062a\u0627\u062c \u0625\u0644\u0649 \u0628\u0637\u0627\u0631\u064a\u0627\u062a! \u0641\u0642\u0637 \u0642\u0645 \u0628\u0644\u0641 \u0627\u0644\u0646\u0627\u0628\u0636 \u0628\u0631\u0641\u0642 \u0628\u0627\u062a\u062c\u0627\u0647 \u0639\u0642\u0627\u0631\u0628 \u0627\u0644\u0633\u0627\u0639\u0629\u060c \u062b\u0645 \u0627\u0641\u062a\u062d \u062f\u0631\u062c \u0627\u0644\u062a\u0634\u063a\u064a\u0644 \u0644\u0644\u0627\u0633\u062a\u0645\u062a\u0627\u0639 \u0628\u0627\u0644\u0645\u0648\u0633\u064a\u0642\u0649 \u0627\u0644\u0643\u0644\u0627\u0633\u064a\u0643\u064a\u0629 \u0627\u0644\u062c\u0645\u064a\u0644\u0629.\ud83c\udfbc \u062a\u0635\u0645\u064a\u0645 \u0641\u0627\u062e\u0631 \u0648\u062c\u0630\u0627\u0628 \u0635\u0646\u062f\u0648\u0642 \u0645\u0648\u0633\u064a\u0642\u0649 \u0628\u062a\u0635\u0645\u064a\u0645 \u0641\u0648\u0646\u0648\u063a\u0631\u0627\u0641 \u0623\u0646\u064a\u0642 \u064a\u0645\u0643\u0646 \u0648\u0636\u0639\u0647 \u0641\u064a \u063a\u0631\u0641\u0629 \u0627\u0644\u0646\u0648\u0645 \u0623\u0648 \u063a\u0631\u0641\u0629 \u0627\u0644\u0645\u0639\u064a\u0634\u0629 \u0643\u0642\u0637\u0639\u0629 \u062f\u064a\u0643\u0648\u0631 \u0641\u0631\u064a\u062f\u0629. \u064a\u062d\u062a\u0648\u064a \u0639\u0644\u0649 \u062f\u0631\u062c \u0635\u063a\u064a\u0631 \u064a\u0645\u0643\u0646 \u0627\u0633\u062a\u062e\u062f\u0627\u0645\u0647 \u0644\u062a\u062e\u0632\u064a\u0646 \u0627\u0644\u0625\u0643\u0633\u0633\u0648\u0627\u0631\u0627\u062a \u0645\u062b\u0644 \u0627\u0644\u0623\u0642\u0631\u0627\u0637 \u0623\u0648 \u0627\u0644\u062e\u0648\u0627\u062a\u0645.\ud83c\udf81 \u0647\u062f\u064a\u0629 \u0645\u062b\u0627\u0644\u064a\u0629 \u0645\u0635\u0646\u0648\u0639 \u0645\u0646 \u0645\u0627\u062f\u0629 ABS \u0639\u0627\u0644\u064a\u0629 \u0627\u0644\u062c\u0648\u062f\u0629\u060c \u0648\u064a\u062a\u0645\u064a\u0632 \u0628\u0646\u0642\u0648\u0634 \u062f\u0642\u064a\u0642\u0629 \u0648\u0645\u0648\u0633\u064a\u0642\u0649 \u0648\u0627\u0636\u062d\u0629. \u062e\u064a\u0627\u0631 \u0631\u0627\u0626\u0639 \u0644\u0645\u0646 \u064a\u0642\u062f\u0631\u0648\u0646 \u0627\u0644\u0630\u0648\u0642 \u0627\u0644\u0643\u0644\u0627\u0633\u064a\u0643\u064a \u0648\u0627\u0644\u0645\u0648\u0633\u064a\u0642\u0649 \u0627\u0644\u0631\u0627\u0642\u064a\u0629<\/p>","protected":false},"featured_media":53173,"comment_status":"open","ping_status":"closed","template":"","meta":[],"product_brand":[],"product_cat":[2460],"product_tag":[],"class_list":{"0":"post-53174","1":"product","2":"type-product","3":"status-publish","4":"has-post-thumbnail","6":"product_cat-decoration","8":"first","9":"instock","10":"sale","11":"taxable","12":"shipping-taxable","13":"purchasable","14":"product-type-simple"},"jetpack_sharing_enabled":true,"_links":{"self":[{"href":"https:\/\/shoponlinedz.com\/en\/wp-json\/wp\/v2\/product\/53174","targetHints":{"allow":["GET"]}}],"collection":[{"href":"https:\/\/shoponlinedz.com\/en\/wp-json\/wp\/v2\/product"}],"about":[{"href":"https:\/\/shoponlinedz.com\/en\/wp-json\/wp\/v2\/types\/product"}],"replies":[{"embeddable":true,"href":"https:\/\/shoponlinedz.com\/en\/wp-json\/wp\/v2\/comments?post=53174"}],"version-history":[{"count":0,"href":"https:\/\/shoponlinedz.com\/en\/wp-json\/wp\/v2\/product\/53174\/revisions"}],"wp:featuredmedia":[{"embeddable":true,"href":"https:\/\/shoponlinedz.com\/en\/wp-json\/wp\/v2\/media\/53173"}],"wp:attachment":[{"href":"https:\/\/shoponlinedz.com\/en\/wp-json\/wp\/v2\/media?parent=53174"}],"wp:term":[{"taxonomy":"product_brand","embeddable":true,"href":"https:\/\/shoponlinedz.com\/en\/wp-json\/wp\/v2\/product_brand?post=53174"},{"taxonomy":"product_cat","embeddable":true,"href":"https:\/\/shoponlinedz.com\/en\/wp-json\/wp\/v2\/product_cat?post=53174"},{"taxonomy":"product_tag","embeddable":true,"href":"https:\/\/shoponlinedz.com\/en\/wp-json\/wp\/v2\/product_tag?post=53174"}],"curies":[{"name":"wp","href":"https:\/\/api.w.org\/{rel}","templated":true}]}}