{"id":53116,"date":"2026-01-05T19:01:38","date_gmt":"2026-01-05T19:01:38","guid":{"rendered":"https:\/\/shoponlinedz.com\/product\/fake-camera-et-lampe-solaire-avec-detecteur-de-mouvement-%d9%85%d8%b5%d8%a8%d8%a7%d8%ad-%d8%b9%d9%84%d9%89-%d8%b4%d9%83%d9%84-%d9%83%d8%a7%d9%85%d9%8a%d8%b1%d8%a9\/"},"modified":"2026-01-28T11:56:41","modified_gmt":"2026-01-28T11:56:41","slug":"fake-camera-et-lampe-solaire-avec-detecteur-de-mouvement-%d9%85%d8%b5%d8%a8%d8%a7%d8%ad-%d8%b9%d9%84%d9%89-%d8%b4%d9%83%d9%84-%d9%83%d8%a7%d9%85%d9%8a%d8%b1%d8%a9","status":"publish","type":"product","link":"https:\/\/shoponlinedz.com\/en\/product\/fake-camera-et-lampe-solaire-avec-detecteur-de-mouvement-%d9%85%d8%b5%d8%a8%d8%a7%d8%ad-%d8%b9%d9%84%d9%89-%d8%b4%d9%83%d9%84-%d9%83%d8%a7%d9%85%d9%8a%d8%b1%d8%a9\/","title":{"rendered":"Fake Camera et Lampe Solaire avec D\u00e9tecteur de Mouvement \u2013 \u0645\u0635\u0628\u0627\u062d \u0639\u0644\u0649 \u0634\u0643\u0644 \u0643\u0627\u0645\u064a\u0631\u0629"},"content":{"rendered":"<figure class=\"attachment attachment--preview\" data-trix-attachment=\"{&quot;contentType&quot;:&quot;image&quot;,&quot;height&quot;:1024,&quot;url&quot;:&quot;https:\/\/sawaqli.fra1.cdn.digitaloceanspaces.com\/46024\/solar1.jpg&quot;,&quot;width&quot;:1024}\" data-trix-content-type=\"image\"><img decoding=\"async\" class=\"aligncenter\" src=\"https:\/\/sawaqli.fra1.cdn.digitaloceanspaces.com\/46024\/solar1.jpg\" width=\"1024\" height=\"1024\" \/><figcaption class=\"attachment__caption\"><\/figcaption><\/figure>\n<figure class=\"attachment attachment--preview\" data-trix-attachment=\"{&quot;contentType&quot;:&quot;image&quot;,&quot;height&quot;:1024,&quot;url&quot;:&quot;https:\/\/sawaqli.fra1.cdn.digitaloceanspaces.com\/46025\/solar11.jpg&quot;,&quot;width&quot;:1024}\" data-trix-content-type=\"image\"><img decoding=\"async\" class=\"aligncenter\" src=\"https:\/\/sawaqli.fra1.cdn.digitaloceanspaces.com\/46025\/solar11.jpg\" width=\"1024\" height=\"1024\" \/><figcaption class=\"attachment__caption\"><\/figcaption><\/figure>\n<figure class=\"attachment attachment--preview\" data-trix-attachment=\"{&quot;contentType&quot;:&quot;image&quot;,&quot;height&quot;:1024,&quot;url&quot;:&quot;https:\/\/sawaqli.fra1.cdn.digitaloceanspaces.com\/46026\/solar1111.jpg&quot;,&quot;width&quot;:1024}\" data-trix-content-type=\"image\"><img decoding=\"async\" class=\"aligncenter\" src=\"https:\/\/sawaqli.fra1.cdn.digitaloceanspaces.com\/46026\/solar1111.jpg\" width=\"1024\" height=\"1024\" \/><figcaption class=\"attachment__caption\"><\/figcaption><\/figure>\n<figure class=\"attachment attachment--preview\" data-trix-attachment=\"{&quot;contentType&quot;:&quot;image&quot;,&quot;height&quot;:1024,&quot;url&quot;:&quot;https:\/\/sawaqli.fra1.cdn.digitaloceanspaces.com\/46027\/solar111.jpg&quot;,&quot;width&quot;:1024}\" data-trix-content-type=\"image\"><img decoding=\"async\" class=\"aligncenter\" src=\"https:\/\/sawaqli.fra1.cdn.digitaloceanspaces.com\/46027\/solar111.jpg\" width=\"1024\" height=\"1024\" \/><figcaption class=\"attachment__caption\"><\/figcaption><\/figure>\n<figure class=\"attachment attachment--preview\" data-trix-attachment=\"{&quot;contentType&quot;:&quot;image&quot;,&quot;height&quot;:1024,&quot;url&quot;:&quot;https:\/\/sawaqli.fra1.cdn.digitaloceanspaces.com\/46028\/solar11111.jpg&quot;,&quot;width&quot;:1024}\" data-trix-content-type=\"image\"><img decoding=\"async\" class=\"aligncenter\" src=\"https:\/\/sawaqli.fra1.cdn.digitaloceanspaces.com\/46028\/solar11111.jpg\" width=\"1024\" height=\"1024\" \/><figcaption class=\"attachment__caption\"><\/figcaption><\/figure>\n<p style=\"text-align: center;\">","protected":false},"excerpt":{"rendered":"<p>\ud83c\udf1e \u0645\u0635\u0628\u0627\u062d \u062c\u062f\u0627\u0631\u064a \u0630\u0643\u064a \u0628\u0627\u0644\u0637\u0627\u0642\u0629 \u0627\u0644\u0634\u0645\u0633\u064a\u0629 \u2013 \u0625\u0646\u0627\u0631\u0629 \u0645\u062a\u0637\u0648\u0631\u0629 \u0644\u0644\u062d\u062f\u064a\u0642\u0629 \u0648\u0627\u0644\u0645\u0646\u0632\u0644\ud83e\udde0 \u062a\u062d\u0643\u0645 \u0630\u0643\u064a: \u0645\u0633\u062a\u0634\u0639\u0631 \u0636\u0648\u0621 + \u062c\u0647\u0627\u0632 \u062a\u062d\u0643\u0645 \u0639\u0646 \u0628\u0639\u062f + \u0623\u0648\u0636\u0627\u0639 \u0630\u0643\u064a\u0629 \u0645\u062a\u0639\u062f\u062f\u0629. \ud83d\udd0b \u0634\u062d\u0646 \u0633\u0631\u064a\u0639: \u0644\u0648\u062d\u0629 \u0634\u0645\u0633\u064a\u0629 \u0645\u0637\u0648\u0631\u0629 \u0644\u0636\u0645\u0627\u0646 \u0634\u062d\u0646 \u0633\u0631\u064a\u0639 \u0648\u0641\u0639\u0627\u0644. \ud83d\udca1 3 \u0623\u0648\u0636\u0627\u0639 \u0644\u0644\u0625\u0646\u0627\u0631\u0629:\u0636\u0648\u0621 \u0642\u0648\u064a \u0639\u0646\u062f \u0627\u0643\u062a\u0634\u0627\u0641 \u0627\u0644\u062d\u0631\u0643\u0629 \u062b\u0645 \u0625\u064a\u0642\u0627\u0641.\u0636\u0648\u0621 \u0642\u0648\u064a \u0639\u0646\u062f \u0627\u0644\u062d\u0631\u0643\u0629\u060c \u062b\u0645 \u062e\u0627\u0641\u062a \u0628\u0639\u062f 30 \u062b\u0627\u0646\u064a\u0629.\u0625\u0646\u0627\u0631\u0629 \u062e\u0627\u0641\u062a\u0629 \u062f\u0627\u0626\u0645\u0629. \u2614 \u0645\u0642\u0627\u0648\u0645\u0629 \u0644\u0644\u0645\u0627\u0621 IP65: \u0645\u0642\u0627\u0648\u0645\u0629 \u0645\u0645\u062a\u0627\u0632\u0629 \u0644\u0644\u0645\u0637\u0631 \u0645\u0639 \u0628\u0637\u0627\u0631\u064a\u0629 \u0642\u0648\u064a\u0629 \u0644\u0636\u0645\u0627\u0646 \u0627\u0644\u062a\u0634\u063a\u064a\u0644 \u0623\u062b\u0646\u0627\u0621 \u0627\u0644\u0623\u064a\u0627\u0645 \u0627\u0644\u063a\u0627\u0626\u0645\u0629. \ud83d\udd04 \u0632\u0627\u0648\u064a\u0629 \u0625\u0646\u0627\u0631\u0629 \u0645\u0631\u0646\u0629: \u0631\u0623\u0633 \u0627\u0644\u0645\u0635\u0628\u0627\u062d \u064a\u062f\u0648\u0631 360\u00b0\u060c \u0648\u0645\u062f\u0649 \u0627\u0644\u062a\u062d\u0643\u0645 \u0639\u0646 \u0628\u0639\u062f \u064a\u0635\u0644 \u0625\u0644\u0649 5-8 \u0623\u0645\u062a\u0627\u0631.Nom du produit: D\u00e9tecteur de mouvement Solaire Mur LanterneNombre de perles de lampe: 66LEDPanneau solaire: Polysilicium 5.5V\/3WTemp\u00e9rature de couleur: 3500-6000KM\u00e9thode de charge: Charge solaireBatterie int\u00e9gr\u00e9e: Batterie au lithium 18650 \u00d7 1Mode de fonctionnement: 3 modes + t\u00e9l\u00e9commandeDistance d\u2019induction: 5-8mMat\u00e9riau du produit: ABS + PCQualit\u00e9 \u00e9tanche: IP65Taille du produit: 20 \u00d7 16cmCouleur: BlancNotes:1. Il peut y avoir de l\u00e9g\u00e8res diff\u00e9rences entre l\u2019image et la couleur r\u00e9elle de la marchandise. Nous ferons de notre mieux pour vous montrer la couleur exacte.2. Veuillez accepter une l\u00e9g\u00e8re diff\u00e9rence de dimension en raison de la mesure manuelle.1 \u00d7 Lumi\u00e8re de moniteur1 \u00d7 Support1 \u00d7 Sac \u00e0 vis1 \u00d7 T\u00e9l\u00e9commande<\/p>","protected":false},"featured_media":53115,"comment_status":"open","ping_status":"closed","template":"","meta":[],"product_brand":[],"product_cat":[2458],"product_tag":[],"class_list":{"0":"post-53116","1":"product","2":"type-product","3":"status-publish","4":"has-post-thumbnail","6":"product_cat-accessoires-auto-moto","8":"first","9":"instock","10":"sale","11":"taxable","12":"shipping-taxable","13":"purchasable","14":"product-type-simple"},"jetpack_sharing_enabled":true,"_links":{"self":[{"href":"https:\/\/shoponlinedz.com\/en\/wp-json\/wp\/v2\/product\/53116","targetHints":{"allow":["GET"]}}],"collection":[{"href":"https:\/\/shoponlinedz.com\/en\/wp-json\/wp\/v2\/product"}],"about":[{"href":"https:\/\/shoponlinedz.com\/en\/wp-json\/wp\/v2\/types\/product"}],"replies":[{"embeddable":true,"href":"https:\/\/shoponlinedz.com\/en\/wp-json\/wp\/v2\/comments?post=53116"}],"version-history":[{"count":0,"href":"https:\/\/shoponlinedz.com\/en\/wp-json\/wp\/v2\/product\/53116\/revisions"}],"wp:featuredmedia":[{"embeddable":true,"href":"https:\/\/shoponlinedz.com\/en\/wp-json\/wp\/v2\/media\/53115"}],"wp:attachment":[{"href":"https:\/\/shoponlinedz.com\/en\/wp-json\/wp\/v2\/media?parent=53116"}],"wp:term":[{"taxonomy":"product_brand","embeddable":true,"href":"https:\/\/shoponlinedz.com\/en\/wp-json\/wp\/v2\/product_brand?post=53116"},{"taxonomy":"product_cat","embeddable":true,"href":"https:\/\/shoponlinedz.com\/en\/wp-json\/wp\/v2\/product_cat?post=53116"},{"taxonomy":"product_tag","embeddable":true,"href":"https:\/\/shoponlinedz.com\/en\/wp-json\/wp\/v2\/product_tag?post=53116"}],"curies":[{"name":"wp","href":"https:\/\/api.w.org\/{rel}","templated":true}]}}