{"id":53110,"date":"2026-01-05T19:01:26","date_gmt":"2026-01-05T19:01:26","guid":{"rendered":"https:\/\/shoponlinedz.com\/product\/boite-a-lunch-electrique-en-inox-capacite-1-05l-%d8%b9%d9%84%d8%a8%d8%a9-%d8%aa%d8%b3%d8%ae%d9%8a%d9%86-%d8%a7%d9%84%d8%b7%d8%b9%d8%a7%d9%85-%d9%85%d9%86-%d8%a7%d9%84%d8%a5%d9%8a%d9%86%d9%88\/"},"modified":"2026-01-28T11:56:42","modified_gmt":"2026-01-28T11:56:42","slug":"boite-a-lunch-electrique-en-inox-capacite-1-05l-%d8%b9%d9%84%d8%a8%d8%a9-%d8%aa%d8%b3%d8%ae%d9%8a%d9%86-%d8%a7%d9%84%d8%b7%d8%b9%d8%a7%d9%85-%d9%85%d9%86-%d8%a7%d9%84%d8%a5%d9%8a%d9%86%d9%88","status":"publish","type":"product","link":"https:\/\/shoponlinedz.com\/en\/product\/boite-a-lunch-electrique-en-inox-capacite-1-05l-%d8%b9%d9%84%d8%a8%d8%a9-%d8%aa%d8%b3%d8%ae%d9%8a%d9%86-%d8%a7%d9%84%d8%b7%d8%b9%d8%a7%d9%85-%d9%85%d9%86-%d8%a7%d9%84%d8%a5%d9%8a%d9%86%d9%88\/","title":{"rendered":"Bo\u00eete \u00e0 lunch \u00e9lectrique en Inox Capacit\u00e9 1.05L \u2013 \u0639\u0644\u0628\u0629 \u062a\u0633\u062e\u064a\u0646 \u0627\u0644\u0637\u0639\u0627\u0645 \u0645\u0646 \u0627\u0644\u0625\u064a\u0646\u0648\u0643\u0633"},"content":{"rendered":"<figure class=\"attachment attachment--preview\" data-trix-attachment=\"{&quot;contentType&quot;:&quot;image&quot;,&quot;height&quot;:1024,&quot;url&quot;:&quot;https:\/\/sawaqli.fra1.cdn.digitaloceanspaces.com\/46045\/lunchb.jpg&quot;,&quot;width&quot;:1024}\" data-trix-content-type=\"image\"><img decoding=\"async\" class=\"aligncenter\" src=\"https:\/\/sawaqli.fra1.cdn.digitaloceanspaces.com\/46045\/lunchb.jpg\" width=\"1024\" height=\"1024\" \/><figcaption class=\"attachment__caption\"><\/figcaption><\/figure>\n<figure class=\"attachment attachment--preview\" data-trix-attachment=\"{&quot;contentType&quot;:&quot;image&quot;,&quot;height&quot;:1024,&quot;url&quot;:&quot;https:\/\/sawaqli.fra1.cdn.digitaloceanspaces.com\/46046\/Boite-manger-Inox-6.jpg&quot;,&quot;width&quot;:1024}\" data-trix-content-type=\"image\"><img decoding=\"async\" class=\"aligncenter\" src=\"https:\/\/sawaqli.fra1.cdn.digitaloceanspaces.com\/46046\/Boite-manger-Inox-6.jpg\" width=\"1024\" height=\"1024\" \/><figcaption class=\"attachment__caption\"><\/figcaption><\/figure>\n<figure class=\"attachment attachment--preview\" data-trix-attachment=\"{&quot;contentType&quot;:&quot;image&quot;,&quot;height&quot;:1024,&quot;url&quot;:&quot;https:\/\/sawaqli.fra1.cdn.digitaloceanspaces.com\/46047\/Boite-manger-Inox-5.jpg&quot;,&quot;width&quot;:1024}\" data-trix-content-type=\"image\"><img decoding=\"async\" class=\"aligncenter\" src=\"https:\/\/sawaqli.fra1.cdn.digitaloceanspaces.com\/46047\/Boite-manger-Inox-5.jpg\" width=\"1024\" height=\"1024\" \/><figcaption class=\"attachment__caption\"><\/figcaption><\/figure>\n<figure class=\"attachment attachment--preview\" data-trix-attachment=\"{&quot;contentType&quot;:&quot;image&quot;,&quot;height&quot;:1024,&quot;url&quot;:&quot;https:\/\/sawaqli.fra1.cdn.digitaloceanspaces.com\/46048\/Boite-manger-Inox-4.jpg&quot;,&quot;width&quot;:1024}\" data-trix-content-type=\"image\"><img decoding=\"async\" class=\"aligncenter\" src=\"https:\/\/sawaqli.fra1.cdn.digitaloceanspaces.com\/46048\/Boite-manger-Inox-4.jpg\" width=\"1024\" height=\"1024\" \/><figcaption class=\"attachment__caption\"><\/figcaption><\/figure>\n<figure class=\"attachment attachment--preview\" data-trix-attachment=\"{&quot;contentType&quot;:&quot;image&quot;,&quot;height&quot;:1024,&quot;url&quot;:&quot;https:\/\/sawaqli.fra1.cdn.digitaloceanspaces.com\/46049\/Boite-manger-Inox-8.jpg&quot;,&quot;width&quot;:1024}\" data-trix-content-type=\"image\"><img decoding=\"async\" class=\"aligncenter\" src=\"https:\/\/sawaqli.fra1.cdn.digitaloceanspaces.com\/46049\/Boite-manger-Inox-8.jpg\" width=\"1024\" height=\"1024\" \/><figcaption class=\"attachment__caption\"><\/figcaption><\/figure>\n<p style=\"text-align: center;\">","protected":false},"excerpt":{"rendered":"<p>\ud83c\udf71 \u0635\u0646\u062f\u0648\u0642 \u063a\u0630\u0627\u0621 \u0643\u0647\u0631\u0628\u0627\u0626\u064a \u0645\u062d\u0645\u0648\u0644 \u2013 \u0627\u0633\u062a\u0645\u062a\u0639 \u0628\u0648\u062c\u0628\u0629 \u0633\u0627\u062e\u0646\u0629 \u0641\u064a \u0623\u064a \u0648\u0642\u062a!\ud83d\udd25 \u064a\u0633\u062e\u0646 \u0627\u0644\u0637\u0639\u0627\u0645 \u0628\u0633\u0631\u0639\u0629: \u0628\u0642\u062f\u0631\u0629 80 \u0648\u0627\u0637\u060c \u064a\u0633\u062e\u0646 \u0648\u062c\u0628\u062a\u0643 \u0641\u064a 20 \u0625\u0644\u0649 30 \u062f\u0642\u064a\u0642\u0629 \u0641\u0642\u0637\u060c \u062f\u0648\u0646 \u0627\u0644\u062d\u0627\u062c\u0629 \u0644\u0645\u064a\u0643\u0631\u0648\u0648\u064a\u0641. \ud83c\udf9b\ufe0f 3 \u0641\u064a 1 \u0645\u062a\u0639\u062f\u062f \u0627\u0644\u0627\u0633\u062a\u062e\u062f\u0627\u0645\u0627\u062a: \u064a\u062f\u0639\u0645 \u0627\u0644\u062c\u0647\u062f \u0627\u0644\u0645\u062a\u0639\u062f\u062f \u0644\u0644\u0627\u0633\u062a\u062e\u062f\u0627\u0645 \u0641\u064a \u0627\u0644\u0645\u0643\u062a\u0628\u060c \u0627\u0644\u0633\u064a\u0627\u0631\u0629\u060c \u0623\u0648 \u0627\u0644\u0645\u0646\u0632\u0644. \u2705 \u0635\u062d\u064a \u0648\u0622\u0645\u0646: \u0645\u0635\u0646\u0648\u0639 \u0645\u0646 \u0627\u0644\u0641\u0648\u0644\u0627\u0630 \u0627\u0644\u0645\u0642\u0627\u0648\u0645 \u0644\u0644\u0635\u062f\u0623 \u0644\u062d\u0641\u0638 \u0627\u0644\u0637\u0639\u0627\u0645 \u0628\u0637\u0631\u064a\u0642\u0629 \u0635\u062d\u064a\u0629. \ud83e\uddfd \u0633\u0647\u0644 \u0627\u0644\u062a\u0646\u0638\u064a\u0641 \u0648\u0633\u0639\u0629 \u0643\u0628\u064a\u0631\u0629: \u0633\u0639\u0629 1.05 \u0644\u062a\u0631 \u0643\u0627\u0641\u064a\u0629 \u0644\u0648\u062c\u0628\u0629 \u0643\u0627\u0645\u0644\u0629. \u0642\u0627\u0628\u0644 \u0644\u0644\u063a\u0633\u0644 \u0641\u064a \u063a\u0633\u0627\u0644\u0629 \u0627\u0644\u0635\u062d\u0648\u0646 \u0644\u0631\u0627\u062d\u0629 \u0623\u0643\u0628\u0631. \ud83d\ude97 \u0645\u062b\u0627\u0644\u064a \u0644\u0644\u0631\u062d\u0644\u0627\u062a \u0648\u0627\u0644\u0639\u0645\u0644: \u0628\u062f\u064a\u0644 \u0631\u0627\u0626\u0639 \u0639\u0646 \u0627\u0644\u0648\u062c\u0628\u0627\u062a \u0627\u0644\u0633\u0631\u064a\u0639\u0629 \u2013 \u062a\u0646\u0627\u0648\u0644 \u0648\u062c\u0628\u0627\u062a\u0643 \u0627\u0644\u0645\u0646\u0632\u0644\u064a\u0629 \u0623\u064a\u0646\u0645\u0627 \u0643\u0646\u062a!<\/p>","protected":false},"featured_media":53109,"comment_status":"open","ping_status":"closed","template":"","meta":[],"product_brand":[],"product_cat":[2461],"product_tag":[],"class_list":{"0":"post-53110","1":"product","2":"type-product","3":"status-publish","4":"has-post-thumbnail","6":"product_cat-divers","8":"first","9":"instock","10":"sale","11":"taxable","12":"shipping-taxable","13":"purchasable","14":"product-type-simple"},"jetpack_sharing_enabled":true,"_links":{"self":[{"href":"https:\/\/shoponlinedz.com\/en\/wp-json\/wp\/v2\/product\/53110","targetHints":{"allow":["GET"]}}],"collection":[{"href":"https:\/\/shoponlinedz.com\/en\/wp-json\/wp\/v2\/product"}],"about":[{"href":"https:\/\/shoponlinedz.com\/en\/wp-json\/wp\/v2\/types\/product"}],"replies":[{"embeddable":true,"href":"https:\/\/shoponlinedz.com\/en\/wp-json\/wp\/v2\/comments?post=53110"}],"version-history":[{"count":0,"href":"https:\/\/shoponlinedz.com\/en\/wp-json\/wp\/v2\/product\/53110\/revisions"}],"wp:featuredmedia":[{"embeddable":true,"href":"https:\/\/shoponlinedz.com\/en\/wp-json\/wp\/v2\/media\/53109"}],"wp:attachment":[{"href":"https:\/\/shoponlinedz.com\/en\/wp-json\/wp\/v2\/media?parent=53110"}],"wp:term":[{"taxonomy":"product_brand","embeddable":true,"href":"https:\/\/shoponlinedz.com\/en\/wp-json\/wp\/v2\/product_brand?post=53110"},{"taxonomy":"product_cat","embeddable":true,"href":"https:\/\/shoponlinedz.com\/en\/wp-json\/wp\/v2\/product_cat?post=53110"},{"taxonomy":"product_tag","embeddable":true,"href":"https:\/\/shoponlinedz.com\/en\/wp-json\/wp\/v2\/product_tag?post=53110"}],"curies":[{"name":"wp","href":"https:\/\/api.w.org\/{rel}","templated":true}]}}