{"id":53072,"date":"2026-01-05T19:00:01","date_gmt":"2026-01-05T19:00:01","guid":{"rendered":"https:\/\/shoponlinedz.com\/product\/etagere-de-chaussures-et-porte-manteau-4-etages-crochets-%d8%b1%d9%81-%d8%a3%d8%ad%d8%b0%d9%8a%d8%a9-%d9%88%d9%85%d8%b9%d8%a7%d8%b7%d9%81-%d9%85%d8%b9-%d8%ae%d8%b7%d8%a7%d9%81%d8%a7%d8%aa\/"},"modified":"2026-01-28T11:56:43","modified_gmt":"2026-01-28T11:56:43","slug":"etagere-de-chaussures-et-porte-manteau-4-etages-crochets-%d8%b1%d9%81-%d8%a3%d8%ad%d8%b0%d9%8a%d8%a9-%d9%88%d9%85%d8%b9%d8%a7%d8%b7%d9%81-%d9%85%d8%b9-%d8%ae%d8%b7%d8%a7%d9%81%d8%a7%d8%aa","status":"publish","type":"product","link":"https:\/\/shoponlinedz.com\/en\/product\/etagere-de-chaussures-et-porte-manteau-4-etages-crochets-%d8%b1%d9%81-%d8%a3%d8%ad%d8%b0%d9%8a%d8%a9-%d9%88%d9%85%d8%b9%d8%a7%d8%b7%d9%81-%d9%85%d8%b9-%d8%ae%d8%b7%d8%a7%d9%81%d8%a7%d8%aa\/","title":{"rendered":"\u00c9tag\u00e8re De Chaussures et Porte-manteau 4 \u00c9tages crochets \u2013 \u0631\u0641 \u0623\u062d\u0630\u064a\u0629 \u0648\u0645\u0639\u0627\u0637\u0641 \u0645\u0639 \u062e\u0637\u0627\u0641\u0627\u062a \u0645\u0646 4 \u0637\u0628\u0642\u0627\u062a"},"content":{"rendered":"<figure class=\"attachment attachment--preview\" data-trix-attachment=\"{&quot;contentType&quot;:&quot;image&quot;,&quot;height&quot;:1024,&quot;url&quot;:&quot;https:\/\/sawaqli.fra1.cdn.digitaloceanspaces.com\/46083\/chaussporte.jpg&quot;,&quot;width&quot;:1024}\" data-trix-content-type=\"image\"><img decoding=\"async\" class=\"aligncenter\" src=\"https:\/\/sawaqli.fra1.cdn.digitaloceanspaces.com\/46083\/chaussporte.jpg\" width=\"1024\" height=\"1024\" \/><figcaption class=\"attachment__caption\"><\/figcaption><\/figure>\n<figure class=\"attachment attachment--preview\" data-trix-attachment=\"{&quot;contentType&quot;:&quot;image&quot;,&quot;height&quot;:1024,&quot;url&quot;:&quot;https:\/\/sawaqli.fra1.cdn.digitaloceanspaces.com\/46084\/Pendrie-4ET-2.jpg&quot;,&quot;width&quot;:1024}\" data-trix-content-type=\"image\"><img decoding=\"async\" class=\"aligncenter\" src=\"https:\/\/sawaqli.fra1.cdn.digitaloceanspaces.com\/46084\/Pendrie-4ET-2.jpg\" width=\"1024\" height=\"1024\" \/><figcaption class=\"attachment__caption\"><\/figcaption><\/figure>\n<figure class=\"attachment attachment--preview\" data-trix-attachment=\"{&quot;contentType&quot;:&quot;image&quot;,&quot;height&quot;:1024,&quot;url&quot;:&quot;https:\/\/sawaqli.fra1.cdn.digitaloceanspaces.com\/46085\/Pendrie-4ET-3.jpg&quot;,&quot;width&quot;:1024}\" data-trix-content-type=\"image\"><img decoding=\"async\" class=\"aligncenter\" src=\"https:\/\/sawaqli.fra1.cdn.digitaloceanspaces.com\/46085\/Pendrie-4ET-3.jpg\" width=\"1024\" height=\"1024\" \/><figcaption class=\"attachment__caption\"><\/figcaption><\/figure>\n<figure class=\"attachment attachment--preview\" data-trix-attachment=\"{&quot;contentType&quot;:&quot;image&quot;,&quot;height&quot;:1024,&quot;url&quot;:&quot;https:\/\/sawaqli.fra1.cdn.digitaloceanspaces.com\/46086\/Pendrie-4ET-4.jpg&quot;,&quot;width&quot;:1024}\" data-trix-content-type=\"image\"><img decoding=\"async\" class=\"aligncenter\" src=\"https:\/\/sawaqli.fra1.cdn.digitaloceanspaces.com\/46086\/Pendrie-4ET-4.jpg\" width=\"1024\" height=\"1024\" \/><figcaption class=\"attachment__caption\"><\/figcaption><\/figure>\n<figure class=\"attachment attachment--preview\" data-trix-attachment=\"{&quot;contentType&quot;:&quot;image&quot;,&quot;height&quot;:1024,&quot;url&quot;:&quot;https:\/\/sawaqli.fra1.cdn.digitaloceanspaces.com\/46087\/Pendrie-4ET-5.jpg&quot;,&quot;width&quot;:1024}\" data-trix-content-type=\"image\"><img decoding=\"async\" class=\"aligncenter\" src=\"https:\/\/sawaqli.fra1.cdn.digitaloceanspaces.com\/46087\/Pendrie-4ET-5.jpg\" width=\"1024\" height=\"1024\" \/><figcaption class=\"attachment__caption\"><\/figcaption><\/figure>\n<p style=\"text-align: center;\">","protected":false},"excerpt":{"rendered":"<p>\ud83e\udde5 \u0631\u0641 \u0645\u062a\u0639\u062f\u062f \u0627\u0644\u0627\u0633\u062a\u062e\u062f\u0627\u0645\u0627\u062a \u0644\u0644\u062a\u062e\u0632\u064a\u0646\u0631\u0641 \u0623\u0646\u064a\u0642 \u0648\u0639\u0635\u0631\u064a \u0644\u062a\u0646\u0638\u064a\u0645 \u0627\u0644\u0623\u062d\u0630\u064a\u0629\u060c \u0627\u0644\u0645\u0639\u0627\u0637\u0641\u060c \u0627\u0644\u0645\u0638\u0644\u0627\u062a \u0648\u063a\u064a\u0631\u0647\u0627 \u0645\u0646 \u0627\u0644\u0623\u063a\u0631\u0627\u0636 \u0641\u064a \u0645\u062f\u062e\u0644 \u0627\u0644\u0645\u0646\u0632\u0644.\u2705 \u0647\u064a\u0643\u0644 \u0645\u062a\u064a\u0646 \u0645\u0635\u0646\u0648\u0639 \u0645\u0646 \u0641\u0648\u0644\u0627\u0630 \u0645\u062a\u064a\u0646 \u0648\u0623\u0631\u0641\u0641 \u0628\u0644\u0627\u0633\u062a\u064a\u0643\u064a\u0629 \u0644\u062a\u062d\u0645\u0644 \u0627\u0644\u0623\u0648\u0632\u0627\u0646 \u0627\u0644\u062b\u0642\u064a\u0644\u0629.\u2705 \u062a\u0631\u0643\u064a\u0628 \u0628\u0633\u064a\u0637 \u064a\u064f\u0631\u0633\u0644 \u0645\u0639 \u062f\u0644\u064a\u0644 \u0625\u0631\u0634\u0627\u062f\u064a \u0633\u0647\u0644 \u0644\u0644\u062a\u0631\u0643\u064a\u0628 \u0627\u0644\u0633\u0631\u064a\u0639 \u062f\u0648\u0646 \u0639\u0646\u0627\u0621.\u2705 \u062a\u0635\u0645\u064a\u0645 \u0635\u0646\u0627\u0639\u064a \u0623\u0646\u064a\u0642 \u0644\u0645\u0633\u0629 \u062c\u0645\u0627\u0644\u064a\u0629 \u0628\u0627\u0644\u0644\u0648\u0646 \u0627\u0644\u0623\u0633\u0648\u062f \u062a\u0646\u0627\u0633\u0628 \u0623\u064a \u062f\u064a\u0643\u0648\u0631 \u0645\u0646\u0632\u0644\u064a.\u2696\ufe0f \u064a\u062a\u062d\u0645\u0644 \u0648\u0632\u0646\u064b\u0627 \u064a\u0635\u0644 \u0625\u0644\u0649 80 \u0643\u063a<\/p>","protected":false},"featured_media":53071,"comment_status":"open","ping_status":"closed","template":"","meta":[],"product_brand":[],"product_cat":[2455],"product_tag":[],"class_list":{"0":"post-53072","1":"product","2":"type-product","3":"status-publish","4":"has-post-thumbnail","6":"product_cat-maison","8":"first","9":"instock","10":"sale","11":"taxable","12":"shipping-taxable","13":"purchasable","14":"product-type-simple"},"jetpack_sharing_enabled":true,"_links":{"self":[{"href":"https:\/\/shoponlinedz.com\/en\/wp-json\/wp\/v2\/product\/53072","targetHints":{"allow":["GET"]}}],"collection":[{"href":"https:\/\/shoponlinedz.com\/en\/wp-json\/wp\/v2\/product"}],"about":[{"href":"https:\/\/shoponlinedz.com\/en\/wp-json\/wp\/v2\/types\/product"}],"replies":[{"embeddable":true,"href":"https:\/\/shoponlinedz.com\/en\/wp-json\/wp\/v2\/comments?post=53072"}],"version-history":[{"count":0,"href":"https:\/\/shoponlinedz.com\/en\/wp-json\/wp\/v2\/product\/53072\/revisions"}],"wp:featuredmedia":[{"embeddable":true,"href":"https:\/\/shoponlinedz.com\/en\/wp-json\/wp\/v2\/media\/53071"}],"wp:attachment":[{"href":"https:\/\/shoponlinedz.com\/en\/wp-json\/wp\/v2\/media?parent=53072"}],"wp:term":[{"taxonomy":"product_brand","embeddable":true,"href":"https:\/\/shoponlinedz.com\/en\/wp-json\/wp\/v2\/product_brand?post=53072"},{"taxonomy":"product_cat","embeddable":true,"href":"https:\/\/shoponlinedz.com\/en\/wp-json\/wp\/v2\/product_cat?post=53072"},{"taxonomy":"product_tag","embeddable":true,"href":"https:\/\/shoponlinedz.com\/en\/wp-json\/wp\/v2\/product_tag?post=53072"}],"curies":[{"name":"wp","href":"https:\/\/api.w.org\/{rel}","templated":true}]}}