{"id":53061,"date":"2026-01-05T18:59:37","date_gmt":"2026-01-05T18:59:37","guid":{"rendered":"https:\/\/shoponlinedz.com\/product\/distributeur-de-nourriture-e-recipient-de-stockage-de-cereales-rotatif-%d8%ad%d8%a7%d9%85%d9%84-%d8%ad%d8%a8%d9%88%d8%a8-%d9%82%d8%a7%d8%a8%d9%84-%d9%84%d9%84%d8%af%d9%88%d8%b1%d8%a7%d9%86\/"},"modified":"2026-01-28T11:56:43","modified_gmt":"2026-01-28T11:56:43","slug":"distributeur-de-nourriture-e-recipient-de-stockage-de-cereales-rotatif-%d8%ad%d8%a7%d9%85%d9%84-%d8%ad%d8%a8%d9%88%d8%a8-%d9%82%d8%a7%d8%a8%d9%84-%d9%84%d9%84%d8%af%d9%88%d8%b1%d8%a7%d9%86","status":"publish","type":"product","link":"https:\/\/shoponlinedz.com\/en\/product\/distributeur-de-nourriture-e-recipient-de-stockage-de-cereales-rotatif-%d8%ad%d8%a7%d9%85%d9%84-%d8%ad%d8%a8%d9%88%d8%a8-%d9%82%d8%a7%d8%a8%d9%84-%d9%84%d9%84%d8%af%d9%88%d8%b1%d8%a7%d9%86\/","title":{"rendered":"Distributeur de nourriture e r\u00e9cipient de stockage de c\u00e9r\u00e9ales rotatif \u2013 \u062d\u0627\u0645\u0644 \u062d\u0628\u0648\u0628 \u0642\u0627\u0628\u0644 \u0644\u0644\u062f\u0648\u0631\u0627\u0646"},"content":{"rendered":"<figure class=\"attachment attachment--preview\" data-trix-attachment=\"{&quot;contentType&quot;:&quot;image&quot;,&quot;height&quot;:1024,&quot;url&quot;:&quot;https:\/\/sawaqli.fra1.cdn.digitaloceanspaces.com\/46107\/rotaion-dist.jpg&quot;,&quot;width&quot;:1024}\" data-trix-content-type=\"image\"><img decoding=\"async\" class=\"aligncenter\" src=\"https:\/\/sawaqli.fra1.cdn.digitaloceanspaces.com\/46107\/rotaion-dist.jpg\" width=\"1024\" height=\"1024\" \/><figcaption class=\"attachment__caption\"><\/figcaption><\/figure>\n<figure class=\"attachment attachment--preview\" data-trix-attachment=\"{&quot;contentType&quot;:&quot;image&quot;,&quot;height&quot;:1024,&quot;url&quot;:&quot;https:\/\/sawaqli.fra1.cdn.digitaloceanspaces.com\/46108\/Destributeur-360-5.jpg&quot;,&quot;width&quot;:1024}\" data-trix-content-type=\"image\"><img decoding=\"async\" class=\"aligncenter\" src=\"https:\/\/sawaqli.fra1.cdn.digitaloceanspaces.com\/46108\/Destributeur-360-5.jpg\" width=\"1024\" height=\"1024\" \/><figcaption class=\"attachment__caption\"><\/figcaption><\/figure>\n<figure class=\"attachment attachment--preview\" data-trix-attachment=\"{&quot;contentType&quot;:&quot;image&quot;,&quot;height&quot;:1024,&quot;url&quot;:&quot;https:\/\/sawaqli.fra1.cdn.digitaloceanspaces.com\/46109\/Destributeur-360-4.jpg&quot;,&quot;width&quot;:1024}\" data-trix-content-type=\"image\"><img decoding=\"async\" class=\"aligncenter\" src=\"https:\/\/sawaqli.fra1.cdn.digitaloceanspaces.com\/46109\/Destributeur-360-4.jpg\" width=\"1024\" height=\"1024\" \/><figcaption class=\"attachment__caption\"><\/figcaption><\/figure>\n<figure class=\"attachment attachment--preview\" data-trix-attachment=\"{&quot;contentType&quot;:&quot;image&quot;,&quot;height&quot;:1024,&quot;url&quot;:&quot;https:\/\/sawaqli.fra1.cdn.digitaloceanspaces.com\/46110\/Destributeur-360-6.jpg&quot;,&quot;width&quot;:1024}\" data-trix-content-type=\"image\"><img decoding=\"async\" class=\"aligncenter\" src=\"https:\/\/sawaqli.fra1.cdn.digitaloceanspaces.com\/46110\/Destributeur-360-6.jpg\" width=\"1024\" height=\"1024\" \/><figcaption class=\"attachment__caption\"><\/figcaption><\/figure>\n<figure class=\"attachment attachment--preview\" data-trix-attachment=\"{&quot;contentType&quot;:&quot;image&quot;,&quot;height&quot;:1024,&quot;url&quot;:&quot;https:\/\/sawaqli.fra1.cdn.digitaloceanspaces.com\/46111\/Destributeur-360-7.jpg&quot;,&quot;width&quot;:1024}\" data-trix-content-type=\"image\"><img decoding=\"async\" class=\"aligncenter\" src=\"https:\/\/sawaqli.fra1.cdn.digitaloceanspaces.com\/46111\/Destributeur-360-7.jpg\" width=\"1024\" height=\"1024\" \/><figcaption class=\"attachment__caption\"><\/figcaption><\/figure>\n<p style=\"text-align: center;\">","protected":false},"excerpt":{"rendered":"<p>\ud83c\udf5a \u062d\u0627\u0648\u064a\u0629 \u0630\u0643\u064a\u0629 \u0644\u062a\u062e\u0632\u064a\u0646 \u0627\u0644\u062d\u0628\u0648\u0628 \u0645\u0639 \u062a\u0648\u0632\u064a\u0639 \u0623\u0648\u062a\u0648\u0645\u0627\u062a\u064a\u0643\u064a \u2013 \u062a\u0635\u0645\u064a\u0645 \u062f\u0648\u0627\u0631 360\u00b0\u0646\u0638\u0645 \u0645\u0637\u0628\u062e\u0643 \u0628\u0630\u0643\u0627\u0621 \u0645\u0639 \u0647\u0630\u0647 \u0627\u0644\u062d\u0627\u0648\u064a\u0629 \u0627\u0644\u0630\u0643\u064a\u0629 \u0627\u0644\u062a\u064a \u062a\u062c\u0645\u0639 \u0628\u064a\u0646 \u0627\u0644\u0633\u0639\u0629 \u0627\u0644\u0643\u0628\u064a\u0631\u0629 \u0648\u0633\u0647\u0648\u0644\u0629 \u0627\u0644\u0627\u0633\u062a\u062e\u062f\u0627\u0645!\ud83d\udca1 \u0627\u0644\u0645\u0632\u0627\u064a\u0627 \u0627\u0644\u0628\u0627\u0631\u0632\u0629 :\ud83c\udfaf \u0632\u0631 \u062a\u0648\u0632\u064a\u0639 \u062a\u0644\u0642\u0627\u0626\u064a \u0628\u0644\u0645\u0633\u0629 \u0648\u0627\u062d\u062f\u0629 \u0644\u0642\u064a\u0627\u0633 \u0643\u0645\u064a\u0629 \u062f\u0642\u064a\u0642\u0629 \u0645\u0646 \u0627\u0644\u062d\u0628\u0648\u0628 \u0623\u0648 \u0627\u0644\u0623\u0631\u0632.\u267b\ufe0f \u0645\u0648\u0627\u062f \u0622\u0645\u0646\u0629 \u0648\u062e\u0627\u0644\u064a\u0629 \u0645\u0646 BPA \u0644\u062d\u0645\u0627\u064a\u0629 \u0627\u0644\u063a\u0630\u0627\u0621 \u0648\u0627\u0644\u062d\u0641\u0627\u0638 \u0639\u0644\u0649 \u0646\u0643\u0647\u062a\u0647 \u0648\u062c\u0648\u062f\u062a\u0647.\ud83d\udd04 \u062a\u0635\u0645\u064a\u0645 \u062f\u0648\u0627\u0631 360\u00b0 \u0644\u0633\u0647\u0648\u0644\u0629 \u0627\u0644\u0633\u062d\u0628 \u062f\u0648\u0646 \u0627\u0644\u062d\u0627\u062c\u0629 \u0644\u062a\u062d\u0631\u064a\u0643 \u0627\u0644\u062d\u0627\u0648\u064a\u0629.\ud83d\udca7 \u0645\u0642\u0627\u0648\u0645\u0629 \u0644\u0644\u0631\u0637\u0648\u0628\u0629 \u0644\u0644\u062d\u0641\u0627\u0638 \u0639\u0644\u0649 \u0627\u0644\u062d\u0628\u0648\u0628 \u062c\u0627\u0641\u0629 \u0648\u0637\u0627\u0632\u062c\u0629.\ud83d\udcca 6 \u062d\u062c\u0631\u0627\u062a \u0634\u0641\u0627\u0641\u0629 \u0644\u062a\u062e\u0632\u064a\u0646 \u0623\u0646\u0648\u0627\u0639 \u0645\u062e\u062a\u0644\u0641\u0629 \u0645\u0646 \u0627\u0644\u062d\u0628\u0648\u0628 \u0645\u0639 \u0639\u0631\u0636 \u0645\u0631\u0626\u064a \u0644\u0644\u062d\u0627\u0644\u0629.<\/p>","protected":false},"featured_media":53060,"comment_status":"open","ping_status":"closed","template":"","meta":[],"product_brand":[],"product_cat":[2456],"product_tag":[],"class_list":{"0":"post-53061","1":"product","2":"type-product","3":"status-publish","4":"has-post-thumbnail","6":"product_cat-cuisine","8":"first","9":"instock","10":"sale","11":"taxable","12":"shipping-taxable","13":"purchasable","14":"product-type-simple"},"jetpack_sharing_enabled":true,"_links":{"self":[{"href":"https:\/\/shoponlinedz.com\/en\/wp-json\/wp\/v2\/product\/53061","targetHints":{"allow":["GET"]}}],"collection":[{"href":"https:\/\/shoponlinedz.com\/en\/wp-json\/wp\/v2\/product"}],"about":[{"href":"https:\/\/shoponlinedz.com\/en\/wp-json\/wp\/v2\/types\/product"}],"replies":[{"embeddable":true,"href":"https:\/\/shoponlinedz.com\/en\/wp-json\/wp\/v2\/comments?post=53061"}],"version-history":[{"count":0,"href":"https:\/\/shoponlinedz.com\/en\/wp-json\/wp\/v2\/product\/53061\/revisions"}],"wp:featuredmedia":[{"embeddable":true,"href":"https:\/\/shoponlinedz.com\/en\/wp-json\/wp\/v2\/media\/53060"}],"wp:attachment":[{"href":"https:\/\/shoponlinedz.com\/en\/wp-json\/wp\/v2\/media?parent=53061"}],"wp:term":[{"taxonomy":"product_brand","embeddable":true,"href":"https:\/\/shoponlinedz.com\/en\/wp-json\/wp\/v2\/product_brand?post=53061"},{"taxonomy":"product_cat","embeddable":true,"href":"https:\/\/shoponlinedz.com\/en\/wp-json\/wp\/v2\/product_cat?post=53061"},{"taxonomy":"product_tag","embeddable":true,"href":"https:\/\/shoponlinedz.com\/en\/wp-json\/wp\/v2\/product_tag?post=53061"}],"curies":[{"name":"wp","href":"https:\/\/api.w.org\/{rel}","templated":true}]}}