{"id":52816,"date":"2026-01-05T18:50:16","date_gmt":"2026-01-05T18:50:16","guid":{"rendered":"https:\/\/shoponlinedz.com\/product\/sac-a-bandouliere-antivol-dissimule-sous-les-aisselles-%d8%ad%d9%82%d9%8a%d8%a8%d8%a9-%d8%a3%d8%ba%d8%b1%d8%a7%d8%b6-%d9%85%d8%b6%d8%a7%d8%af%d8%a9-%d9%84%d8%b3%d8%b1%d9%82%d8%a9\/"},"modified":"2026-01-28T11:56:48","modified_gmt":"2026-01-28T11:56:48","slug":"sac-a-bandouliere-antivol-dissimule-sous-les-aisselles-%d8%ad%d9%82%d9%8a%d8%a8%d8%a9-%d8%a3%d8%ba%d8%b1%d8%a7%d8%b6-%d9%85%d8%b6%d8%a7%d8%af%d8%a9-%d9%84%d8%b3%d8%b1%d9%82%d8%a9","status":"publish","type":"product","link":"https:\/\/shoponlinedz.com\/en\/product\/sac-a-bandouliere-antivol-dissimule-sous-les-aisselles-%d8%ad%d9%82%d9%8a%d8%a8%d8%a9-%d8%a3%d8%ba%d8%b1%d8%a7%d8%b6-%d9%85%d8%b6%d8%a7%d8%af%d8%a9-%d9%84%d8%b3%d8%b1%d9%82%d8%a9\/","title":{"rendered":"Sac \u00e0 bandouli\u00e8re antivol dissimul\u00e9 sous les aisselles \u2013 \u062d\u0642\u064a\u0628\u0629 \u0623\u063a\u0631\u0627\u0636 \u0645\u0636\u0627\u062f\u0629 \u0644\u0633\u0631\u0642\u0629"},"content":{"rendered":"<figure class=\"attachment attachment--preview\" data-trix-attachment=\"{&quot;contentType&quot;:&quot;image&quot;,&quot;height&quot;:1024,&quot;url&quot;:&quot;https:\/\/sawaqli.fra1.cdn.digitaloceanspaces.com\/46799\/007.jpg&quot;,&quot;width&quot;:1024}\" data-trix-content-type=\"image\"><img decoding=\"async\" class=\"aligncenter\" src=\"https:\/\/sawaqli.fra1.cdn.digitaloceanspaces.com\/46799\/007.jpg\" width=\"1024\" height=\"1024\" \/><figcaption class=\"attachment__caption\"><\/figcaption><\/figure>\n<figure class=\"attachment attachment--preview\" data-trix-attachment=\"{&quot;contentType&quot;:&quot;image&quot;,&quot;height&quot;:1024,&quot;url&quot;:&quot;https:\/\/sawaqli.fra1.cdn.digitaloceanspaces.com\/46800\/Antivol-saccoche-1.jpg&quot;,&quot;width&quot;:1024}\" data-trix-content-type=\"image\"><img decoding=\"async\" class=\"aligncenter\" src=\"https:\/\/sawaqli.fra1.cdn.digitaloceanspaces.com\/46800\/Antivol-saccoche-1.jpg\" width=\"1024\" height=\"1024\" \/><figcaption class=\"attachment__caption\"><\/figcaption><\/figure>\n<figure class=\"attachment attachment--preview\" data-trix-attachment=\"{&quot;contentType&quot;:&quot;image&quot;,&quot;height&quot;:1024,&quot;url&quot;:&quot;https:\/\/sawaqli.fra1.cdn.digitaloceanspaces.com\/46801\/Antivol-saccoche-8.jpg&quot;,&quot;width&quot;:1024}\" data-trix-content-type=\"image\"><img decoding=\"async\" class=\"aligncenter\" src=\"https:\/\/sawaqli.fra1.cdn.digitaloceanspaces.com\/46801\/Antivol-saccoche-8.jpg\" width=\"1024\" height=\"1024\" \/><figcaption class=\"attachment__caption\"><\/figcaption><\/figure>\n<figure class=\"attachment attachment--preview\" data-trix-attachment=\"{&quot;contentType&quot;:&quot;image&quot;,&quot;height&quot;:1024,&quot;url&quot;:&quot;https:\/\/sawaqli.fra1.cdn.digitaloceanspaces.com\/46802\/Antivol-saccoche-2.jpg&quot;,&quot;width&quot;:1024}\" data-trix-content-type=\"image\"><img decoding=\"async\" class=\"aligncenter\" src=\"https:\/\/sawaqli.fra1.cdn.digitaloceanspaces.com\/46802\/Antivol-saccoche-2.jpg\" width=\"1024\" height=\"1024\" \/><figcaption class=\"attachment__caption\"><\/figcaption><\/figure>\n<figure class=\"attachment attachment--preview\" data-trix-attachment=\"{&quot;contentType&quot;:&quot;image&quot;,&quot;height&quot;:1024,&quot;url&quot;:&quot;https:\/\/sawaqli.fra1.cdn.digitaloceanspaces.com\/46803\/Antivol-saccoche-7.jpg&quot;,&quot;width&quot;:1024}\" data-trix-content-type=\"image\"><img decoding=\"async\" class=\"aligncenter\" src=\"https:\/\/sawaqli.fra1.cdn.digitaloceanspaces.com\/46803\/Antivol-saccoche-7.jpg\" width=\"1024\" height=\"1024\" \/><figcaption class=\"attachment__caption\"><\/figcaption><\/figure>\n<p style=\"text-align: center;\">","protected":false},"excerpt":{"rendered":"<p>\ud83c\udf92 \u062d\u0642\u064a\u0628\u0629 \u0635\u062f\u0631 \u0639\u0645\u0644\u064a\u0629 \u0648\u0639\u0635\u0631\u064a\u0629 \u2705 \u062e\u0627\u0645\u0629 \u0639\u0627\u0644\u064a\u0629 \u0627\u0644\u062c\u0648\u062f\u0629: \u0645\u0635\u0646\u0648\u0639\u0629 \u0645\u0646 \u0646\u0627\u064a\u0644\u0648\u0646 \u0646\u0627\u0639\u0645 \u0645\u0642\u0627\u0648\u0645 \u0644\u0644\u062e\u062f\u0648\u0634\u060c \u0648\u0645\u0636\u0627\u062f \u0644\u0644\u0645\u0627\u0621\u060c \u0645\u0639 \u062e\u0644\u0641\u064a\u0629 \u0634\u0628\u0643\u064a\u0629 \u062a\u0633\u0645\u062d \u0628\u0627\u0644\u062a\u0647\u0648\u064a\u0629\u060c \u0645\u0631\u064a\u062d\u0629 \u0639\u0646\u062f \u0627\u0644\u0627\u0631\u062a\u062f\u0627\u0621 \u0637\u0648\u0627\u0644 \u0627\u0644\u064a\u0648\u0645. \u2705 \u062d\u0632\u0627\u0645 \u0642\u0627\u0628\u0644 \u0644\u0644\u062a\u0639\u062f\u064a\u0644: \u064a\u0645\u0643\u0646 \u0636\u0628\u0637 \u0637\u0648\u0644 \u0627\u0644\u062d\u0632\u0627\u0645 \u0644\u064a\u062a\u0646\u0627\u0633\u0628 \u0645\u0639 \u062c\u0645\u064a\u0639 \u0627\u0644\u0642\u0627\u0645\u0627\u062a\u060c \u0648\u064a\u064f\u0644\u0628\u0633 \u0639\u0644\u0649 \u0627\u0644\u0643\u062a\u0641 \u0623\u0648 \u0639\u0631\u0636\u064a\u0627\u064b \u0639\u0628\u0631 \u0627\u0644\u062c\u0633\u0645\u060c \u0645\u062b\u0627\u0644\u064a \u0644\u0644\u0639\u0645\u0644\u060c \u0627\u0644\u0645\u0646\u0632\u0644\u060c \u0627\u0644\u0633\u0641\u0631\u060c \u0648\u062d\u062a\u0649 \u0627\u0644\u0631\u062d\u0644\u0627\u062a \u0627\u0644\u0645\u0647\u0646\u064a\u0629. \u2705 \u062a\u0635\u0645\u064a\u0645 \u0628\u062c\u064a\u0628 \u0645\u0632\u062f\u0648\u062c: \u062b\u0644\u0627\u062b \u062c\u064a\u0648\u0628 \u0623\u0645\u0627\u0645\u064a\u0629 + \u062c\u064a\u0628 \u062e\u0644\u0641\u064a \u0643\u0628\u064a\u0631 \u0634\u0628\u0643\u064a\u060c \u0644\u062a\u0646\u0638\u064a\u0645 \u062c\u0645\u064a\u0639 \u0623\u063a\u0631\u0627\u0636\u0643 \u0645\u062b\u0644 \u0627\u0644\u0647\u0627\u062a\u0641\u060c \u0627\u0644\u0645\u062d\u0641\u0638\u0629\u060c \u0627\u0644\u0622\u064a\u0628\u0627\u062f\u060c \u0627\u0644\u0645\u0641\u0627\u062a\u064a\u062d\u060c \u0627\u0644\u062c\u0648\u0627\u0632\u060c \u0633\u0645\u0627\u0639\u0627\u062a MP3 \u0648\u063a\u064a\u0631\u0647\u0627. \u2705 \u0646\u0633\u062e\u062a\u0627\u0646 \u0644\u0644\u0643\u062a\u0641 \u0627\u0644\u0623\u064a\u0633\u0631 \u0623\u0648 \u0627\u0644\u0623\u064a\u0645\u0646: \u0627\u062e\u062a\u0631 \u0627\u0644\u0646\u0633\u062e\u0629 \u0627\u0644\u0645\u0646\u0627\u0633\u0628\u0629 \u062d\u0633\u0628 \u0627\u0633\u062a\u062e\u062f\u0627\u0645\u0643 \u0644\u0644\u064a\u062f \u0627\u0644\u064a\u0645\u0646\u0649 \u0623\u0648 \u0627\u0644\u064a\u0633\u0631\u0649 \u0644\u0644\u0648\u0635\u0648\u0644 \u0627\u0644\u0633\u0631\u064a\u0639 \u0648\u0627\u0644\u0633\u0647\u0644 \u0625\u0644\u0649 \u0627\u0644\u0645\u062d\u062a\u0648\u064a\u0627\u062a.<\/p>","protected":false},"featured_media":52815,"comment_status":"open","ping_status":"closed","template":"","meta":[],"product_brand":[],"product_cat":[2474],"product_tag":[],"class_list":{"0":"post-52816","1":"product","2":"type-product","3":"status-publish","4":"has-post-thumbnail","6":"product_cat-sac-a-dos-et-mode","8":"first","9":"instock","10":"sale","11":"taxable","12":"shipping-taxable","13":"purchasable","14":"product-type-simple"},"jetpack_sharing_enabled":true,"_links":{"self":[{"href":"https:\/\/shoponlinedz.com\/en\/wp-json\/wp\/v2\/product\/52816","targetHints":{"allow":["GET"]}}],"collection":[{"href":"https:\/\/shoponlinedz.com\/en\/wp-json\/wp\/v2\/product"}],"about":[{"href":"https:\/\/shoponlinedz.com\/en\/wp-json\/wp\/v2\/types\/product"}],"replies":[{"embeddable":true,"href":"https:\/\/shoponlinedz.com\/en\/wp-json\/wp\/v2\/comments?post=52816"}],"version-history":[{"count":0,"href":"https:\/\/shoponlinedz.com\/en\/wp-json\/wp\/v2\/product\/52816\/revisions"}],"wp:featuredmedia":[{"embeddable":true,"href":"https:\/\/shoponlinedz.com\/en\/wp-json\/wp\/v2\/media\/52815"}],"wp:attachment":[{"href":"https:\/\/shoponlinedz.com\/en\/wp-json\/wp\/v2\/media?parent=52816"}],"wp:term":[{"taxonomy":"product_brand","embeddable":true,"href":"https:\/\/shoponlinedz.com\/en\/wp-json\/wp\/v2\/product_brand?post=52816"},{"taxonomy":"product_cat","embeddable":true,"href":"https:\/\/shoponlinedz.com\/en\/wp-json\/wp\/v2\/product_cat?post=52816"},{"taxonomy":"product_tag","embeddable":true,"href":"https:\/\/shoponlinedz.com\/en\/wp-json\/wp\/v2\/product_tag?post=52816"}],"curies":[{"name":"wp","href":"https:\/\/api.w.org\/{rel}","templated":true}]}}