{"id":52797,"date":"2026-01-05T18:49:35","date_gmt":"2026-01-05T18:49:35","guid":{"rendered":"https:\/\/shoponlinedz.com\/product\/celion-kail-sac-a-bandouliere-decontracte-pour-hommes-%d8%ad%d9%82%d9%8a%d8%a8%d8%a9-%d8%a3%d8%ba%d8%b1%d8%a7%d8%b6-%d8%b1%d8%ac%d8%a7%d9%84%d9%8a%d8%a9\/"},"modified":"2026-01-28T11:56:48","modified_gmt":"2026-01-28T11:56:48","slug":"celion-kail-sac-a-bandouliere-decontracte-pour-hommes-%d8%ad%d9%82%d9%8a%d8%a8%d8%a9-%d8%a3%d8%ba%d8%b1%d8%a7%d8%b6-%d8%b1%d8%ac%d8%a7%d9%84%d9%8a%d8%a9","status":"publish","type":"product","link":"https:\/\/shoponlinedz.com\/en\/product\/celion-kail-sac-a-bandouliere-decontracte-pour-hommes-%d8%ad%d9%82%d9%8a%d8%a8%d8%a9-%d8%a3%d8%ba%d8%b1%d8%a7%d8%b6-%d8%b1%d8%ac%d8%a7%d9%84%d9%8a%d8%a9\/","title":{"rendered":"Celion Kail Sac \u00e0 Bandouli\u00e8re D\u00e9contract\u00e9 pour Hommes \u2013 \u062d\u0642\u064a\u0628\u0629 \u0623\u063a\u0631\u0627\u0636 \u0631\u062c\u0627\u0644\u064a\u0629"},"content":{"rendered":"<figure class=\"attachment attachment--preview\" data-trix-attachment=\"{&quot;contentType&quot;:&quot;image&quot;,&quot;height&quot;:1024,&quot;url&quot;:&quot;https:\/\/sawaqli.fra1.cdn.digitaloceanspaces.com\/46825\/celion-kail-2.jpg&quot;,&quot;width&quot;:1024}\" data-trix-content-type=\"image\"><img decoding=\"async\" class=\"aligncenter\" src=\"https:\/\/sawaqli.fra1.cdn.digitaloceanspaces.com\/46825\/celion-kail-2.jpg\" width=\"1024\" height=\"1024\" \/><figcaption class=\"attachment__caption\"><\/figcaption><\/figure>\n<figure class=\"attachment attachment--preview\" data-trix-attachment=\"{&quot;contentType&quot;:&quot;image&quot;,&quot;height&quot;:1024,&quot;url&quot;:&quot;https:\/\/sawaqli.fra1.cdn.digitaloceanspaces.com\/46826\/celion-kail-5.jpg&quot;,&quot;width&quot;:1024}\" data-trix-content-type=\"image\"><img decoding=\"async\" class=\"aligncenter\" src=\"https:\/\/sawaqli.fra1.cdn.digitaloceanspaces.com\/46826\/celion-kail-5.jpg\" width=\"1024\" height=\"1024\" \/><figcaption class=\"attachment__caption\"><\/figcaption><\/figure>\n<figure class=\"attachment attachment--preview\" data-trix-attachment=\"{&quot;contentType&quot;:&quot;image&quot;,&quot;height&quot;:1024,&quot;url&quot;:&quot;https:\/\/sawaqli.fra1.cdn.digitaloceanspaces.com\/46827\/celion-kail-4.jpg&quot;,&quot;width&quot;:1024}\" data-trix-content-type=\"image\"><img decoding=\"async\" class=\"aligncenter\" src=\"https:\/\/sawaqli.fra1.cdn.digitaloceanspaces.com\/46827\/celion-kail-4.jpg\" width=\"1024\" height=\"1024\" \/><figcaption class=\"attachment__caption\"><\/figcaption><\/figure>\n<figure class=\"attachment attachment--preview\" data-trix-attachment=\"{&quot;contentType&quot;:&quot;image&quot;,&quot;height&quot;:1024,&quot;url&quot;:&quot;https:\/\/sawaqli.fra1.cdn.digitaloceanspaces.com\/46828\/celion-kail-3.jpg&quot;,&quot;width&quot;:1024}\" data-trix-content-type=\"image\"><img decoding=\"async\" class=\"aligncenter\" src=\"https:\/\/sawaqli.fra1.cdn.digitaloceanspaces.com\/46828\/celion-kail-3.jpg\" width=\"1024\" height=\"1024\" \/><figcaption class=\"attachment__caption\"><\/figcaption><\/figure>\n<figure class=\"attachment attachment--preview\" data-trix-attachment=\"{&quot;contentType&quot;:&quot;image&quot;,&quot;height&quot;:1024,&quot;url&quot;:&quot;https:\/\/sawaqli.fra1.cdn.digitaloceanspaces.com\/46829\/4b0a3788-44c0-490c-840d-dfb426803022.jfif&quot;,&quot;width&quot;:1024}\" data-trix-content-type=\"image\"><img decoding=\"async\" class=\"aligncenter\" src=\"https:\/\/sawaqli.fra1.cdn.digitaloceanspaces.com\/46829\/4b0a3788-44c0-490c-840d-dfb426803022.jfif\" width=\"1024\" height=\"1024\" \/><figcaption class=\"attachment__caption\"><\/figcaption><\/figure>\n<p style=\"text-align: center;\">","protected":false},"excerpt":{"rendered":"<p>\ud83e\udde2 \u062d\u0642\u064a\u0628\u0629 \u0635\u062f\u0631 \u0639\u0635\u0631\u064a\u0629 \u0644\u0644\u0631\u062c\u0627\u0644\u0623\u0633\u0644\u0648\u0628 \u0639\u0635\u0631\u064a \u0648\u0648\u0638\u064a\u0641\u0629 \u0639\u0645\u0644\u064a\u0629 \u0641\u064a \u062a\u0635\u0645\u064a\u0645 \u0648\u0627\u062d\u062f\u060c \u0645\u062b\u0627\u0644\u064a \u0644\u0644\u0631\u062c\u0644 \u0627\u0644\u0646\u0634\u064a\u0637 \u062f\u0627\u062e\u0644 \u0627\u0644\u0645\u062f\u064a\u0646\u0629 \u0623\u0648 \u0623\u062b\u0646\u0627\u0621 \u0627\u0644\u062a\u0646\u0642\u0644.\u2728 \u0623\u0647\u0645 \u0627\u0644\u0645\u064a\u0632\u0627\u062a :\u062a\u0635\u0645\u064a\u0645 \u0645\u0631\u064a\u062d \u0648\u0639\u0635\u0631\u064a: \u0634\u0643\u0644 \u0645\u0636\u063a\u0648\u0637 \u064a\u062a\u0646\u0627\u0633\u0628 \u0645\u0639 \u0627\u0644\u0635\u062f\u0631 \u0648\u064a\u0648\u0632\u0639 \u0627\u0644\u0648\u0632\u0646 \u0628\u0634\u0643\u0644 \u0645\u062a\u0648\u0627\u0632\u0646\u060c \u0645\u0638\u0647\u0631 \u0623\u0646\u064a\u0642 \u0648\u0639\u0635\u0631\u064a \u064a\u0646\u0627\u0633\u0628 \u0627\u0644\u0631\u062c\u0644 \u0627\u0644\u0645\u062a\u0627\u0628\u0639 \u0644\u0644\u0645\u0648\u0636\u0629.\u062e\u0627\u0645\u0629 \u0645\u062a\u064a\u0646\u0629 \u0648\u0645\u0642\u0627\u0648\u0645\u0629 \u0644\u0644\u0639\u0648\u0627\u0645\u0644 \u0627\u0644\u062e\u0627\u0631\u062c\u064a\u0629: \u0645\u0635\u0646\u0648\u0639\u0629 \u0645\u0646 \u0646\u0627\u064a\u0644\u0648\u0646 \u0645\u0642\u0627\u0648\u0645 \u0644\u0644\u0645\u0627\u0621 \u0623\u0648 \u0628\u0648\u0644\u064a\u0633\u062a\u0631 \u0639\u0627\u0644\u064a \u0627\u0644\u062a\u062d\u0645\u0644\u060c \u062a\u062d\u0645\u064a \u0645\u0642\u062a\u0646\u064a\u0627\u062a\u0643 \u0645\u0646 \u0627\u0644\u0645\u0637\u0631 \u0648\u0627\u0644\u063a\u0628\u0627\u0631 \u0648\u0627\u0644\u0635\u062f\u0645\u0627\u062a.\u062d\u0632\u0627\u0645 \u0643\u062a\u0641 \u0642\u0627\u0628\u0644 \u0644\u0644\u062a\u0639\u062f\u064a\u0644 \u0648\u0645\u0628\u0637\u0646: \u064a\u0645\u0643\u0646\u0643 \u0636\u0628\u0637 \u0627\u0644\u0637\u0648\u0644 \u062d\u0633\u0628 \u0631\u0627\u062d\u062a\u0643\u060c \u0648\u064a\u0648\u0641\u0631 \u0631\u0627\u062d\u0629 \u0641\u064a \u0627\u0644\u062d\u0645\u0644 \u0637\u0648\u0627\u0644 \u0627\u0644\u064a\u0648\u0645\u060c \u0648\u064a\u0645\u0643\u0646 \u0627\u0631\u062a\u062f\u0627\u0624\u0647 \u0639\u0644\u0649 \u0627\u0644\u0643\u062a\u0641 \u0627\u0644\u0623\u064a\u0633\u0631 \u0623\u0648 \u0627\u0644\u0623\u064a\u0645\u0646.\ud83c\udfaf \u0645\u062b\u0627\u0644\u064a\u0629 \u0644\u0644\u0645\u0634\u0627\u0648\u064a\u0631 \u0627\u0644\u064a\u0648\u0645\u064a\u0629\u060c \u0627\u0644\u0633\u0641\u0631\u060c \u0627\u0644\u062c\u0648\u0644\u0627\u062a \u0641\u064a \u0627\u0644\u0645\u062f\u064a\u0646\u0629 \u0623\u0648 \u0627\u0644\u0623\u0646\u0634\u0637\u0629 \u0627\u0644\u062e\u0627\u0631\u062c\u064a\u0629<\/p>","protected":false},"featured_media":52796,"comment_status":"open","ping_status":"closed","template":"","meta":[],"product_brand":[],"product_cat":[2474],"product_tag":[],"class_list":{"0":"post-52797","1":"product","2":"type-product","3":"status-publish","4":"has-post-thumbnail","6":"product_cat-sac-a-dos-et-mode","8":"first","9":"instock","10":"sale","11":"taxable","12":"shipping-taxable","13":"purchasable","14":"product-type-simple"},"jetpack_sharing_enabled":true,"_links":{"self":[{"href":"https:\/\/shoponlinedz.com\/en\/wp-json\/wp\/v2\/product\/52797","targetHints":{"allow":["GET"]}}],"collection":[{"href":"https:\/\/shoponlinedz.com\/en\/wp-json\/wp\/v2\/product"}],"about":[{"href":"https:\/\/shoponlinedz.com\/en\/wp-json\/wp\/v2\/types\/product"}],"replies":[{"embeddable":true,"href":"https:\/\/shoponlinedz.com\/en\/wp-json\/wp\/v2\/comments?post=52797"}],"version-history":[{"count":0,"href":"https:\/\/shoponlinedz.com\/en\/wp-json\/wp\/v2\/product\/52797\/revisions"}],"wp:featuredmedia":[{"embeddable":true,"href":"https:\/\/shoponlinedz.com\/en\/wp-json\/wp\/v2\/media\/52796"}],"wp:attachment":[{"href":"https:\/\/shoponlinedz.com\/en\/wp-json\/wp\/v2\/media?parent=52797"}],"wp:term":[{"taxonomy":"product_brand","embeddable":true,"href":"https:\/\/shoponlinedz.com\/en\/wp-json\/wp\/v2\/product_brand?post=52797"},{"taxonomy":"product_cat","embeddable":true,"href":"https:\/\/shoponlinedz.com\/en\/wp-json\/wp\/v2\/product_cat?post=52797"},{"taxonomy":"product_tag","embeddable":true,"href":"https:\/\/shoponlinedz.com\/en\/wp-json\/wp\/v2\/product_tag?post=52797"}],"curies":[{"name":"wp","href":"https:\/\/api.w.org\/{rel}","templated":true}]}}