{"id":52567,"date":"2026-01-05T18:41:50","date_gmt":"2026-01-05T18:41:50","guid":{"rendered":"https:\/\/shoponlinedz.com\/product\/tapis-de-telephone-antiderapant-pour-voiture-6en1-rotation-a-360-%d9%85%d9%86%d8%b8%d9%85-%d8%a3%d8%ba%d8%b1%d8%a7%d8%b6-%d9%81%d9%8a-%d8%b3%d9%8a%d8%a7%d8%b1%d8%a9\/"},"modified":"2026-01-28T11:56:52","modified_gmt":"2026-01-28T11:56:52","slug":"tapis-de-telephone-antiderapant-pour-voiture-6en1-rotation-a-360-%d9%85%d9%86%d8%b8%d9%85-%d8%a3%d8%ba%d8%b1%d8%a7%d8%b6-%d9%81%d9%8a-%d8%b3%d9%8a%d8%a7%d8%b1%d8%a9","status":"publish","type":"product","link":"https:\/\/shoponlinedz.com\/en\/product\/tapis-de-telephone-antiderapant-pour-voiture-6en1-rotation-a-360-%d9%85%d9%86%d8%b8%d9%85-%d8%a3%d8%ba%d8%b1%d8%a7%d8%b6-%d9%81%d9%8a-%d8%b3%d9%8a%d8%a7%d8%b1%d8%a9\/","title":{"rendered":"Tapis De T\u00e9l\u00e9phone Antid\u00e9rapant pour Voiture 6en1 Rotation \u00e0 360\u00b0 \u2013 \u0645\u0646\u0638\u0645 \u0623\u063a\u0631\u0627\u0636 \u0641\u064a \u0633\u064a\u0627\u0631\u0629"},"content":{"rendered":"<figure class=\"attachment attachment--preview\" data-trix-attachment=\"{&quot;contentType&quot;:&quot;image&quot;,&quot;height&quot;:1024,&quot;url&quot;:&quot;https:\/\/sawaqli.fra1.cdn.digitaloceanspaces.com\/47230\/MAT-CH09-cnc2.jpg&quot;,&quot;width&quot;:1024}\" data-trix-content-type=\"image\"><img decoding=\"async\" class=\"aligncenter\" src=\"https:\/\/sawaqli.fra1.cdn.digitaloceanspaces.com\/47230\/MAT-CH09-cnc2.jpg\" width=\"1024\" height=\"1024\" \/><figcaption class=\"attachment__caption\"><\/figcaption><\/figure>\n<figure class=\"attachment attachment--preview\" data-trix-attachment=\"{&quot;contentType&quot;:&quot;image&quot;,&quot;height&quot;:1024,&quot;url&quot;:&quot;https:\/\/sawaqli.fra1.cdn.digitaloceanspaces.com\/47231\/MAT-CH09-7.jpg&quot;,&quot;width&quot;:1024}\" data-trix-content-type=\"image\"><img decoding=\"async\" class=\"aligncenter\" src=\"https:\/\/sawaqli.fra1.cdn.digitaloceanspaces.com\/47231\/MAT-CH09-7.jpg\" width=\"1024\" height=\"1024\" \/><figcaption class=\"attachment__caption\"><\/figcaption><\/figure>\n<figure class=\"attachment attachment--preview\" data-trix-attachment=\"{&quot;contentType&quot;:&quot;image&quot;,&quot;height&quot;:1024,&quot;url&quot;:&quot;https:\/\/sawaqli.fra1.cdn.digitaloceanspaces.com\/47232\/MAT-CH09-3.jpg&quot;,&quot;width&quot;:1024}\" data-trix-content-type=\"image\"><img decoding=\"async\" class=\"aligncenter\" src=\"https:\/\/sawaqli.fra1.cdn.digitaloceanspaces.com\/47232\/MAT-CH09-3.jpg\" width=\"1024\" height=\"1024\" \/><figcaption class=\"attachment__caption\"><\/figcaption><\/figure>\n<figure class=\"attachment attachment--preview\" data-trix-attachment=\"{&quot;contentType&quot;:&quot;image&quot;,&quot;height&quot;:1024,&quot;url&quot;:&quot;https:\/\/sawaqli.fra1.cdn.digitaloceanspaces.com\/47233\/MAT-CH09-4.jpg&quot;,&quot;width&quot;:1024}\" data-trix-content-type=\"image\"><img decoding=\"async\" class=\"aligncenter\" src=\"https:\/\/sawaqli.fra1.cdn.digitaloceanspaces.com\/47233\/MAT-CH09-4.jpg\" width=\"1024\" height=\"1024\" \/><figcaption class=\"attachment__caption\"><\/figcaption><\/figure>\n<figure class=\"attachment attachment--preview\" data-trix-attachment=\"{&quot;contentType&quot;:&quot;image&quot;,&quot;height&quot;:1024,&quot;url&quot;:&quot;https:\/\/sawaqli.fra1.cdn.digitaloceanspaces.com\/47234\/MAT-CH09-6.jpg&quot;,&quot;width&quot;:1024}\" data-trix-content-type=\"image\"><img decoding=\"async\" class=\"aligncenter\" src=\"https:\/\/sawaqli.fra1.cdn.digitaloceanspaces.com\/47234\/MAT-CH09-6.jpg\" width=\"1024\" height=\"1024\" \/><figcaption class=\"attachment__caption\"><\/figcaption><\/figure>\n<p style=\"text-align: center;\">","protected":false},"excerpt":{"rendered":"<p>\u062d\u0627\u0645\u0644 \u0647\u0627\u062a\u0641 \u0645\u062a\u0639\u062f\u062f \u0627\u0644\u0648\u0638\u0627\u0626\u0641 \u0644\u0644\u0633\u064a\u0627\u0631\u0629 \u2013 \u062a\u0635\u0645\u064a\u0645 \u0639\u0645\u0644\u064a \u0648\u0623\u0646\u064a\u0642:\ud83d\udcf1 \u0627\u0633\u062a\u062e\u062f\u0627\u0645 \u0645\u062a\u0639\u062f\u062f: \u064a\u064f\u0633\u062a\u062e\u062f\u0645 \u0643\u062d\u0627\u0645\u0644 \u0647\u0627\u062a\u0641 \u0648\u064a\u0645\u0643\u0646\u0647 \u062a\u062e\u0632\u064a\u0646 \u0646\u0638\u0627\u0631\u0627\u062a\u060c \u0634\u0648\u0627\u062d\u0646 \u0648\u062d\u062a\u0649 \u0645\u0639\u0637\u0631\u0627\u062a \u062c\u0648 \u062f\u0627\u062e\u0644 \u0627\u0644\u0633\u064a\u0627\u0631\u0629. \ud83d\ude97 \u062a\u062c\u0631\u0628\u0629 \u0642\u064a\u0627\u062f\u0629 \u0645\u0631\u064a\u062d\u0629: \u0644\u0627 \u064a\u062d\u062c\u0628 \u0627\u0644\u0631\u0624\u064a\u0629 \u0648\u064a\u062b\u0628\u062a \u0627\u0644\u0647\u0627\u062a\u0641 \u0641\u064a \u0648\u0636\u0639 \u0645\u062b\u0627\u0644\u064a \u0644\u062a\u062a\u0628\u0639 GPS \u0628\u0632\u0627\u0648\u064a\u0629 \u062f\u0648\u0631\u0627\u0646 360\u00b0. \ud83d\uded1 \u062a\u0635\u0645\u064a\u0645 \u0645\u0636\u0627\u062f \u0644\u0644\u0627\u0646\u0632\u0644\u0627\u0642: \u0645\u0635\u0646\u0648\u0639 \u0645\u0646 \u0627\u0644\u0633\u064a\u0644\u064a\u0643\u0648\u0646 \u0627\u0644\u0642\u0648\u064a \u0644\u064a\u062b\u0628\u062a \u0627\u0644\u0647\u0627\u062a\u0641 \u062f\u0648\u0646 \u0627\u0646\u0632\u0644\u0627\u0642 \u0623\u062b\u0646\u0627\u0621 \u0627\u0644\u0642\u064a\u0627\u062f\u0629. \ud83d\udd25 \u0645\u0642\u0627\u0648\u0645 \u0644\u0644\u062d\u0631\u0627\u0631\u0629: \u064a\u062a\u062d\u0645\u0644 \u062f\u0631\u062c\u0627\u062a \u062d\u0631\u0627\u0631\u0629 \u0645\u0646 -40 \u0625\u0644\u0649 80 \u0645\u0626\u0648\u064a\u0629 \u062f\u0648\u0646 \u062a\u0634\u0648\u0647 \u0623\u0648 \u062a\u0644\u0641. \ud83d\udca7 \u0633\u0647\u0644 \u0627\u0644\u062a\u0646\u0638\u064a\u0641: \u0645\u0642\u0627\u0648\u0645 \u0644\u0644\u0623\u0648\u0633\u0627\u062e \u0648\u064a\u0645\u0643\u0646 \u063a\u0633\u0644\u0647 \u0628\u0627\u0644\u0645\u0627\u0621 \u0644\u0625\u0639\u0627\u062f\u062a\u0647 \u0643\u0627\u0644\u062c\u062f\u064a\u062f.<\/p>","protected":false},"featured_media":52566,"comment_status":"open","ping_status":"closed","template":"","meta":[],"product_brand":[],"product_cat":[2458],"product_tag":[],"class_list":{"0":"post-52567","1":"product","2":"type-product","3":"status-publish","4":"has-post-thumbnail","6":"product_cat-accessoires-auto-moto","8":"first","9":"instock","10":"sale","11":"taxable","12":"shipping-taxable","13":"purchasable","14":"product-type-simple"},"jetpack_sharing_enabled":true,"_links":{"self":[{"href":"https:\/\/shoponlinedz.com\/en\/wp-json\/wp\/v2\/product\/52567","targetHints":{"allow":["GET"]}}],"collection":[{"href":"https:\/\/shoponlinedz.com\/en\/wp-json\/wp\/v2\/product"}],"about":[{"href":"https:\/\/shoponlinedz.com\/en\/wp-json\/wp\/v2\/types\/product"}],"replies":[{"embeddable":true,"href":"https:\/\/shoponlinedz.com\/en\/wp-json\/wp\/v2\/comments?post=52567"}],"version-history":[{"count":0,"href":"https:\/\/shoponlinedz.com\/en\/wp-json\/wp\/v2\/product\/52567\/revisions"}],"wp:featuredmedia":[{"embeddable":true,"href":"https:\/\/shoponlinedz.com\/en\/wp-json\/wp\/v2\/media\/52566"}],"wp:attachment":[{"href":"https:\/\/shoponlinedz.com\/en\/wp-json\/wp\/v2\/media?parent=52567"}],"wp:term":[{"taxonomy":"product_brand","embeddable":true,"href":"https:\/\/shoponlinedz.com\/en\/wp-json\/wp\/v2\/product_brand?post=52567"},{"taxonomy":"product_cat","embeddable":true,"href":"https:\/\/shoponlinedz.com\/en\/wp-json\/wp\/v2\/product_cat?post=52567"},{"taxonomy":"product_tag","embeddable":true,"href":"https:\/\/shoponlinedz.com\/en\/wp-json\/wp\/v2\/product_tag?post=52567"}],"curies":[{"name":"wp","href":"https:\/\/api.w.org\/{rel}","templated":true}]}}