{"id":52267,"date":"2026-01-05T18:30:51","date_gmt":"2026-01-05T18:30:51","guid":{"rendered":"https:\/\/shoponlinedz.com\/product\/eclairage-de-velo-avant-a-led-et-power-bank-3000mah-%d9%85%d8%b5%d8%a8%d8%a7%d8%ad-%d9%88%d8%a8%d9%86%d9%83-%d8%b7%d8%a7%d9%82%d8%a9-%d9%84%d9%84%d8%af%d8%b1%d8%a7%d8%ac%d8%a7%d8%aa-%d8%a7\/"},"modified":"2026-01-28T11:56:58","modified_gmt":"2026-01-28T11:56:58","slug":"eclairage-de-velo-avant-a-led-et-power-bank-3000mah-%d9%85%d8%b5%d8%a8%d8%a7%d8%ad-%d9%88%d8%a8%d9%86%d9%83-%d8%b7%d8%a7%d9%82%d8%a9-%d9%84%d9%84%d8%af%d8%b1%d8%a7%d8%ac%d8%a7%d8%aa-%d8%a7","status":"publish","type":"product","link":"https:\/\/shoponlinedz.com\/en\/product\/eclairage-de-velo-avant-a-led-et-power-bank-3000mah-%d9%85%d8%b5%d8%a8%d8%a7%d8%ad-%d9%88%d8%a8%d9%86%d9%83-%d8%b7%d8%a7%d9%82%d8%a9-%d9%84%d9%84%d8%af%d8%b1%d8%a7%d8%ac%d8%a7%d8%aa-%d8%a7\/","title":{"rendered":"\u00c9clairage de V\u00e9lo avant \u00e0 LED et Power Bank 3000mAH \u2013 \u0645\u0635\u0628\u0627\u062d \u0648\u0628\u0646\u0643 \u0637\u0627\u0642\u0629 \u0644\u0644\u062f\u0631\u0627\u062c\u0627\u062a \u0627\u0644\u0647\u0648\u0627\u0626\u064a\u0629"},"content":{"rendered":"<figure class=\"attachment attachment--preview\" data-trix-attachment=\"{&quot;contentType&quot;:&quot;image&quot;,&quot;height&quot;:1024,&quot;url&quot;:&quot;https:\/\/sawaqli.fra1.cdn.digitaloceanspaces.com\/47805\/Z818-CNC.jpg&quot;,&quot;width&quot;:1024}\" data-trix-content-type=\"image\"><img decoding=\"async\" class=\"aligncenter\" src=\"https:\/\/sawaqli.fra1.cdn.digitaloceanspaces.com\/47805\/Z818-CNC.jpg\" width=\"1024\" height=\"1024\" \/><figcaption class=\"attachment__caption\"><\/figcaption><\/figure>\n<figure class=\"attachment attachment--preview\" data-trix-attachment=\"{&quot;contentType&quot;:&quot;image&quot;,&quot;height&quot;:1024,&quot;url&quot;:&quot;https:\/\/sawaqli.fra1.cdn.digitaloceanspaces.com\/47806\/Z818-4.jpg&quot;,&quot;width&quot;:1024}\" data-trix-content-type=\"image\"><img decoding=\"async\" class=\"aligncenter\" src=\"https:\/\/sawaqli.fra1.cdn.digitaloceanspaces.com\/47806\/Z818-4.jpg\" width=\"1024\" height=\"1024\" \/><figcaption class=\"attachment__caption\"><\/figcaption><\/figure>\n<figure class=\"attachment attachment--preview\" data-trix-attachment=\"{&quot;contentType&quot;:&quot;image&quot;,&quot;height&quot;:1024,&quot;url&quot;:&quot;https:\/\/sawaqli.fra1.cdn.digitaloceanspaces.com\/47807\/Z818-3.jpg&quot;,&quot;width&quot;:1024}\" data-trix-content-type=\"image\"><img decoding=\"async\" class=\"aligncenter\" src=\"https:\/\/sawaqli.fra1.cdn.digitaloceanspaces.com\/47807\/Z818-3.jpg\" width=\"1024\" height=\"1024\" \/><figcaption class=\"attachment__caption\"><\/figcaption><\/figure>\n<figure class=\"attachment attachment--preview\" data-trix-attachment=\"{&quot;contentType&quot;:&quot;image&quot;,&quot;height&quot;:1024,&quot;url&quot;:&quot;https:\/\/sawaqli.fra1.cdn.digitaloceanspaces.com\/47808\/Z818-1.jpg&quot;,&quot;width&quot;:1024}\" data-trix-content-type=\"image\"><img decoding=\"async\" class=\"aligncenter\" src=\"https:\/\/sawaqli.fra1.cdn.digitaloceanspaces.com\/47808\/Z818-1.jpg\" width=\"1024\" height=\"1024\" \/><figcaption class=\"attachment__caption\"><\/figcaption><\/figure>\n<figure class=\"attachment attachment--preview\" data-trix-attachment=\"{&quot;contentType&quot;:&quot;image&quot;,&quot;height&quot;:1024,&quot;url&quot;:&quot;https:\/\/sawaqli.fra1.cdn.digitaloceanspaces.com\/47809\/Z818-2.jpg&quot;,&quot;width&quot;:1024}\" data-trix-content-type=\"image\"><img decoding=\"async\" class=\"aligncenter\" src=\"https:\/\/sawaqli.fra1.cdn.digitaloceanspaces.com\/47809\/Z818-2.jpg\" width=\"1024\" height=\"1024\" \/><figcaption class=\"attachment__caption\"><\/figcaption><\/figure>\n<p style=\"text-align: center;\">","protected":false},"excerpt":{"rendered":"<p>\u0645\u0635\u0628\u0627\u062d \u0623\u0645\u0627\u0645\u064a \u0645\u062a\u0639\u062f\u062f \u0627\u0644\u0648\u0638\u0627\u0626\u0641 3 \u0641\u064a 1 \u2013 \u064a\u0633\u062a\u062e\u062f\u0645 \u0643\u0643\u0634\u0627\u0641 \u0623\u0645\u0627\u0645\u064a \u0644\u0644\u062f\u0631\u0627\u062c\u0629\u060c \u0645\u0635\u0628\u0627\u062d \u064a\u062f\u0648\u064a\u060c \u0648\u0628\u0646\u0643 \u0637\u0627\u0642\u0629. \u0648\u0632\u0646\u0647 \u0641\u0642\u0637 80 \u063a\u0631\u0627\u0645\u060c \u0633\u0647\u0644 \u0627\u0644\u062d\u0645\u0644 \u0641\u064a \u0627\u0644\u062c\u064a\u0628 \u0623\u0648 \u062d\u0642\u064a\u0628\u0629 \u0627\u0644\u0638\u0647\u0631\u060c \u0645\u062b\u0627\u0644\u064a \u0644\u0644\u062a\u062e\u064a\u064a\u0645 \u0648\u0627\u0644\u0633\u0641\u0631. \u0625\u0636\u0627\u0621\u0629 \u0642\u0648\u064a\u0629 \u0648\u0634\u062d\u0646 \u0633\u0631\u064a\u0639 \u2013 \u064a\u062f\u0648\u0645 \u0623\u0643\u062b\u0631 \u0645\u0646 5 \u0633\u0627\u0639\u0627\u062a\u060c \u0648\u064a\u0634\u062d\u0646 \u062e\u0644\u0627\u0644 3 \u0633\u0627\u0639\u0627\u062a \u0641\u0642\u0637. \u0645\u0632\u0648\u062f \u0628\u0628\u0637\u0627\u0631\u064a\u0629 3000 \u0645\u0644\u0644\u064a \u0623\u0645\u0628\u064a\u0631 \u0648\u0633\u0637\u0648\u0639 600 \u0644\u0648\u0645\u0646 \u0645\u0639 \u0634\u0627\u0634\u0629 \u0631\u0642\u0645\u064a\u0629 \u0644\u0639\u0631\u0636 \u0627\u0644\u0637\u0627\u0642\u0629. 6 \u0623\u0648\u0636\u0627\u0639 \u0644\u0644\u0625\u0636\u0627\u0621\u0629 \u2013 \u062a\u0634\u0645\u0644 \u0625\u0636\u0627\u0621\u0629 \u0623\u0645\u0627\u0645\u064a\u0629 (\u0642\u0648\u064a\u0629\/\u0636\u0639\u064a\u0641\u0629\/\u0648\u0645\u064a\u0636) \u0648\u0625\u0636\u0627\u0621\u0629 \u062c\u0627\u0646\u0628\u064a\u0629 (\u0642\u0648\u064a\u0629\/\u0623\u062d\u0645\u0631\/\u0648\u0645\u064a\u0636 \u0623\u062d\u0645\u0631)\u060c \u0645\u062b\u0627\u0644\u064a\u0629 \u0644\u0644\u0633\u0644\u0627\u0645\u0629 \u0623\u062b\u0646\u0627\u0621 \u0627\u0644\u062a\u0648\u0642\u0641 \u0628\u062c\u0627\u0646\u0628 \u0627\u0644\u0637\u0631\u064a\u0642. \u0634\u062d\u0646 \u0648\u062a\u063a\u0630\u064a\u0629 \u0627\u0644\u0623\u062c\u0647\u0632\u0629 \u2013 \u064a\u064f\u0645\u0643\u0646 \u0634\u062d\u0646\u0647 \u0639\u0628\u0631 \u0634\u0627\u062d\u0646 \u0627\u0644\u0633\u064a\u0627\u0631\u0629 \u0623\u0648 \u0627\u0644\u062d\u0627\u0633\u0648\u0628 \u0623\u0648 \u0628\u0646\u0643 \u0627\u0644\u0637\u0627\u0642\u0629\u060c \u0648\u064a\u0639\u0645\u0644 \u0643\u0628\u0627\u0648\u0631 \u0628\u0627\u0646\u0643 \u0644\u0647\u0627\u062a\u0641\u0643. \u064a\u062d\u062a\u0648\u064a \u0639\u0644\u0649 \u0645\u0646\u0627\u0641\u0630 \u0634\u062d\u0646 Type-C \u0648iPhone. \u062a\u0635\u0645\u064a\u0645 \u0645\u063a\u0646\u0627\u0637\u064a\u0633\u064a \u0630\u0643\u064a \u2013 \u064a\u0644\u062a\u0635\u0642 \u0628\u0633\u0647\u0648\u0644\u0629 \u0628\u0623\u064a \u0633\u0637\u062d \u0645\u0639\u062f\u0646\u064a\u060c \u0648\u064a\u0645\u0643\u0646 \u062a\u062b\u0628\u064a\u062a\u0647 \u062f\u0627\u062e\u0644 \u0627\u0644\u062e\u064a\u0645\u0629 \u0623\u0648 \u0639\u0644\u0649 \u0645\u0639\u062f\u0627\u062a \u0627\u0644\u062a\u062e\u064a\u064a\u0645 \u0644\u062a\u0648\u0641\u064a\u0631 \u0625\u0636\u0627\u0621\u0629 \u0639\u0645\u0644\u064a\u0629<\/p>","protected":false},"featured_media":52266,"comment_status":"open","ping_status":"closed","template":"","meta":[],"product_brand":[],"product_cat":[2463],"product_tag":[],"class_list":{"0":"post-52267","1":"product","2":"type-product","3":"status-publish","4":"has-post-thumbnail","6":"product_cat-electronique","8":"first","9":"instock","10":"sale","11":"taxable","12":"shipping-taxable","13":"purchasable","14":"product-type-simple"},"jetpack_sharing_enabled":true,"_links":{"self":[{"href":"https:\/\/shoponlinedz.com\/en\/wp-json\/wp\/v2\/product\/52267","targetHints":{"allow":["GET"]}}],"collection":[{"href":"https:\/\/shoponlinedz.com\/en\/wp-json\/wp\/v2\/product"}],"about":[{"href":"https:\/\/shoponlinedz.com\/en\/wp-json\/wp\/v2\/types\/product"}],"replies":[{"embeddable":true,"href":"https:\/\/shoponlinedz.com\/en\/wp-json\/wp\/v2\/comments?post=52267"}],"version-history":[{"count":0,"href":"https:\/\/shoponlinedz.com\/en\/wp-json\/wp\/v2\/product\/52267\/revisions"}],"wp:featuredmedia":[{"embeddable":true,"href":"https:\/\/shoponlinedz.com\/en\/wp-json\/wp\/v2\/media\/52266"}],"wp:attachment":[{"href":"https:\/\/shoponlinedz.com\/en\/wp-json\/wp\/v2\/media?parent=52267"}],"wp:term":[{"taxonomy":"product_brand","embeddable":true,"href":"https:\/\/shoponlinedz.com\/en\/wp-json\/wp\/v2\/product_brand?post=52267"},{"taxonomy":"product_cat","embeddable":true,"href":"https:\/\/shoponlinedz.com\/en\/wp-json\/wp\/v2\/product_cat?post=52267"},{"taxonomy":"product_tag","embeddable":true,"href":"https:\/\/shoponlinedz.com\/en\/wp-json\/wp\/v2\/product_tag?post=52267"}],"curies":[{"name":"wp","href":"https:\/\/api.w.org\/{rel}","templated":true}]}}