{"id":52216,"date":"2026-01-05T18:28:49","date_gmt":"2026-01-05T18:28:49","guid":{"rendered":"https:\/\/shoponlinedz.com\/product\/feux-stroboscopiques-led-12-24v-3-couleur-pour-vehicules-1pcs-%d9%85%d8%b5%d8%a7%d8%a8%d9%8a%d8%ad-%d8%a5%d8%b4%d8%a7%d8%b1%d9%8a%d8%a9-%d9%85%d9%84%d9%88%d9%86%d8%a9\/"},"modified":"2026-01-28T11:56:59","modified_gmt":"2026-01-28T11:56:59","slug":"feux-stroboscopiques-led-12-24v-3-couleur-pour-vehicules-1pcs-%d9%85%d8%b5%d8%a7%d8%a8%d9%8a%d8%ad-%d8%a5%d8%b4%d8%a7%d8%b1%d9%8a%d8%a9-%d9%85%d9%84%d9%88%d9%86%d8%a9","status":"publish","type":"product","link":"https:\/\/shoponlinedz.com\/en\/product\/feux-stroboscopiques-led-12-24v-3-couleur-pour-vehicules-1pcs-%d9%85%d8%b5%d8%a7%d8%a8%d9%8a%d8%ad-%d8%a5%d8%b4%d8%a7%d8%b1%d9%8a%d8%a9-%d9%85%d9%84%d9%88%d9%86%d8%a9\/","title":{"rendered":"Feux stroboscopiques LED 12-24V 3 Couleur pour V\u00e9hicules 1Pcs \u2013 \u0645\u0635\u0627\u0628\u064a\u062d \u0625\u0634\u0627\u0631\u064a\u0629 \u0645\u0644\u0648\u0646\u0629"},"content":{"rendered":"<figure class=\"attachment attachment--preview\" data-trix-attachment=\"{&quot;contentType&quot;:&quot;image&quot;,&quot;height&quot;:1024,&quot;url&quot;:&quot;https:\/\/sawaqli.fra1.cdn.digitaloceanspaces.com\/47541\/Girofare-3C-CNC-1.jpg&quot;,&quot;width&quot;:1024}\" data-trix-content-type=\"image\"><img decoding=\"async\" class=\"aligncenter\" src=\"https:\/\/sawaqli.fra1.cdn.digitaloceanspaces.com\/47541\/Girofare-3C-CNC-1.jpg\" width=\"1024\" height=\"1024\" \/><figcaption class=\"attachment__caption\"><\/figcaption><\/figure>\n<figure class=\"attachment attachment--preview\" data-trix-attachment=\"{&quot;contentType&quot;:&quot;image&quot;,&quot;height&quot;:1024,&quot;url&quot;:&quot;https:\/\/sawaqli.fra1.cdn.digitaloceanspaces.com\/47542\/Girofare-3C-4.jpg&quot;,&quot;width&quot;:1024}\" data-trix-content-type=\"image\"><img decoding=\"async\" class=\"aligncenter\" src=\"https:\/\/sawaqli.fra1.cdn.digitaloceanspaces.com\/47542\/Girofare-3C-4.jpg\" width=\"1024\" height=\"1024\" \/><figcaption class=\"attachment__caption\"><\/figcaption><\/figure>\n<figure class=\"attachment attachment--preview\" data-trix-attachment=\"{&quot;contentType&quot;:&quot;image&quot;,&quot;height&quot;:1024,&quot;url&quot;:&quot;https:\/\/sawaqli.fra1.cdn.digitaloceanspaces.com\/47543\/Girofare-3C-6.jpg&quot;,&quot;width&quot;:1024}\" data-trix-content-type=\"image\"><img decoding=\"async\" class=\"aligncenter\" src=\"https:\/\/sawaqli.fra1.cdn.digitaloceanspaces.com\/47543\/Girofare-3C-6.jpg\" width=\"1024\" height=\"1024\" \/><figcaption class=\"attachment__caption\"><\/figcaption><\/figure>\n<figure class=\"attachment attachment--preview\" data-trix-attachment=\"{&quot;contentType&quot;:&quot;image&quot;,&quot;height&quot;:1024,&quot;url&quot;:&quot;https:\/\/sawaqli.fra1.cdn.digitaloceanspaces.com\/47544\/Girofare-3C-2.jpg&quot;,&quot;width&quot;:1024}\" data-trix-content-type=\"image\"><img decoding=\"async\" class=\"aligncenter\" src=\"https:\/\/sawaqli.fra1.cdn.digitaloceanspaces.com\/47544\/Girofare-3C-2.jpg\" width=\"1024\" height=\"1024\" \/><figcaption class=\"attachment__caption\"><\/figcaption><\/figure>\n<figure class=\"attachment attachment--preview\" data-trix-attachment=\"{&quot;contentType&quot;:&quot;image&quot;,&quot;height&quot;:1024,&quot;url&quot;:&quot;https:\/\/sawaqli.fra1.cdn.digitaloceanspaces.com\/47545\/Girofare-3C-3.jpg&quot;,&quot;width&quot;:1024}\" data-trix-content-type=\"image\"><img decoding=\"async\" class=\"aligncenter\" src=\"https:\/\/sawaqli.fra1.cdn.digitaloceanspaces.com\/47545\/Girofare-3C-3.jpg\" width=\"1024\" height=\"1024\" \/><figcaption class=\"attachment__caption\"><\/figcaption><\/figure>\n<p style=\"text-align: center;\">","protected":false},"excerpt":{"rendered":"<p>Cette barre lumineuse LED est id\u00e9ale pour les v\u00e9hicules, camions ou remorques. Elle est compos\u00e9e de 3 blocs lumineux (rouge, bleu, jaune) pour une visibilit\u00e9 maximale, m\u00eame de nuit ou par mauvais temps. Elle se branche facilement et offre plusieurs modes de clignotement. Compacte, r\u00e9sistante et puissante, elle assure une signalisation claire et efficace sur la route.<\/p>","protected":false},"featured_media":52215,"comment_status":"open","ping_status":"closed","template":"","meta":[],"product_brand":[],"product_cat":[2458],"product_tag":[],"class_list":{"0":"post-52216","1":"product","2":"type-product","3":"status-publish","4":"has-post-thumbnail","6":"product_cat-accessoires-auto-moto","8":"first","9":"instock","10":"sale","11":"taxable","12":"shipping-taxable","13":"purchasable","14":"product-type-simple"},"jetpack_sharing_enabled":true,"_links":{"self":[{"href":"https:\/\/shoponlinedz.com\/en\/wp-json\/wp\/v2\/product\/52216","targetHints":{"allow":["GET"]}}],"collection":[{"href":"https:\/\/shoponlinedz.com\/en\/wp-json\/wp\/v2\/product"}],"about":[{"href":"https:\/\/shoponlinedz.com\/en\/wp-json\/wp\/v2\/types\/product"}],"replies":[{"embeddable":true,"href":"https:\/\/shoponlinedz.com\/en\/wp-json\/wp\/v2\/comments?post=52216"}],"version-history":[{"count":0,"href":"https:\/\/shoponlinedz.com\/en\/wp-json\/wp\/v2\/product\/52216\/revisions"}],"wp:featuredmedia":[{"embeddable":true,"href":"https:\/\/shoponlinedz.com\/en\/wp-json\/wp\/v2\/media\/52215"}],"wp:attachment":[{"href":"https:\/\/shoponlinedz.com\/en\/wp-json\/wp\/v2\/media?parent=52216"}],"wp:term":[{"taxonomy":"product_brand","embeddable":true,"href":"https:\/\/shoponlinedz.com\/en\/wp-json\/wp\/v2\/product_brand?post=52216"},{"taxonomy":"product_cat","embeddable":true,"href":"https:\/\/shoponlinedz.com\/en\/wp-json\/wp\/v2\/product_cat?post=52216"},{"taxonomy":"product_tag","embeddable":true,"href":"https:\/\/shoponlinedz.com\/en\/wp-json\/wp\/v2\/product_tag?post=52216"}],"curies":[{"name":"wp","href":"https:\/\/api.w.org\/{rel}","templated":true}]}}