{"id":52083,"date":"2026-01-05T18:23:58","date_gmt":"2026-01-05T18:23:58","guid":{"rendered":"https:\/\/shoponlinedz.com\/product\/mosquito-piege-a-mouches-pour-chambre-bebes-%d9%85%d8%b5%d9%8a%d8%af%d8%a9-%d8%a7%d9%84%d8%a8%d8%a7%d8%b9%d9%88%d8%b6\/"},"modified":"2026-01-28T11:57:01","modified_gmt":"2026-01-28T11:57:01","slug":"mosquito-piege-a-mouches-pour-chambre-bebes-%d9%85%d8%b5%d9%8a%d8%af%d8%a9-%d8%a7%d9%84%d8%a8%d8%a7%d8%b9%d9%88%d8%b6","status":"publish","type":"product","link":"https:\/\/shoponlinedz.com\/en\/product\/mosquito-piege-a-mouches-pour-chambre-bebes-%d9%85%d8%b5%d9%8a%d8%af%d8%a9-%d8%a7%d9%84%d8%a8%d8%a7%d8%b9%d9%88%d8%b6\/","title":{"rendered":"Mosquito Pi\u00e8ge \u00e0 mouches pour chambre B\u00e9b\u00e9s \u2013 \u0645\u0635\u064a\u062f\u0629 \u0627\u0644\u0628\u0627\u0639\u0648\u0636"},"content":{"rendered":"<figure class=\"attachment attachment--preview\" data-trix-attachment=\"{&quot;contentType&quot;:&quot;image&quot;,&quot;height&quot;:1024,&quot;url&quot;:&quot;https:\/\/sawaqli.fra1.cdn.digitaloceanspaces.com\/48467\/Moustiqaire-beige-cnc.jpg&quot;,&quot;width&quot;:1024}\" data-trix-content-type=\"image\"><img decoding=\"async\" class=\"aligncenter\" src=\"https:\/\/sawaqli.fra1.cdn.digitaloceanspaces.com\/48467\/Moustiqaire-beige-cnc.jpg\" width=\"1024\" height=\"1024\" \/><figcaption class=\"attachment__caption\"><\/figcaption><\/figure>\n<figure class=\"attachment attachment--preview\" data-trix-attachment=\"{&quot;contentType&quot;:&quot;image&quot;,&quot;height&quot;:1024,&quot;url&quot;:&quot;https:\/\/sawaqli.fra1.cdn.digitaloceanspaces.com\/48468\/Moustiqaire-beige-5.jpg&quot;,&quot;width&quot;:1024}\" data-trix-content-type=\"image\"><img decoding=\"async\" class=\"aligncenter\" src=\"https:\/\/sawaqli.fra1.cdn.digitaloceanspaces.com\/48468\/Moustiqaire-beige-5.jpg\" width=\"1024\" height=\"1024\" \/><figcaption class=\"attachment__caption\"><\/figcaption><\/figure>\n<figure class=\"attachment attachment--preview\" data-trix-attachment=\"{&quot;contentType&quot;:&quot;image&quot;,&quot;height&quot;:1024,&quot;url&quot;:&quot;https:\/\/sawaqli.fra1.cdn.digitaloceanspaces.com\/48469\/Moustiqaire-beige-2-(1).jpg&quot;,&quot;width&quot;:1024}\" data-trix-content-type=\"image\"><img decoding=\"async\" class=\"aligncenter\" src=\"https:\/\/sawaqli.fra1.cdn.digitaloceanspaces.com\/48469\/Moustiqaire-beige-2-(1).jpg\" width=\"1024\" height=\"1024\" \/><figcaption class=\"attachment__caption\"><\/figcaption><\/figure>\n<figure class=\"attachment attachment--preview\" data-trix-attachment=\"{&quot;contentType&quot;:&quot;image&quot;,&quot;height&quot;:1024,&quot;url&quot;:&quot;https:\/\/sawaqli.fra1.cdn.digitaloceanspaces.com\/48470\/Moustiqaire-beige-2.jpg&quot;,&quot;width&quot;:1024}\" data-trix-content-type=\"image\"><img decoding=\"async\" class=\"aligncenter\" src=\"https:\/\/sawaqli.fra1.cdn.digitaloceanspaces.com\/48470\/Moustiqaire-beige-2.jpg\" width=\"1024\" height=\"1024\" \/><figcaption class=\"attachment__caption\"><\/figcaption><\/figure>\n<figure class=\"attachment attachment--preview\" data-trix-attachment=\"{&quot;contentType&quot;:&quot;image&quot;,&quot;height&quot;:1024,&quot;url&quot;:&quot;https:\/\/sawaqli.fra1.cdn.digitaloceanspaces.com\/48471\/Moustiqaire-beige-4.jpg&quot;,&quot;width&quot;:1024}\" data-trix-content-type=\"image\"><img decoding=\"async\" class=\"aligncenter\" src=\"https:\/\/sawaqli.fra1.cdn.digitaloceanspaces.com\/48471\/Moustiqaire-beige-4.jpg\" width=\"1024\" height=\"1024\" \/><figcaption class=\"attachment__caption\"><\/figcaption><\/figure>\n<p style=\"text-align: center;\">","protected":false},"excerpt":{"rendered":"<p>\ud83d\udd39 \u0645\u0635\u0628\u0627\u062d \u0642\u0627\u062a\u0644 \u0644\u0644\u062d\u0634\u0631\u0627\u062a &#8211; \u062a\u0635\u0645\u064a\u0645 \u0622\u0645\u0646 \u0648\u0641\u0639\u0627\u0644\u0648\u0638\u064a\u0641\u0629 \u0642\u0648\u064a\u0629: \u0628\u0627\u0633\u062a\u062e\u062f\u0627\u0645 \u062a\u0642\u0646\u064a\u0629 \u0627\u0644\u0645\u0648\u062c\u0627\u062a \u0627\u0644\u0636\u0648\u0626\u064a\u0629 \u0628\u062a\u0631\u062f\u062f \u0645\u062a\u063a\u064a\u0631\u060c \u064a\u0648\u0641\u0631 \u0647\u0630\u0627 \u0627\u0644\u062c\u0647\u0627\u0632 \u062d\u0644\u0627\u064b \u0641\u0639\u0627\u0644\u0627\u064b \u0644\u0637\u0631\u062f \u0627\u0644\u062d\u0634\u0631\u0627\u062a \u062f\u0648\u0646 \u0627\u0633\u062a\u062e\u062f\u0627\u0645 \u0645\u0648\u0627\u062f \u0643\u064a\u0645\u064a\u0627\u0626\u064a\u0629 \u0623\u0648 \u0631\u0648\u0627\u0626\u062d\u060c \u0648\u0647\u0648 \u0622\u0645\u0646 \u062d\u062a\u0649 \u0644\u0644\u062d\u0648\u0627\u0645\u0644.\u062a\u0635\u0645\u064a\u0645 \u0635\u0627\u0645\u062a: \u064a\u0639\u0645\u0644 \u0628\u0635\u0645\u062a \u062a\u0627\u0645 \u0644\u062a\u0648\u0641\u064a\u0631 \u0646\u0648\u0645 \u0647\u0627\u062f\u0626\u060c \u0648\u064a\u062e\u0644\u0642 \u0645\u0646\u0637\u0642\u0629 \u062e\u0627\u0644\u064a\u0629 \u0645\u0646 \u0627\u0644\u0630\u0628\u0627\u0628.\u062d\u0645\u0627\u064a\u0629 \u0641\u0627\u0626\u0642\u0629: \u0628\u0637\u0627\u0631\u064a\u0629 \u0645\u062f\u0645\u062c\u0629 \u062a\u062f\u0648\u0645 6 \u0625\u0644\u0649 8 \u0633\u0627\u0639\u0627\u062a \u0628\u0639\u062f \u0634\u062d\u0646 \u0644\u0645\u062f\u0629 2-3 \u0633\u0627\u0639\u0627\u062a\u060c \u0645\u0646\u0627\u0633\u0628\u0629 \u0644\u0644\u0627\u0633\u062a\u062e\u062f\u0627\u0645 \u062f\u0627\u062e\u0644 \u0623\u0648 \u062e\u0627\u0631\u062c \u0627\u0644\u0645\u0646\u0632\u0644.\u0623\u0645\u0627\u0646 \u0645\u0636\u0645\u0648\u0646: \u0634\u0628\u0643\u0629 \u0645\u063a\u0637\u0627\u0629 \u0644\u0645\u0646\u0639 \u0644\u0645\u0633 \u0627\u0644\u0623\u0637\u0641\u0627\u0644 \u0623\u0648 \u0627\u0644\u062d\u064a\u0648\u0627\u0646\u0627\u062a \u0627\u0644\u0623\u0644\u064a\u0641\u0629 \u0644\u0623\u062c\u0632\u0627\u0621 \u0627\u0644\u0643\u0647\u0631\u0628\u0627\u0621.\u062a\u0635\u0645\u064a\u0645 \u062c\u0630\u0627\u0628: \u0639\u0644\u0649 \u0634\u0643\u0644 \u062f\u0628 \u0638\u0631\u064a\u0641 \u0645\u0635\u0646\u0648\u0639 \u0645\u0646 \u0645\u0627\u062f\u0629 ABS\u060c \u0645\u0639 \u0634\u062d\u0646 USB \u0645\u0646 \u0646\u0648\u0639 C.<\/p>","protected":false},"featured_media":52082,"comment_status":"open","ping_status":"closed","template":"","meta":[],"product_brand":[],"product_cat":[2463],"product_tag":[],"class_list":{"0":"post-52083","1":"product","2":"type-product","3":"status-publish","4":"has-post-thumbnail","6":"product_cat-electronique","8":"first","9":"instock","10":"sale","11":"taxable","12":"shipping-taxable","13":"purchasable","14":"product-type-simple"},"jetpack_sharing_enabled":true,"_links":{"self":[{"href":"https:\/\/shoponlinedz.com\/en\/wp-json\/wp\/v2\/product\/52083","targetHints":{"allow":["GET"]}}],"collection":[{"href":"https:\/\/shoponlinedz.com\/en\/wp-json\/wp\/v2\/product"}],"about":[{"href":"https:\/\/shoponlinedz.com\/en\/wp-json\/wp\/v2\/types\/product"}],"replies":[{"embeddable":true,"href":"https:\/\/shoponlinedz.com\/en\/wp-json\/wp\/v2\/comments?post=52083"}],"version-history":[{"count":0,"href":"https:\/\/shoponlinedz.com\/en\/wp-json\/wp\/v2\/product\/52083\/revisions"}],"wp:featuredmedia":[{"embeddable":true,"href":"https:\/\/shoponlinedz.com\/en\/wp-json\/wp\/v2\/media\/52082"}],"wp:attachment":[{"href":"https:\/\/shoponlinedz.com\/en\/wp-json\/wp\/v2\/media?parent=52083"}],"wp:term":[{"taxonomy":"product_brand","embeddable":true,"href":"https:\/\/shoponlinedz.com\/en\/wp-json\/wp\/v2\/product_brand?post=52083"},{"taxonomy":"product_cat","embeddable":true,"href":"https:\/\/shoponlinedz.com\/en\/wp-json\/wp\/v2\/product_cat?post=52083"},{"taxonomy":"product_tag","embeddable":true,"href":"https:\/\/shoponlinedz.com\/en\/wp-json\/wp\/v2\/product_tag?post=52083"}],"curies":[{"name":"wp","href":"https:\/\/api.w.org\/{rel}","templated":true}]}}