{"id":52030,"date":"2026-01-05T18:22:02","date_gmt":"2026-01-05T18:22:02","guid":{"rendered":"https:\/\/shoponlinedz.com\/product\/cable-de-charge-multifonction-en-nylon-tresse-durable-4-en-1-a-double-tete-%d8%b4%d8%a7%d8%ad%d9%86-%d8%b3%d8%b1%d9%8a%d8%b9-%d9%88%d9%85%d8%aa%d9%8a%d9%86-%d9%85%d8%aa%d8%b9%d8%af%d8%af\/"},"modified":"2026-01-28T11:57:03","modified_gmt":"2026-01-28T11:57:03","slug":"cable-de-charge-multifonction-en-nylon-tresse-durable-4-en-1-a-double-tete-%d8%b4%d8%a7%d8%ad%d9%86-%d8%b3%d8%b1%d9%8a%d8%b9-%d9%88%d9%85%d8%aa%d9%8a%d9%86-%d9%85%d8%aa%d8%b9%d8%af%d8%af","status":"publish","type":"product","link":"https:\/\/shoponlinedz.com\/en\/product\/cable-de-charge-multifonction-en-nylon-tresse-durable-4-en-1-a-double-tete-%d8%b4%d8%a7%d8%ad%d9%86-%d8%b3%d8%b1%d9%8a%d8%b9-%d9%88%d9%85%d8%aa%d9%8a%d9%86-%d9%85%d8%aa%d8%b9%d8%af%d8%af\/","title":{"rendered":"C\u00e2ble de charge multifonction en nylon tress\u00e9 durable 4 en 1 \u00e0 double t\u00eate \u2013 \u0634\u0627\u062d\u0646 \u0633\u0631\u064a\u0639 \u0648\u0645\u062a\u064a\u0646 \u0645\u062a\u0639\u062f\u062f \u0627\u0644\u0645\u0646\u0627\u0641\u0630"},"content":{"rendered":"<figure class=\"attachment attachment--preview\" data-trix-attachment=\"{&quot;contentType&quot;:&quot;image&quot;,&quot;height&quot;:1024,&quot;url&quot;:&quot;https:\/\/sawaqli.fra1.cdn.digitaloceanspaces.com\/48164\/Cable-4en1-6.jpg&quot;,&quot;width&quot;:1024}\" data-trix-content-type=\"image\"><img decoding=\"async\" class=\"aligncenter\" src=\"https:\/\/sawaqli.fra1.cdn.digitaloceanspaces.com\/48164\/Cable-4en1-6.jpg\" width=\"1024\" height=\"1024\" \/><figcaption class=\"attachment__caption\"><\/figcaption><\/figure>\n<figure class=\"attachment attachment--preview\" data-trix-attachment=\"{&quot;contentType&quot;:&quot;image&quot;,&quot;height&quot;:1024,&quot;url&quot;:&quot;https:\/\/sawaqli.fra1.cdn.digitaloceanspaces.com\/48165\/Cable-4en1-5.jpg&quot;,&quot;width&quot;:1024}\" data-trix-content-type=\"image\"><img decoding=\"async\" class=\"aligncenter\" src=\"https:\/\/sawaqli.fra1.cdn.digitaloceanspaces.com\/48165\/Cable-4en1-5.jpg\" width=\"1024\" height=\"1024\" \/><figcaption class=\"attachment__caption\"><\/figcaption><\/figure>\n<figure class=\"attachment attachment--preview\" data-trix-attachment=\"{&quot;contentType&quot;:&quot;image&quot;,&quot;height&quot;:1024,&quot;url&quot;:&quot;https:\/\/sawaqli.fra1.cdn.digitaloceanspaces.com\/48166\/Cable-4en1-10.jpg&quot;,&quot;width&quot;:1024}\" data-trix-content-type=\"image\"><img decoding=\"async\" class=\"aligncenter\" src=\"https:\/\/sawaqli.fra1.cdn.digitaloceanspaces.com\/48166\/Cable-4en1-10.jpg\" width=\"1024\" height=\"1024\" \/><figcaption class=\"attachment__caption\"><\/figcaption><\/figure>\n<figure class=\"attachment attachment--preview\" data-trix-attachment=\"{&quot;contentType&quot;:&quot;image&quot;,&quot;height&quot;:1024,&quot;url&quot;:&quot;https:\/\/sawaqli.fra1.cdn.digitaloceanspaces.com\/48167\/Cable-4en1-7.jpg&quot;,&quot;width&quot;:1024}\" data-trix-content-type=\"image\"><img decoding=\"async\" class=\"aligncenter\" src=\"https:\/\/sawaqli.fra1.cdn.digitaloceanspaces.com\/48167\/Cable-4en1-7.jpg\" width=\"1024\" height=\"1024\" \/><figcaption class=\"attachment__caption\"><\/figcaption><\/figure>\n<figure class=\"attachment attachment--preview\" data-trix-attachment=\"{&quot;contentType&quot;:&quot;image&quot;,&quot;height&quot;:1024,&quot;url&quot;:&quot;https:\/\/sawaqli.fra1.cdn.digitaloceanspaces.com\/48168\/Cable-4en1-8.jpg&quot;,&quot;width&quot;:1024}\" data-trix-content-type=\"image\"><img decoding=\"async\" class=\"aligncenter\" src=\"https:\/\/sawaqli.fra1.cdn.digitaloceanspaces.com\/48168\/Cable-4en1-8.jpg\" width=\"1024\" height=\"1024\" \/><figcaption class=\"attachment__caption\"><\/figcaption><\/figure>\n<p style=\"text-align: center;\">","protected":false},"excerpt":{"rendered":"<p>\ud83d\udd0c \u0643\u0627\u0628\u0644 \u0634\u062d\u0646 \u0633\u0631\u064a\u0639 4 \u0641\u064a 1 \u0645\u062a\u0639\u062f\u062f \u0627\u0644\u0627\u0633\u062a\u062e\u062f\u0627\u0645\u0627\u062a\u0643\u0627\u0628\u0644 \u0634\u062d\u0646 \u0645\u062a\u0639\u062f\u062f \u0627\u0644\u0631\u0624\u0648\u0633 \u0639\u0627\u0644\u064a \u0627\u0644\u0623\u062f\u0627\u0621\u060c \u064a\u062f\u0639\u0645 \u0645\u0646\u0641\u0630 USB-C \u062d\u062a\u0649 65 \u0648\u0627\u0637\u060c \u0648\u0645\u0646\u0641\u0630 PD \u062d\u062a\u0649 27 \u0648\u0627\u0637 \u0644\u0636\u0645\u0627\u0646 \u0634\u062d\u0646 \u0641\u0627\u0626\u0642 \u0627\u0644\u0633\u0631\u0639\u0629. \u0645\u0635\u0646\u0648\u0639 \u0645\u0646 5 \u062e\u064a\u0648\u0637 \u0645\u0646 \u0627\u0644\u0646\u062d\u0627\u0633 \u0639\u0627\u0644\u064a \u0627\u0644\u062c\u0648\u062f\u0629\u060c \u064a\u0634\u062d\u0646 \u0647\u0627\u062a\u0641\u0643 \u0628\u0646\u0633\u0628\u0629 50% \u0641\u064a 30 \u062f\u0642\u064a\u0642\u0629 \u0641\u0642\u0637 (\u062d\u0633\u0628 \u0646\u0648\u0639 \u0627\u0644\u062c\u0647\u0627\u0632 \u0648\u0627\u0644\u0634\u0627\u062d\u0646).\u0627\u0644\u0645\u064a\u0632\u0627\u062a \u0627\u0644\u0631\u0626\u064a\u0633\u064a\u0629:\u0634\u062d\u0646 \u0633\u0631\u064a\u0639 PD 65W \/ 27W\u062f\u0639\u0645 \u0644\u0623\u062c\u0647\u0632\u0629 iPhone 15 \u0648 Samsung Galaxy4 \u0631\u0624\u0648\u0633: USB-C \u0625\u0644\u0649 C\u060c USB-A \u0625\u0644\u0649 C\u060c USB-C \u0625\u0644\u0649 Lightning\u060c USB-A \u0625\u0644\u0649 Lightning\u0645\u062a\u0648\u0627\u0641\u0642 \u0645\u0639 \u0627\u0644\u0647\u0648\u0627\u062a\u0641\u060c \u0627\u0644\u0623\u062c\u0647\u0632\u0629 \u0627\u0644\u0644\u0648\u062d\u064a\u0629\u060c \u0627\u0644\u062d\u0648\u0627\u0633\u064a\u0628 \u0627\u0644\u0645\u062d\u0645\u0648\u0644\u0629 \u0648\u063a\u064a\u0631\u0647\u0627\u064a\u062f\u0639\u0645 \u0646\u0642\u0644 \u0628\u064a\u0627\u0646\u0627\u062a \u0628\u0633\u0631\u0639\u0629 480 \u0645\u064a\u063a\u0627\u0628\u062a \u0641\u064a \u0627\u0644\u062b\u0627\u0646\u064a\u0629\u062a\u0635\u0645\u064a\u0645 \u0645\u0636\u0641\u0631 \u0645\u0646 \u0627\u0644\u0646\u0627\u064a\u0644\u0648\u0646 \u0648\u0645\u062a\u064a\u0646\u060c \u0645\u0642\u0627\u0648\u0645 \u0644\u0644\u062a\u0634\u0627\u0628\u0643\u0627\u062c\u062a\u0627\u0632 20,000 \u0627\u062e\u062a\u0628\u0627\u0631 \u062b\u0646\u064a\u0645\u062b\u0627\u0644\u064a \u0644\u0644\u0633\u0641\u0631\u060c \u0627\u0644\u0645\u0643\u062a\u0628\u060c \u0623\u0648 \u0627\u0644\u0627\u0633\u062a\u062e\u062f\u0627\u0645 \u0627\u0644\u0645\u0646\u0632\u0644\u064a<\/p>","protected":false},"featured_media":52029,"comment_status":"open","ping_status":"closed","template":"","meta":[],"product_brand":[],"product_cat":[2463],"product_tag":[],"class_list":{"0":"post-52030","1":"product","2":"type-product","3":"status-publish","4":"has-post-thumbnail","6":"product_cat-electronique","8":"first","9":"instock","10":"sale","11":"taxable","12":"shipping-taxable","13":"purchasable","14":"product-type-simple"},"jetpack_sharing_enabled":true,"_links":{"self":[{"href":"https:\/\/shoponlinedz.com\/en\/wp-json\/wp\/v2\/product\/52030","targetHints":{"allow":["GET"]}}],"collection":[{"href":"https:\/\/shoponlinedz.com\/en\/wp-json\/wp\/v2\/product"}],"about":[{"href":"https:\/\/shoponlinedz.com\/en\/wp-json\/wp\/v2\/types\/product"}],"replies":[{"embeddable":true,"href":"https:\/\/shoponlinedz.com\/en\/wp-json\/wp\/v2\/comments?post=52030"}],"version-history":[{"count":0,"href":"https:\/\/shoponlinedz.com\/en\/wp-json\/wp\/v2\/product\/52030\/revisions"}],"wp:featuredmedia":[{"embeddable":true,"href":"https:\/\/shoponlinedz.com\/en\/wp-json\/wp\/v2\/media\/52029"}],"wp:attachment":[{"href":"https:\/\/shoponlinedz.com\/en\/wp-json\/wp\/v2\/media?parent=52030"}],"wp:term":[{"taxonomy":"product_brand","embeddable":true,"href":"https:\/\/shoponlinedz.com\/en\/wp-json\/wp\/v2\/product_brand?post=52030"},{"taxonomy":"product_cat","embeddable":true,"href":"https:\/\/shoponlinedz.com\/en\/wp-json\/wp\/v2\/product_cat?post=52030"},{"taxonomy":"product_tag","embeddable":true,"href":"https:\/\/shoponlinedz.com\/en\/wp-json\/wp\/v2\/product_tag?post=52030"}],"curies":[{"name":"wp","href":"https:\/\/api.w.org\/{rel}","templated":true}]}}