{"id":51961,"date":"2026-01-05T18:19:39","date_gmt":"2026-01-05T18:19:39","guid":{"rendered":"https:\/\/shoponlinedz.com\/product\/mini-rechaud-a-gaz-pliable-en-metal-pour-camping-%d9%85%d9%88%d9%82%d8%af-%d8%ba%d8%a7%d8%b2-%d9%85%d8%ad%d9%85%d9%88%d9%84\/"},"modified":"2026-01-28T11:57:05","modified_gmt":"2026-01-28T11:57:05","slug":"mini-rechaud-a-gaz-pliable-en-metal-pour-camping-%d9%85%d9%88%d9%82%d8%af-%d8%ba%d8%a7%d8%b2-%d9%85%d8%ad%d9%85%d9%88%d9%84","status":"publish","type":"product","link":"https:\/\/shoponlinedz.com\/en\/product\/mini-rechaud-a-gaz-pliable-en-metal-pour-camping-%d9%85%d9%88%d9%82%d8%af-%d8%ba%d8%a7%d8%b2-%d9%85%d8%ad%d9%85%d9%88%d9%84\/","title":{"rendered":"Mini r\u00e9chaud \u00e0 gaz pliable en m\u00e9tal pour camping \u2013 \u0645\u0648\u0642\u062f \u063a\u0627\u0632 \u0645\u062d\u0645\u0648\u0644"},"content":{"rendered":"<figure class=\"attachment attachment--preview\" data-trix-attachment=\"{&quot;contentType&quot;:&quot;image&quot;,&quot;height&quot;:1024,&quot;url&quot;:&quot;https:\/\/sawaqli.fra1.cdn.digitaloceanspaces.com\/48605\/Card-Type-Stove-cnc.jpg&quot;,&quot;width&quot;:1024}\" data-trix-content-type=\"image\"><img decoding=\"async\" class=\"aligncenter\" src=\"https:\/\/sawaqli.fra1.cdn.digitaloceanspaces.com\/48605\/Card-Type-Stove-cnc.jpg\" width=\"1024\" height=\"1024\" \/><figcaption class=\"attachment__caption\"><\/figcaption><\/figure>\n<figure class=\"attachment attachment--preview\" data-trix-attachment=\"{&quot;contentType&quot;:&quot;image&quot;,&quot;height&quot;:1024,&quot;url&quot;:&quot;https:\/\/sawaqli.fra1.cdn.digitaloceanspaces.com\/48606\/Card-Type-Stove-3.jpg&quot;,&quot;width&quot;:1024}\" data-trix-content-type=\"image\"><img decoding=\"async\" class=\"aligncenter\" src=\"https:\/\/sawaqli.fra1.cdn.digitaloceanspaces.com\/48606\/Card-Type-Stove-3.jpg\" width=\"1024\" height=\"1024\" \/><figcaption class=\"attachment__caption\"><\/figcaption><\/figure>\n<figure class=\"attachment attachment--preview\" data-trix-attachment=\"{&quot;contentType&quot;:&quot;image&quot;,&quot;height&quot;:1024,&quot;url&quot;:&quot;https:\/\/sawaqli.fra1.cdn.digitaloceanspaces.com\/48607\/Card-Type-Stove-4.jpg&quot;,&quot;width&quot;:1024}\" data-trix-content-type=\"image\"><img decoding=\"async\" class=\"aligncenter\" src=\"https:\/\/sawaqli.fra1.cdn.digitaloceanspaces.com\/48607\/Card-Type-Stove-4.jpg\" width=\"1024\" height=\"1024\" \/><figcaption class=\"attachment__caption\"><\/figcaption><\/figure>\n<figure class=\"attachment attachment--preview\" data-trix-attachment=\"{&quot;contentType&quot;:&quot;image&quot;,&quot;height&quot;:1024,&quot;url&quot;:&quot;https:\/\/sawaqli.fra1.cdn.digitaloceanspaces.com\/48608\/Card-Type-Stove-5.jpg&quot;,&quot;width&quot;:1024}\" data-trix-content-type=\"image\"><img decoding=\"async\" class=\"aligncenter\" src=\"https:\/\/sawaqli.fra1.cdn.digitaloceanspaces.com\/48608\/Card-Type-Stove-5.jpg\" width=\"1024\" height=\"1024\" \/><figcaption class=\"attachment__caption\"><\/figcaption><\/figure>\n<figure class=\"attachment attachment--preview\" data-trix-attachment=\"{&quot;contentType&quot;:&quot;image&quot;,&quot;height&quot;:1024,&quot;url&quot;:&quot;https:\/\/sawaqli.fra1.cdn.digitaloceanspaces.com\/48609\/Card-Type-Stove-1.jpg&quot;,&quot;width&quot;:1024}\" data-trix-content-type=\"image\"><img decoding=\"async\" class=\"aligncenter\" src=\"https:\/\/sawaqli.fra1.cdn.digitaloceanspaces.com\/48609\/Card-Type-Stove-1.jpg\" width=\"1024\" height=\"1024\" \/><figcaption class=\"attachment__caption\"><\/figcaption><\/figure>\n<p style=\"text-align: center;\">","protected":false},"excerpt":{"rendered":"<p>\ud83d\udd25 \u0645\u0648\u0642\u062f \u063a\u0627\u0632 \u0635\u063a\u064a\u0631 \u0642\u0627\u0628\u0644 \u0644\u0644\u0637\u064a \u0644\u0644\u062a\u062e\u064a\u064a\u0645\u062b\u0628\u0627\u062a \u0648\u0623\u0645\u0627\u0646: \u062a\u0635\u0645\u064a\u0645 \u0631\u0628\u0627\u0639\u064a \u064a\u0648\u0641\u0631 \u062f\u0639\u0645\u064b\u0627 \u0645\u0645\u062a\u0627\u0632\u064b\u0627 \u0644\u0644\u0637\u0647\u064a \u0641\u064a \u0627\u0644\u062e\u0627\u0631\u062c.\u0645\u0636\u0627\u062f \u0644\u0644\u0631\u064a\u0627\u062d: \u064a\u062d\u0627\u0641\u0638 \u0639\u0644\u0649 \u0627\u0644\u062d\u0631\u0627\u0631\u0629 \u0648\u064a\u0642\u0644\u0644 \u0645\u0646 \u0641\u0642\u062f\u0627\u0646\u0647\u0627.\u0645\u062a\u0639\u062f\u062f \u0627\u0644\u0627\u0633\u062a\u062e\u062f\u0627\u0645\u0627\u062a: \u0645\u062b\u0627\u0644\u064a \u0644\u0644\u062a\u062e\u064a\u064a\u0645\u060c \u0627\u0644\u0635\u064a\u062f\u060c \u0627\u0644\u0631\u062d\u0644\u0627\u062a.\u0645\u0648\u0627\u062f \u0645\u062a\u064a\u0646\u0629: \u0645\u0635\u0646\u0648\u0639 \u0645\u0646 \u0627\u0644\u0633\u062a\u0627\u0646\u0644\u0633 \u0633\u062a\u064a\u0644 \u0648\u0633\u0628\u0627\u0626\u0643 \u0627\u0644\u0623\u0644\u0645\u0646\u064a\u0648\u0645 \u0627\u0644\u0645\u0642\u0627\u0648\u0645\u0629 \u0644\u0644\u0639\u0648\u0627\u0645\u0644 \u0627\u0644\u062c\u0648\u064a\u0629.\u0633\u0647\u0644 \u0627\u0644\u062d\u0645\u0644: \u062e\u0641\u064a\u0641 \u0627\u0644\u0648\u0632\u0646\u060c \u0642\u0627\u0628\u0644 \u0644\u0644\u0637\u064a\u060c \u0639\u0645\u0644\u064a \u062c\u062f\u064b\u0627.\u0645\u0644\u0627\u062d\u0638\u0629: \u0642\u0627\u0631\u0648\u0631\u0629 \u0627\u0644\u063a\u0627\u0632 \u063a\u064a\u0631 \u0645\u0631\u0641\u0642\u0629.<\/p>","protected":false},"featured_media":51960,"comment_status":"open","ping_status":"closed","template":"","meta":[],"product_brand":[],"product_cat":[2464],"product_tag":[],"class_list":{"0":"post-51961","1":"product","2":"type-product","3":"status-publish","4":"has-post-thumbnail","6":"product_cat-camping-et-randonnee","8":"first","9":"instock","10":"sale","11":"taxable","12":"shipping-taxable","13":"purchasable","14":"product-type-simple"},"jetpack_sharing_enabled":true,"_links":{"self":[{"href":"https:\/\/shoponlinedz.com\/en\/wp-json\/wp\/v2\/product\/51961","targetHints":{"allow":["GET"]}}],"collection":[{"href":"https:\/\/shoponlinedz.com\/en\/wp-json\/wp\/v2\/product"}],"about":[{"href":"https:\/\/shoponlinedz.com\/en\/wp-json\/wp\/v2\/types\/product"}],"replies":[{"embeddable":true,"href":"https:\/\/shoponlinedz.com\/en\/wp-json\/wp\/v2\/comments?post=51961"}],"version-history":[{"count":0,"href":"https:\/\/shoponlinedz.com\/en\/wp-json\/wp\/v2\/product\/51961\/revisions"}],"wp:featuredmedia":[{"embeddable":true,"href":"https:\/\/shoponlinedz.com\/en\/wp-json\/wp\/v2\/media\/51960"}],"wp:attachment":[{"href":"https:\/\/shoponlinedz.com\/en\/wp-json\/wp\/v2\/media?parent=51961"}],"wp:term":[{"taxonomy":"product_brand","embeddable":true,"href":"https:\/\/shoponlinedz.com\/en\/wp-json\/wp\/v2\/product_brand?post=51961"},{"taxonomy":"product_cat","embeddable":true,"href":"https:\/\/shoponlinedz.com\/en\/wp-json\/wp\/v2\/product_cat?post=51961"},{"taxonomy":"product_tag","embeddable":true,"href":"https:\/\/shoponlinedz.com\/en\/wp-json\/wp\/v2\/product_tag?post=51961"}],"curies":[{"name":"wp","href":"https:\/\/api.w.org\/{rel}","templated":true}]}}