{"id":51941,"date":"2026-01-05T18:18:54","date_gmt":"2026-01-05T18:18:54","guid":{"rendered":"https:\/\/shoponlinedz.com\/product\/lampe-solaire-dexterieur-avec-detecteur-de-mouvement-lf-1906a-%d9%85%d8%b5%d8%a8%d8%a7%d8%ad-%d8%ae%d8%a7%d8%b1%d8%ac%d9%8a-%d9%8a%d8%b9%d9%85%d9%84-%d8%a8%d8%a7%d9%84%d8%b7%d8%a7\/"},"modified":"2026-01-28T11:57:06","modified_gmt":"2026-01-28T11:57:06","slug":"lampe-solaire-dexterieur-avec-detecteur-de-mouvement-lf-1906a-%d9%85%d8%b5%d8%a8%d8%a7%d8%ad-%d8%ae%d8%a7%d8%b1%d8%ac%d9%8a-%d9%8a%d8%b9%d9%85%d9%84-%d8%a8%d8%a7%d9%84%d8%b7%d8%a7","status":"publish","type":"product","link":"https:\/\/shoponlinedz.com\/en\/product\/lampe-solaire-dexterieur-avec-detecteur-de-mouvement-lf-1906a-%d9%85%d8%b5%d8%a8%d8%a7%d8%ad-%d8%ae%d8%a7%d8%b1%d8%ac%d9%8a-%d9%8a%d8%b9%d9%85%d9%84-%d8%a8%d8%a7%d9%84%d8%b7%d8%a7\/","title":{"rendered":"Lampe Solaire d\u2019ext\u00e9rieur avec D\u00e9tecteur de Mouvement LF-1906A \u2013 \u0645\u0635\u0628\u0627\u062d \u062e\u0627\u0631\u062c\u064a \u064a\u0639\u0645\u0644 \u0628\u0627\u0644\u0637\u0627\u0642\u0629 \u0627\u0644\u0634\u0645\u0633\u064a\u0629"},"content":{"rendered":"<figure class=\"attachment attachment--preview\" data-trix-attachment=\"{&quot;contentType&quot;:&quot;image&quot;,&quot;height&quot;:1024,&quot;url&quot;:&quot;https:\/\/sawaqli.fra1.cdn.digitaloceanspaces.com\/48718\/LF-1906A-1.jpg&quot;,&quot;width&quot;:1024}\" data-trix-content-type=\"image\"><img decoding=\"async\" class=\"aligncenter\" src=\"https:\/\/sawaqli.fra1.cdn.digitaloceanspaces.com\/48718\/LF-1906A-1.jpg\" width=\"1024\" height=\"1024\" \/><figcaption class=\"attachment__caption\"><\/figcaption><\/figure>\n<figure class=\"attachment attachment--preview\" data-trix-attachment=\"{&quot;contentType&quot;:&quot;image&quot;,&quot;height&quot;:1024,&quot;url&quot;:&quot;https:\/\/sawaqli.fra1.cdn.digitaloceanspaces.com\/48719\/LF-1906A-2.jpg&quot;,&quot;width&quot;:1024}\" data-trix-content-type=\"image\"><img decoding=\"async\" class=\"aligncenter\" src=\"https:\/\/sawaqli.fra1.cdn.digitaloceanspaces.com\/48719\/LF-1906A-2.jpg\" width=\"1024\" height=\"1024\" \/><figcaption class=\"attachment__caption\"><\/figcaption><\/figure>\n<figure class=\"attachment attachment--preview\" data-trix-attachment=\"{&quot;contentType&quot;:&quot;image&quot;,&quot;height&quot;:1024,&quot;url&quot;:&quot;https:\/\/sawaqli.fra1.cdn.digitaloceanspaces.com\/48720\/LF-1906A-7.jpg&quot;,&quot;width&quot;:1024}\" data-trix-content-type=\"image\"><img decoding=\"async\" class=\"aligncenter\" src=\"https:\/\/sawaqli.fra1.cdn.digitaloceanspaces.com\/48720\/LF-1906A-7.jpg\" width=\"1024\" height=\"1024\" \/><figcaption class=\"attachment__caption\"><\/figcaption><\/figure>\n<figure class=\"attachment attachment--preview\" data-trix-attachment=\"{&quot;contentType&quot;:&quot;image&quot;,&quot;height&quot;:1024,&quot;url&quot;:&quot;https:\/\/sawaqli.fra1.cdn.digitaloceanspaces.com\/48721\/LF-1906A-6.jpg&quot;,&quot;width&quot;:1024}\" data-trix-content-type=\"image\"><img decoding=\"async\" class=\"aligncenter\" src=\"https:\/\/sawaqli.fra1.cdn.digitaloceanspaces.com\/48721\/LF-1906A-6.jpg\" width=\"1024\" height=\"1024\" \/><figcaption class=\"attachment__caption\"><\/figcaption><\/figure>\n<figure class=\"attachment attachment--preview\" data-trix-attachment=\"{&quot;contentType&quot;:&quot;image&quot;,&quot;height&quot;:1024,&quot;url&quot;:&quot;https:\/\/sawaqli.fra1.cdn.digitaloceanspaces.com\/48722\/LF-1906A-4.jpg&quot;,&quot;width&quot;:1024}\" data-trix-content-type=\"image\"><img decoding=\"async\" class=\"aligncenter\" src=\"https:\/\/sawaqli.fra1.cdn.digitaloceanspaces.com\/48722\/LF-1906A-4.jpg\" width=\"1024\" height=\"1024\" \/><figcaption class=\"attachment__caption\"><\/figcaption><\/figure>\n<p style=\"text-align: center;\">","protected":false},"excerpt":{"rendered":"<p>\ud83c\udf1e \u0645\u0635\u0627\u0628\u064a\u062d \u0634\u0645\u0633\u064a\u0629 \u062e\u0627\u0631\u062c\u064a\u0629 \u0628\u0640 48 \u0644\u0645\u0628\u0629 LED \u0641\u0627\u0626\u0642\u0629 \u0627\u0644\u0633\u0637\u0648\u0639\u0642\u0648\u0629 \u0625\u0646\u0627\u0631\u0629 \u0639\u0627\u0644\u064a\u0629: 48 \u0644\u0645\u0628\u0629 LED \u0628\u0644\u0648\u0646 \u0623\u0628\u064a\u0636 \u0628\u0627\u0631\u062f (6500 \u0643\u0644\u0641\u0646) \u2013 \u062d\u062a\u0649 750 \u0644\u0648\u0645\u0646\u0642\u0627\u0628\u0644\u0629 \u0644\u0644\u062a\u0639\u062f\u064a\u0644: \u064a\u0645\u0643\u0646 \u062a\u0639\u062f\u064a\u0644 \u0631\u0623\u0633 \u0627\u0644\u0645\u0635\u0628\u0627\u062d \u0648\u0627\u0644\u0644\u0648\u062d \u0627\u0644\u0634\u0645\u0633\u064a \u0644\u062a\u0648\u062c\u064a\u0647 \u0627\u0644\u0625\u0636\u0627\u0621\u0629 \u062d\u0633\u0628 \u0627\u0644\u062d\u0627\u062c\u0629\u0645\u0633\u062a\u0634\u0639\u0631 \u062d\u0631\u0643\u0629 PIR: \u064a\u0643\u062a\u0634\u0641 \u0627\u0644\u062d\u0631\u0643\u0629 \u0636\u0645\u0646 5 \u0625\u0644\u0649 8 \u0623\u0645\u062a\u0627\u0631 \u0628\u0632\u0627\u0648\u064a\u0629 120\u00b0\u0645\u062f\u0629 \u0627\u0644\u062a\u0634\u063a\u064a\u0644: \u062d\u062a\u0649 6 \u0625\u0644\u0649 8 \u0633\u0627\u0639\u0627\u062a \u0628\u0639\u062f \u0627\u0644\u0634\u062d\u0646 \u0627\u0644\u0643\u0627\u0645\u06443 \u0623\u0648\u0636\u0627\u0639 \u062a\u0634\u063a\u064a\u0644:\u0636\u0648\u0621 \u0623\u0645\u0646\u064a 100% \u0639\u0646\u062f \u0627\u0644\u062d\u0631\u0643\u0629 \u062b\u0645 \u0625\u064a\u0642\u0627\u0641 \u0628\u0639\u062f 20 \u062b\u0627\u0646\u064a\u0629\u0636\u0648\u0621 \u062e\u0627\u0641\u062a \u0628\u0639\u062f \u0627\u0644\u062d\u0631\u0643\u0629\u0625\u0636\u0627\u0621\u0629 \u0645\u0633\u062a\u0645\u0631\u0629 \u0628\u0646\u0633\u0628\u0629 20% \u062f\u0648\u0646 \u0627\u0633\u062a\u0634\u0639\u0627\u0631 \u0627\u0644\u062d\u0631\u0643\u0629 [21 % d\u2019efficacit\u00e9] \u2013 Ces lampes solaires d\u2019ext\u00e9rieur avec d\u00e9tecteur de mouvement et panneau solaire en polysilicium performant sont \u00e9quip\u00e9es d\u2019une batterie de 1500 mAh de grande capacit\u00e9, offrant une efficacit\u00e9 de charge consid\u00e9rablement am\u00e9lior\u00e9e de 70 %. Elles se rechargent pendant la journ\u00e9e et s\u2019allument automatiquement la nuit. Le taux de conversion solaire atteint 21 %.Deux options d\u2019installation et IP67 : Cette lampe d\u2019ext\u00e9rieur avec d\u00e9tecteur de mouvement solaire a \u00e9t\u00e9 sp\u00e9cialement con\u00e7ue pour r\u00e9pondre aux besoins des utilisateurs. Elle peut \u00eatre install\u00e9e au sol ou en applique murale. Fabriqu\u00e9e en ABS et PC durable, elle est \u00e9tanche IP67 et r\u00e9siste aux intemp\u00e9ries, \u00e0 la pluie, au gel et aux fortes chaleurs.<\/p>\n","protected":false},"featured_media":51940,"comment_status":"open","ping_status":"closed","template":"","meta":[],"product_brand":[],"product_cat":[2463],"product_tag":[],"class_list":{"0":"post-51941","1":"product","2":"type-product","3":"status-publish","4":"has-post-thumbnail","6":"product_cat-electronique","8":"first","9":"instock","10":"sale","11":"taxable","12":"shipping-taxable","13":"purchasable","14":"product-type-simple"},"jetpack_sharing_enabled":true,"_links":{"self":[{"href":"https:\/\/shoponlinedz.com\/en\/wp-json\/wp\/v2\/product\/51941","targetHints":{"allow":["GET"]}}],"collection":[{"href":"https:\/\/shoponlinedz.com\/en\/wp-json\/wp\/v2\/product"}],"about":[{"href":"https:\/\/shoponlinedz.com\/en\/wp-json\/wp\/v2\/types\/product"}],"replies":[{"embeddable":true,"href":"https:\/\/shoponlinedz.com\/en\/wp-json\/wp\/v2\/comments?post=51941"}],"version-history":[{"count":0,"href":"https:\/\/shoponlinedz.com\/en\/wp-json\/wp\/v2\/product\/51941\/revisions"}],"wp:featuredmedia":[{"embeddable":true,"href":"https:\/\/shoponlinedz.com\/en\/wp-json\/wp\/v2\/media\/51940"}],"wp:attachment":[{"href":"https:\/\/shoponlinedz.com\/en\/wp-json\/wp\/v2\/media?parent=51941"}],"wp:term":[{"taxonomy":"product_brand","embeddable":true,"href":"https:\/\/shoponlinedz.com\/en\/wp-json\/wp\/v2\/product_brand?post=51941"},{"taxonomy":"product_cat","embeddable":true,"href":"https:\/\/shoponlinedz.com\/en\/wp-json\/wp\/v2\/product_cat?post=51941"},{"taxonomy":"product_tag","embeddable":true,"href":"https:\/\/shoponlinedz.com\/en\/wp-json\/wp\/v2\/product_tag?post=51941"}],"curies":[{"name":"wp","href":"https:\/\/api.w.org\/{rel}","templated":true}]}}