{"id":51825,"date":"2026-01-05T18:14:47","date_gmt":"2026-01-05T18:14:47","guid":{"rendered":"https:\/\/shoponlinedz.com\/product\/refroidisseur-de-telephone-portable-2-vitesse-a-faible-bruit-x20-%d9%85%d8%b1%d9%88%d8%ad%d8%a9-%d8%aa%d8%a8%d8%b1%d9%8a%d8%af-%d8%a7%d9%84%d9%87%d8%a7%d8%aa%d9%81\/"},"modified":"2026-01-28T11:57:09","modified_gmt":"2026-01-28T11:57:09","slug":"refroidisseur-de-telephone-portable-2-vitesse-a-faible-bruit-x20-%d9%85%d8%b1%d9%88%d8%ad%d8%a9-%d8%aa%d8%a8%d8%b1%d9%8a%d8%af-%d8%a7%d9%84%d9%87%d8%a7%d8%aa%d9%81","status":"publish","type":"product","link":"https:\/\/shoponlinedz.com\/en\/product\/refroidisseur-de-telephone-portable-2-vitesse-a-faible-bruit-x20-%d9%85%d8%b1%d9%88%d8%ad%d8%a9-%d8%aa%d8%a8%d8%b1%d9%8a%d8%af-%d8%a7%d9%84%d9%87%d8%a7%d8%aa%d9%81\/","title":{"rendered":"refroidisseur de t\u00e9l\u00e9phone portable 2 vitesse \u00e0 faible bruit X20 \u2013 \u0645\u0631\u0648\u062d\u0629 \u062a\u0628\u0631\u064a\u062f \u0627\u0644\u0647\u0627\u062a\u0641"},"content":{"rendered":"<figure class=\"attachment attachment--preview\" data-trix-attachment=\"{&quot;contentType&quot;:&quot;image&quot;,&quot;height&quot;:1024,&quot;url&quot;:&quot;https:\/\/sawaqli.fra1.cdn.digitaloceanspaces.com\/49506\/X20-CNC.jpg&quot;,&quot;width&quot;:1024}\" data-trix-content-type=\"image\"><img decoding=\"async\" class=\"aligncenter\" src=\"https:\/\/sawaqli.fra1.cdn.digitaloceanspaces.com\/49506\/X20-CNC.jpg\" width=\"1024\" height=\"1024\" \/><figcaption class=\"attachment__caption\"><\/figcaption><\/figure>\n<figure class=\"attachment attachment--preview\" data-trix-attachment=\"{&quot;contentType&quot;:&quot;image&quot;,&quot;height&quot;:1024,&quot;url&quot;:&quot;https:\/\/sawaqli.fra1.cdn.digitaloceanspaces.com\/49507\/X20-5.jpg&quot;,&quot;width&quot;:1024}\" data-trix-content-type=\"image\"><img decoding=\"async\" class=\"aligncenter\" src=\"https:\/\/sawaqli.fra1.cdn.digitaloceanspaces.com\/49507\/X20-5.jpg\" width=\"1024\" height=\"1024\" \/><figcaption class=\"attachment__caption\"><\/figcaption><\/figure>\n<figure class=\"attachment attachment--preview\" data-trix-attachment=\"{&quot;contentType&quot;:&quot;image&quot;,&quot;height&quot;:1024,&quot;url&quot;:&quot;https:\/\/sawaqli.fra1.cdn.digitaloceanspaces.com\/49508\/X20-4.jpg&quot;,&quot;width&quot;:1024}\" data-trix-content-type=\"image\"><img decoding=\"async\" class=\"aligncenter\" src=\"https:\/\/sawaqli.fra1.cdn.digitaloceanspaces.com\/49508\/X20-4.jpg\" width=\"1024\" height=\"1024\" \/><figcaption class=\"attachment__caption\"><\/figcaption><\/figure>\n<figure class=\"attachment attachment--preview\" data-trix-attachment=\"{&quot;contentType&quot;:&quot;image&quot;,&quot;height&quot;:1024,&quot;url&quot;:&quot;https:\/\/sawaqli.fra1.cdn.digitaloceanspaces.com\/49509\/X20-3.jpg&quot;,&quot;width&quot;:1024}\" data-trix-content-type=\"image\"><img decoding=\"async\" class=\"aligncenter\" src=\"https:\/\/sawaqli.fra1.cdn.digitaloceanspaces.com\/49509\/X20-3.jpg\" width=\"1024\" height=\"1024\" \/><figcaption class=\"attachment__caption\"><\/figcaption><\/figure>\n<figure class=\"attachment attachment--preview\" data-trix-attachment=\"{&quot;contentType&quot;:&quot;image&quot;,&quot;height&quot;:1024,&quot;url&quot;:&quot;https:\/\/sawaqli.fra1.cdn.digitaloceanspaces.com\/49510\/X20-2.jpg&quot;,&quot;width&quot;:1024}\" data-trix-content-type=\"image\"><img decoding=\"async\" class=\"aligncenter\" src=\"https:\/\/sawaqli.fra1.cdn.digitaloceanspaces.com\/49510\/X20-2.jpg\" width=\"1024\" height=\"1024\" \/><figcaption class=\"attachment__caption\"><\/figcaption><\/figure>\n<p style=\"text-align: center;\">","protected":false},"excerpt":{"rendered":"<p>\u2744\ufe0f \u0645\u0631\u0648\u062d\u0629 \u062a\u0628\u0631\u064a\u062f \u0644\u0644\u0647\u0627\u062a\u0641\u0645\u0632\u0648\u0651\u062f\u0629 \u0628\u062a\u0648\u0631\u0628\u0648 \u062f\u0627\u062e\u0644\u064a \u0642\u0648\u064a \u0644\u062a\u0628\u0631\u064a\u062f \u0627\u0644\u0647\u0627\u062a\u0641 \u0628\u0633\u0631\u0639\u0629 \u062f\u0648\u0646 \u0635\u0648\u062a \u0645\u0632\u0639\u062c.\u0633\u0631\u0639\u062a\u0627\u0646 \u0644\u0644\u062a\u0628\u0631\u064a\u062f \u0644\u062a\u0644\u0628\u064a\u0629 \u0645\u062e\u062a\u0644\u0641 \u0627\u062d\u062a\u064a\u0627\u062c\u0627\u062a \u0627\u0633\u062a\u062e\u062f\u0627\u0645 \u0627\u0644\u0647\u0627\u062a\u0641.\u062a\u0635\u0645\u064a\u0645 \u0628\u0645\u0634\u0628\u0643 \u0633\u0647\u0644 \u0627\u0644\u062a\u0631\u0643\u064a\u0628 \u0648\u0627\u0644\u0641\u0643.\u0645\u0635\u0646\u0648\u0639\u0629 \u0645\u0646 PC\u060c \u0623\u0644\u0648\u0645\u0646\u064a\u0648\u0645\u060c \u0648\u0633\u064a\u0644\u064a\u0643\u0648\u0646 \u0639\u0627\u0644\u064a \u0627\u0644\u062c\u0648\u062f\u0629.\u062a\u0646\u0627\u0633\u0628 \u0627\u0644\u0647\u0648\u0627\u062a\u0641 \u0645\u0646 4.0 \u0625\u0644\u0649 6.7 \u0628\u0648\u0635\u0629.\u0648\u0627\u062c\u0647\u0629 Type-C\u060c \u0648\u062a\u0639\u0645\u0644 \u0628\u062c\u0647\u062f 5V\/2A.\u0635\u063a\u064a\u0631\u0629 \u0627\u0644\u062d\u062c\u0645: \u0627\u0644\u0637\u0648\u0644 8 \u0633\u0645\u060c \u0627\u0644\u0639\u0631\u0636 6 \u0633\u0645 \u062a\u0642\u0631\u064a\u0628\u064b\u0627.<\/p>","protected":false},"featured_media":51824,"comment_status":"open","ping_status":"closed","template":"","meta":[],"product_brand":[],"product_cat":[2463],"product_tag":[],"class_list":{"0":"post-51825","1":"product","2":"type-product","3":"status-publish","4":"has-post-thumbnail","6":"product_cat-electronique","8":"first","9":"instock","10":"sale","11":"taxable","12":"shipping-taxable","13":"purchasable","14":"product-type-simple"},"jetpack_sharing_enabled":true,"_links":{"self":[{"href":"https:\/\/shoponlinedz.com\/en\/wp-json\/wp\/v2\/product\/51825","targetHints":{"allow":["GET"]}}],"collection":[{"href":"https:\/\/shoponlinedz.com\/en\/wp-json\/wp\/v2\/product"}],"about":[{"href":"https:\/\/shoponlinedz.com\/en\/wp-json\/wp\/v2\/types\/product"}],"replies":[{"embeddable":true,"href":"https:\/\/shoponlinedz.com\/en\/wp-json\/wp\/v2\/comments?post=51825"}],"version-history":[{"count":0,"href":"https:\/\/shoponlinedz.com\/en\/wp-json\/wp\/v2\/product\/51825\/revisions"}],"wp:featuredmedia":[{"embeddable":true,"href":"https:\/\/shoponlinedz.com\/en\/wp-json\/wp\/v2\/media\/51824"}],"wp:attachment":[{"href":"https:\/\/shoponlinedz.com\/en\/wp-json\/wp\/v2\/media?parent=51825"}],"wp:term":[{"taxonomy":"product_brand","embeddable":true,"href":"https:\/\/shoponlinedz.com\/en\/wp-json\/wp\/v2\/product_brand?post=51825"},{"taxonomy":"product_cat","embeddable":true,"href":"https:\/\/shoponlinedz.com\/en\/wp-json\/wp\/v2\/product_cat?post=51825"},{"taxonomy":"product_tag","embeddable":true,"href":"https:\/\/shoponlinedz.com\/en\/wp-json\/wp\/v2\/product_tag?post=51825"}],"curies":[{"name":"wp","href":"https:\/\/api.w.org\/{rel}","templated":true}]}}