{"id":51812,"date":"2026-01-05T18:14:20","date_gmt":"2026-01-05T18:14:20","guid":{"rendered":"https:\/\/shoponlinedz.com\/product\/grande-bache-de-piscine-rectangulaire-en-polyethylene-400-x-211-cm-bestway-58107-%d8%ba%d8%b7%d8%a7%d8%a1-%d9%85%d8%b3%d8%a8%d8%ad\/"},"modified":"2026-01-28T11:57:09","modified_gmt":"2026-01-28T11:57:09","slug":"grande-bache-de-piscine-rectangulaire-en-polyethylene-400-x-211-cm-bestway-58107-%d8%ba%d8%b7%d8%a7%d8%a1-%d9%85%d8%b3%d8%a8%d8%ad","status":"publish","type":"product","link":"https:\/\/shoponlinedz.com\/en\/product\/grande-bache-de-piscine-rectangulaire-en-polyethylene-400-x-211-cm-bestway-58107-%d8%ba%d8%b7%d8%a7%d8%a1-%d9%85%d8%b3%d8%a8%d8%ad\/","title":{"rendered":"Grande b\u00e2che de piscine rectangulaire en poly\u00e9thyl\u00e8ne 400 x 211 cm Bestway 58107 \u2013 \u063a\u0637\u0627\u0621 \u0645\u0633\u0628\u062d"},"content":{"rendered":"<figure class=\"attachment attachment--preview\" data-trix-attachment=\"{&quot;contentType&quot;:&quot;image&quot;,&quot;height&quot;:1024,&quot;url&quot;:&quot;https:\/\/sawaqli.fra1.cdn.digitaloceanspaces.com\/49567\/Bestway-58107-cnc.jpg&quot;,&quot;width&quot;:1024}\" data-trix-content-type=\"image\"><img decoding=\"async\" class=\"aligncenter\" src=\"https:\/\/sawaqli.fra1.cdn.digitaloceanspaces.com\/49567\/Bestway-58107-cnc.jpg\" width=\"1024\" height=\"1024\" \/><figcaption class=\"attachment__caption\"><\/figcaption><\/figure>\n<figure class=\"attachment attachment--preview\" data-trix-attachment=\"{&quot;contentType&quot;:&quot;image&quot;,&quot;height&quot;:1024,&quot;url&quot;:&quot;https:\/\/sawaqli.fra1.cdn.digitaloceanspaces.com\/49568\/Bestway-58107-4.jpg&quot;,&quot;width&quot;:1024}\" data-trix-content-type=\"image\"><img decoding=\"async\" class=\"aligncenter\" src=\"https:\/\/sawaqli.fra1.cdn.digitaloceanspaces.com\/49568\/Bestway-58107-4.jpg\" width=\"1024\" height=\"1024\" \/><figcaption class=\"attachment__caption\"><\/figcaption><\/figure>\n<figure class=\"attachment attachment--preview\" data-trix-attachment=\"{&quot;contentType&quot;:&quot;image&quot;,&quot;height&quot;:1024,&quot;url&quot;:&quot;https:\/\/sawaqli.fra1.cdn.digitaloceanspaces.com\/49569\/Bestway-58107-1.jpg&quot;,&quot;width&quot;:1024}\" data-trix-content-type=\"image\"><img decoding=\"async\" class=\"aligncenter\" src=\"https:\/\/sawaqli.fra1.cdn.digitaloceanspaces.com\/49569\/Bestway-58107-1.jpg\" width=\"1024\" height=\"1024\" \/><figcaption class=\"attachment__caption\"><\/figcaption><\/figure>\n<figure class=\"attachment attachment--preview\" data-trix-attachment=\"{&quot;contentType&quot;:&quot;image&quot;,&quot;height&quot;:1024,&quot;url&quot;:&quot;https:\/\/sawaqli.fra1.cdn.digitaloceanspaces.com\/49570\/Bestway-58107-2.jpg&quot;,&quot;width&quot;:1024}\" data-trix-content-type=\"image\"><img decoding=\"async\" class=\"aligncenter\" src=\"https:\/\/sawaqli.fra1.cdn.digitaloceanspaces.com\/49570\/Bestway-58107-2.jpg\" width=\"1024\" height=\"1024\" \/><figcaption class=\"attachment__caption\"><\/figcaption><\/figure>\n<figure class=\"attachment attachment--preview\" data-trix-attachment=\"{&quot;contentType&quot;:&quot;image&quot;,&quot;height&quot;:1024,&quot;url&quot;:&quot;https:\/\/sawaqli.fra1.cdn.digitaloceanspaces.com\/49571\/Bestway-58107-3.jpg&quot;,&quot;width&quot;:1024}\" data-trix-content-type=\"image\"><img decoding=\"async\" class=\"aligncenter\" src=\"https:\/\/sawaqli.fra1.cdn.digitaloceanspaces.com\/49571\/Bestway-58107-3.jpg\" width=\"1024\" height=\"1024\" \/><figcaption class=\"attachment__caption\"><\/figcaption><\/figure>\n<p style=\"text-align: center;\">","protected":false},"excerpt":{"rendered":"<p>\u2705 \u063a\u0637\u0627\u0621 \u0645\u0633\u062a\u0637\u064a\u0644 \u0644\u0644\u0645\u0633\u0627\u0628\u062d Bestway 400\u00d7211 \u0633\u0645\u063a\u0637\u0627\u0621 \u0639\u0627\u0644\u064a \u0627\u0644\u062c\u0648\u062f\u0629 \u0645\u0646 \u0645\u0627\u062f\u0629 \u0627\u0644\u0628\u0648\u0644\u064a \u0625\u064a\u062b\u064a\u0644\u064a\u0646\u060c \u0645\u062e\u0635\u0635 \u0644\u0644\u0645\u0633\u0627\u0628\u062d \u0630\u0627\u062a \u0627\u0644\u0647\u064a\u0643\u0644 \u0627\u0644\u0645\u0639\u062f\u0646\u064a\u060c \u064a\u0645\u0646\u0639 \u062f\u062e\u0648\u0644 \u0627\u0644\u0623\u0648\u0633\u0627\u062e \u0648\u064a\u0648\u0641\u0631 \u062d\u0645\u0627\u064a\u0629 \u0641\u0627\u0626\u0642\u0629.\ud83d\udd39 \u0627\u0644\u0645\u064a\u0632\u0627\u062a:\u0645\u0635\u0646\u0648\u0639 \u0645\u0646 \u0628\u0648\u0644\u064a \u0625\u064a\u062b\u064a\u0644\u064a\u0646 \u0642\u0648\u064a \u0648\u0645\u062a\u064a\u0646\u064a\u0634\u0645\u0644 \u062d\u0628\u0627\u0644 \u0631\u0628\u0637 \u0644\u062a\u062b\u0628\u064a\u062a \u0633\u0647\u0644\u062a\u0635\u0645\u064a\u0645 \u0645\u0642\u0627\u0648\u0645 \u0644\u0644\u062a\u0633\u0631\u0628\u0645\u0646\u0627\u0633\u0628 \u0644\u0645\u0633\u0627\u0628\u062d \u0628\u0642\u064a\u0627\u0633 \u062d\u062a\u0649 400\u00d7211 \u0633\u0645<\/p>","protected":false},"featured_media":51811,"comment_status":"open","ping_status":"closed","template":"","meta":[],"product_brand":[],"product_cat":[2469],"product_tag":[],"class_list":{"0":"post-51812","1":"product","2":"type-product","3":"status-publish","4":"has-post-thumbnail","6":"product_cat-vacance-loisir","8":"first","9":"instock","10":"sale","11":"taxable","12":"shipping-taxable","13":"purchasable","14":"product-type-simple"},"jetpack_sharing_enabled":true,"_links":{"self":[{"href":"https:\/\/shoponlinedz.com\/en\/wp-json\/wp\/v2\/product\/51812","targetHints":{"allow":["GET"]}}],"collection":[{"href":"https:\/\/shoponlinedz.com\/en\/wp-json\/wp\/v2\/product"}],"about":[{"href":"https:\/\/shoponlinedz.com\/en\/wp-json\/wp\/v2\/types\/product"}],"replies":[{"embeddable":true,"href":"https:\/\/shoponlinedz.com\/en\/wp-json\/wp\/v2\/comments?post=51812"}],"version-history":[{"count":0,"href":"https:\/\/shoponlinedz.com\/en\/wp-json\/wp\/v2\/product\/51812\/revisions"}],"wp:featuredmedia":[{"embeddable":true,"href":"https:\/\/shoponlinedz.com\/en\/wp-json\/wp\/v2\/media\/51811"}],"wp:attachment":[{"href":"https:\/\/shoponlinedz.com\/en\/wp-json\/wp\/v2\/media?parent=51812"}],"wp:term":[{"taxonomy":"product_brand","embeddable":true,"href":"https:\/\/shoponlinedz.com\/en\/wp-json\/wp\/v2\/product_brand?post=51812"},{"taxonomy":"product_cat","embeddable":true,"href":"https:\/\/shoponlinedz.com\/en\/wp-json\/wp\/v2\/product_cat?post=51812"},{"taxonomy":"product_tag","embeddable":true,"href":"https:\/\/shoponlinedz.com\/en\/wp-json\/wp\/v2\/product_tag?post=51812"}],"curies":[{"name":"wp","href":"https:\/\/api.w.org\/{rel}","templated":true}]}}