{"id":51534,"date":"2026-01-05T18:04:19","date_gmt":"2026-01-05T18:04:19","guid":{"rendered":"https:\/\/shoponlinedz.com\/product\/etui-de-plongee-etanche-puluz-40m-pour-iphone-16-15-14-13-12-11-pro-max-%d8%ad%d8%a7%d9%81%d8%b8%d8%a9-%d9%87%d8%a7%d8%aa%d9%81-%d8%a5%d8%ad%d8%aa%d8%b1%d8%a7%d9%81%d9%8a%d8%a9-%d8%aa%d8%ad%d8%aa\/"},"modified":"2026-01-28T12:10:37","modified_gmt":"2026-01-28T12:10:37","slug":"etui-de-plongee-etanche-puluz-40m-pour-iphone-16-15-14-13-12-11-pro-max-%d8%ad%d8%a7%d9%81%d8%b8%d8%a9-%d9%87%d8%a7%d8%aa%d9%81-%d8%a5%d8%ad%d8%aa%d8%b1%d8%a7%d9%81%d9%8a%d8%a9-%d8%aa%d8%ad%d8%aa","status":"publish","type":"product","link":"https:\/\/shoponlinedz.com\/en\/product\/etui-de-plongee-etanche-puluz-40m-pour-iphone-16-15-14-13-12-11-pro-max-%d8%ad%d8%a7%d9%81%d8%b8%d8%a9-%d9%87%d8%a7%d8%aa%d9%81-%d8%a5%d8%ad%d8%aa%d8%b1%d8%a7%d9%81%d9%8a%d8%a9-%d8%aa%d8%ad%d8%aa\/","title":{"rendered":"\u00c9tui de plong\u00e9e \u00e9tanche PULUZ 40m pour iPhone 16\/15\/14\/13\/12\/11 Pro Max &#8211; \u062d\u0627\u0641\u0638\u0629 \u0647\u0627\u062a\u0641 \u0625\u062d\u062a\u0631\u0627\u0641\u064a\u0629 \u062a\u062d\u062a \u0627\u0644\u0645\u0627\u0621"},"content":{"rendered":"<figure class=\"attachment attachment--preview\" data-trix-attachment=\"{&quot;contentType&quot;:&quot;image&quot;,&quot;height&quot;:1024,&quot;url&quot;:&quot;https:\/\/sawaqli.fra1.cdn.digitaloceanspaces.com\/50698\/PULUZ-40M-3.jpg&quot;,&quot;width&quot;:1024}\" data-trix-content-type=\"image\"><img decoding=\"async\" class=\"aligncenter\" src=\"https:\/\/sawaqli.fra1.cdn.digitaloceanspaces.com\/50698\/PULUZ-40M-3.jpg\" width=\"1024\" height=\"1024\" \/><figcaption class=\"attachment__caption\"><\/figcaption><\/figure>\n<figure class=\"attachment attachment--preview\" data-trix-attachment=\"{&quot;contentType&quot;:&quot;image&quot;,&quot;height&quot;:1024,&quot;url&quot;:&quot;https:\/\/sawaqli.fra1.cdn.digitaloceanspaces.com\/50699\/PULUZ-40M-1.jpg&quot;,&quot;width&quot;:1024}\" data-trix-content-type=\"image\"><img decoding=\"async\" class=\"aligncenter\" src=\"https:\/\/sawaqli.fra1.cdn.digitaloceanspaces.com\/50699\/PULUZ-40M-1.jpg\" width=\"1024\" height=\"1024\" \/><figcaption class=\"attachment__caption\"><\/figcaption><\/figure>\n<figure class=\"attachment attachment--preview\" data-trix-attachment=\"{&quot;contentType&quot;:&quot;image&quot;,&quot;height&quot;:1024,&quot;url&quot;:&quot;https:\/\/sawaqli.fra1.cdn.digitaloceanspaces.com\/50700\/PULUZ-40M-5.jpg&quot;,&quot;width&quot;:1024}\" data-trix-content-type=\"image\"><img decoding=\"async\" class=\"aligncenter\" src=\"https:\/\/sawaqli.fra1.cdn.digitaloceanspaces.com\/50700\/PULUZ-40M-5.jpg\" width=\"1024\" height=\"1024\" \/><figcaption class=\"attachment__caption\"><\/figcaption><\/figure>\n<figure class=\"attachment attachment--preview\" data-trix-attachment=\"{&quot;contentType&quot;:&quot;image&quot;,&quot;height&quot;:1024,&quot;url&quot;:&quot;https:\/\/sawaqli.fra1.cdn.digitaloceanspaces.com\/50701\/PULUZ-40M-4.jpg&quot;,&quot;width&quot;:1024}\" data-trix-content-type=\"image\"><img decoding=\"async\" class=\"aligncenter\" src=\"https:\/\/sawaqli.fra1.cdn.digitaloceanspaces.com\/50701\/PULUZ-40M-4.jpg\" width=\"1024\" height=\"1024\" \/><figcaption class=\"attachment__caption\"><\/figcaption><\/figure>\n<figure class=\"attachment attachment--preview\" data-trix-attachment=\"{&quot;contentType&quot;:&quot;image&quot;,&quot;height&quot;:1024,&quot;url&quot;:&quot;https:\/\/sawaqli.fra1.cdn.digitaloceanspaces.com\/50702\/PULUZ-40M-2.jpg&quot;,&quot;width&quot;:1024}\" data-trix-content-type=\"image\"><img decoding=\"async\" class=\"aligncenter\" src=\"https:\/\/sawaqli.fra1.cdn.digitaloceanspaces.com\/50702\/PULUZ-40M-2.jpg\" width=\"1024\" height=\"1024\" \/><figcaption class=\"attachment__caption\"><\/figcaption><\/figure>\n<p style=\"text-align: center;\">","protected":false},"excerpt":{"rendered":"<p>6. \u063a\u0644\u0627\u0641 \u0645\u0642\u0627\u0648\u0645 \u0644\u0644\u0645\u0627\u0621 \u0644\u0647\u0648\u0627\u062a\u0641 iPhone (\u0645\u062a\u0648\u0627\u0641\u0642 \u0645\u0639 \u0639\u062f\u0629 \u0645\u0648\u062f\u064a\u0644\u0627\u062a):\u0632\u062c\u0627\u062c \u0645\u062a\u064a\u0646 + \u063a\u0644\u0627\u0641 PC \u0645\u0642\u0627\u0648\u0645 \u0644\u0644\u062a\u0622\u0643\u0644.\u0645\u0642\u0627\u0648\u0645 \u0644\u0644\u0645\u0627\u0621 \u062d\u062a\u0649 \u0639\u0645\u0642 40 \u0645\u062a\u0631\u064b\u0627: \u0645\u062b\u0627\u0644\u064a \u0644\u0644\u062a\u0635\u0648\u064a\u0631 \u062a\u062d\u062a \u0627\u0644\u0645\u0627\u0621.\u062a\u0635\u0645\u064a\u0645 \u0645\u062d\u0643\u0645 \u062a\u0645\u0627\u0645\u064b\u0627 \u0628\u062f\u0648\u0646 \u0641\u0648\u0627\u0635\u0644: \u064a\u0645\u0646\u0639 \u062a\u0633\u0631\u0628 \u0627\u0644\u0645\u0627\u0621\u060c \u0645\u0642\u0627\u0648\u0645 \u0644\u0644\u0635\u062f\u0645\u0627\u062a \u0648\u0627\u0644\u062e\u062f\u0648\u0634 \u0648\u0627\u0644\u0623\u0648\u0633\u0627\u062e.\u0635\u0645\u0627\u0645 \u062a\u0641\u0631\u064a\u063a \u0647\u0648\u0627\u0621 \u0623\u062d\u0627\u062f\u064a \u0627\u0644\u0627\u062a\u062c\u0627\u0647: \u0644\u0636\u0645\u0627\u0646 \u0623\u0641\u0636\u0644 \u0639\u0632\u0644.\u0631\u0624\u064a\u0629 \u0648\u0627\u0636\u062d\u0629 \u0648\u062a\u062d\u0643\u0645 \u062f\u0642\u064a\u0642: \u0634\u0627\u0634\u0629 \u0634\u0641\u0627\u0641\u0629 \u062a\u0639\u0645\u0644 \u0628\u0627\u0644\u0644\u0645\u0633 \u062a\u062d\u062a \u0627\u0644\u0645\u0627\u0621.\u0641\u062a\u062d \u0633\u0647\u0644 + \u062a\u0635\u0645\u064a\u0645 \u062f\u0648\u0651\u0627\u0631 \u0627\u0642\u062a\u0635\u0627\u062f\u064a: \u0645\u062a\u064a\u0646 \u0648\u064a\u0642\u0627\u0648\u0645 \u0627\u0644\u0636\u063a\u0637.\u0645\u062b\u0627\u0644\u064a \u0644\u0644\u063a\u0648\u0635\u060c \u0627\u0644\u062a\u0632\u0644\u062c\u060c \u0627\u0644\u0633\u0628\u0627\u062d\u0629\u060c \u0631\u0643\u0648\u0628 \u0627\u0644\u0623\u0645\u0648\u0627\u062c\u060c \u0648\u0627\u0644\u0623\u0646\u0634\u0637\u0629 \u0627\u0644\u0645\u0627\u0626\u064a\u0629 \u0627\u0644\u0623\u062e\u0631\u0649.\u0645\u062d\u062a\u0648\u064a\u0627\u062a \u0627\u0644\u0639\u0644\u0628\u0629:\u063a\u0644\u0627\u0641 \u0645\u0642\u0627\u0648\u0645 \u0644\u0644\u0645\u0627\u0621\u0645\u0636\u062e\u0629 \u064a\u062f\u0648\u064a\u0629\u062d\u0628\u0644 \u062a\u0639\u0644\u064a\u0642\u0641\u0644\u062a\u0631 \u0623\u062d\u0645\u0631\u0642\u0637\u0639\u0629 \u0642\u0645\u0627\u0634 \u0644\u0644\u062a\u0646\u0638\u064a\u0641\u062d\u0644\u0642\u0629 \u0645\u0627\u0646\u0639\u0629 \u0644\u0644\u062a\u0633\u0631\u0628<\/p>","protected":false},"featured_media":51533,"comment_status":"open","ping_status":"closed","template":"","meta":[],"product_brand":[],"product_cat":[2469],"product_tag":[],"class_list":{"0":"post-51534","1":"product","2":"type-product","3":"status-publish","4":"has-post-thumbnail","6":"product_cat-vacance-loisir","8":"first","9":"instock","10":"sale","11":"taxable","12":"shipping-taxable","13":"purchasable","14":"product-type-simple"},"jetpack_sharing_enabled":true,"_links":{"self":[{"href":"https:\/\/shoponlinedz.com\/en\/wp-json\/wp\/v2\/product\/51534","targetHints":{"allow":["GET"]}}],"collection":[{"href":"https:\/\/shoponlinedz.com\/en\/wp-json\/wp\/v2\/product"}],"about":[{"href":"https:\/\/shoponlinedz.com\/en\/wp-json\/wp\/v2\/types\/product"}],"replies":[{"embeddable":true,"href":"https:\/\/shoponlinedz.com\/en\/wp-json\/wp\/v2\/comments?post=51534"}],"version-history":[{"count":0,"href":"https:\/\/shoponlinedz.com\/en\/wp-json\/wp\/v2\/product\/51534\/revisions"}],"wp:featuredmedia":[{"embeddable":true,"href":"https:\/\/shoponlinedz.com\/en\/wp-json\/wp\/v2\/media\/51533"}],"wp:attachment":[{"href":"https:\/\/shoponlinedz.com\/en\/wp-json\/wp\/v2\/media?parent=51534"}],"wp:term":[{"taxonomy":"product_brand","embeddable":true,"href":"https:\/\/shoponlinedz.com\/en\/wp-json\/wp\/v2\/product_brand?post=51534"},{"taxonomy":"product_cat","embeddable":true,"href":"https:\/\/shoponlinedz.com\/en\/wp-json\/wp\/v2\/product_cat?post=51534"},{"taxonomy":"product_tag","embeddable":true,"href":"https:\/\/shoponlinedz.com\/en\/wp-json\/wp\/v2\/product_tag?post=51534"}],"curies":[{"name":"wp","href":"https:\/\/api.w.org\/{rel}","templated":true}]}}