{"id":51371,"date":"2026-01-05T17:57:58","date_gmt":"2026-01-05T17:57:58","guid":{"rendered":"https:\/\/shoponlinedz.com\/product\/ceinture-de-natation-flottante-avec-ceinture-de-securite-reglable-%d8%ad%d8%b2%d8%a7%d9%85-%d8%a7%d9%84%d8%b3%d8%a8%d8%a7%d8%ad%d8%a9\/"},"modified":"2026-01-28T12:10:42","modified_gmt":"2026-01-28T12:10:42","slug":"ceinture-de-natation-flottante-avec-ceinture-de-securite-reglable-%d8%ad%d8%b2%d8%a7%d9%85-%d8%a7%d9%84%d8%b3%d8%a8%d8%a7%d8%ad%d8%a9","status":"publish","type":"product","link":"https:\/\/shoponlinedz.com\/en\/product\/ceinture-de-natation-flottante-avec-ceinture-de-securite-reglable-%d8%ad%d8%b2%d8%a7%d9%85-%d8%a7%d9%84%d8%b3%d8%a8%d8%a7%d8%ad%d8%a9\/","title":{"rendered":"Ceinture de Natation Flottante avec Ceinture de S\u00e9curit\u00e9 R\u00e9glable \u2013 \u062d\u0632\u0627\u0645 \u0627\u0644\u0633\u0628\u0627\u062d\u0629"},"content":{"rendered":"<figure class=\"attachment attachment--preview\" data-trix-attachment=\"{&quot;contentType&quot;:&quot;image&quot;,&quot;height&quot;:1024,&quot;url&quot;:&quot;https:\/\/sawaqli.fra1.cdn.digitaloceanspaces.com\/51229\/ceinture-natation-cnc.jpg&quot;,&quot;width&quot;:1024}\" data-trix-content-type=\"image\"><img decoding=\"async\" class=\"aligncenter\" src=\"https:\/\/sawaqli.fra1.cdn.digitaloceanspaces.com\/51229\/ceinture-natation-cnc.jpg\" width=\"1024\" height=\"1024\" \/><figcaption class=\"attachment__caption\"><\/figcaption><\/figure>\n<figure class=\"attachment attachment--preview\" data-trix-attachment=\"{&quot;contentType&quot;:&quot;image&quot;,&quot;height&quot;:1024,&quot;url&quot;:&quot;https:\/\/sawaqli.fra1.cdn.digitaloceanspaces.com\/51230\/ceinture-natation-10.jpg&quot;,&quot;width&quot;:1024}\" data-trix-content-type=\"image\"><img decoding=\"async\" class=\"aligncenter\" src=\"https:\/\/sawaqli.fra1.cdn.digitaloceanspaces.com\/51230\/ceinture-natation-10.jpg\" width=\"1024\" height=\"1024\" \/><figcaption class=\"attachment__caption\"><\/figcaption><\/figure>\n<figure class=\"attachment attachment--preview\" data-trix-attachment=\"{&quot;contentType&quot;:&quot;image&quot;,&quot;height&quot;:1024,&quot;url&quot;:&quot;https:\/\/sawaqli.fra1.cdn.digitaloceanspaces.com\/51231\/ceinture-natation-1.jpg&quot;,&quot;width&quot;:1024}\" data-trix-content-type=\"image\"><img decoding=\"async\" class=\"aligncenter\" src=\"https:\/\/sawaqli.fra1.cdn.digitaloceanspaces.com\/51231\/ceinture-natation-1.jpg\" width=\"1024\" height=\"1024\" \/><figcaption class=\"attachment__caption\"><\/figcaption><\/figure>\n<figure class=\"attachment attachment--preview\" data-trix-attachment=\"{&quot;contentType&quot;:&quot;image&quot;,&quot;height&quot;:1024,&quot;url&quot;:&quot;https:\/\/sawaqli.fra1.cdn.digitaloceanspaces.com\/51232\/ceinture-natation-2.jpg&quot;,&quot;width&quot;:1024}\" data-trix-content-type=\"image\"><img decoding=\"async\" class=\"aligncenter\" src=\"https:\/\/sawaqli.fra1.cdn.digitaloceanspaces.com\/51232\/ceinture-natation-2.jpg\" width=\"1024\" height=\"1024\" \/><figcaption class=\"attachment__caption\"><\/figcaption><\/figure>\n<figure class=\"attachment attachment--preview\" data-trix-attachment=\"{&quot;contentType&quot;:&quot;image&quot;,&quot;height&quot;:1024,&quot;url&quot;:&quot;https:\/\/sawaqli.fra1.cdn.digitaloceanspaces.com\/51233\/ceinture-natation-4.jpg&quot;,&quot;width&quot;:1024}\" data-trix-content-type=\"image\"><img decoding=\"async\" class=\"aligncenter\" src=\"https:\/\/sawaqli.fra1.cdn.digitaloceanspaces.com\/51233\/ceinture-natation-4.jpg\" width=\"1024\" height=\"1024\" \/><figcaption class=\"attachment__caption\"><\/figcaption><\/figure>\n<p style=\"text-align: center;\">","protected":false},"excerpt":{"rendered":"<p>\ud83c\udfca\u200d\u2642\ufe0f \u062d\u0632\u0627\u0645 \u0633\u0628\u0627\u062d\u0629 \u0628\u062a\u0635\u0645\u064a\u0645 \u0642\u0627\u0628\u0644 \u0644\u0644\u062a\u0639\u062f\u064a\u0644 \u2013 \u0645\u062b\u0627\u0644\u064a \u0644\u0644\u0623\u0637\u0641\u0627\u0644 \u0648\u0627\u0644\u0645\u0628\u062a\u062f\u0626\u064a\u0646\u0627\u062c\u0639\u0644 \u062a\u0639\u0644\u0645 \u0627\u0644\u0633\u0628\u0627\u062d\u0629 \u0623\u0643\u062b\u0631 \u0623\u0645\u0627\u0646\u064b\u0627 \u0648\u0631\u0627\u062d\u0629 \u0645\u0639 \u0647\u0630\u0627 \u0627\u0644\u062d\u0632\u0627\u0645 \u0627\u0644\u0645\u0635\u0646\u0648\u0639 \u0645\u0646 \u0645\u0627\u062f\u0629 EVA \u0639\u0627\u0644\u064a\u0629 \u0627\u0644\u062c\u0648\u062f\u0629. \u0645\u0635\u0645\u0645 \u0644\u064a\u0645\u0646\u062d \u0627\u0644\u0637\u0641\u0648 \u0648\u0627\u0644\u062b\u0642\u0629 \u062f\u0627\u062e\u0644 \u0627\u0644\u0645\u0627\u0621\u060c \u0633\u0648\u0627\u0621 \u0644\u0644\u0623\u0637\u0641\u0627\u0644 \u0623\u0648 \u0627\u0644\u0628\u0627\u0644\u063a\u064a\u0646 \u0641\u064a \u0628\u062f\u0627\u064a\u0627\u062a\u0647\u0645 \u0645\u0639 \u0627\u0644\u0633\u0628\u0627\u062d\u0629.\u2705 \u0627\u0644\u0645\u0645\u064a\u0632\u0627\u062a:\u0642\u0627\u0628\u0644 \u0644\u0644\u062a\u0639\u062f\u064a\u0644 \u0648\u0645\u0631\u064a\u062d \u0645\u0635\u0646\u0648\u0639 \u0645\u0646 \u0631\u063a\u0648\u0629 EVA \u0627\u0644\u0645\u0631\u064a\u062d\u0629 \u0627\u0644\u062a\u064a \u0644\u0627 \u062a\u0645\u062a\u0635 \u0627\u0644\u0645\u0627\u0621\u060c \u0645\u0639 \u062d\u0632\u0627\u0645 \u062b\u0627\u0628\u062a \u0648\u0642\u0627\u0628\u0644 \u0644\u0644\u062a\u0639\u062f\u064a\u0644 \u0644\u064a\u0646\u0627\u0633\u0628 \u0645\u062e\u062a\u0644\u0641 \u0627\u0644\u0623\u062d\u062c\u0627\u0645.\u0645\u0627\u062f\u0629 \u0645\u062a\u064a\u0646\u0629 \u0648\u0622\u0645\u0646\u0629 \u0645\u0642\u0627\u0648\u0645 \u0644\u0644\u0645\u0627\u0621 \u0648\u0627\u0644\u0632\u064a\u0648\u062a \u0648\u0627\u0644\u0645\u0648\u0627\u062f \u0627\u0644\u0643\u064a\u0645\u064a\u0627\u0626\u064a\u0629\u060c \u0648\u0645\u062b\u0627\u0644\u064a \u0644\u0644\u0627\u0633\u062a\u062e\u062f\u0627\u0645 \u0627\u0644\u0645\u0643\u062b\u0641. \u0622\u0645\u0646 \u0648\u063a\u064a\u0631 \u0633\u0627\u0645\u060c \u0645\u0646\u0627\u0633\u0628 \u0644\u0644\u0628\u0634\u0631\u0629 \u0648\u0644\u0627 \u064a\u0633\u0628\u0628 \u062a\u0647\u064a\u062c\u064b\u0627.\u0645\u0635\u0645\u0645 \u0644\u0644\u0645\u062a\u0639\u0644\u0645\u064a\u0646 \u064a\u0633\u0627\u0639\u062f \u0627\u0644\u0645\u0628\u062a\u062f\u0626\u064a\u0646\u060c \u0633\u0648\u0627\u0621 \u0643\u0627\u0646\u0648\u0627 \u0623\u0637\u0641\u0627\u0644\u064b\u0627 \u0623\u0648 \u0628\u0627\u0644\u063a\u064a\u0646\u060c \u0639\u0644\u0649 \u062a\u0639\u0644\u0645 \u0627\u0644\u0623\u0633\u0627\u0633\u064a\u0627\u062a \u0641\u064a \u0627\u0644\u0645\u0627\u0621 \u0648\u062a\u0637\u0648\u064a\u0631 \u0623\u0648\u0644\u0649 \u062d\u0631\u0643\u0627\u062a \u0627\u0644\u0633\u0628\u0627\u062d\u0629 \u0628\u062b\u0642\u0629.\u062a\u0639\u0632\u064a\u0632 \u0627\u0644\u0623\u0645\u0627\u0646 \u062a\u0645\u062a \u062e\u064a\u0627\u0637\u0629 \u0627\u0644\u062d\u0632\u0627\u0645 \u0628\u062e\u064a\u0648\u0637 \u0645\u0632\u062f\u0648\u062c\u0629 \u0644\u062a\u0639\u0632\u064a\u0632 \u0627\u0644\u0645\u062a\u0627\u0646\u0629 \u0648\u0627\u0644\u0635\u0644\u0627\u0628\u0629 \u0648\u0636\u0645\u0627\u0646 \u0627\u0644\u0627\u0633\u062a\u062e\u062f\u0627\u0645 \u0627\u0644\u0622\u0645\u0646 \u0644\u0641\u062a\u0631\u0629 \u0637\u0648\u064a\u0644\u0629.<\/p>","protected":false},"featured_media":51370,"comment_status":"open","ping_status":"closed","template":"","meta":[],"product_brand":[],"product_cat":[2469],"product_tag":[],"class_list":{"0":"post-51371","1":"product","2":"type-product","3":"status-publish","4":"has-post-thumbnail","6":"product_cat-vacance-loisir","8":"first","9":"instock","10":"sale","11":"taxable","12":"shipping-taxable","13":"purchasable","14":"product-type-simple"},"jetpack_sharing_enabled":true,"_links":{"self":[{"href":"https:\/\/shoponlinedz.com\/en\/wp-json\/wp\/v2\/product\/51371","targetHints":{"allow":["GET"]}}],"collection":[{"href":"https:\/\/shoponlinedz.com\/en\/wp-json\/wp\/v2\/product"}],"about":[{"href":"https:\/\/shoponlinedz.com\/en\/wp-json\/wp\/v2\/types\/product"}],"replies":[{"embeddable":true,"href":"https:\/\/shoponlinedz.com\/en\/wp-json\/wp\/v2\/comments?post=51371"}],"version-history":[{"count":0,"href":"https:\/\/shoponlinedz.com\/en\/wp-json\/wp\/v2\/product\/51371\/revisions"}],"wp:featuredmedia":[{"embeddable":true,"href":"https:\/\/shoponlinedz.com\/en\/wp-json\/wp\/v2\/media\/51370"}],"wp:attachment":[{"href":"https:\/\/shoponlinedz.com\/en\/wp-json\/wp\/v2\/media?parent=51371"}],"wp:term":[{"taxonomy":"product_brand","embeddable":true,"href":"https:\/\/shoponlinedz.com\/en\/wp-json\/wp\/v2\/product_brand?post=51371"},{"taxonomy":"product_cat","embeddable":true,"href":"https:\/\/shoponlinedz.com\/en\/wp-json\/wp\/v2\/product_cat?post=51371"},{"taxonomy":"product_tag","embeddable":true,"href":"https:\/\/shoponlinedz.com\/en\/wp-json\/wp\/v2\/product_tag?post=51371"}],"curies":[{"name":"wp","href":"https:\/\/api.w.org\/{rel}","templated":true}]}}