{"id":51249,"date":"2026-01-05T17:53:46","date_gmt":"2026-01-05T17:53:46","guid":{"rendered":"https:\/\/shoponlinedz.com\/product\/pack-3-spot-led-intelligents-avec-telecommande-ultra-lumineux-%d8%b7%d9%82%d9%85-%d9%85%d8%b5%d8%a7%d8%a8%d9%8a%d8%ad-%d9%85%d8%b9-%d9%8a%d8%af-%d8%aa%d8%ad%d9%83%d9%85\/"},"modified":"2026-01-28T12:10:46","modified_gmt":"2026-01-28T12:10:46","slug":"pack-3-spot-led-intelligents-avec-telecommande-ultra-lumineux-%d8%b7%d9%82%d9%85-%d9%85%d8%b5%d8%a7%d8%a8%d9%8a%d8%ad-%d9%85%d8%b9-%d9%8a%d8%af-%d8%aa%d8%ad%d9%83%d9%85","status":"publish","type":"product","link":"https:\/\/shoponlinedz.com\/en\/product\/pack-3-spot-led-intelligents-avec-telecommande-ultra-lumineux-%d8%b7%d9%82%d9%85-%d9%85%d8%b5%d8%a7%d8%a8%d9%8a%d8%ad-%d9%85%d8%b9-%d9%8a%d8%af-%d8%aa%d8%ad%d9%83%d9%85\/","title":{"rendered":"Pack 3 Spot LED intelligents avec t\u00e9l\u00e9commande ultra-lumineux \u2013 \u0637\u0642\u0645 \u0645\u0635\u0627\u0628\u064a\u062d \u0645\u0639 \u064a\u062f \u062a\u062d\u0643\u0645"},"content":{"rendered":"<figure class=\"attachment attachment--preview\" data-trix-attachment=\"{&quot;contentType&quot;:&quot;image&quot;,&quot;height&quot;:1024,&quot;url&quot;:&quot;https:\/\/sawaqli.fra1.cdn.digitaloceanspaces.com\/51561\/3-led-cuisine-cnc.jpg&quot;,&quot;width&quot;:1024}\" data-trix-content-type=\"image\"><img decoding=\"async\" class=\"aligncenter\" src=\"https:\/\/sawaqli.fra1.cdn.digitaloceanspaces.com\/51561\/3-led-cuisine-cnc.jpg\" width=\"1024\" height=\"1024\" \/><figcaption class=\"attachment__caption\"><\/figcaption><\/figure>\n<figure class=\"attachment attachment--preview\" data-trix-attachment=\"{&quot;contentType&quot;:&quot;image&quot;,&quot;height&quot;:1024,&quot;url&quot;:&quot;https:\/\/sawaqli.fra1.cdn.digitaloceanspaces.com\/51562\/3-led-cuisine-8.jpg&quot;,&quot;width&quot;:1024}\" data-trix-content-type=\"image\"><img decoding=\"async\" class=\"aligncenter\" src=\"https:\/\/sawaqli.fra1.cdn.digitaloceanspaces.com\/51562\/3-led-cuisine-8.jpg\" width=\"1024\" height=\"1024\" \/><figcaption class=\"attachment__caption\"><\/figcaption><\/figure>\n<figure class=\"attachment attachment--preview\" data-trix-attachment=\"{&quot;contentType&quot;:&quot;image&quot;,&quot;height&quot;:1024,&quot;url&quot;:&quot;https:\/\/sawaqli.fra1.cdn.digitaloceanspaces.com\/51563\/3-led-cuisine-2.jpg&quot;,&quot;width&quot;:1024}\" data-trix-content-type=\"image\"><img decoding=\"async\" class=\"aligncenter\" src=\"https:\/\/sawaqli.fra1.cdn.digitaloceanspaces.com\/51563\/3-led-cuisine-2.jpg\" width=\"1024\" height=\"1024\" \/><figcaption class=\"attachment__caption\"><\/figcaption><\/figure>\n<figure class=\"attachment attachment--preview\" data-trix-attachment=\"{&quot;contentType&quot;:&quot;image&quot;,&quot;height&quot;:1024,&quot;url&quot;:&quot;https:\/\/sawaqli.fra1.cdn.digitaloceanspaces.com\/51564\/3-led-cuisine-1.jpg&quot;,&quot;width&quot;:1024}\" data-trix-content-type=\"image\"><img decoding=\"async\" class=\"aligncenter\" src=\"https:\/\/sawaqli.fra1.cdn.digitaloceanspaces.com\/51564\/3-led-cuisine-1.jpg\" width=\"1024\" height=\"1024\" \/><figcaption class=\"attachment__caption\"><\/figcaption><\/figure>\n<figure class=\"attachment attachment--preview\" data-trix-attachment=\"{&quot;contentType&quot;:&quot;image&quot;,&quot;height&quot;:1024,&quot;url&quot;:&quot;https:\/\/sawaqli.fra1.cdn.digitaloceanspaces.com\/51565\/3-led-cuisine-4.jpg&quot;,&quot;width&quot;:1024}\" data-trix-content-type=\"image\"><img decoding=\"async\" class=\"aligncenter\" src=\"https:\/\/sawaqli.fra1.cdn.digitaloceanspaces.com\/51565\/3-led-cuisine-4.jpg\" width=\"1024\" height=\"1024\" \/><figcaption class=\"attachment__caption\"><\/figcaption><\/figure>\n<p style=\"text-align: center;\">","protected":false},"excerpt":{"rendered":"<p>Transformez vos espaces de vie et de travail avec cet ensemble de 3 projecteurs LED, chacun dot\u00e9 d\u2019un design carr\u00e9 \u00e9l\u00e9gant et moderne et d\u2019une t\u00e9l\u00e9commande sans effort.B\u00e9n\u00e9ficiez d\u2019un \u00e9clairage puissant et uniforme, doux pour les yeux et tr\u00e8s \u00e9conome en \u00e9nergie, vous aidant \u00e0 \u00e9conomiser sur\ud83d\udca1 \u062d\u0648\u0644 \u0645\u0646\u0632\u0644\u0643 \u0623\u0648 \u0645\u0643\u062a\u0628\u0643 \u0628\u0625\u0636\u0627\u0621\u0629 \u0623\u0646\u064a\u0642\u0629 \u0648\u0630\u0643\u064a\u0629! \ud83d\udca1\u0627\u0633\u062a\u0645\u062a\u0639 \u0628\u0625\u0636\u0627\u0621\u0629 \u0642\u0648\u064a\u0629\u060c \u0645\u0648\u0641\u0631\u0629 \u0644\u0644\u0637\u0627\u0642\u0629 \u0648\u0633\u0647\u0644\u0629 \u0627\u0644\u0627\u0633\u062a\u062e\u062f\u0627\u0645 \u0645\u0639 \u0645\u062c\u0645\u0648\u0639\u0629 \u0645\u0643\u0648\u0651\u0646\u0629 \u0645\u0646 3 \u0643\u0634\u0627\u0641\u0627\u062a LED \u0639\u0635\u0631\u064a\u0629 \u0645\u0632\u0648\u062f\u0629 \u0628\u062c\u0647\u0627\u0632 \u062a\u062d\u0643\u0645 \u0639\u0646 \u0628\u064f\u0639\u062f!\u2705 \u0627\u0644\u0645\u0645\u064a\u0632\u0627\u062a \u0627\u0644\u0631\u0626\u064a\u0633\u064a\u0629:\u062a\u0635\u0645\u064a\u0645 \u0639\u0635\u0631\u064a \u0645\u0631\u0628\u0639 \u0627\u0644\u0634\u0643\u0644 \u0644\u0645\u0633\u0629 \u062f\u064a\u0643\u0648\u0631 \u0623\u0646\u064a\u0642\u0629 \u062a\u0646\u0627\u0633\u0628 \u0645\u062e\u062a\u0644\u0641 \u0627\u0644\u0645\u0633\u0627\u062d\u0627\u062a \u0633\u0648\u0627\u0621 \u0641\u064a \u0627\u0644\u0645\u0646\u0632\u0644 \u0623\u0648 \u0627\u0644\u0645\u0643\u062a\u0628.\u0625\u0636\u0627\u0621\u0629 \u0645\u0648\u062d\u062f\u0629 \u0646\u0627\u0639\u0645\u0629 \u0644\u0644\u0639\u064a\u0646 \u0625\u0636\u0627\u0621\u0629 COB LED \u0628\u0642\u0648\u0629 150 \u0644\u0648\u0645\u0646 \u062a\u0648\u0641\u0631 \u0625\u0646\u0627\u0631\u0629 \u0648\u0627\u0636\u062d\u0629 \u062f\u0648\u0646 \u0625\u0632\u0639\u0627\u062c \u0628\u0635\u0631\u064a.\u062a\u062d\u0643\u0645 \u0639\u0646 \u0628\u064f\u0639\u062f \u0645\u0631\u064a\u062d \u064a\u0645\u0643\u0646\u0643 \u062a\u0639\u062f\u064a\u0644 \u0645\u0633\u062a\u0648\u0649 \u0627\u0644\u0625\u0636\u0627\u0621\u0629 \u0648\u0627\u0644\u062a\u062d\u0643\u0645 \u0627\u0644\u0643\u0627\u0645\u0644 \u0645\u0646 \u0628\u064f\u0639\u062f \u0644\u0645\u0633\u0627\u0641\u0629 \u062a\u0635\u0644 \u0625\u0644\u0649 4.5 \u0645\u062a\u0631.\u062e\u0627\u0645\u0629 \u0639\u0627\u0644\u064a\u0629 \u0627\u0644\u062c\u0648\u062f\u0629 \u0645\u0642\u0627\u0648\u0645\u0629 \u0644\u0644\u062a\u0622\u0643\u0644 \u0645\u0635\u0646\u0648\u0639\u0629 \u0645\u0646 \u0645\u0648\u0627\u062f ABS \u0648PC \u0627\u0644\u0645\u062a\u064a\u0646\u0629\u060c \u062a\u062f\u0648\u0645 \u0637\u0648\u064a\u0644\u0627\u064b \u0648\u0645\u062b\u0627\u0644\u064a\u0629 \u0644\u0644\u0627\u0633\u062a\u062e\u062f\u0627\u0645 \u0641\u064a \u0627\u0644\u0645\u0645\u0631\u0627\u062a\u060c \u063a\u0631\u0641 \u0627\u0644\u0646\u0648\u0645\u060c \u0627\u0644\u0645\u0643\u0627\u062a\u0628\u060c \u0627\u0644\u0645\u0637\u0627\u0628\u062e\u060c \u0648\u062d\u062a\u0649 \u0627\u0644\u0634\u0631\u0641\u0627\u062a \u0627\u0644\u0645\u063a\u0637\u0627\u0629.\u062a\u0631\u0643\u064a\u0628 \u0633\u0647\u0644 \u0628\u062f\u0648\u0646 \u0623\u062f\u0648\u0627\u062a \u0645\u0639\u0642\u062f\u0629 \u064a\u0645\u0643\u0646\u0643 \u062a\u062b\u0628\u064a\u062a\u0647\u0627 \u0628\u0627\u0633\u062a\u062e\u062f\u0627\u0645 \u0644\u0627\u0635\u0642 \u0642\u0648\u064a \u0623\u0648 \u0645\u0633\u0627\u0645\u064a\u0631 \u062a\u062b\u0628\u064a\u062a\u060c \u0644\u062a\u0643\u0648\u0646 \u062c\u0627\u0647\u0632\u0629 \u0644\u0644\u0627\u0633\u062a\u062e\u062f\u0627\u0645 \u0641\u064a \u062f\u0642\u0627\u0626\u0642.\u062a\u062d\u0643\u0645 \u0645\u0632\u062f\u0648\u062c \u0625\u0636\u0627\u0621\u0629 \u062a\u0639\u0645\u0644 \u0628\u0644\u0645\u0633\u0629 \u062e\u0641\u064a\u0641\u0629 \u0623\u0648 \u0628\u062c\u0647\u0627\u0632 \u0627\u0644\u062a\u062d\u0643\u0645 \u2013 \u062d\u0633\u0628 \u0645\u0627 \u064a\u0646\u0627\u0633\u0628\u0643!\u2699\ufe0f \u0627\u0644\u0645\u0648\u0627\u0635\u0641\u0627\u062a \u0627\u0644\u062a\u0642\u0646\u064a\u0629:\ud83d\udd0b \u0627\u0644\u0637\u0627\u0642\u0629: 3 \u0628\u0637\u0627\u0631\u064a\u0627\u062a AAA \u0644\u0643\u0644 \u0648\u062d\u062f\u0629 (\u063a\u064a\u0631 \u0645\u0634\u0645\u0648\u0644\u0629)\ud83c\udfae \u0628\u0637\u0627\u0631\u064a\u0629 \u0627\u0644\u0631\u064a\u0645\u0648\u062a: CR2032 (\u063a\u064a\u0631 \u0645\u0634\u0645\u0648\u0644\u0629)\ud83d\udcd0 \u0646\u0648\u0639 \u0627\u0644\u0625\u0636\u0627\u0621\u0629: LED COB\ud83d\udca1 \u0627\u0644\u0633\u0637\u0648\u0639: 150 \u0644\u0648\u0645\u0646\u26a1 \u0627\u0644\u062c\u0647\u062f: 4.5 \u0641\u0648\u0644\u062a\ud83d\udce6 \u0645\u062d\u062a\u0648\u0649 \u0627\u0644\u0639\u0628\u0648\u0629:3 \u0643\u0634\u0627\u0641\u0627\u062a LED\u062c\u0647\u0627\u0632 \u062a\u062d\u0643\u0645 \u0639\u0646 \u0628\u064f\u0639\u062f\u0623\u062f\u0648\u0627\u062a \u0627\u0644\u062a\u062b\u0628\u064a\u062a (\u0644\u0627\u0635\u0642\u0627\u062a \u0648\u0645\u0633\u0627\u0645\u064a\u0631)<\/p>","protected":false},"featured_media":51248,"comment_status":"open","ping_status":"closed","template":"","meta":[],"product_brand":[],"product_cat":[2455],"product_tag":[],"class_list":{"0":"post-51249","1":"product","2":"type-product","3":"status-publish","4":"has-post-thumbnail","6":"product_cat-maison","8":"first","9":"instock","10":"sale","11":"taxable","12":"shipping-taxable","13":"purchasable","14":"product-type-simple"},"jetpack_sharing_enabled":true,"_links":{"self":[{"href":"https:\/\/shoponlinedz.com\/en\/wp-json\/wp\/v2\/product\/51249","targetHints":{"allow":["GET"]}}],"collection":[{"href":"https:\/\/shoponlinedz.com\/en\/wp-json\/wp\/v2\/product"}],"about":[{"href":"https:\/\/shoponlinedz.com\/en\/wp-json\/wp\/v2\/types\/product"}],"replies":[{"embeddable":true,"href":"https:\/\/shoponlinedz.com\/en\/wp-json\/wp\/v2\/comments?post=51249"}],"version-history":[{"count":0,"href":"https:\/\/shoponlinedz.com\/en\/wp-json\/wp\/v2\/product\/51249\/revisions"}],"wp:featuredmedia":[{"embeddable":true,"href":"https:\/\/shoponlinedz.com\/en\/wp-json\/wp\/v2\/media\/51248"}],"wp:attachment":[{"href":"https:\/\/shoponlinedz.com\/en\/wp-json\/wp\/v2\/media?parent=51249"}],"wp:term":[{"taxonomy":"product_brand","embeddable":true,"href":"https:\/\/shoponlinedz.com\/en\/wp-json\/wp\/v2\/product_brand?post=51249"},{"taxonomy":"product_cat","embeddable":true,"href":"https:\/\/shoponlinedz.com\/en\/wp-json\/wp\/v2\/product_cat?post=51249"},{"taxonomy":"product_tag","embeddable":true,"href":"https:\/\/shoponlinedz.com\/en\/wp-json\/wp\/v2\/product_tag?post=51249"}],"curies":[{"name":"wp","href":"https:\/\/api.w.org\/{rel}","templated":true}]}}