{"id":50810,"date":"2026-01-05T17:39:31","date_gmt":"2026-01-05T17:39:31","guid":{"rendered":"https:\/\/shoponlinedz.com\/product\/grand-bache-de-piscine-rectangulaire-en-polyethylene-300-x-201-cm-bestway-58106-%d8%ba%d8%b7%d8%a7%d8%a1-%d9%85%d8%b3%d8%a8%d8%ad\/"},"modified":"2026-01-28T12:11:08","modified_gmt":"2026-01-28T12:11:08","slug":"grand-bache-de-piscine-rectangulaire-en-polyethylene-300-x-201-cm-bestway-58106-%d8%ba%d8%b7%d8%a7%d8%a1-%d9%85%d8%b3%d8%a8%d8%ad","status":"publish","type":"product","link":"https:\/\/shoponlinedz.com\/en\/product\/grand-bache-de-piscine-rectangulaire-en-polyethylene-300-x-201-cm-bestway-58106-%d8%ba%d8%b7%d8%a7%d8%a1-%d9%85%d8%b3%d8%a8%d8%ad\/","title":{"rendered":"Grand b\u00e2che de piscine rectangulaire en poly\u00e9thyl\u00e8ne 300 x 201 cm Bestway 58106 \u2013 \u063a\u0637\u0627\u0621 \u0645\u0633\u0628\u062d"},"content":{"rendered":"<figure class=\"attachment attachment--preview\" data-trix-attachment=\"{&quot;contentType&quot;:&quot;image&quot;,&quot;height&quot;:1024,&quot;url&quot;:&quot;https:\/\/sawaqli.fra1.cdn.digitaloceanspaces.com\/49578\/Bestway-58106-cnc.jpg&quot;,&quot;width&quot;:1024}\" data-trix-content-type=\"image\"><img decoding=\"async\" class=\"aligncenter\" src=\"https:\/\/sawaqli.fra1.cdn.digitaloceanspaces.com\/49578\/Bestway-58106-cnc.jpg\" width=\"1024\" height=\"1024\" \/><figcaption class=\"attachment__caption\"><\/figcaption><\/figure>\n<figure class=\"attachment attachment--preview\" data-trix-attachment=\"{&quot;contentType&quot;:&quot;image&quot;,&quot;height&quot;:1024,&quot;url&quot;:&quot;https:\/\/sawaqli.fra1.cdn.digitaloceanspaces.com\/49579\/Bestway-58106-8.jpg&quot;,&quot;width&quot;:1024}\" data-trix-content-type=\"image\"><img decoding=\"async\" class=\"aligncenter\" src=\"https:\/\/sawaqli.fra1.cdn.digitaloceanspaces.com\/49579\/Bestway-58106-8.jpg\" width=\"1024\" height=\"1024\" \/><figcaption class=\"attachment__caption\"><\/figcaption><\/figure>\n<figure class=\"attachment attachment--preview\" data-trix-attachment=\"{&quot;contentType&quot;:&quot;image&quot;,&quot;height&quot;:1024,&quot;url&quot;:&quot;https:\/\/sawaqli.fra1.cdn.digitaloceanspaces.com\/49580\/Bestway-58106-7.jpg&quot;,&quot;width&quot;:1024}\" data-trix-content-type=\"image\"><img decoding=\"async\" class=\"aligncenter\" src=\"https:\/\/sawaqli.fra1.cdn.digitaloceanspaces.com\/49580\/Bestway-58106-7.jpg\" width=\"1024\" height=\"1024\" \/><figcaption class=\"attachment__caption\"><\/figcaption><\/figure>\n<figure class=\"attachment attachment--preview\" data-trix-attachment=\"{&quot;contentType&quot;:&quot;image&quot;,&quot;height&quot;:1024,&quot;url&quot;:&quot;https:\/\/sawaqli.fra1.cdn.digitaloceanspaces.com\/49581\/Bestway-58106-3.jpg&quot;,&quot;width&quot;:1024}\" data-trix-content-type=\"image\"><img decoding=\"async\" class=\"aligncenter\" src=\"https:\/\/sawaqli.fra1.cdn.digitaloceanspaces.com\/49581\/Bestway-58106-3.jpg\" width=\"1024\" height=\"1024\" \/><figcaption class=\"attachment__caption\"><\/figcaption><\/figure>\n<figure class=\"attachment attachment--preview\" data-trix-attachment=\"{&quot;contentType&quot;:&quot;image&quot;,&quot;height&quot;:1024,&quot;url&quot;:&quot;https:\/\/sawaqli.fra1.cdn.digitaloceanspaces.com\/49582\/Bestway-58106-1.jpg&quot;,&quot;width&quot;:1024}\" data-trix-content-type=\"image\"><img decoding=\"async\" class=\"aligncenter\" src=\"https:\/\/sawaqli.fra1.cdn.digitaloceanspaces.com\/49582\/Bestway-58106-1.jpg\" width=\"1024\" height=\"1024\" \/><figcaption class=\"attachment__caption\"><\/figcaption><\/figure>\n<p style=\"text-align: center;\">","protected":false},"excerpt":{"rendered":"<p>\u063a\u0637\u0627\u0621 Bestway \u0644\u0644\u0645\u0633\u0627\u0628\u062d 3.00\u00d72.01 \u0645 \u2013 \u062d\u0645\u0627\u064a\u0629 \u0634\u0627\u0645\u0644\u0629 \u0644\u0644\u0645\u0627\u0621\u0648\u062f\u0651\u0639 \u0627\u0644\u0623\u0648\u0633\u0627\u062e \u0648\u0627\u0644\u062d\u0634\u0631\u0627\u062a \u0641\u064a \u0645\u0633\u0628\u062d\u0643 \u0628\u0641\u0636\u0644 \u063a\u0637\u0627\u0621 Bestway \u0639\u0627\u0644\u064a \u0627\u0644\u0643\u0641\u0627\u0621\u0629.\u0627\u0644\u0645\u064a\u0632\u0627\u062a:\u062d\u0645\u0627\u064a\u0629 \u0645\u0646 \u0627\u0644\u0623\u0648\u0631\u0627\u0642 \u0648\u0627\u0644\u062d\u0634\u0631\u0627\u062a \u0648\u0627\u0644\u0623\u0645\u0637\u0627\u0631\u062a\u062b\u0628\u064a\u062a \u0622\u0645\u0646 \u0628\u0627\u0633\u062a\u062e\u062f\u0627\u0645 \u0627\u0644\u062d\u0628\u0627\u0644\u0641\u062a\u062d\u0627\u062a \u062a\u0635\u0631\u064a\u0641 \u0644\u0645\u0646\u0639 \u062a\u0631\u0627\u0643\u0645 \u0627\u0644\u0645\u064a\u0627\u0647\u0645\u0642\u0627\u0648\u0645\u0629 \u0639\u0627\u0644\u064a\u0629 \u0644\u0644\u0623\u0634\u0639\u0629 \u0641\u0648\u0642 \u0627\u0644\u0628\u0646\u0641\u0633\u062c\u064a\u0629\u0627\u0644\u0645\u0648\u0627\u0635\u0641\u0627\u062a:\u0627\u0644\u0639\u0644\u0627\u0645\u0629: Bestway\u0627\u0644\u0645\u0627\u062f\u0629: PE\u0627\u0644\u062d\u062c\u0645: 3.04 \u00d7 2.05 \u0645\u0645\u0646\u0627\u0633\u0628 \u0644\u0645\u0633\u0627\u0628\u062d 3.00 \u00d7 2.01 \u0645\u0627\u0644\u0637\u0631\u0627\u0632\u0627\u062a \u0627\u0644\u0645\u062a\u0648\u0627\u0641\u0642\u0629: Bestway 56498 \u064856412\u0644\u0627 \u064a\u062d\u062a\u0627\u062c \u0625\u0644\u0649 \u062a\u0631\u0643\u064a\u0628\u0639\u062f\u062f \u0627\u0644\u0637\u0631\u0648\u062f: 1\u0645\u062d\u062a\u0648\u0649 \u0627\u0644\u0639\u0644\u0628\u0629: \u063a\u0637\u0627\u0621 \u0648\u0627\u062d\u062f \u0644\u0645\u0633\u0628\u062d Bestway<\/p>","protected":false},"featured_media":50809,"comment_status":"open","ping_status":"closed","template":"","meta":[],"product_brand":[],"product_cat":[2469],"product_tag":[],"class_list":{"0":"post-50810","1":"product","2":"type-product","3":"status-publish","4":"has-post-thumbnail","6":"product_cat-vacance-loisir","8":"first","9":"instock","10":"sale","11":"taxable","12":"shipping-taxable","13":"purchasable","14":"product-type-simple"},"jetpack_sharing_enabled":true,"_links":{"self":[{"href":"https:\/\/shoponlinedz.com\/en\/wp-json\/wp\/v2\/product\/50810","targetHints":{"allow":["GET"]}}],"collection":[{"href":"https:\/\/shoponlinedz.com\/en\/wp-json\/wp\/v2\/product"}],"about":[{"href":"https:\/\/shoponlinedz.com\/en\/wp-json\/wp\/v2\/types\/product"}],"replies":[{"embeddable":true,"href":"https:\/\/shoponlinedz.com\/en\/wp-json\/wp\/v2\/comments?post=50810"}],"version-history":[{"count":0,"href":"https:\/\/shoponlinedz.com\/en\/wp-json\/wp\/v2\/product\/50810\/revisions"}],"wp:featuredmedia":[{"embeddable":true,"href":"https:\/\/shoponlinedz.com\/en\/wp-json\/wp\/v2\/media\/50809"}],"wp:attachment":[{"href":"https:\/\/shoponlinedz.com\/en\/wp-json\/wp\/v2\/media?parent=50810"}],"wp:term":[{"taxonomy":"product_brand","embeddable":true,"href":"https:\/\/shoponlinedz.com\/en\/wp-json\/wp\/v2\/product_brand?post=50810"},{"taxonomy":"product_cat","embeddable":true,"href":"https:\/\/shoponlinedz.com\/en\/wp-json\/wp\/v2\/product_cat?post=50810"},{"taxonomy":"product_tag","embeddable":true,"href":"https:\/\/shoponlinedz.com\/en\/wp-json\/wp\/v2\/product_tag?post=50810"}],"curies":[{"name":"wp","href":"https:\/\/api.w.org\/{rel}","templated":true}]}}