{"id":50566,"date":"2026-01-05T17:31:32","date_gmt":"2026-01-05T17:31:32","guid":{"rendered":"https:\/\/shoponlinedz.com\/product\/sac-a-dos-enfant-pour-ecole-primaire-de-haute-qualite-bleu-%d8%ad%d9%82%d9%8a%d8%a8%d8%a9-%d8%b8%d9%87%d8%b1-%d9%85%d8%af%d8%b1%d8%b3%d9%8a%d8%a9-%d9%84%d9%84%d8%a3%d8%b7%d9%81%d8%a7%d9%84\/"},"modified":"2026-01-28T12:11:23","modified_gmt":"2026-01-28T12:11:23","slug":"sac-a-dos-enfant-pour-ecole-primaire-de-haute-qualite-bleu-%d8%ad%d9%82%d9%8a%d8%a8%d8%a9-%d8%b8%d9%87%d8%b1-%d9%85%d8%af%d8%b1%d8%b3%d9%8a%d8%a9-%d9%84%d9%84%d8%a3%d8%b7%d9%81%d8%a7%d9%84","status":"publish","type":"product","link":"https:\/\/shoponlinedz.com\/en\/product\/sac-a-dos-enfant-pour-ecole-primaire-de-haute-qualite-bleu-%d8%ad%d9%82%d9%8a%d8%a8%d8%a9-%d8%b8%d9%87%d8%b1-%d9%85%d8%af%d8%b1%d8%b3%d9%8a%d8%a9-%d9%84%d9%84%d8%a3%d8%b7%d9%81%d8%a7%d9%84\/","title":{"rendered":"Sac \u00e0 Dos Enfant pour \u00c9cole primaire de Haute Qualit\u00e9 Bleu \u2013 \u062d\u0642\u064a\u0628\u0629 \u0638\u0647\u0631 \u0645\u062f\u0631\u0633\u064a\u0629 \u0644\u0644\u0623\u0637\u0641\u0627\u0644 \u0623\u0632\u0631\u0642"},"content":{"rendered":"<figure class=\"attachment attachment--preview\" data-trix-attachment=\"{&quot;contentType&quot;:&quot;image&quot;,&quot;height&quot;:1024,&quot;url&quot;:&quot;https:\/\/sawaqli.fra1.cdn.digitaloceanspaces.com\/53044\/Sac-Chinois-V14-3.jpg&quot;,&quot;width&quot;:1024}\" data-trix-content-type=\"image\"><img decoding=\"async\" class=\"aligncenter\" src=\"https:\/\/sawaqli.fra1.cdn.digitaloceanspaces.com\/53044\/Sac-Chinois-V14-3.jpg\" width=\"1024\" height=\"1024\" \/><figcaption class=\"attachment__caption\"><\/figcaption><\/figure>\n<figure class=\"attachment attachment--preview\" data-trix-attachment=\"{&quot;contentType&quot;:&quot;image&quot;,&quot;height&quot;:1024,&quot;url&quot;:&quot;https:\/\/sawaqli.fra1.cdn.digitaloceanspaces.com\/53045\/Sac-Chinois-V14-14.jpg&quot;,&quot;width&quot;:1024}\" data-trix-content-type=\"image\"><img decoding=\"async\" class=\"aligncenter\" src=\"https:\/\/sawaqli.fra1.cdn.digitaloceanspaces.com\/53045\/Sac-Chinois-V14-14.jpg\" width=\"1024\" height=\"1024\" \/><figcaption class=\"attachment__caption\"><\/figcaption><\/figure>\n<figure class=\"attachment attachment--preview\" data-trix-attachment=\"{&quot;contentType&quot;:&quot;image&quot;,&quot;height&quot;:1024,&quot;url&quot;:&quot;https:\/\/sawaqli.fra1.cdn.digitaloceanspaces.com\/53046\/Sac-Chinois-V14-11.jpg&quot;,&quot;width&quot;:1024}\" data-trix-content-type=\"image\"><img decoding=\"async\" class=\"aligncenter\" src=\"https:\/\/sawaqli.fra1.cdn.digitaloceanspaces.com\/53046\/Sac-Chinois-V14-11.jpg\" width=\"1024\" height=\"1024\" \/><figcaption class=\"attachment__caption\"><\/figcaption><\/figure>\n<figure class=\"attachment attachment--preview\" data-trix-attachment=\"{&quot;contentType&quot;:&quot;image&quot;,&quot;height&quot;:1024,&quot;url&quot;:&quot;https:\/\/sawaqli.fra1.cdn.digitaloceanspaces.com\/53059\/ZOUI3.jpeg&quot;,&quot;width&quot;:1024}\" data-trix-content-type=\"image\"><img decoding=\"async\" class=\"aligncenter\" src=\"https:\/\/sawaqli.fra1.cdn.digitaloceanspaces.com\/53059\/ZOUI3.jpeg\" width=\"1024\" height=\"1024\" \/><figcaption class=\"attachment__caption\"><\/figcaption><\/figure>\n<figure class=\"attachment attachment--preview\" data-trix-attachment=\"{&quot;contentType&quot;:&quot;image&quot;,&quot;height&quot;:1024,&quot;url&quot;:&quot;https:\/\/sawaqli.fra1.cdn.digitaloceanspaces.com\/53060\/ZOUI33.jpeg&quot;,&quot;width&quot;:1024}\" data-trix-content-type=\"image\"><img decoding=\"async\" class=\"aligncenter\" src=\"https:\/\/sawaqli.fra1.cdn.digitaloceanspaces.com\/53060\/ZOUI33.jpeg\" width=\"1024\" height=\"1024\" \/><figcaption class=\"attachment__caption\"><\/figcaption><\/figure>\n<p style=\"text-align: center;\">","protected":false},"excerpt":{"rendered":"<p>\ud83c\udf92 \u062d\u0642\u064a\u0628\u0629 \u0638\u0647\u0631 \u0645\u062b\u0627\u0644\u064a\u0629 \u0644\u0644\u0623\u0637\u0641\u0627\u0644 \u2013 \u0645\u0631\u064a\u062d\u0629\u060c \u0639\u0645\u0644\u064a\u0629\u060c \u0648\u0645\u062a\u064a\u0646\u0629!\u0627\u062c\u0639\u0644 \u0637\u0641\u0644\u0643 \u0645\u0633\u062a\u0639\u062f\u064b\u0627 \u0644\u0644\u0645\u062f\u0631\u0633\u0629 \u0648\u0627\u0644\u0645\u063a\u0627\u0645\u0631\u0627\u062a \u0627\u0644\u064a\u0648\u0645\u064a\u0629 \u0645\u0639 \u062d\u0642\u064a\u0628\u0629 \u0627\u0644\u0638\u0647\u0631 \u0639\u0627\u0644\u064a\u0629 \u0627\u0644\u062c\u0648\u062f\u0629 \u0644\u0644\u0623\u0637\u0641\u0627\u0644! \u062a\u0645 \u062a\u0635\u0645\u064a\u0645\u0647\u0627 \u062e\u0635\u064a\u0635\u064b\u0627 \u0644\u062a\u0648\u0641\u064a\u0631 \u0623\u0642\u0635\u0649 \u062f\u0631\u062c\u0627\u062a \u0627\u0644\u0631\u0627\u062d\u0629 \u0648\u0627\u0644\u0633\u0639\u0629\u060c \u0645\u0639 \u0627\u0644\u062d\u0641\u0627\u0638 \u0639\u0644\u0649 \u0645\u062a\u0627\u0646\u0629 \u062a\u062f\u0648\u0645 \u0637\u0648\u064a\u0644\u064b\u0627.\u2705 \u062c\u0648\u062f\u0629 \u0644\u0627 \u0645\u062b\u064a\u0644 \u0644\u0647\u0627\u0645\u0635\u0646\u0648\u0639\u0629 \u0645\u0646 \u0642\u0645\u0627\u0634 Oxford \u0627\u0644\u0645\u0642\u0627\u0648\u0645 \u0644\u0644\u062e\u062f\u0648\u0634 \u0648\u0627\u0644\u062a\u0622\u0643\u0644\u060c \u062a\u062a\u062d\u0645\u0644 \u0647\u0630\u0647 \u0627\u0644\u062d\u0642\u064a\u0628\u0629 \u062a\u062d\u062f\u064a\u0627\u062a \u0627\u0644\u0627\u0633\u062a\u062e\u062f\u0627\u0645 \u0627\u0644\u064a\u0648\u0645\u064a \u0628\u0643\u0644 \u0633\u0647\u0648\u0644\u0629.\ud83e\uddf8 \u0633\u0639\u0629 \u0645\u062b\u0627\u0644\u064a\u0629 \u0644\u0643\u0644 \u0627\u062d\u062a\u064a\u0627\u062c\u0627\u062a \u0627\u0644\u0637\u0641\u0644\u0627\u0644\u062c\u064a\u0628 \u0627\u0644\u0631\u0626\u064a\u0633\u064a \u0627\u0644\u0648\u0627\u0633\u0639 \u0628\u0633\u062d\u0627\u0628 \u064a\u0646\u0627\u0633\u0628 \u0627\u0644\u0643\u062a\u0628\u060c \u0627\u0644\u0645\u0644\u0641\u0627\u062a \u0627\u0644\u0635\u063a\u064a\u0631\u0629\u060c \u0627\u0644\u0623\u0644\u0639\u0627\u0628\u060c \u0627\u0644\u0645\u0644\u0627\u0628\u0633 \u0623\u0648 \u0627\u0644\u0623\u062f\u0648\u0627\u062a \u0627\u0644\u0645\u062f\u0631\u0633\u064a\u0629. \u0643\u0645\u0627 \u062a\u0648\u0641\u0631 \u0627\u0644\u062c\u064a\u0648\u0628 \u0627\u0644\u0623\u0645\u0627\u0645\u064a\u0629 \u0645\u0633\u0627\u062d\u0629 \u0645\u062b\u0627\u0644\u064a\u0629 \u0644\u0644\u0623\u0642\u0644\u0627\u0645 \u0648\u0627\u0644\u0623\u063a\u0631\u0627\u0636 \u0627\u0644\u0635\u063a\u064a\u0631\u0629\u060c \u0628\u0627\u0644\u0625\u0636\u0627\u0641\u0629 \u0625\u0644\u0649 \u062c\u064a\u0628\u064a\u0646 \u062c\u0627\u0646\u0628\u064a\u064a\u0646 \u0644\u062d\u0645\u0644 \u0642\u0627\u0631\u0648\u0631\u0629 \u0627\u0644\u0645\u0627\u0621 \u0623\u0648 \u0627\u0644\u0645\u0638\u0644\u0629.\ud83c\udfaf \u062a\u0635\u0645\u064a\u0645 \u0639\u0645\u0644\u064a \u0648\u0630\u0643\u064a\u0641\u062a\u062d\u0629 \u0643\u0628\u064a\u0631\u0629 \u0644\u0633\u0647\u0648\u0644\u0629 \u0627\u0644\u0648\u0635\u0648\u0644 \u0625\u0644\u0649 \u0627\u0644\u0623\u063a\u0631\u0627\u0636\u060c \u0648\u062a\u0646\u0638\u064a\u0645 \u0623\u0641\u0636\u0644 \u0644\u0643\u0644 \u0627\u0644\u0645\u0633\u062a\u0644\u0632\u0645\u0627\u062a \u0627\u0644\u0645\u062f\u0631\u0633\u064a\u0629 \u0627\u0644\u0623\u0633\u0627\u0633\u064a\u0629.\ud83d\udc66 \u0645\u0646\u0627\u0633\u0628\u0629 \u0644\u0644\u0623\u0637\u0641\u0627\u0644 \u0645\u0646 6 \u0625\u0644\u0649 10 \u0633\u0646\u0648\u0627\u062a\u0628\u0623\u0628\u0639\u0627\u062f: 44\u00d730\u00d720 \u0633\u0645 \u2013 \u0645\u062b\u0627\u0644\u064a\u0629 \u0644\u062d\u0645\u0644 \u064a\u0648\u0645\u064a \u0645\u0631\u064a\u062d \u0648\u062e\u0641\u064a\u0641 \u0627\u0644\u0648\u0632\u0646 \u0644\u0644\u0623\u0637\u0641\u0627\u0644 \u0641\u064a \u0627\u0644\u0645\u0631\u062d\u0644\u0629 \u0627\u0644\u0627\u0628\u062a\u062f\u0627\u0626\u064a\u0629.\ud83d\udcbc \u0631\u0627\u062d\u0629 \u062a\u0627\u0645\u0629 \u0645\u0639 \u0643\u0644 \u062e\u0637\u0648\u0629\u0645\u0632\u0648\u062f\u0629 \u0628\u062d\u0645\u0627\u0644\u0627\u062a \u0643\u062a\u0641 \u0645\u0628\u0637\u0646\u0629\u060c \u0639\u0631\u064a\u0636\u0629\u060c \u0642\u0627\u0628\u0644\u0629 \u0644\u0644\u062a\u0639\u062f\u064a\u0644 \u0648\u062a\u062a\u0645\u064a\u0632 \u0628\u0627\u0644\u062a\u0647\u0648\u064a\u0629\u060c \u0645\u0645\u0627 \u064a\u062e\u0641\u0641 \u0627\u0644\u0636\u063a\u0637 \u0648\u064a\u0648\u0641\u0631 \u062a\u062c\u0631\u0628\u0629 \u062d\u0645\u0644 \u0645\u0631\u064a\u062d\u0629 \u0637\u0648\u0627\u0644 \u0627\u0644\u064a\u0648\u0645.\ud83c\udf1f \u0645\u062a\u0639\u062f\u062f\u0629 \u0627\u0644\u0627\u0633\u062a\u062e\u062f\u0627\u0645\u0627\u062a\u0644\u0627 \u062a\u0642\u062a\u0635\u0631 \u0639\u0644\u0649 \u0627\u0644\u0645\u062f\u0631\u0633\u0629 \u0641\u0642\u0637! \u062a\u0635\u0644\u062d \u0623\u064a\u0636\u064b\u0627 \u0644\u0644\u0631\u062d\u0644\u0627\u062a\u060c \u0627\u0644\u062a\u062e\u064a\u064a\u0645\u060c \u0627\u0644\u0646\u0632\u0647\u0627\u062a\u060c \u0623\u0648 \u062d\u062a\u0649 \u0627\u0644\u0633\u0641\u0631. \u0627\u062e\u062a\u064a\u0627\u0631 \u0631\u0627\u0626\u0639 \u0644\u0643\u0644 \u0637\u0641\u0644 \u0646\u0634\u064a\u0637!<\/p>","protected":false},"featured_media":50565,"comment_status":"open","ping_status":"closed","template":"","meta":[],"product_brand":[],"product_cat":[2474],"product_tag":[],"class_list":{"0":"post-50566","1":"product","2":"type-product","3":"status-publish","4":"has-post-thumbnail","6":"product_cat-sac-a-dos-et-mode","8":"first","9":"instock","10":"sale","11":"taxable","12":"shipping-taxable","13":"purchasable","14":"product-type-simple"},"jetpack_sharing_enabled":true,"_links":{"self":[{"href":"https:\/\/shoponlinedz.com\/en\/wp-json\/wp\/v2\/product\/50566","targetHints":{"allow":["GET"]}}],"collection":[{"href":"https:\/\/shoponlinedz.com\/en\/wp-json\/wp\/v2\/product"}],"about":[{"href":"https:\/\/shoponlinedz.com\/en\/wp-json\/wp\/v2\/types\/product"}],"replies":[{"embeddable":true,"href":"https:\/\/shoponlinedz.com\/en\/wp-json\/wp\/v2\/comments?post=50566"}],"version-history":[{"count":0,"href":"https:\/\/shoponlinedz.com\/en\/wp-json\/wp\/v2\/product\/50566\/revisions"}],"wp:featuredmedia":[{"embeddable":true,"href":"https:\/\/shoponlinedz.com\/en\/wp-json\/wp\/v2\/media\/50565"}],"wp:attachment":[{"href":"https:\/\/shoponlinedz.com\/en\/wp-json\/wp\/v2\/media?parent=50566"}],"wp:term":[{"taxonomy":"product_brand","embeddable":true,"href":"https:\/\/shoponlinedz.com\/en\/wp-json\/wp\/v2\/product_brand?post=50566"},{"taxonomy":"product_cat","embeddable":true,"href":"https:\/\/shoponlinedz.com\/en\/wp-json\/wp\/v2\/product_cat?post=50566"},{"taxonomy":"product_tag","embeddable":true,"href":"https:\/\/shoponlinedz.com\/en\/wp-json\/wp\/v2\/product_tag?post=50566"}],"curies":[{"name":"wp","href":"https:\/\/api.w.org\/{rel}","templated":true}]}}